{"id":20,"date":"2022-12-22T08:58:47","date_gmt":"2022-12-22T08:58:47","guid":{"rendered":"https:\/\/xstore.8theme.com\/elementor2\/furniture3\/?page_id=20"},"modified":"2024-01-12T19:27:19","modified_gmt":"2024-01-12T19:27:19","slug":"about-us","status":"publish","type":"page","link":"https:\/\/www.zoeoliveoil.com\/fr\/about-us\/","title":{"rendered":"\u00c0 propos de nous"},"content":{"rendered":"<div data-elementor-type=\"wp-page\" data-elementor-id=\"20\" class=\"elementor elementor-20\" data-elementor-post-type=\"page\">\n\t\t\t\t\t\t<section class=\"elementor-section elementor-top-section elementor-element elementor-element-2b43de8 elementor-section-content-middle elementor-reverse-mobile elementor-section-boxed elementor-section-height-default elementor-section-height-default\" data-id=\"2b43de8\" data-element_type=\"section\" data-e-type=\"section\">\n\t\t\t\t\t\t<div class=\"elementor-container elementor-column-gap-default\">\n\t\t\t\t\t<div class=\"elementor-column elementor-col-50 elementor-top-column elementor-element elementor-element-91c7eb5\" data-id=\"91c7eb5\" data-element_type=\"column\" data-e-type=\"column\">\n\t\t\t<div class=\"elementor-widget-wrap elementor-element-populated\">\n\t\t\t\t\t\t<div class=\"elementor-element elementor-element-75d3d73 elementor-widget elementor-widget-text-editor\" data-id=\"75d3d73\" data-element_type=\"widget\" data-e-type=\"widget\" data-widget_type=\"text-editor.default\">\n\t\t\t\t<div class=\"elementor-widget-container\">\n\t\t\t\t\t\t\t\t\t<p>Fond\u00e9e en 2011 \u00e0 Montr\u00e9al par les cousins Tony Drakos et Panagiotis Souretis. Zo\u00eb est sp\u00e9cialis\u00e9e dans la cr\u00e9ation et l&#039;importation de produits gastronomiques fins de Gr\u00e8ce et d&#039;Italie. Passionn\u00e9s de gastronomie depuis leur plus jeune \u00e2ge, ils sont sans cesse \u00e0 la recherche de nouvelles saveurs \u00e0 d\u00e9velopper et \u00e0 proposer. Zo\u00eb pr\u00e9sente une gamme unique et d\u00e9licieuse d&#039;huiles d&#039;olive infus\u00e9es et de vinaigres balsamiques. Pr\u00e9par\u00e9s selon des m\u00e9thodes artisanales traditionnelles en Gr\u00e8ce et en Italie, les produits gastronomiques fins de Zo\u00eb promettent de r\u00e9volutionner l&#039;exp\u00e9rience culinaire gr\u00e2ce \u00e0 leurs combinaisons polyvalentes et agr\u00e9ables au palais. La collection offre de nouvelles saveurs imaginatives pour rehausser n&#039;importe quel plat. Les huiles et vinaigres sont 100% naturels et ne contiennent aucun ingr\u00e9dient artificiel.<\/p>\t\t\t\t\t\t\t\t<\/div>\n\t\t\t\t<\/div>\n\t\t\t\t\t<\/div>\n\t\t<\/div>\n\t\t\t\t<div class=\"elementor-column elementor-col-50 elementor-top-column elementor-element elementor-element-93ba330\" data-id=\"93ba330\" data-element_type=\"column\" data-e-type=\"column\">\n\t\t\t<div class=\"elementor-widget-wrap elementor-element-populated\">\n\t\t\t\t\t\t<div class=\"elementor-element elementor-element-019bb81 elementor-widget elementor-widget-image\" data-id=\"019bb81\" data-element_type=\"widget\" data-e-type=\"widget\" data-widget_type=\"image.default\">\n\t\t\t\t<div class=\"elementor-widget-container\">\n\t\t\t\t\t\t\t\t\t\t\t\t\t\t\t<img loading=\"lazy\" decoding=\"async\" width=\"1024\" height=\"681\" src=\"https:\/\/www.zoeoliveoil.com\/wp-content\/uploads\/2023\/05\/ETP_9045_Original-1024x681.jpg\" class=\"attachment-large size-large wp-image-2207\" alt=\"\" srcset=\"https:\/\/www.zoeoliveoil.com\/wp-content\/uploads\/2023\/05\/ETP_9045_Original-1024x681.jpg 1024w, https:\/\/www.zoeoliveoil.com\/wp-content\/uploads\/2023\/05\/ETP_9045_Original-300x200.jpg 300w, https:\/\/www.zoeoliveoil.com\/wp-content\/uploads\/2023\/05\/ETP_9045_Original-768x511.jpg 768w, https:\/\/www.zoeoliveoil.com\/wp-content\/uploads\/2023\/05\/ETP_9045_Original-1536x1022.jpg 1536w, https:\/\/www.zoeoliveoil.com\/wp-content\/uploads\/2023\/05\/ETP_9045_Original-2048x1362.jpg 2048w, https:\/\/www.zoeoliveoil.com\/wp-content\/uploads\/2023\/05\/ETP_9045_Original-600x399.jpg 600w, https:\/\/www.zoeoliveoil.com\/wp-content\/uploads\/2023\/05\/ETP_9045_Original-1x1.jpg 1w, https:\/\/www.zoeoliveoil.com\/wp-content\/uploads\/2023\/05\/ETP_9045_Original-10x7.jpg 10w\" sizes=\"auto, (max-width: 1024px) 100vw, 1024px\" \/>\t\t\t\t\t\t\t\t\t\t\t\t\t\t\t<\/div>\n\t\t\t\t<\/div>\n\t\t\t\t\t<\/div>\n\t\t<\/div>\n\t\t\t\t\t<\/div>\n\t\t<\/section>\n\t\t\t\t<section class=\"elementor-section elementor-top-section elementor-element elementor-element-212789a elementor-section-content-middle elementor-section-boxed elementor-section-height-default elementor-section-height-default\" data-id=\"212789a\" data-element_type=\"section\" data-e-type=\"section\">\n\t\t\t\t\t\t<div class=\"elementor-container elementor-column-gap-default\">\n\t\t\t\t\t<div class=\"elementor-column elementor-col-50 elementor-top-column elementor-element elementor-element-f726a78\" data-id=\"f726a78\" data-element_type=\"column\" data-e-type=\"column\">\n\t\t\t<div class=\"elementor-widget-wrap elementor-element-populated\">\n\t\t\t\t\t\t<div class=\"elementor-element elementor-element-2eb0cb8 elementor-widget elementor-widget-image\" data-id=\"2eb0cb8\" data-element_type=\"widget\" data-e-type=\"widget\" data-widget_type=\"image.default\">\n\t\t\t\t<div class=\"elementor-widget-container\">\n\t\t\t\t\t\t\t\t\t\t\t\t\t\t\t<img loading=\"lazy\" decoding=\"async\" width=\"1024\" height=\"682\" src=\"https:\/\/www.zoeoliveoil.com\/wp-content\/uploads\/2023\/05\/ETP_9022_Original-1024x682.jpg\" class=\"attachment-large size-large wp-image-2208\" alt=\"About Zo\u00eb Olive Oil\" srcset=\"https:\/\/www.zoeoliveoil.com\/wp-content\/uploads\/2023\/05\/ETP_9022_Original-1024x682.jpg 1024w, https:\/\/www.zoeoliveoil.com\/wp-content\/uploads\/2023\/05\/ETP_9022_Original-300x200.jpg 300w, https:\/\/www.zoeoliveoil.com\/wp-content\/uploads\/2023\/05\/ETP_9022_Original-768x511.jpg 768w, https:\/\/www.zoeoliveoil.com\/wp-content\/uploads\/2023\/05\/ETP_9022_Original-1536x1022.jpg 1536w, https:\/\/www.zoeoliveoil.com\/wp-content\/uploads\/2023\/05\/ETP_9022_Original-2048x1363.jpg 2048w, https:\/\/www.zoeoliveoil.com\/wp-content\/uploads\/2023\/05\/ETP_9022_Original-600x399.jpg 600w, https:\/\/www.zoeoliveoil.com\/wp-content\/uploads\/2023\/05\/ETP_9022_Original-1x1.jpg 1w, https:\/\/www.zoeoliveoil.com\/wp-content\/uploads\/2023\/05\/ETP_9022_Original-10x7.jpg 10w\" sizes=\"auto, (max-width: 1024px) 100vw, 1024px\" \/>\t\t\t\t\t\t\t\t\t\t\t\t\t\t\t<\/div>\n\t\t\t\t<\/div>\n\t\t\t\t\t<\/div>\n\t\t<\/div>\n\t\t\t\t<div class=\"elementor-column elementor-col-50 elementor-top-column elementor-element elementor-element-2a76660\" data-id=\"2a76660\" data-element_type=\"column\" data-e-type=\"column\">\n\t\t\t<div class=\"elementor-widget-wrap elementor-element-populated\">\n\t\t\t\t\t\t<div class=\"elementor-element elementor-element-1d4b542 elementor-widget elementor-widget-text-editor\" data-id=\"1d4b542\" data-element_type=\"widget\" data-e-type=\"widget\" data-widget_type=\"text-editor.default\">\n\t\t\t\t<div class=\"elementor-widget-container\">\n\t\t\t\t\t\t\t\t\t<p>Le go\u00fbt naturel de l&#039;huile d&#039;olive Zo\u00eb constitue l&#039;essence de ses huiles infus\u00e9es, extraites avec amour des olives cultiv\u00e9es sur le domaine familial Souretis sur les collines de Morena en Gr\u00e8ce. La r\u00e9gion b\u00e9n\u00e9ficie d&#039;un climat id\u00e9al pour la culture des olives Koroneiki qui produisent une huile \u00e9l\u00e9gante avec un l\u00e9ger go\u00fbt de noisette et une texture beurr\u00e9e. Il est extrait du fruit selon la m\u00e9thode de premi\u00e8re pression \u00e0 froid.<\/p>\t\t\t\t\t\t\t\t<\/div>\n\t\t\t\t<\/div>\n\t\t\t\t\t<\/div>\n\t\t<\/div>\n\t\t\t\t\t<\/div>\n\t\t<\/section>\n\t\t\t\t<section class=\"elementor-section elementor-top-section elementor-element elementor-element-697ef8d elementor-section-content-middle elementor-reverse-mobile elementor-section-boxed elementor-section-height-default elementor-section-height-default\" data-id=\"697ef8d\" data-element_type=\"section\" data-e-type=\"section\">\n\t\t\t\t\t\t<div class=\"elementor-container elementor-column-gap-default\">\n\t\t\t\t\t<div class=\"elementor-column elementor-col-50 elementor-top-column elementor-element elementor-element-3c77645\" data-id=\"3c77645\" data-element_type=\"column\" data-e-type=\"column\">\n\t\t\t<div class=\"elementor-widget-wrap elementor-element-populated\">\n\t\t\t\t\t\t<div class=\"elementor-element elementor-element-219dd8e elementor-widget elementor-widget-text-editor\" data-id=\"219dd8e\" data-element_type=\"widget\" data-e-type=\"widget\" data-widget_type=\"text-editor.default\">\n\t\t\t\t<div class=\"elementor-widget-container\">\n\t\t\t\t\t\t\t\t\t<p>Les olives sont press\u00e9es une seule fois, \u00e0 tr\u00e8s basse temp\u00e9rature, puis l'huile est imm\u00e9diatement mise en bouteille. Elle provient d'olives 100% Koroneiki qui contiennent les niveaux les plus \u00e9lev\u00e9s d'antioxydants et de graisses mono-insatur\u00e9es au monde. Les vinaigres balsamiques sal\u00e9s proviennent de Mod\u00e8ne en Italie, une r\u00e9gion r\u00e9put\u00e9e dans le monde entier pour ses vinaigres de qualit\u00e9, \u00e9galement pr\u00e9par\u00e9s de mani\u00e8re artisanale. \"Notre philosophie est d'offrir une huile d'olive extra vierge gastronomique que notre famille produit et presse depuis des si\u00e8cles. Nous ne mettons en bouteille que la r\u00e9colte la plus r\u00e9cente pour nous assurer qu'elle est aussi d\u00e9licieuse et nutritive que possible\", d\u00e9clare Tony Drakos, pr\u00e9sident de Zo\u00eb Aliments Gourmets. L'huile d'olive Zo\u00eb, de nos arbres \u00e0 votre table...<\/p>\t\t\t\t\t\t\t\t<\/div>\n\t\t\t\t<\/div>\n\t\t\t\t\t<\/div>\n\t\t<\/div>\n\t\t\t\t<div class=\"elementor-column elementor-col-50 elementor-top-column elementor-element elementor-element-47dec6b\" data-id=\"47dec6b\" data-element_type=\"column\" data-e-type=\"column\">\n\t\t\t<div class=\"elementor-widget-wrap elementor-element-populated\">\n\t\t\t\t\t\t<div class=\"elementor-element elementor-element-1095f4e elementor-widget elementor-widget-image\" data-id=\"1095f4e\" data-element_type=\"widget\" data-e-type=\"widget\" data-widget_type=\"image.default\">\n\t\t\t\t<div class=\"elementor-widget-container\">\n\t\t\t\t\t\t\t\t\t\t\t\t\t\t\t<img loading=\"lazy\" decoding=\"async\" width=\"1024\" height=\"768\" src=\"https:\/\/www.zoeoliveoil.com\/wp-content\/uploads\/2023\/05\/DJI_20211106_121029_522_Original-1024x768.jpg\" class=\"attachment-large size-large wp-image-2206\" alt=\"\" srcset=\"https:\/\/www.zoeoliveoil.com\/wp-content\/uploads\/2023\/05\/DJI_20211106_121029_522_Original-1024x768.jpg 1024w, https:\/\/www.zoeoliveoil.com\/wp-content\/uploads\/2023\/05\/DJI_20211106_121029_522_Original-300x225.jpg 300w, https:\/\/www.zoeoliveoil.com\/wp-content\/uploads\/2023\/05\/DJI_20211106_121029_522_Original-768x576.jpg 768w, https:\/\/www.zoeoliveoil.com\/wp-content\/uploads\/2023\/05\/DJI_20211106_121029_522_Original-1536x1152.jpg 1536w, https:\/\/www.zoeoliveoil.com\/wp-content\/uploads\/2023\/05\/DJI_20211106_121029_522_Original-600x450.jpg 600w, https:\/\/www.zoeoliveoil.com\/wp-content\/uploads\/2023\/05\/DJI_20211106_121029_522_Original-1x1.jpg 1w, https:\/\/www.zoeoliveoil.com\/wp-content\/uploads\/2023\/05\/DJI_20211106_121029_522_Original-10x8.jpg 10w, https:\/\/www.zoeoliveoil.com\/wp-content\/uploads\/2023\/05\/DJI_20211106_121029_522_Original.jpg 2048w\" sizes=\"auto, (max-width: 1024px) 100vw, 1024px\" \/>\t\t\t\t\t\t\t\t\t\t\t\t\t\t\t<\/div>\n\t\t\t\t<\/div>\n\t\t\t\t\t<\/div>\n\t\t<\/div>\n\t\t\t\t\t<\/div>\n\t\t<\/section>\n\t\t\t\t<\/div>","protected":false},"excerpt":{"rendered":"<p>Founded in 2011 in Montreal by cousins Tony Drakos and Panagiotis Souretis. Zo\u00eb specializes in creating and&#8230;<\/p>","protected":false},"author":2,"featured_media":2208,"parent":0,"menu_order":0,"comment_status":"closed","ping_status":"closed","template":"elementor_header_footer","meta":{"footnotes":""},"class_list":["post-20","page","type-page","status-publish","has-post-thumbnail","hentry"],"yoast_head":"<!-- This site is optimized with the Yoast SEO plugin v27.4 - https:\/\/yoast.com\/product\/yoast-seo-wordpress\/ -->\n<title>About us - Zo\u00eb Olive Oil Montreal Quebec Canada<\/title>\n<meta name=\"description\" content=\"Founded in 2011 in Montreal by cousins Tony Drakos and Panagiotis Souretis. Zo\u00eb specializes in creating and importing fine gastronomic\" \/>\n<meta name=\"robots\" content=\"index, follow, max-snippet:-1, max-image-preview:large, max-video-preview:-1\" \/>\n<link rel=\"canonical\" href=\"https:\/\/www.zoeoliveoil.com\/fr\/about-us\/\" \/>\n<meta property=\"og:locale\" content=\"fr_CA\" \/>\n<meta property=\"og:type\" content=\"article\" \/>\n<meta property=\"og:title\" content=\"About us - Zo\u00eb Olive Oil Montreal Quebec Canada\" \/>\n<meta property=\"og:description\" content=\"Founded in 2011 in Montreal by cousins Tony Drakos and Panagiotis Souretis. Zo\u00eb specializes in creating and importing fine gastronomic\" \/>\n<meta property=\"og:url\" content=\"https:\/\/www.zoeoliveoil.com\/fr\/about-us\/\" \/>\n<meta property=\"og:site_name\" content=\"Zo\u00eb Olive Oil Montreal Quebec Canada\" \/>\n<meta property=\"article:publisher\" content=\"https:\/\/www.facebook.com\/zoeoliveoil\/\" \/>\n<meta property=\"article:modified_time\" content=\"2024-01-12T19:27:19+00:00\" \/>\n<meta property=\"og:image\" content=\"https:\/\/www.zoeoliveoil.com\/wp-content\/uploads\/2023\/05\/ETP_9022_Original.jpg\" \/>\n\t<meta property=\"og:image:width\" content=\"2309\" \/>\n\t<meta property=\"og:image:height\" content=\"1537\" \/>\n\t<meta property=\"og:image:type\" content=\"image\/jpeg\" \/>\n<meta name=\"twitter:card\" content=\"summary_large_image\" \/>\n<meta name=\"twitter:site\" content=\"@zoeoliveoil\" \/>\n<meta name=\"twitter:label1\" content=\"Estimation du temps de lecture\" \/>\n\t<meta name=\"twitter:data1\" content=\"2 minutes\" \/>\n<script type=\"application\/ld+json\" class=\"yoast-schema-graph\">{\"@context\":\"https:\\\/\\\/schema.org\",\"@graph\":[{\"@type\":\"WebPage\",\"@id\":\"https:\\\/\\\/www.zoeoliveoil.com\\\/about-us\\\/\",\"url\":\"https:\\\/\\\/www.zoeoliveoil.com\\\/about-us\\\/\",\"name\":\"About us - Zo\u00eb Olive Oil Montreal Quebec Canada\",\"isPartOf\":{\"@id\":\"https:\\\/\\\/www.zoeoliveoil.com\\\/#website\"},\"primaryImageOfPage\":{\"@id\":\"https:\\\/\\\/www.zoeoliveoil.com\\\/about-us\\\/#primaryimage\"},\"image\":{\"@id\":\"https:\\\/\\\/www.zoeoliveoil.com\\\/about-us\\\/#primaryimage\"},\"thumbnailUrl\":\"https:\\\/\\\/www.zoeoliveoil.com\\\/wp-content\\\/uploads\\\/2023\\\/05\\\/ETP_9022_Original.jpg\",\"datePublished\":\"2022-12-22T08:58:47+00:00\",\"dateModified\":\"2024-01-12T19:27:19+00:00\",\"description\":\"Founded in 2011 in Montreal by cousins Tony Drakos and Panagiotis Souretis. Zo\u00eb specializes in creating and importing fine gastronomic\",\"breadcrumb\":{\"@id\":\"https:\\\/\\\/www.zoeoliveoil.com\\\/about-us\\\/#breadcrumb\"},\"inLanguage\":\"fr-CA\",\"potentialAction\":[{\"@type\":\"ReadAction\",\"target\":[\"https:\\\/\\\/www.zoeoliveoil.com\\\/about-us\\\/\"]}]},{\"@type\":\"ImageObject\",\"inLanguage\":\"fr-CA\",\"@id\":\"https:\\\/\\\/www.zoeoliveoil.com\\\/about-us\\\/#primaryimage\",\"url\":\"https:\\\/\\\/www.zoeoliveoil.com\\\/wp-content\\\/uploads\\\/2023\\\/05\\\/ETP_9022_Original.jpg\",\"contentUrl\":\"https:\\\/\\\/www.zoeoliveoil.com\\\/wp-content\\\/uploads\\\/2023\\\/05\\\/ETP_9022_Original.jpg\",\"width\":2309,\"height\":1537,\"caption\":\"About Zo\u00eb Olive Oil\"},{\"@type\":\"BreadcrumbList\",\"@id\":\"https:\\\/\\\/www.zoeoliveoil.com\\\/about-us\\\/#breadcrumb\",\"itemListElement\":[{\"@type\":\"ListItem\",\"position\":1,\"name\":\"Home\",\"item\":\"https:\\\/\\\/www.zoeoliveoil.com\\\/\"},{\"@type\":\"ListItem\",\"position\":2,\"name\":\"About us\"}]},{\"@type\":\"WebSite\",\"@id\":\"https:\\\/\\\/www.zoeoliveoil.com\\\/#website\",\"url\":\"https:\\\/\\\/www.zoeoliveoil.com\\\/\",\"name\":\"Zo\u00eb Olive Oil Montreal Quebec Canada\",\"description\":\"\",\"publisher\":{\"@id\":\"https:\\\/\\\/www.zoeoliveoil.com\\\/#organization\"},\"potentialAction\":[{\"@type\":\"SearchAction\",\"target\":{\"@type\":\"EntryPoint\",\"urlTemplate\":\"https:\\\/\\\/www.zoeoliveoil.com\\\/?s={search_term_string}\"},\"query-input\":{\"@type\":\"PropertyValueSpecification\",\"valueRequired\":true,\"valueName\":\"search_term_string\"}}],\"inLanguage\":\"fr-CA\"},{\"@type\":\"Organization\",\"@id\":\"https:\\\/\\\/www.zoeoliveoil.com\\\/#organization\",\"name\":\"Zo\u00eb Olive Oil Montreal Quebec Canada\",\"url\":\"https:\\\/\\\/www.zoeoliveoil.com\\\/\",\"logo\":{\"@type\":\"ImageObject\",\"inLanguage\":\"fr-CA\",\"@id\":\"https:\\\/\\\/www.zoeoliveoil.com\\\/#\\\/schema\\\/logo\\\/image\\\/\",\"url\":\"https:\\\/\\\/www.zoeoliveoil.com\\\/wp-content\\\/uploads\\\/2023\\\/04\\\/Zoe-Logo__Black_165x.png\",\"contentUrl\":\"https:\\\/\\\/www.zoeoliveoil.com\\\/wp-content\\\/uploads\\\/2023\\\/04\\\/Zoe-Logo__Black_165x.png\",\"width\":165,\"height\":78,\"caption\":\"Zo\u00eb Olive Oil Montreal Quebec Canada\"},\"image\":{\"@id\":\"https:\\\/\\\/www.zoeoliveoil.com\\\/#\\\/schema\\\/logo\\\/image\\\/\"},\"sameAs\":[\"https:\\\/\\\/www.facebook.com\\\/zoeoliveoil\\\/\",\"https:\\\/\\\/x.com\\\/zoeoliveoil\",\"https:\\\/\\\/www.instagram.com\\\/zoeoliveoil\\\/?hl=en\",\"https:\\\/\\\/www.tiktok.com\\\/@zoeoliveoil\",\"https:\\\/\\\/www.pinterest.ca\\\/zoeoliveoil\\\/\"]}]}<\/script>\n<!-- \/ Yoast SEO plugin. -->","yoast_head_json":{"title":"About us - Zo\u00eb Olive Oil Montreal Quebec Canada","description":"Founded in 2011 in Montreal by cousins Tony Drakos and Panagiotis Souretis. Zo\u00eb specializes in creating and importing fine gastronomic","robots":{"index":"index","follow":"follow","max-snippet":"max-snippet:-1","max-image-preview":"max-image-preview:large","max-video-preview":"max-video-preview:-1"},"canonical":"https:\/\/www.zoeoliveoil.com\/fr\/about-us\/","og_locale":"fr_CA","og_type":"article","og_title":"About us - Zo\u00eb Olive Oil Montreal Quebec Canada","og_description":"Founded in 2011 in Montreal by cousins Tony Drakos and Panagiotis Souretis. Zo\u00eb specializes in creating and importing fine gastronomic","og_url":"https:\/\/www.zoeoliveoil.com\/fr\/about-us\/","og_site_name":"Zo\u00eb Olive Oil Montreal Quebec Canada","article_publisher":"https:\/\/www.facebook.com\/zoeoliveoil\/","article_modified_time":"2024-01-12T19:27:19+00:00","og_image":[{"width":2309,"height":1537,"url":"https:\/\/www.zoeoliveoil.com\/wp-content\/uploads\/2023\/05\/ETP_9022_Original.jpg","type":"image\/jpeg"}],"twitter_card":"summary_large_image","twitter_site":"@zoeoliveoil","twitter_misc":{"Estimation du temps de lecture":"2 minutes"},"schema":{"@context":"https:\/\/schema.org","@graph":[{"@type":"WebPage","@id":"https:\/\/www.zoeoliveoil.com\/about-us\/","url":"https:\/\/www.zoeoliveoil.com\/about-us\/","name":"About us - Zo\u00eb Olive Oil Montreal Quebec Canada","isPartOf":{"@id":"https:\/\/www.zoeoliveoil.com\/#website"},"primaryImageOfPage":{"@id":"https:\/\/www.zoeoliveoil.com\/about-us\/#primaryimage"},"image":{"@id":"https:\/\/www.zoeoliveoil.com\/about-us\/#primaryimage"},"thumbnailUrl":"https:\/\/www.zoeoliveoil.com\/wp-content\/uploads\/2023\/05\/ETP_9022_Original.jpg","datePublished":"2022-12-22T08:58:47+00:00","dateModified":"2024-01-12T19:27:19+00:00","description":"Founded in 2011 in Montreal by cousins Tony Drakos and Panagiotis Souretis. Zo\u00eb specializes in creating and importing fine gastronomic","breadcrumb":{"@id":"https:\/\/www.zoeoliveoil.com\/about-us\/#breadcrumb"},"inLanguage":"fr-CA","potentialAction":[{"@type":"ReadAction","target":["https:\/\/www.zoeoliveoil.com\/about-us\/"]}]},{"@type":"ImageObject","inLanguage":"fr-CA","@id":"https:\/\/www.zoeoliveoil.com\/about-us\/#primaryimage","url":"https:\/\/www.zoeoliveoil.com\/wp-content\/uploads\/2023\/05\/ETP_9022_Original.jpg","contentUrl":"https:\/\/www.zoeoliveoil.com\/wp-content\/uploads\/2023\/05\/ETP_9022_Original.jpg","width":2309,"height":1537,"caption":"About Zo\u00eb Olive Oil"},{"@type":"BreadcrumbList","@id":"https:\/\/www.zoeoliveoil.com\/about-us\/#breadcrumb","itemListElement":[{"@type":"ListItem","position":1,"name":"Home","item":"https:\/\/www.zoeoliveoil.com\/"},{"@type":"ListItem","position":2,"name":"About us"}]},{"@type":"WebSite","@id":"https:\/\/www.zoeoliveoil.com\/#website","url":"https:\/\/www.zoeoliveoil.com\/","name":"Zo\u00eb Huile d&#039;Olive Montr\u00e9al Qu\u00e9bec Canada","description":"","publisher":{"@id":"https:\/\/www.zoeoliveoil.com\/#organization"},"potentialAction":[{"@type":"SearchAction","target":{"@type":"EntryPoint","urlTemplate":"https:\/\/www.zoeoliveoil.com\/?s={search_term_string}"},"query-input":{"@type":"PropertyValueSpecification","valueRequired":true,"valueName":"search_term_string"}}],"inLanguage":"fr-CA"},{"@type":"Organization","@id":"https:\/\/www.zoeoliveoil.com\/#organization","name":"Zo\u00eb Huile d&#039;Olive Montr\u00e9al Qu\u00e9bec Canada","url":"https:\/\/www.zoeoliveoil.com\/","logo":{"@type":"ImageObject","inLanguage":"fr-CA","@id":"https:\/\/www.zoeoliveoil.com\/#\/schema\/logo\/image\/","url":"https:\/\/www.zoeoliveoil.com\/wp-content\/uploads\/2023\/04\/Zoe-Logo__Black_165x.png","contentUrl":"https:\/\/www.zoeoliveoil.com\/wp-content\/uploads\/2023\/04\/Zoe-Logo__Black_165x.png","width":165,"height":78,"caption":"Zo\u00eb Olive Oil Montreal Quebec Canada"},"image":{"@id":"https:\/\/www.zoeoliveoil.com\/#\/schema\/logo\/image\/"},"sameAs":["https:\/\/www.facebook.com\/zoeoliveoil\/","https:\/\/x.com\/zoeoliveoil","https:\/\/www.instagram.com\/zoeoliveoil\/?hl=en","https:\/\/www.tiktok.com\/@zoeoliveoil","https:\/\/www.pinterest.ca\/zoeoliveoil\/"]}]}},"jetpack_sharing_enabled":true,"_links":{"self":[{"href":"https:\/\/www.zoeoliveoil.com\/fr\/wp-json\/wp\/v2\/pages\/20","targetHints":{"allow":["GET"]}}],"collection":[{"href":"https:\/\/www.zoeoliveoil.com\/fr\/wp-json\/wp\/v2\/pages"}],"about":[{"href":"https:\/\/www.zoeoliveoil.com\/fr\/wp-json\/wp\/v2\/types\/page"}],"author":[{"embeddable":true,"href":"https:\/\/www.zoeoliveoil.com\/fr\/wp-json\/wp\/v2\/users\/2"}],"replies":[{"embeddable":true,"href":"https:\/\/www.zoeoliveoil.com\/fr\/wp-json\/wp\/v2\/comments?post=20"}],"version-history":[{"count":11,"href":"https:\/\/www.zoeoliveoil.com\/fr\/wp-json\/wp\/v2\/pages\/20\/revisions"}],"predecessor-version":[{"id":3319,"href":"https:\/\/www.zoeoliveoil.com\/fr\/wp-json\/wp\/v2\/pages\/20\/revisions\/3319"}],"wp:featuredmedia":[{"embeddable":true,"href":"https:\/\/www.zoeoliveoil.com\/fr\/wp-json\/wp\/v2\/media\/2208"}],"wp:attachment":[{"href":"https:\/\/www.zoeoliveoil.com\/fr\/wp-json\/wp\/v2\/media?parent=20"}],"curies":[{"name":"wp","href":"https:\/\/api.w.org\/{rel}","templated":true}]}}