{"id":1089,"date":"2025-02-13T15:23:36","date_gmt":"2025-02-13T15:23:36","guid":{"rendered":"https:\/\/www.zoeoliveoil.com\/?post_type=product&#038;p=1089"},"modified":"2025-05-29T22:38:31","modified_gmt":"2025-05-29T22:38:31","slug":"bio-organic-extra-virgin-olive-oil-500ml","status":"publish","type":"product","link":"https:\/\/www.zoeoliveoil.com\/fr\/produit\/bio-organic-extra-virgin-olive-oil-500ml\/","title":{"rendered":"Huile d&#039;Olive Extra Vierge Bio (Bio) 500ml"},"content":{"rendered":"<p>Notre huile d'olive extra vierge Zo\u00eb Organic est fabriqu\u00e9e \u00e0 partir de l'olive Koroneiki, consid\u00e9r\u00e9e comme la meilleure olive grecque au monde. Elle est connue pour sa teneur \u00e9lev\u00e9e en polyph\u00e9nols (antioxydants) et en graisses monoinsatur\u00e9es, ainsi que pour son go\u00fbt le plus frais et le plus \u00e9quilibr\u00e9 au monde. L'arbre Koroneiki est originaire de la r\u00e9gion du sud-ouest de la Mess\u00e9nie, l'endroit m\u00eame o\u00f9 est produite l'huile Zo\u00eb.<\/p>\n<p>Notre huile d&#039;olive extra vierge de qualit\u00e9 sup\u00e9rieure offre une d\u00e9licieuse saveur robuste et se termine par un zeste poivr\u00e9. Il a une belle teinte vert dor\u00e9, et d\u00e9gage un subtil ar\u00f4me d&#039;olives fra\u00eechement cueillies. L&#039;huile d&#039;olive extra vierge Zo\u00eb n&#039;est ni m\u00e9lang\u00e9e ni filtr\u00e9e. Nos olives Koroneiki sont cueillies \u00e0 la main alors qu&#039;elles sont encore vertes entre les mois d&#039;octobre \u00e0 janvier selon les conditions climatiques de l&#039;ann\u00e9e et press\u00e9es dans les heures suivant la r\u00e9colte. Cela donne \u00e0 notre huile d&#039;olive extra vierge sa tr\u00e8s faible acidit\u00e9 comprise entre 0,2 % et 0,4% maximum chaque ann\u00e9e de r\u00e9colte.<\/p>\n<p>Nous assurons \u00e9galement la meilleure qualit\u00e9 d&#039;huile d&#039;olive en gardant nos arbres tr\u00e8s petits gr\u00e2ce \u00e0 la taille. Cela aide l&#039;arbre \u00e0 garder tous ses fruits en bonne sant\u00e9, donc rien ne compromettra la qualit\u00e9 finale et le go\u00fbt de notre huile d&#039;olive extra vierge. Notre processus final consiste \u00e0 maintenir l&#039;arrosage au minimum. Cela donne \u00e0 notre huile d&#039;olive extra vierge sa texture tr\u00e8s douce et cr\u00e9meuse. Un go\u00fbt et vous verrez ce qui fait de l&#039;huile d&#039;olive extra vierge Zo\u00eb tout simplement la meilleure.<\/p>\n<p><strong>Suggestions d&#039;accord\u00a0:\u00a0<\/strong><\/p>\n<ul class=\"i8Z77e\">\n<li class=\"TrT0Xe\">Dans les salades grecques.<\/li>\n<li class=\"TrT0Xe\">\u00c0 utiliser avec l&#039;un de nos vinaigres balsamiques, de vin ou de cidre de pomme Zo\u00eb pour cr\u00e9er les meilleures vinaigrettes au monde pour vos salades ou vos sandwichs.<\/li>\n<li class=\"TrT0Xe\">Arros\u00e9 sur pizza et p\u00e2tes.<\/li>\n<li class=\"TrT0Xe\">Arroser les viandes grill\u00e9es.<\/li>\n<li class=\"TrT0Xe\">Arros\u00e9 sur du houmous, du tzatziki ou sur votre trempette pr\u00e9f\u00e9r\u00e9e.<\/li>\n<li class=\"TrT0Xe\">Sur des poissons grill\u00e9s, vapeur ou r\u00f4tis.<\/li>\n<li class=\"TrT0Xe\">Arros\u00e9 sur des pommes de terre grill\u00e9es, vapeur ou r\u00f4ties.<\/li>\n<li class=\"TrT0Xe\">Arros\u00e9 sur une pur\u00e9e de pommes de terre.<\/li>\n<li class=\"TrT0Xe\">Arroser l&#039;int\u00e9rieur des sandwichs.<\/li>\n<li class=\"TrT0Xe\">Utiliser pour faire sauter des oignons, de l&#039;ail ou des l\u00e9gumes<\/li>\n<li class=\"TrT0Xe\">Arrosez-le sur du pain grill\u00e9 chaud.<\/li>\n<li class=\"TrT0Xe\">Arroser sur les grilles Steak &amp; toutes les viandes grill\u00e9es.<\/li>\n<li class=\"TrT0Xe\">Sur du fromage Brie cuit au four.<\/li>\n<li class=\"TrT0Xe\">L&#039;huile d&#039;olive extra vierge Zo\u00eb doit \u00eatre arros\u00e9e sur presque tout pour rehausser le go\u00fbt de vos plats finis. Les possibilit\u00e9s sont infinies.<\/li>\n<li><\/li>\n<\/ul>\n<p><strong>D\u00e9couvrez la puret\u00e9 m\u00e9diterran\u00e9enne avec l'huile d'olive extra vierge biologique Zo\u00eb<\/strong><\/p>\n<p>Plongez dans l'excellence culinaire avec notre huile d'olive vierge extra Zo\u00eb biologique. Provenant exclusivement des olives Koroneiki, r\u00e9put\u00e9es pour leurs bienfaits exceptionnels sur la sant\u00e9 par rapport aux autres vari\u00e9t\u00e9s d'olives utilis\u00e9es dans la production d'huile d'olive extra vierge, notre huile est fabriqu\u00e9e avec soin et d\u00e9vouement. R\u00e9colt\u00e9e dans nos propres oliveraies biologiques situ\u00e9es dans la ville pittoresque de Filiatra, dans le sud de la Gr\u00e8ce, chaque bouteille d'huile d'olive Zo\u00eb refl\u00e8te notre engagement en faveur de la puret\u00e9 et de la durabilit\u00e9.<\/p>\n<p><strong>Pourquoi choisir l'huile d'olive extra vierge biologique Zo\u00eb ?<\/strong><\/p>\n<ol>\n<li><strong>Certifi\u00e9 biologique<\/strong>: Nos oliveraies sont cultiv\u00e9es selon les pratiques de l'agriculture biologique, sans pesticides, herbicides ni engrais synth\u00e9tiques. Certifi\u00e9e biologique par des organismes de confiance, notre huile d'olive vous garantit le produit le plus pur et le plus naturel possible.<\/li>\n<li><strong>Olives exclusives de Koroneiki<\/strong>: Nous cultivons exclusivement des olives Koroneiki pour leurs bienfaits exceptionnels sur la sant\u00e9 et leur profil de saveur sup\u00e9rieur. Riches en polyph\u00e9nols et en antioxydants, les olives Koroneiki garantissent que chaque goutte d'huile d'olive biologique Zo\u00eb regorge de bienfaits nutritionnels.<\/li>\n<li><strong>Une fra\u00eecheur sans compromis<\/strong>: Nos olives sont soigneusement cueillies \u00e0 la main lorsqu'elles sont encore vertes afin de pr\u00e9server leur saveur optimale et leur teneur en \u00e9l\u00e9ments nutritifs. De la r\u00e9colte \u00e0 la mise en bouteille, nous appliquons des mesures strictes de contr\u00f4le de la qualit\u00e9 pour garantir que chaque bouteille d'huile d'olive biologique Zo\u00eb conserve sa fra\u00eecheur et sa vitalit\u00e9.<\/li>\n<li><strong>Une qualit\u00e9 exceptionnelle<\/strong>: Dans notre usine d'embouteillage ultramoderne, nous respectons les normes les plus strictes en mati\u00e8re de qualit\u00e9 et de puret\u00e9. Chaque bouteille d'huile d'olive biologique Zo\u00eb fait l'objet de tests et d'inspections rigoureux pour s'assurer qu'elle r\u00e9pond \u00e0 nos crit\u00e8res d'excellence les plus stricts.<\/li>\n<\/ol>\n<p><strong>D\u00e9couvrez le go\u00fbt de la Gr\u00e8ce dans chaque goutte<\/strong><\/p>\n<p>Am\u00e9liorez vos cr\u00e9ations culinaires gr\u00e2ce \u00e0 la saveur exquise de l'huile d'olive extra vierge biologique Zo\u00eb. Qu'elle soit utilis\u00e9e pour arroser les salades, pour tremper le pain croustillant ou dans les marinades et les vinaigrettes, notre huile d'olive ajoute une touche de sophistication m\u00e9diterran\u00e9enne \u00e0 n'importe quel plat.<\/p>\n<p><strong>Commandez maintenant et am\u00e9liorez votre exp\u00e9rience culinaire<\/strong><\/p>\n<p>Depuis nos oliveraies biologiques de Filiatra jusqu'\u00e0 votre table de cuisine, l'huile d'olive vierge extra biologique Zo\u00eb incarne l'essence de la puret\u00e9 et de la durabilit\u00e9. Offrez-vous la meilleure qualit\u00e9 d'huile d'olive et d\u00e9couvrez la fra\u00eecheur incomparable et les bienfaits de Zo\u00eb pour la sant\u00e9. Commandez d\u00e8s maintenant et d\u00e9couvrez le vrai go\u00fbt de la Gr\u00e8ce avec l'huile d'olive vierge extra biologique Zo\u00eb.<\/p>","protected":false},"excerpt":{"rendered":"<p>Notre huile d&#039;olive extra vierge est fabriqu\u00e9e \u00e0 partir de l&#039;olive Koroneiki, consid\u00e9r\u00e9e comme la meilleure olive grecque au monde. Il est connu pour sa teneur \u00e9lev\u00e9e en polyph\u00e9nols (antioxydants) et en graisses monoinsatur\u00e9es, ainsi que pour l&#039;huile au go\u00fbt le plus frais et le plus \u00e9quilibr\u00e9 au monde. L&#039;arbre Koroneiki est originaire de la r\u00e9gion sud-ouest de Mess\u00e9nie, l&#039;endroit exact o\u00f9 Zo\u00eb est produit.<\/p>\n<p>Notre huile d&#039;olive extra vierge de qualit\u00e9 sup\u00e9rieure offre une d\u00e9licieuse saveur robuste et se termine par un zeste poivr\u00e9. Il a une belle teinte vert dor\u00e9, et d\u00e9gage un subtil ar\u00f4me d&#039;olives fra\u00eechement cueillies.<\/p>","protected":false},"featured_media":3700,"comment_status":"open","ping_status":"closed","template":"","meta":[],"etheme_brands":[],"product_brand":[],"product_cat":[111,86],"product_tag":[],"class_list":{"0":"post-1089","1":"product","2":"type-product","3":"status-publish","4":"has-post-thumbnail","6":"product_cat-all-products","7":"product_cat-extra-virgin-olive-oils","9":"first","10":"instock","11":"shipping-taxable","12":"purchasable","13":"product-type-simple"},"yoast_head":"<!-- This site is optimized with the Yoast SEO plugin v27.4 - https:\/\/yoast.com\/product\/yoast-seo-wordpress\/ -->\n<title>Bio ( Organic ) Extra Virgin Olive Oil 500ml - Zo\u00eb Olive Oil Montreal Quebec Canada<\/title>\n<meta name=\"robots\" content=\"index, follow, max-snippet:-1, max-image-preview:large, max-video-preview:-1\" \/>\n<link rel=\"canonical\" href=\"https:\/\/www.zoeoliveoil.com\/fr\/produit\/bio-organic-extra-virgin-olive-oil-500ml\/\" \/>\n<meta property=\"og:locale\" content=\"fr_CA\" \/>\n<meta property=\"og:type\" content=\"article\" \/>\n<meta property=\"og:title\" content=\"Bio ( Organic ) Extra Virgin Olive Oil 500ml - Zo\u00eb Olive Oil Montreal Quebec Canada\" \/>\n<meta property=\"og:description\" content=\"Our extra virgin olive oil is made from the Koroneiki olive which is considered the best Greek olive in the world. It is known for its high Polyphenols (antioxidants) and monounsaturated fats as well as the freshest and most balanced tasting oil in the world. The Koroneiki tree originates from the south west region of Messenia, the exact place where Zo\u00eb is produced.  Our premium extra virgin olive oil packs a delicious robust flavour and finishes with a peppery zing. It has a beautiful golden green hue, and gives off a subtle aroma of fresh picked olives.\" \/>\n<meta property=\"og:url\" content=\"https:\/\/www.zoeoliveoil.com\/fr\/produit\/bio-organic-extra-virgin-olive-oil-500ml\/\" \/>\n<meta property=\"og:site_name\" content=\"Zo\u00eb Olive Oil Montreal Quebec Canada\" \/>\n<meta property=\"article:publisher\" content=\"https:\/\/www.facebook.com\/zoeoliveoil\/\" \/>\n<meta property=\"article:modified_time\" content=\"2025-05-29T22:38:31+00:00\" \/>\n<meta property=\"og:image\" content=\"https:\/\/www.zoeoliveoil.com\/wp-content\/uploads\/2024\/04\/Zoe-olive-oil-bio.jpg\" \/>\n\t<meta property=\"og:image:width\" content=\"590\" \/>\n\t<meta property=\"og:image:height\" content=\"590\" \/>\n\t<meta property=\"og:image:type\" content=\"image\/jpeg\" \/>\n<meta name=\"twitter:card\" content=\"summary_large_image\" \/>\n<meta name=\"twitter:site\" content=\"@zoeoliveoil\" \/>\n<meta name=\"twitter:label1\" content=\"Estimation du temps de lecture\" \/>\n\t<meta name=\"twitter:data1\" content=\"4 minutes\" \/>\n<script type=\"application\/ld+json\" class=\"yoast-schema-graph\">{\"@context\":\"https:\\\/\\\/schema.org\",\"@graph\":[{\"@type\":\"WebPage\",\"@id\":\"https:\\\/\\\/www.zoeoliveoil.com\\\/product\\\/bio-organic-extra-virgin-olive-oil-500ml\\\/\",\"url\":\"https:\\\/\\\/www.zoeoliveoil.com\\\/product\\\/bio-organic-extra-virgin-olive-oil-500ml\\\/\",\"name\":\"Bio ( Organic ) Extra Virgin Olive Oil 500ml - Zo\u00eb Olive Oil Montreal Quebec Canada\",\"isPartOf\":{\"@id\":\"https:\\\/\\\/www.zoeoliveoil.com\\\/#website\"},\"primaryImageOfPage\":{\"@id\":\"https:\\\/\\\/www.zoeoliveoil.com\\\/product\\\/bio-organic-extra-virgin-olive-oil-500ml\\\/#primaryimage\"},\"image\":{\"@id\":\"https:\\\/\\\/www.zoeoliveoil.com\\\/product\\\/bio-organic-extra-virgin-olive-oil-500ml\\\/#primaryimage\"},\"thumbnailUrl\":\"https:\\\/\\\/www.zoeoliveoil.com\\\/wp-content\\\/uploads\\\/2024\\\/04\\\/Zoe-olive-oil-bio.jpg\",\"datePublished\":\"2025-02-13T15:23:36+00:00\",\"dateModified\":\"2025-05-29T22:38:31+00:00\",\"breadcrumb\":{\"@id\":\"https:\\\/\\\/www.zoeoliveoil.com\\\/product\\\/bio-organic-extra-virgin-olive-oil-500ml\\\/#breadcrumb\"},\"inLanguage\":\"fr-CA\",\"potentialAction\":[{\"@type\":\"ReadAction\",\"target\":[\"https:\\\/\\\/www.zoeoliveoil.com\\\/product\\\/bio-organic-extra-virgin-olive-oil-500ml\\\/\"]}]},{\"@type\":\"ImageObject\",\"inLanguage\":\"fr-CA\",\"@id\":\"https:\\\/\\\/www.zoeoliveoil.com\\\/product\\\/bio-organic-extra-virgin-olive-oil-500ml\\\/#primaryimage\",\"url\":\"https:\\\/\\\/www.zoeoliveoil.com\\\/wp-content\\\/uploads\\\/2024\\\/04\\\/Zoe-olive-oil-bio.jpg\",\"contentUrl\":\"https:\\\/\\\/www.zoeoliveoil.com\\\/wp-content\\\/uploads\\\/2024\\\/04\\\/Zoe-olive-oil-bio.jpg\",\"width\":590,\"height\":590},{\"@type\":\"BreadcrumbList\",\"@id\":\"https:\\\/\\\/www.zoeoliveoil.com\\\/product\\\/bio-organic-extra-virgin-olive-oil-500ml\\\/#breadcrumb\",\"itemListElement\":[{\"@type\":\"ListItem\",\"position\":1,\"name\":\"Home\",\"item\":\"https:\\\/\\\/www.zoeoliveoil.com\\\/\"},{\"@type\":\"ListItem\",\"position\":2,\"name\":\"Shop\",\"item\":\"https:\\\/\\\/www.zoeoliveoil.com\\\/shop\\\/\"},{\"@type\":\"ListItem\",\"position\":3,\"name\":\"Bio ( Organic ) Extra Virgin Olive Oil 500ml\"}]},{\"@type\":\"WebSite\",\"@id\":\"https:\\\/\\\/www.zoeoliveoil.com\\\/#website\",\"url\":\"https:\\\/\\\/www.zoeoliveoil.com\\\/\",\"name\":\"Zo\u00eb Olive Oil Montreal Quebec Canada\",\"description\":\"\",\"publisher\":{\"@id\":\"https:\\\/\\\/www.zoeoliveoil.com\\\/#organization\"},\"potentialAction\":[{\"@type\":\"SearchAction\",\"target\":{\"@type\":\"EntryPoint\",\"urlTemplate\":\"https:\\\/\\\/www.zoeoliveoil.com\\\/?s={search_term_string}\"},\"query-input\":{\"@type\":\"PropertyValueSpecification\",\"valueRequired\":true,\"valueName\":\"search_term_string\"}}],\"inLanguage\":\"fr-CA\"},{\"@type\":\"Organization\",\"@id\":\"https:\\\/\\\/www.zoeoliveoil.com\\\/#organization\",\"name\":\"Zo\u00eb Olive Oil Montreal Quebec Canada\",\"url\":\"https:\\\/\\\/www.zoeoliveoil.com\\\/\",\"logo\":{\"@type\":\"ImageObject\",\"inLanguage\":\"fr-CA\",\"@id\":\"https:\\\/\\\/www.zoeoliveoil.com\\\/#\\\/schema\\\/logo\\\/image\\\/\",\"url\":\"https:\\\/\\\/www.zoeoliveoil.com\\\/wp-content\\\/uploads\\\/2023\\\/04\\\/Zoe-Logo__Black_165x.png\",\"contentUrl\":\"https:\\\/\\\/www.zoeoliveoil.com\\\/wp-content\\\/uploads\\\/2023\\\/04\\\/Zoe-Logo__Black_165x.png\",\"width\":165,\"height\":78,\"caption\":\"Zo\u00eb Olive Oil Montreal Quebec Canada\"},\"image\":{\"@id\":\"https:\\\/\\\/www.zoeoliveoil.com\\\/#\\\/schema\\\/logo\\\/image\\\/\"},\"sameAs\":[\"https:\\\/\\\/www.facebook.com\\\/zoeoliveoil\\\/\",\"https:\\\/\\\/x.com\\\/zoeoliveoil\",\"https:\\\/\\\/www.instagram.com\\\/zoeoliveoil\\\/?hl=en\",\"https:\\\/\\\/www.tiktok.com\\\/@zoeoliveoil\",\"https:\\\/\\\/www.pinterest.ca\\\/zoeoliveoil\\\/\"]}]}<\/script>\n<!-- \/ Yoast SEO plugin. -->","yoast_head_json":{"title":"Bio ( Organic ) Extra Virgin Olive Oil 500ml - Zo\u00eb Olive Oil Montreal Quebec Canada","robots":{"index":"index","follow":"follow","max-snippet":"max-snippet:-1","max-image-preview":"max-image-preview:large","max-video-preview":"max-video-preview:-1"},"canonical":"https:\/\/www.zoeoliveoil.com\/fr\/produit\/bio-organic-extra-virgin-olive-oil-500ml\/","og_locale":"fr_CA","og_type":"article","og_title":"Bio ( Organic ) Extra Virgin Olive Oil 500ml - Zo\u00eb Olive Oil Montreal Quebec Canada","og_description":"Our extra virgin olive oil is made from the Koroneiki olive which is considered the best Greek olive in the world. It is known for its high Polyphenols (antioxidants) and monounsaturated fats as well as the freshest and most balanced tasting oil in the world. The Koroneiki tree originates from the south west region of Messenia, the exact place where Zo\u00eb is produced.  Our premium extra virgin olive oil packs a delicious robust flavour and finishes with a peppery zing. It has a beautiful golden green hue, and gives off a subtle aroma of fresh picked olives.","og_url":"https:\/\/www.zoeoliveoil.com\/fr\/produit\/bio-organic-extra-virgin-olive-oil-500ml\/","og_site_name":"Zo\u00eb Olive Oil Montreal Quebec Canada","article_publisher":"https:\/\/www.facebook.com\/zoeoliveoil\/","article_modified_time":"2025-05-29T22:38:31+00:00","og_image":[{"width":590,"height":590,"url":"https:\/\/www.zoeoliveoil.com\/wp-content\/uploads\/2024\/04\/Zoe-olive-oil-bio.jpg","type":"image\/jpeg"}],"twitter_card":"summary_large_image","twitter_site":"@zoeoliveoil","twitter_misc":{"Estimation du temps de lecture":"4 minutes"},"schema":{"@context":"https:\/\/schema.org","@graph":[{"@type":"WebPage","@id":"https:\/\/www.zoeoliveoil.com\/product\/bio-organic-extra-virgin-olive-oil-500ml\/","url":"https:\/\/www.zoeoliveoil.com\/product\/bio-organic-extra-virgin-olive-oil-500ml\/","name":"Bio ( Organic ) Extra Virgin Olive Oil 500ml - Zo\u00eb Olive Oil Montreal Quebec Canada","isPartOf":{"@id":"https:\/\/www.zoeoliveoil.com\/#website"},"primaryImageOfPage":{"@id":"https:\/\/www.zoeoliveoil.com\/product\/bio-organic-extra-virgin-olive-oil-500ml\/#primaryimage"},"image":{"@id":"https:\/\/www.zoeoliveoil.com\/product\/bio-organic-extra-virgin-olive-oil-500ml\/#primaryimage"},"thumbnailUrl":"https:\/\/www.zoeoliveoil.com\/wp-content\/uploads\/2024\/04\/Zoe-olive-oil-bio.jpg","datePublished":"2025-02-13T15:23:36+00:00","dateModified":"2025-05-29T22:38:31+00:00","breadcrumb":{"@id":"https:\/\/www.zoeoliveoil.com\/product\/bio-organic-extra-virgin-olive-oil-500ml\/#breadcrumb"},"inLanguage":"fr-CA","potentialAction":[{"@type":"ReadAction","target":["https:\/\/www.zoeoliveoil.com\/product\/bio-organic-extra-virgin-olive-oil-500ml\/"]}]},{"@type":"ImageObject","inLanguage":"fr-CA","@id":"https:\/\/www.zoeoliveoil.com\/product\/bio-organic-extra-virgin-olive-oil-500ml\/#primaryimage","url":"https:\/\/www.zoeoliveoil.com\/wp-content\/uploads\/2024\/04\/Zoe-olive-oil-bio.jpg","contentUrl":"https:\/\/www.zoeoliveoil.com\/wp-content\/uploads\/2024\/04\/Zoe-olive-oil-bio.jpg","width":590,"height":590},{"@type":"BreadcrumbList","@id":"https:\/\/www.zoeoliveoil.com\/product\/bio-organic-extra-virgin-olive-oil-500ml\/#breadcrumb","itemListElement":[{"@type":"ListItem","position":1,"name":"Home","item":"https:\/\/www.zoeoliveoil.com\/"},{"@type":"ListItem","position":2,"name":"Shop","item":"https:\/\/www.zoeoliveoil.com\/shop\/"},{"@type":"ListItem","position":3,"name":"Bio ( Organic ) Extra Virgin Olive Oil 500ml"}]},{"@type":"WebSite","@id":"https:\/\/www.zoeoliveoil.com\/#website","url":"https:\/\/www.zoeoliveoil.com\/","name":"Zo\u00eb Huile d&#039;Olive Montr\u00e9al Qu\u00e9bec Canada","description":"","publisher":{"@id":"https:\/\/www.zoeoliveoil.com\/#organization"},"potentialAction":[{"@type":"SearchAction","target":{"@type":"EntryPoint","urlTemplate":"https:\/\/www.zoeoliveoil.com\/?s={search_term_string}"},"query-input":{"@type":"PropertyValueSpecification","valueRequired":true,"valueName":"search_term_string"}}],"inLanguage":"fr-CA"},{"@type":"Organization","@id":"https:\/\/www.zoeoliveoil.com\/#organization","name":"Zo\u00eb Huile d&#039;Olive Montr\u00e9al Qu\u00e9bec Canada","url":"https:\/\/www.zoeoliveoil.com\/","logo":{"@type":"ImageObject","inLanguage":"fr-CA","@id":"https:\/\/www.zoeoliveoil.com\/#\/schema\/logo\/image\/","url":"https:\/\/www.zoeoliveoil.com\/wp-content\/uploads\/2023\/04\/Zoe-Logo__Black_165x.png","contentUrl":"https:\/\/www.zoeoliveoil.com\/wp-content\/uploads\/2023\/04\/Zoe-Logo__Black_165x.png","width":165,"height":78,"caption":"Zo\u00eb Olive Oil Montreal Quebec Canada"},"image":{"@id":"https:\/\/www.zoeoliveoil.com\/#\/schema\/logo\/image\/"},"sameAs":["https:\/\/www.facebook.com\/zoeoliveoil\/","https:\/\/x.com\/zoeoliveoil","https:\/\/www.instagram.com\/zoeoliveoil\/?hl=en","https:\/\/www.tiktok.com\/@zoeoliveoil","https:\/\/www.pinterest.ca\/zoeoliveoil\/"]}]}},"jetpack_sharing_enabled":true,"_links":{"self":[{"href":"https:\/\/www.zoeoliveoil.com\/fr\/wp-json\/wp\/v2\/product\/1089","targetHints":{"allow":["GET"]}}],"collection":[{"href":"https:\/\/www.zoeoliveoil.com\/fr\/wp-json\/wp\/v2\/product"}],"about":[{"href":"https:\/\/www.zoeoliveoil.com\/fr\/wp-json\/wp\/v2\/types\/product"}],"replies":[{"embeddable":true,"href":"https:\/\/www.zoeoliveoil.com\/fr\/wp-json\/wp\/v2\/comments?post=1089"}],"version-history":[{"count":4,"href":"https:\/\/www.zoeoliveoil.com\/fr\/wp-json\/wp\/v2\/product\/1089\/revisions"}],"predecessor-version":[{"id":3701,"href":"https:\/\/www.zoeoliveoil.com\/fr\/wp-json\/wp\/v2\/product\/1089\/revisions\/3701"}],"wp:featuredmedia":[{"embeddable":true,"href":"https:\/\/www.zoeoliveoil.com\/fr\/wp-json\/wp\/v2\/media\/3700"}],"wp:attachment":[{"href":"https:\/\/www.zoeoliveoil.com\/fr\/wp-json\/wp\/v2\/media?parent=1089"}],"wp:term":[{"taxonomy":"brand","embeddable":true,"href":"https:\/\/www.zoeoliveoil.com\/fr\/wp-json\/wp\/v2\/etheme_brands?post=1089"},{"taxonomy":"product_brand","embeddable":true,"href":"https:\/\/www.zoeoliveoil.com\/fr\/wp-json\/wp\/v2\/product_brand?post=1089"},{"taxonomy":"product_cat","embeddable":true,"href":"https:\/\/www.zoeoliveoil.com\/fr\/wp-json\/wp\/v2\/product_cat?post=1089"},{"taxonomy":"product_tag","embeddable":true,"href":"https:\/\/www.zoeoliveoil.com\/fr\/wp-json\/wp\/v2\/product_tag?post=1089"}],"curies":[{"name":"wp","href":"https:\/\/api.w.org\/{rel}","templated":true}]}}