{"id":1115,"date":"2024-04-27T21:06:43","date_gmt":"2024-04-27T21:06:43","guid":{"rendered":"https:\/\/www.zoeoliveoil.com\/?post_type=product&#038;p=1115"},"modified":"2024-05-06T14:43:40","modified_gmt":"2024-05-06T14:43:40","slug":"tuscan-herbs-infused-olive-oil-250ml","status":"publish","type":"product","link":"https:\/\/www.zoeoliveoil.com\/fr\/produit\/tuscan-herbs-infused-olive-oil-250ml\/","title":{"rendered":"Huile d&#039;olive infus\u00e9e aux herbes toscanes 250 ml"},"content":{"rendered":"<p>Nos olives koroneiki sont d\u00e9licatement infus\u00e9es avec nos herbes fra\u00eeches cultiv\u00e9es sur place, lib\u00e9rant les ar\u00f4mes et les huiles distinctes de romarin, d&#039;ail, de thym et d&#039;origan. Les saveurs des herbes combin\u00e9es \u00e0 la fra\u00eecheur poivr\u00e9e de l&#039;huile d&#039;olive extra vierge sont d\u00e9licieuses. Cette huile est particuli\u00e8rement savoureuse avec les p\u00e2tes, le poulet, le poisson, le porc, les pommes de terre, la pizza et les l\u00e9gumes. Se marie \u00e0 merveille avec toutes vos salades !<\/p>\n<p><strong>Suggestions d&#039;accord\u00a0:<\/strong><\/p>\n<ul class=\"i8Z77e\">\n<li class=\"TrT0Xe\">\u00c0 utiliser avec l&#039;un de nos vinaigres balsamiques, de vin ou de cidre de pomme Zo\u00eb pour cr\u00e9er les meilleures vinaigrettes au monde pour vos salades ou vos sandwichs.<\/li>\n<li class=\"TrT0Xe\">M\u00e9langer Mayo ou Moutarde \u00e0 utiliser dans les sandwichs.<\/li>\n<li class=\"TrT0Xe\">Arros\u00e9 sur pizza et p\u00e2tes.<\/li>\n<li class=\"TrT0Xe\">Arroser les viandes grill\u00e9es.<\/li>\n<li class=\"TrT0Xe\">Sur des poissons grill\u00e9s, vapeur ou r\u00f4tis.<\/li>\n<li class=\"TrT0Xe\">Arros\u00e9 sur des pommes de terre grill\u00e9es, vapeur ou r\u00f4ties.<\/li>\n<li class=\"TrT0Xe\">Arros\u00e9 sur une pur\u00e9e de pommes de terre.<\/li>\n<li class=\"TrT0Xe\">Arros\u00e9 sur du houmous, du tzatziki ou sur votre trempette pr\u00e9f\u00e9r\u00e9e.<\/li>\n<li class=\"TrT0Xe\">Arroser de Bruschetta<\/li>\n<li class=\"TrT0Xe\">Arroser l&#039;int\u00e9rieur des sandwichs.<\/li>\n<li class=\"TrT0Xe\">Utiliser pour faire sauter des oignons, de l&#039;ail ou des l\u00e9gumes<\/li>\n<li class=\"TrT0Xe\">Arrosez-le sur du pain grill\u00e9 chaud.<\/li>\n<li class=\"TrT0Xe\">Arroser sur les grilles Steak &amp; toutes les viandes grill\u00e9es.<\/li>\n<li class=\"TrT0Xe\">Les possibilit\u00e9s sont infinies.<\/li>\n<\/ul>","protected":false},"excerpt":{"rendered":"<p>Nos olives koroneiki sont d\u00e9licatement infus\u00e9es avec nos herbes fra\u00eeches cultiv\u00e9es sur place, lib\u00e9rant les ar\u00f4mes et les huiles distinctes de romarin, d&#039;ail, de thym et d&#039;origan. Les saveurs des herbes combin\u00e9es \u00e0 la fra\u00eecheur poivr\u00e9e de l&#039;huile d&#039;olive extra vierge sont d\u00e9licieuses. Cette huile est particuli\u00e8rement savoureuse avec les p\u00e2tes, le poulet, le poisson, le porc, les pommes de terre, la pizza et les l\u00e9gumes. Se marie \u00e0 merveille avec toutes vos salades !<\/p>","protected":false},"featured_media":1120,"comment_status":"open","ping_status":"closed","template":"","meta":[],"etheme_brands":[{"term_id":92,"name":"Zo\u00eb","slug":"zoe","term_group":0,"term_taxonomy_id":92,"taxonomy":"brand","description":"","parent":0,"count":122,"filter":"raw"}],"product_brand":[],"product_cat":[111,86],"product_tag":[],"class_list":{"0":"post-1115","1":"product","2":"type-product","3":"status-publish","4":"has-post-thumbnail","6":"brand-zoe","7":"product_cat-all-products","8":"product_cat-extra-virgin-olive-oils","10":"first","11":"instock","12":"shipping-taxable","13":"purchasable","14":"product-type-simple"},"yoast_head":"<!-- This site is optimized with the Yoast SEO plugin v27.4 - https:\/\/yoast.com\/product\/yoast-seo-wordpress\/ -->\n<title>Tuscan Herbs Infused Olive Oil 250ml - Zo\u00eb Olive Oil Montreal Quebec Canada<\/title>\n<meta name=\"robots\" content=\"index, follow, max-snippet:-1, max-image-preview:large, max-video-preview:-1\" \/>\n<link rel=\"canonical\" href=\"https:\/\/www.zoeoliveoil.com\/fr\/produit\/tuscan-herbs-infused-olive-oil-250ml\/\" \/>\n<meta property=\"og:locale\" content=\"fr_CA\" \/>\n<meta property=\"og:type\" content=\"article\" \/>\n<meta property=\"og:title\" content=\"Tuscan Herbs Infused Olive Oil 250ml - Zo\u00eb Olive Oil Montreal Quebec Canada\" \/>\n<meta property=\"og:description\" content=\"Our koroneiki olives are gently infused together with our home grown fresh\u00a0herbs,\u00a0releasing the distinct aromas and oils of rosemary, garlic, thym\u00a0and oregano. The flavours of the herbs combined with the peppery freshness of the extra virgin olive oil is delightful.\u00a0This oil is especially flavourful\u00a0with pasta, chicken, fish, pork, potatoes, pizza and vegetables.\u00a0Pairs beautifully with all your salads!\" \/>\n<meta property=\"og:url\" content=\"https:\/\/www.zoeoliveoil.com\/fr\/produit\/tuscan-herbs-infused-olive-oil-250ml\/\" \/>\n<meta property=\"og:site_name\" content=\"Zo\u00eb Olive Oil Montreal Quebec Canada\" \/>\n<meta property=\"article:publisher\" content=\"https:\/\/www.facebook.com\/zoeoliveoil\/\" \/>\n<meta property=\"article:modified_time\" content=\"2024-05-06T14:43:40+00:00\" \/>\n<meta property=\"og:image\" content=\"https:\/\/www.zoeoliveoil.com\/wp-content\/uploads\/2023\/04\/tuscan_590x.webp\" \/>\n\t<meta property=\"og:image:width\" content=\"590\" \/>\n\t<meta property=\"og:image:height\" content=\"590\" \/>\n\t<meta property=\"og:image:type\" content=\"image\/webp\" \/>\n<meta name=\"twitter:card\" content=\"summary_large_image\" \/>\n<meta name=\"twitter:site\" content=\"@zoeoliveoil\" \/>\n<meta name=\"twitter:label1\" content=\"Estimation du temps de lecture\" \/>\n\t<meta name=\"twitter:data1\" content=\"1 minute\" \/>\n<script type=\"application\/ld+json\" class=\"yoast-schema-graph\">{\"@context\":\"https:\\\/\\\/schema.org\",\"@graph\":[{\"@type\":\"WebPage\",\"@id\":\"https:\\\/\\\/www.zoeoliveoil.com\\\/product\\\/tuscan-herbs-infused-olive-oil-250ml\\\/\",\"url\":\"https:\\\/\\\/www.zoeoliveoil.com\\\/product\\\/tuscan-herbs-infused-olive-oil-250ml\\\/\",\"name\":\"Tuscan Herbs Infused Olive Oil 250ml - Zo\u00eb Olive Oil Montreal Quebec Canada\",\"isPartOf\":{\"@id\":\"https:\\\/\\\/www.zoeoliveoil.com\\\/#website\"},\"primaryImageOfPage\":{\"@id\":\"https:\\\/\\\/www.zoeoliveoil.com\\\/product\\\/tuscan-herbs-infused-olive-oil-250ml\\\/#primaryimage\"},\"image\":{\"@id\":\"https:\\\/\\\/www.zoeoliveoil.com\\\/product\\\/tuscan-herbs-infused-olive-oil-250ml\\\/#primaryimage\"},\"thumbnailUrl\":\"https:\\\/\\\/www.zoeoliveoil.com\\\/wp-content\\\/uploads\\\/2023\\\/04\\\/tuscan_590x.webp\",\"datePublished\":\"2024-04-27T21:06:43+00:00\",\"dateModified\":\"2024-05-06T14:43:40+00:00\",\"breadcrumb\":{\"@id\":\"https:\\\/\\\/www.zoeoliveoil.com\\\/product\\\/tuscan-herbs-infused-olive-oil-250ml\\\/#breadcrumb\"},\"inLanguage\":\"fr-CA\",\"potentialAction\":[{\"@type\":\"ReadAction\",\"target\":[\"https:\\\/\\\/www.zoeoliveoil.com\\\/product\\\/tuscan-herbs-infused-olive-oil-250ml\\\/\"]}]},{\"@type\":\"ImageObject\",\"inLanguage\":\"fr-CA\",\"@id\":\"https:\\\/\\\/www.zoeoliveoil.com\\\/product\\\/tuscan-herbs-infused-olive-oil-250ml\\\/#primaryimage\",\"url\":\"https:\\\/\\\/www.zoeoliveoil.com\\\/wp-content\\\/uploads\\\/2023\\\/04\\\/tuscan_590x.webp\",\"contentUrl\":\"https:\\\/\\\/www.zoeoliveoil.com\\\/wp-content\\\/uploads\\\/2023\\\/04\\\/tuscan_590x.webp\",\"width\":590,\"height\":590},{\"@type\":\"BreadcrumbList\",\"@id\":\"https:\\\/\\\/www.zoeoliveoil.com\\\/product\\\/tuscan-herbs-infused-olive-oil-250ml\\\/#breadcrumb\",\"itemListElement\":[{\"@type\":\"ListItem\",\"position\":1,\"name\":\"Home\",\"item\":\"https:\\\/\\\/www.zoeoliveoil.com\\\/\"},{\"@type\":\"ListItem\",\"position\":2,\"name\":\"Shop\",\"item\":\"https:\\\/\\\/www.zoeoliveoil.com\\\/shop\\\/\"},{\"@type\":\"ListItem\",\"position\":3,\"name\":\"Tuscan Herbs Infused Olive Oil 250ml\"}]},{\"@type\":\"WebSite\",\"@id\":\"https:\\\/\\\/www.zoeoliveoil.com\\\/#website\",\"url\":\"https:\\\/\\\/www.zoeoliveoil.com\\\/\",\"name\":\"Zo\u00eb Olive Oil Montreal Quebec Canada\",\"description\":\"\",\"publisher\":{\"@id\":\"https:\\\/\\\/www.zoeoliveoil.com\\\/#organization\"},\"potentialAction\":[{\"@type\":\"SearchAction\",\"target\":{\"@type\":\"EntryPoint\",\"urlTemplate\":\"https:\\\/\\\/www.zoeoliveoil.com\\\/?s={search_term_string}\"},\"query-input\":{\"@type\":\"PropertyValueSpecification\",\"valueRequired\":true,\"valueName\":\"search_term_string\"}}],\"inLanguage\":\"fr-CA\"},{\"@type\":\"Organization\",\"@id\":\"https:\\\/\\\/www.zoeoliveoil.com\\\/#organization\",\"name\":\"Zo\u00eb Olive Oil Montreal Quebec Canada\",\"url\":\"https:\\\/\\\/www.zoeoliveoil.com\\\/\",\"logo\":{\"@type\":\"ImageObject\",\"inLanguage\":\"fr-CA\",\"@id\":\"https:\\\/\\\/www.zoeoliveoil.com\\\/#\\\/schema\\\/logo\\\/image\\\/\",\"url\":\"https:\\\/\\\/www.zoeoliveoil.com\\\/wp-content\\\/uploads\\\/2023\\\/04\\\/Zoe-Logo__Black_165x.png\",\"contentUrl\":\"https:\\\/\\\/www.zoeoliveoil.com\\\/wp-content\\\/uploads\\\/2023\\\/04\\\/Zoe-Logo__Black_165x.png\",\"width\":165,\"height\":78,\"caption\":\"Zo\u00eb Olive Oil Montreal Quebec Canada\"},\"image\":{\"@id\":\"https:\\\/\\\/www.zoeoliveoil.com\\\/#\\\/schema\\\/logo\\\/image\\\/\"},\"sameAs\":[\"https:\\\/\\\/www.facebook.com\\\/zoeoliveoil\\\/\",\"https:\\\/\\\/x.com\\\/zoeoliveoil\",\"https:\\\/\\\/www.instagram.com\\\/zoeoliveoil\\\/?hl=en\",\"https:\\\/\\\/www.tiktok.com\\\/@zoeoliveoil\",\"https:\\\/\\\/www.pinterest.ca\\\/zoeoliveoil\\\/\"]}]}<\/script>\n<!-- \/ Yoast SEO plugin. -->","yoast_head_json":{"title":"Tuscan Herbs Infused Olive Oil 250ml - Zo\u00eb Olive Oil Montreal Quebec Canada","robots":{"index":"index","follow":"follow","max-snippet":"max-snippet:-1","max-image-preview":"max-image-preview:large","max-video-preview":"max-video-preview:-1"},"canonical":"https:\/\/www.zoeoliveoil.com\/fr\/produit\/tuscan-herbs-infused-olive-oil-250ml\/","og_locale":"fr_CA","og_type":"article","og_title":"Tuscan Herbs Infused Olive Oil 250ml - Zo\u00eb Olive Oil Montreal Quebec Canada","og_description":"Our koroneiki olives are gently infused together with our home grown fresh\u00a0herbs,\u00a0releasing the distinct aromas and oils of rosemary, garlic, thym\u00a0and oregano. The flavours of the herbs combined with the peppery freshness of the extra virgin olive oil is delightful.\u00a0This oil is especially flavourful\u00a0with pasta, chicken, fish, pork, potatoes, pizza and vegetables.\u00a0Pairs beautifully with all your salads!","og_url":"https:\/\/www.zoeoliveoil.com\/fr\/produit\/tuscan-herbs-infused-olive-oil-250ml\/","og_site_name":"Zo\u00eb Olive Oil Montreal Quebec Canada","article_publisher":"https:\/\/www.facebook.com\/zoeoliveoil\/","article_modified_time":"2024-05-06T14:43:40+00:00","og_image":[{"width":590,"height":590,"url":"https:\/\/www.zoeoliveoil.com\/wp-content\/uploads\/2023\/04\/tuscan_590x.webp","type":"image\/webp"}],"twitter_card":"summary_large_image","twitter_site":"@zoeoliveoil","twitter_misc":{"Estimation du temps de lecture":"1 minute"},"schema":{"@context":"https:\/\/schema.org","@graph":[{"@type":"WebPage","@id":"https:\/\/www.zoeoliveoil.com\/product\/tuscan-herbs-infused-olive-oil-250ml\/","url":"https:\/\/www.zoeoliveoil.com\/product\/tuscan-herbs-infused-olive-oil-250ml\/","name":"Tuscan Herbs Infused Olive Oil 250ml - Zo\u00eb Olive Oil Montreal Quebec Canada","isPartOf":{"@id":"https:\/\/www.zoeoliveoil.com\/#website"},"primaryImageOfPage":{"@id":"https:\/\/www.zoeoliveoil.com\/product\/tuscan-herbs-infused-olive-oil-250ml\/#primaryimage"},"image":{"@id":"https:\/\/www.zoeoliveoil.com\/product\/tuscan-herbs-infused-olive-oil-250ml\/#primaryimage"},"thumbnailUrl":"https:\/\/www.zoeoliveoil.com\/wp-content\/uploads\/2023\/04\/tuscan_590x.webp","datePublished":"2024-04-27T21:06:43+00:00","dateModified":"2024-05-06T14:43:40+00:00","breadcrumb":{"@id":"https:\/\/www.zoeoliveoil.com\/product\/tuscan-herbs-infused-olive-oil-250ml\/#breadcrumb"},"inLanguage":"fr-CA","potentialAction":[{"@type":"ReadAction","target":["https:\/\/www.zoeoliveoil.com\/product\/tuscan-herbs-infused-olive-oil-250ml\/"]}]},{"@type":"ImageObject","inLanguage":"fr-CA","@id":"https:\/\/www.zoeoliveoil.com\/product\/tuscan-herbs-infused-olive-oil-250ml\/#primaryimage","url":"https:\/\/www.zoeoliveoil.com\/wp-content\/uploads\/2023\/04\/tuscan_590x.webp","contentUrl":"https:\/\/www.zoeoliveoil.com\/wp-content\/uploads\/2023\/04\/tuscan_590x.webp","width":590,"height":590},{"@type":"BreadcrumbList","@id":"https:\/\/www.zoeoliveoil.com\/product\/tuscan-herbs-infused-olive-oil-250ml\/#breadcrumb","itemListElement":[{"@type":"ListItem","position":1,"name":"Home","item":"https:\/\/www.zoeoliveoil.com\/"},{"@type":"ListItem","position":2,"name":"Shop","item":"https:\/\/www.zoeoliveoil.com\/shop\/"},{"@type":"ListItem","position":3,"name":"Tuscan Herbs Infused Olive Oil 250ml"}]},{"@type":"WebSite","@id":"https:\/\/www.zoeoliveoil.com\/#website","url":"https:\/\/www.zoeoliveoil.com\/","name":"Zo\u00eb Huile d&#039;Olive Montr\u00e9al Qu\u00e9bec Canada","description":"","publisher":{"@id":"https:\/\/www.zoeoliveoil.com\/#organization"},"potentialAction":[{"@type":"SearchAction","target":{"@type":"EntryPoint","urlTemplate":"https:\/\/www.zoeoliveoil.com\/?s={search_term_string}"},"query-input":{"@type":"PropertyValueSpecification","valueRequired":true,"valueName":"search_term_string"}}],"inLanguage":"fr-CA"},{"@type":"Organization","@id":"https:\/\/www.zoeoliveoil.com\/#organization","name":"Zo\u00eb Huile d&#039;Olive Montr\u00e9al Qu\u00e9bec Canada","url":"https:\/\/www.zoeoliveoil.com\/","logo":{"@type":"ImageObject","inLanguage":"fr-CA","@id":"https:\/\/www.zoeoliveoil.com\/#\/schema\/logo\/image\/","url":"https:\/\/www.zoeoliveoil.com\/wp-content\/uploads\/2023\/04\/Zoe-Logo__Black_165x.png","contentUrl":"https:\/\/www.zoeoliveoil.com\/wp-content\/uploads\/2023\/04\/Zoe-Logo__Black_165x.png","width":165,"height":78,"caption":"Zo\u00eb Olive Oil Montreal Quebec Canada"},"image":{"@id":"https:\/\/www.zoeoliveoil.com\/#\/schema\/logo\/image\/"},"sameAs":["https:\/\/www.facebook.com\/zoeoliveoil\/","https:\/\/x.com\/zoeoliveoil","https:\/\/www.instagram.com\/zoeoliveoil\/?hl=en","https:\/\/www.tiktok.com\/@zoeoliveoil","https:\/\/www.pinterest.ca\/zoeoliveoil\/"]}]}},"jetpack_sharing_enabled":true,"_links":{"self":[{"href":"https:\/\/www.zoeoliveoil.com\/fr\/wp-json\/wp\/v2\/product\/1115","targetHints":{"allow":["GET"]}}],"collection":[{"href":"https:\/\/www.zoeoliveoil.com\/fr\/wp-json\/wp\/v2\/product"}],"about":[{"href":"https:\/\/www.zoeoliveoil.com\/fr\/wp-json\/wp\/v2\/types\/product"}],"replies":[{"embeddable":true,"href":"https:\/\/www.zoeoliveoil.com\/fr\/wp-json\/wp\/v2\/comments?post=1115"}],"version-history":[{"count":2,"href":"https:\/\/www.zoeoliveoil.com\/fr\/wp-json\/wp\/v2\/product\/1115\/revisions"}],"predecessor-version":[{"id":1122,"href":"https:\/\/www.zoeoliveoil.com\/fr\/wp-json\/wp\/v2\/product\/1115\/revisions\/1122"}],"wp:featuredmedia":[{"embeddable":true,"href":"https:\/\/www.zoeoliveoil.com\/fr\/wp-json\/wp\/v2\/media\/1120"}],"wp:attachment":[{"href":"https:\/\/www.zoeoliveoil.com\/fr\/wp-json\/wp\/v2\/media?parent=1115"}],"wp:term":[{"taxonomy":"brand","embeddable":true,"href":"https:\/\/www.zoeoliveoil.com\/fr\/wp-json\/wp\/v2\/etheme_brands?post=1115"},{"taxonomy":"product_brand","embeddable":true,"href":"https:\/\/www.zoeoliveoil.com\/fr\/wp-json\/wp\/v2\/product_brand?post=1115"},{"taxonomy":"product_cat","embeddable":true,"href":"https:\/\/www.zoeoliveoil.com\/fr\/wp-json\/wp\/v2\/product_cat?post=1115"},{"taxonomy":"product_tag","embeddable":true,"href":"https:\/\/www.zoeoliveoil.com\/fr\/wp-json\/wp\/v2\/product_tag?post=1115"}],"curies":[{"name":"wp","href":"https:\/\/api.w.org\/{rel}","templated":true}]}}