{"id":1180,"date":"2024-04-27T21:10:03","date_gmt":"2024-04-27T21:10:03","guid":{"rendered":"https:\/\/www.zoeoliveoil.com\/?post_type=product&#038;p=1180"},"modified":"2026-03-18T11:03:20","modified_gmt":"2026-03-18T11:03:20","slug":"truffle-infused-olive-oil-250ml","status":"publish","type":"product","link":"https:\/\/www.zoeoliveoil.com\/fr\/produit\/truffle-infused-olive-oil-250ml\/","title":{"rendered":"Huile d&#039;Olive Infus\u00e9e \u00e0 la Truffe 250ml"},"content":{"rendered":"<p>Nos olives koroneiki sont d\u00e9licatement infus\u00e9es avec de la truffe noire lib\u00e9rant ses ar\u00f4mes distincts et son go\u00fbt percutant. La saveur de la truffe associ\u00e9e \u00e0 la fra\u00eecheur poivr\u00e9e de notre huile d&#039;olive extra vierge est d\u00e9licieuse avec un go\u00fbt robuste de truffe. Cette huile est particuli\u00e8rement savoureuse avec des l\u00e9gumes r\u00f4tis ou grill\u00e9s, du risotto, des \u0153ufs brouill\u00e9s, des viandes grill\u00e9es ou arros\u00e9e de Pizza &amp; Pasta.<\/p>\n<p><strong>Suggestions d&#039;accord\u00a0:\u00a0<\/strong><\/p>\n<ul class=\"i8Z77e\">\n<li class=\"TrT0Xe\">\u00c0 utiliser avec l&#039;un de nos vinaigres balsamiques, de vin ou de cidre de pomme Zo\u00eb pour cr\u00e9er les meilleures vinaigrettes au monde pour vos salades ou vos sandwichs.<\/li>\n<li class=\"TrT0Xe\">M\u00e9langer Mayo ou Moutarde \u00e0 utiliser dans les sandwichs.<\/li>\n<li class=\"TrT0Xe\">Arros\u00e9 sur pizza et p\u00e2tes.<\/li>\n<li class=\"TrT0Xe\">Arroser les viandes grill\u00e9es.<\/li>\n<li class=\"TrT0Xe\">Sur des poissons grill\u00e9s, vapeur ou r\u00f4tis.<\/li>\n<li class=\"TrT0Xe\">Arros\u00e9 sur des pommes de terre grill\u00e9es, vapeur ou r\u00f4ties.<\/li>\n<li class=\"TrT0Xe\">Arros\u00e9 sur une pur\u00e9e de pommes de terre.<\/li>\n<li class=\"TrT0Xe\">Arros\u00e9 sur du houmous, du tzatziki ou sur votre trempette pr\u00e9f\u00e9r\u00e9e.<\/li>\n<li class=\"TrT0Xe\">Arroser l&#039;int\u00e9rieur des sandwichs.<\/li>\n<li class=\"TrT0Xe\">Utiliser pour faire sauter des oignons, de l&#039;ail ou des l\u00e9gumes<\/li>\n<li class=\"TrT0Xe\">Arrosez-le sur du pain grill\u00e9 chaud.<\/li>\n<li class=\"TrT0Xe\">Arroser sur les grilles Steak &amp; toutes les viandes grill\u00e9es.<\/li>\n<li class=\"TrT0Xe\">Les possibilit\u00e9s sont infinies.<\/li>\n<\/ul>","protected":false},"excerpt":{"rendered":"<p>Nos olives koroneiki sont d\u00e9licatement infus\u00e9es avec de la truffe noire lib\u00e9rant ses ar\u00f4mes distincts et son go\u00fbt percutant. La saveur de la truffe associ\u00e9e \u00e0 la fra\u00eecheur poivr\u00e9e de notre huile d&#039;olive extra vierge est d\u00e9licieuse avec un go\u00fbt robuste de truffe. Cette huile est particuli\u00e8rement savoureuse avec des l\u00e9gumes r\u00f4tis ou grill\u00e9s, du risotto, des \u0153ufs brouill\u00e9s, des viandes grill\u00e9es ou arros\u00e9e de Pizza &amp; Pasta.<\/p>","protected":false},"featured_media":1187,"comment_status":"open","ping_status":"closed","template":"","meta":[],"etheme_brands":[{"term_id":92,"name":"Zo\u00eb","slug":"zoe","term_group":0,"term_taxonomy_id":92,"taxonomy":"brand","description":"","parent":0,"count":122,"filter":"raw"}],"product_brand":[],"product_cat":[111,86],"product_tag":[],"class_list":{"0":"post-1180","1":"product","2":"type-product","3":"status-publish","4":"has-post-thumbnail","6":"brand-zoe","7":"product_cat-all-products","8":"product_cat-extra-virgin-olive-oils","10":"first","11":"outofstock","12":"shipping-taxable","13":"purchasable","14":"product-type-simple"},"yoast_head":"<!-- This site is optimized with the Yoast SEO plugin v27.4 - https:\/\/yoast.com\/product\/yoast-seo-wordpress\/ -->\n<title>Truffle Infused Olive Oil 250ml - Zo\u00eb Olive Oil Montreal Quebec Canada<\/title>\n<meta name=\"robots\" content=\"index, follow, max-snippet:-1, max-image-preview:large, max-video-preview:-1\" \/>\n<link rel=\"canonical\" href=\"https:\/\/www.zoeoliveoil.com\/fr\/produit\/truffle-infused-olive-oil-250ml\/\" \/>\n<meta property=\"og:locale\" content=\"fr_CA\" \/>\n<meta property=\"og:type\" content=\"article\" \/>\n<meta property=\"og:title\" content=\"Truffle Infused Olive Oil 250ml - Zo\u00eb Olive Oil Montreal Quebec Canada\" \/>\n<meta property=\"og:description\" content=\"Our koroneiki olives are gently infused together with black truffle\u00a0releasing its distinct aromas and punchy taste. The flavour of the\u00a0truffle combined with the peppery freshness of our extra virgin olive oil is delightful with a robust taste of Truffle.\u00a0This oil is especially flavourful with roasted or grilled vegetables, risotto, scrambled eggs, grilled meats or drizzled over Pizza &amp; Pasta.\" \/>\n<meta property=\"og:url\" content=\"https:\/\/www.zoeoliveoil.com\/fr\/produit\/truffle-infused-olive-oil-250ml\/\" \/>\n<meta property=\"og:site_name\" content=\"Zo\u00eb Olive Oil Montreal Quebec Canada\" \/>\n<meta property=\"article:publisher\" content=\"https:\/\/www.facebook.com\/zoeoliveoil\/\" \/>\n<meta property=\"article:modified_time\" content=\"2026-03-18T11:03:20+00:00\" \/>\n<meta property=\"og:image\" content=\"https:\/\/www.zoeoliveoil.com\/wp-content\/uploads\/2023\/04\/truffle_590x.webp\" \/>\n\t<meta property=\"og:image:width\" content=\"590\" \/>\n\t<meta property=\"og:image:height\" content=\"590\" \/>\n\t<meta property=\"og:image:type\" content=\"image\/webp\" \/>\n<meta name=\"twitter:card\" content=\"summary_large_image\" \/>\n<meta name=\"twitter:site\" content=\"@zoeoliveoil\" \/>\n<meta name=\"twitter:label1\" content=\"Estimation du temps de lecture\" \/>\n\t<meta name=\"twitter:data1\" content=\"1 minute\" \/>\n<script type=\"application\/ld+json\" class=\"yoast-schema-graph\">{\"@context\":\"https:\\\/\\\/schema.org\",\"@graph\":[{\"@type\":\"WebPage\",\"@id\":\"https:\\\/\\\/www.zoeoliveoil.com\\\/product\\\/truffle-infused-olive-oil-250ml\\\/\",\"url\":\"https:\\\/\\\/www.zoeoliveoil.com\\\/product\\\/truffle-infused-olive-oil-250ml\\\/\",\"name\":\"Truffle Infused Olive Oil 250ml - Zo\u00eb Olive Oil Montreal Quebec Canada\",\"isPartOf\":{\"@id\":\"https:\\\/\\\/www.zoeoliveoil.com\\\/#website\"},\"primaryImageOfPage\":{\"@id\":\"https:\\\/\\\/www.zoeoliveoil.com\\\/product\\\/truffle-infused-olive-oil-250ml\\\/#primaryimage\"},\"image\":{\"@id\":\"https:\\\/\\\/www.zoeoliveoil.com\\\/product\\\/truffle-infused-olive-oil-250ml\\\/#primaryimage\"},\"thumbnailUrl\":\"https:\\\/\\\/www.zoeoliveoil.com\\\/wp-content\\\/uploads\\\/2023\\\/04\\\/truffle_590x.webp\",\"datePublished\":\"2024-04-27T21:10:03+00:00\",\"dateModified\":\"2026-03-18T11:03:20+00:00\",\"breadcrumb\":{\"@id\":\"https:\\\/\\\/www.zoeoliveoil.com\\\/product\\\/truffle-infused-olive-oil-250ml\\\/#breadcrumb\"},\"inLanguage\":\"fr-CA\",\"potentialAction\":[{\"@type\":\"ReadAction\",\"target\":[\"https:\\\/\\\/www.zoeoliveoil.com\\\/product\\\/truffle-infused-olive-oil-250ml\\\/\"]}]},{\"@type\":\"ImageObject\",\"inLanguage\":\"fr-CA\",\"@id\":\"https:\\\/\\\/www.zoeoliveoil.com\\\/product\\\/truffle-infused-olive-oil-250ml\\\/#primaryimage\",\"url\":\"https:\\\/\\\/www.zoeoliveoil.com\\\/wp-content\\\/uploads\\\/2023\\\/04\\\/truffle_590x.webp\",\"contentUrl\":\"https:\\\/\\\/www.zoeoliveoil.com\\\/wp-content\\\/uploads\\\/2023\\\/04\\\/truffle_590x.webp\",\"width\":590,\"height\":590},{\"@type\":\"BreadcrumbList\",\"@id\":\"https:\\\/\\\/www.zoeoliveoil.com\\\/product\\\/truffle-infused-olive-oil-250ml\\\/#breadcrumb\",\"itemListElement\":[{\"@type\":\"ListItem\",\"position\":1,\"name\":\"Home\",\"item\":\"https:\\\/\\\/www.zoeoliveoil.com\\\/\"},{\"@type\":\"ListItem\",\"position\":2,\"name\":\"Shop\",\"item\":\"https:\\\/\\\/www.zoeoliveoil.com\\\/shop\\\/\"},{\"@type\":\"ListItem\",\"position\":3,\"name\":\"Truffle Infused Olive Oil 250ml\"}]},{\"@type\":\"WebSite\",\"@id\":\"https:\\\/\\\/www.zoeoliveoil.com\\\/#website\",\"url\":\"https:\\\/\\\/www.zoeoliveoil.com\\\/\",\"name\":\"Zo\u00eb Olive Oil Montreal Quebec Canada\",\"description\":\"\",\"publisher\":{\"@id\":\"https:\\\/\\\/www.zoeoliveoil.com\\\/#organization\"},\"potentialAction\":[{\"@type\":\"SearchAction\",\"target\":{\"@type\":\"EntryPoint\",\"urlTemplate\":\"https:\\\/\\\/www.zoeoliveoil.com\\\/?s={search_term_string}\"},\"query-input\":{\"@type\":\"PropertyValueSpecification\",\"valueRequired\":true,\"valueName\":\"search_term_string\"}}],\"inLanguage\":\"fr-CA\"},{\"@type\":\"Organization\",\"@id\":\"https:\\\/\\\/www.zoeoliveoil.com\\\/#organization\",\"name\":\"Zo\u00eb Olive Oil Montreal Quebec Canada\",\"url\":\"https:\\\/\\\/www.zoeoliveoil.com\\\/\",\"logo\":{\"@type\":\"ImageObject\",\"inLanguage\":\"fr-CA\",\"@id\":\"https:\\\/\\\/www.zoeoliveoil.com\\\/#\\\/schema\\\/logo\\\/image\\\/\",\"url\":\"https:\\\/\\\/www.zoeoliveoil.com\\\/wp-content\\\/uploads\\\/2023\\\/04\\\/Zoe-Logo__Black_165x.png\",\"contentUrl\":\"https:\\\/\\\/www.zoeoliveoil.com\\\/wp-content\\\/uploads\\\/2023\\\/04\\\/Zoe-Logo__Black_165x.png\",\"width\":165,\"height\":78,\"caption\":\"Zo\u00eb Olive Oil Montreal Quebec Canada\"},\"image\":{\"@id\":\"https:\\\/\\\/www.zoeoliveoil.com\\\/#\\\/schema\\\/logo\\\/image\\\/\"},\"sameAs\":[\"https:\\\/\\\/www.facebook.com\\\/zoeoliveoil\\\/\",\"https:\\\/\\\/x.com\\\/zoeoliveoil\",\"https:\\\/\\\/www.instagram.com\\\/zoeoliveoil\\\/?hl=en\",\"https:\\\/\\\/www.tiktok.com\\\/@zoeoliveoil\",\"https:\\\/\\\/www.pinterest.ca\\\/zoeoliveoil\\\/\"]}]}<\/script>\n<!-- \/ Yoast SEO plugin. -->","yoast_head_json":{"title":"Truffle Infused Olive Oil 250ml - Zo\u00eb Olive Oil Montreal Quebec Canada","robots":{"index":"index","follow":"follow","max-snippet":"max-snippet:-1","max-image-preview":"max-image-preview:large","max-video-preview":"max-video-preview:-1"},"canonical":"https:\/\/www.zoeoliveoil.com\/fr\/produit\/truffle-infused-olive-oil-250ml\/","og_locale":"fr_CA","og_type":"article","og_title":"Truffle Infused Olive Oil 250ml - Zo\u00eb Olive Oil Montreal Quebec Canada","og_description":"Our koroneiki olives are gently infused together with black truffle\u00a0releasing its distinct aromas and punchy taste. The flavour of the\u00a0truffle combined with the peppery freshness of our extra virgin olive oil is delightful with a robust taste of Truffle.\u00a0This oil is especially flavourful with roasted or grilled vegetables, risotto, scrambled eggs, grilled meats or drizzled over Pizza &amp; Pasta.","og_url":"https:\/\/www.zoeoliveoil.com\/fr\/produit\/truffle-infused-olive-oil-250ml\/","og_site_name":"Zo\u00eb Olive Oil Montreal Quebec Canada","article_publisher":"https:\/\/www.facebook.com\/zoeoliveoil\/","article_modified_time":"2026-03-18T11:03:20+00:00","og_image":[{"width":590,"height":590,"url":"https:\/\/www.zoeoliveoil.com\/wp-content\/uploads\/2023\/04\/truffle_590x.webp","type":"image\/webp"}],"twitter_card":"summary_large_image","twitter_site":"@zoeoliveoil","twitter_misc":{"Estimation du temps de lecture":"1 minute"},"schema":{"@context":"https:\/\/schema.org","@graph":[{"@type":"WebPage","@id":"https:\/\/www.zoeoliveoil.com\/product\/truffle-infused-olive-oil-250ml\/","url":"https:\/\/www.zoeoliveoil.com\/product\/truffle-infused-olive-oil-250ml\/","name":"Truffle Infused Olive Oil 250ml - Zo\u00eb Olive Oil Montreal Quebec Canada","isPartOf":{"@id":"https:\/\/www.zoeoliveoil.com\/#website"},"primaryImageOfPage":{"@id":"https:\/\/www.zoeoliveoil.com\/product\/truffle-infused-olive-oil-250ml\/#primaryimage"},"image":{"@id":"https:\/\/www.zoeoliveoil.com\/product\/truffle-infused-olive-oil-250ml\/#primaryimage"},"thumbnailUrl":"https:\/\/www.zoeoliveoil.com\/wp-content\/uploads\/2023\/04\/truffle_590x.webp","datePublished":"2024-04-27T21:10:03+00:00","dateModified":"2026-03-18T11:03:20+00:00","breadcrumb":{"@id":"https:\/\/www.zoeoliveoil.com\/product\/truffle-infused-olive-oil-250ml\/#breadcrumb"},"inLanguage":"fr-CA","potentialAction":[{"@type":"ReadAction","target":["https:\/\/www.zoeoliveoil.com\/product\/truffle-infused-olive-oil-250ml\/"]}]},{"@type":"ImageObject","inLanguage":"fr-CA","@id":"https:\/\/www.zoeoliveoil.com\/product\/truffle-infused-olive-oil-250ml\/#primaryimage","url":"https:\/\/www.zoeoliveoil.com\/wp-content\/uploads\/2023\/04\/truffle_590x.webp","contentUrl":"https:\/\/www.zoeoliveoil.com\/wp-content\/uploads\/2023\/04\/truffle_590x.webp","width":590,"height":590},{"@type":"BreadcrumbList","@id":"https:\/\/www.zoeoliveoil.com\/product\/truffle-infused-olive-oil-250ml\/#breadcrumb","itemListElement":[{"@type":"ListItem","position":1,"name":"Home","item":"https:\/\/www.zoeoliveoil.com\/"},{"@type":"ListItem","position":2,"name":"Shop","item":"https:\/\/www.zoeoliveoil.com\/shop\/"},{"@type":"ListItem","position":3,"name":"Truffle Infused Olive Oil 250ml"}]},{"@type":"WebSite","@id":"https:\/\/www.zoeoliveoil.com\/#website","url":"https:\/\/www.zoeoliveoil.com\/","name":"Zo\u00eb Huile d&#039;Olive Montr\u00e9al Qu\u00e9bec Canada","description":"","publisher":{"@id":"https:\/\/www.zoeoliveoil.com\/#organization"},"potentialAction":[{"@type":"SearchAction","target":{"@type":"EntryPoint","urlTemplate":"https:\/\/www.zoeoliveoil.com\/?s={search_term_string}"},"query-input":{"@type":"PropertyValueSpecification","valueRequired":true,"valueName":"search_term_string"}}],"inLanguage":"fr-CA"},{"@type":"Organization","@id":"https:\/\/www.zoeoliveoil.com\/#organization","name":"Zo\u00eb Huile d&#039;Olive Montr\u00e9al Qu\u00e9bec Canada","url":"https:\/\/www.zoeoliveoil.com\/","logo":{"@type":"ImageObject","inLanguage":"fr-CA","@id":"https:\/\/www.zoeoliveoil.com\/#\/schema\/logo\/image\/","url":"https:\/\/www.zoeoliveoil.com\/wp-content\/uploads\/2023\/04\/Zoe-Logo__Black_165x.png","contentUrl":"https:\/\/www.zoeoliveoil.com\/wp-content\/uploads\/2023\/04\/Zoe-Logo__Black_165x.png","width":165,"height":78,"caption":"Zo\u00eb Olive Oil Montreal Quebec Canada"},"image":{"@id":"https:\/\/www.zoeoliveoil.com\/#\/schema\/logo\/image\/"},"sameAs":["https:\/\/www.facebook.com\/zoeoliveoil\/","https:\/\/x.com\/zoeoliveoil","https:\/\/www.instagram.com\/zoeoliveoil\/?hl=en","https:\/\/www.tiktok.com\/@zoeoliveoil","https:\/\/www.pinterest.ca\/zoeoliveoil\/"]}]}},"jetpack_sharing_enabled":true,"_links":{"self":[{"href":"https:\/\/www.zoeoliveoil.com\/fr\/wp-json\/wp\/v2\/product\/1180","targetHints":{"allow":["GET"]}}],"collection":[{"href":"https:\/\/www.zoeoliveoil.com\/fr\/wp-json\/wp\/v2\/product"}],"about":[{"href":"https:\/\/www.zoeoliveoil.com\/fr\/wp-json\/wp\/v2\/types\/product"}],"replies":[{"embeddable":true,"href":"https:\/\/www.zoeoliveoil.com\/fr\/wp-json\/wp\/v2\/comments?post=1180"}],"version-history":[{"count":2,"href":"https:\/\/www.zoeoliveoil.com\/fr\/wp-json\/wp\/v2\/product\/1180\/revisions"}],"predecessor-version":[{"id":1189,"href":"https:\/\/www.zoeoliveoil.com\/fr\/wp-json\/wp\/v2\/product\/1180\/revisions\/1189"}],"wp:featuredmedia":[{"embeddable":true,"href":"https:\/\/www.zoeoliveoil.com\/fr\/wp-json\/wp\/v2\/media\/1187"}],"wp:attachment":[{"href":"https:\/\/www.zoeoliveoil.com\/fr\/wp-json\/wp\/v2\/media?parent=1180"}],"wp:term":[{"taxonomy":"brand","embeddable":true,"href":"https:\/\/www.zoeoliveoil.com\/fr\/wp-json\/wp\/v2\/etheme_brands?post=1180"},{"taxonomy":"product_brand","embeddable":true,"href":"https:\/\/www.zoeoliveoil.com\/fr\/wp-json\/wp\/v2\/product_brand?post=1180"},{"taxonomy":"product_cat","embeddable":true,"href":"https:\/\/www.zoeoliveoil.com\/fr\/wp-json\/wp\/v2\/product_cat?post=1180"},{"taxonomy":"product_tag","embeddable":true,"href":"https:\/\/www.zoeoliveoil.com\/fr\/wp-json\/wp\/v2\/product_tag?post=1180"}],"curies":[{"name":"wp","href":"https:\/\/api.w.org\/{rel}","templated":true}]}}