{"id":1288,"date":"2023-04-16T21:37:16","date_gmt":"2023-04-16T21:37:16","guid":{"rendered":"https:\/\/www.zoeoliveoil.com\/?post_type=product&#038;p=1288"},"modified":"2024-05-06T15:54:55","modified_gmt":"2024-05-06T15:54:55","slug":"zoe-red-wine-vinegar","status":"publish","type":"product","link":"https:\/\/www.zoeoliveoil.com\/fr\/produit\/zoe-red-wine-vinegar\/","title":{"rendered":"Vinaigre de vin rouge Zo\u00eb"},"content":{"rendered":"<p>Notre vinaigre de vin rouge est fabriqu\u00e9 \u00e0 partir de raisins rouges de Corinthe du sud de la Gr\u00e8ce. Ce c\u00e9page donne \u00e0 notre vinaigre son go\u00fbt distinct et sa couleur rouge fonc\u00e9. Une \u00e9claboussure donnera vie \u00e0 votre plat pr\u00e9f\u00e9r\u00e9\u00a0!<\/p>\n<p><strong>Pr\u00e9sentation du vinaigre de vin Zo\u00eb : L'essence de la saveur naturelle<\/strong><\/p>\n<p>Bienvenue dans le monde du vinaigre de vin Zo\u00eb, o\u00f9 chaque goutte est un t\u00e9moignage de puret\u00e9 et d'excellence. \u00c9labor\u00e9 dans le respect de la nature et vieilli \u00e0 la perfection dans des f\u00fbts en bois pendant des mois, le vinaigre de vin Zo\u00eb vous offre une exp\u00e9rience culinaire in\u00e9gal\u00e9e.<\/p>\n<p><strong>Pourquoi le vinaigre de vin Zo\u00eb ?<\/strong><\/p>\n<p>Chez Zo\u00eb, nous croyons au pouvoir de la nature. C'est pourquoi notre vinaigre est fabriqu\u00e9 avec les meilleurs ingr\u00e9dients, sans colorants ni additifs artificiels. Chaque lot est soigneusement vieilli dans des f\u00fbts en bois, ce qui lui permet de d\u00e9velopper une profondeur de go\u00fbt et une complexit\u00e9 in\u00e9gal\u00e9es.<\/p>\n<p><strong>Recommandations d'utilisation :<\/strong><\/p>\n<ol>\n<li><strong>Vinaigrettes :<\/strong> Donnez une nouvelle dimension \u00e0 vos salades avec un peu de vinaigre de vin Zo\u00eb. Sa saveur piquante ajoute une touche de fra\u00eecheur \u00e0 toutes les combinaisons de l\u00e9gumes verts et de l\u00e9gumes.<\/li>\n<li><strong>Marinades :<\/strong> Donnez \u00e0 vos viandes et \u00e0 vos fruits de mer une explosion de saveur en incorporant le vinaigre de vin Zo\u00eb dans vos marinades. Son acidit\u00e9 permet d'attendrir les prot\u00e9ines tout en leur donnant un go\u00fbt riche et nuanc\u00e9.<\/li>\n<li><strong>Sauces et r\u00e9ductions :<\/strong> Cr\u00e9ez des sauces et des r\u00e9ductions d\u00e9cadentes avec le vinaigre de vin Zo\u00eb comme ingr\u00e9dient secret. Qu'il soit vers\u00e9 sur des l\u00e9gumes r\u00f4tis ou sur des viandes grill\u00e9es, la profondeur de sa saveur fera vibrer vos papilles.<\/li>\n<li><strong>Marinade :<\/strong> Pr\u00e9servez la g\u00e9n\u00e9rosit\u00e9 de la saison avec le vinaigre de vin Zo\u00eb. Utilisez-le pour mariner vos fruits et l\u00e9gumes pr\u00e9f\u00e9r\u00e9s afin d'obtenir une saveur piquante et croquante, parfaite pour le go\u00fbter ou pour agr\u00e9menter les sandwichs et les plateaux de charcuterie.<\/li>\n<li><strong>Sauces \u00e0 tremper :<\/strong> Pr\u00e9parez des trempettes rapides et savoureuses avec le vinaigre de vin Zo\u00eb. Combinez-le avec de l'huile d'olive, des herbes et des \u00e9pices pour un accompagnement polyvalent du pain, des l\u00e9gumes, etc.<\/li>\n<\/ol>\n<p>D\u00e9couvrez la diff\u00e9rence que le vinaigre de vin Zo\u00eb peut faire dans vos cr\u00e9ations culinaires. Des salades aux sauces, ses vertus naturelles s'expriment dans tous les plats. Essayez-le d\u00e8s aujourd'hui et go\u00fbtez \u00e0 l'essence de la perfection.<\/p>","protected":false},"excerpt":{"rendered":"<p>Notre vinaigre de vin rouge est fabriqu\u00e9 \u00e0 partir de raisins rouges de Corinthe du sud de la Gr\u00e8ce. Ce c\u00e9page donne \u00e0 notre vinaigre son go\u00fbt distinct et sa couleur rouge fonc\u00e9. Une \u00e9claboussure donnera vie \u00e0 votre plat pr\u00e9f\u00e9r\u00e9\u00a0!<\/p>","protected":false},"featured_media":1291,"comment_status":"open","ping_status":"closed","template":"","meta":[],"etheme_brands":[{"term_id":92,"name":"Zo\u00eb","slug":"zoe","term_group":0,"term_taxonomy_id":92,"taxonomy":"brand","description":"","parent":0,"count":122,"filter":"raw"}],"product_brand":[],"product_cat":[111,102,87],"product_tag":[],"class_list":{"0":"post-1288","1":"product","2":"type-product","3":"status-publish","4":"has-post-thumbnail","6":"brand-zoe","7":"product_cat-all-products","8":"product_cat-balsamics-natural-vinegars","9":"product_cat-vinegars","11":"first","12":"instock","13":"shipping-taxable","14":"purchasable","15":"product-type-simple"},"yoast_head":"<!-- This site is optimized with the Yoast SEO plugin v27.4 - https:\/\/yoast.com\/product\/yoast-seo-wordpress\/ -->\n<title>Zoe Red Wine Vinegar - Zo\u00eb Olive Oil Montreal Quebec Canada<\/title>\n<meta name=\"robots\" content=\"index, follow, max-snippet:-1, max-image-preview:large, max-video-preview:-1\" \/>\n<link rel=\"canonical\" href=\"https:\/\/www.zoeoliveoil.com\/fr\/produit\/zoe-red-wine-vinegar\/\" \/>\n<meta property=\"og:locale\" content=\"fr_CA\" \/>\n<meta property=\"og:type\" content=\"article\" \/>\n<meta property=\"og:title\" content=\"Zoe Red Wine Vinegar - Zo\u00eb Olive Oil Montreal Quebec Canada\" \/>\n<meta property=\"og:description\" content=\"Our red wine vinegar is made with red Corinth grapes from Southern Greece. This grape gives our vinegar its distinct taste and dark red color. One splash will bring your favourite food to life!\" \/>\n<meta property=\"og:url\" content=\"https:\/\/www.zoeoliveoil.com\/fr\/produit\/zoe-red-wine-vinegar\/\" \/>\n<meta property=\"og:site_name\" content=\"Zo\u00eb Olive Oil Montreal Quebec Canada\" \/>\n<meta property=\"article:publisher\" content=\"https:\/\/www.facebook.com\/zoeoliveoil\/\" \/>\n<meta property=\"article:modified_time\" content=\"2024-05-06T15:54:55+00:00\" \/>\n<meta property=\"og:image\" content=\"https:\/\/www.zoeoliveoil.com\/wp-content\/uploads\/2023\/04\/red-wine_590x.webp\" \/>\n\t<meta property=\"og:image:width\" content=\"590\" \/>\n\t<meta property=\"og:image:height\" content=\"590\" \/>\n\t<meta property=\"og:image:type\" content=\"image\/webp\" \/>\n<meta name=\"twitter:card\" content=\"summary_large_image\" \/>\n<meta name=\"twitter:site\" content=\"@zoeoliveoil\" \/>\n<meta name=\"twitter:label1\" content=\"Estimation du temps de lecture\" \/>\n\t<meta name=\"twitter:data1\" content=\"2 minutes\" \/>\n<script type=\"application\/ld+json\" class=\"yoast-schema-graph\">{\"@context\":\"https:\\\/\\\/schema.org\",\"@graph\":[{\"@type\":\"WebPage\",\"@id\":\"https:\\\/\\\/www.zoeoliveoil.com\\\/product\\\/zoe-red-wine-vinegar\\\/\",\"url\":\"https:\\\/\\\/www.zoeoliveoil.com\\\/product\\\/zoe-red-wine-vinegar\\\/\",\"name\":\"Zoe Red Wine Vinegar - Zo\u00eb Olive Oil Montreal Quebec Canada\",\"isPartOf\":{\"@id\":\"https:\\\/\\\/www.zoeoliveoil.com\\\/#website\"},\"primaryImageOfPage\":{\"@id\":\"https:\\\/\\\/www.zoeoliveoil.com\\\/product\\\/zoe-red-wine-vinegar\\\/#primaryimage\"},\"image\":{\"@id\":\"https:\\\/\\\/www.zoeoliveoil.com\\\/product\\\/zoe-red-wine-vinegar\\\/#primaryimage\"},\"thumbnailUrl\":\"https:\\\/\\\/www.zoeoliveoil.com\\\/wp-content\\\/uploads\\\/2023\\\/04\\\/red-wine_590x.webp\",\"datePublished\":\"2023-04-16T21:37:16+00:00\",\"dateModified\":\"2024-05-06T15:54:55+00:00\",\"breadcrumb\":{\"@id\":\"https:\\\/\\\/www.zoeoliveoil.com\\\/product\\\/zoe-red-wine-vinegar\\\/#breadcrumb\"},\"inLanguage\":\"fr-CA\",\"potentialAction\":[{\"@type\":\"ReadAction\",\"target\":[\"https:\\\/\\\/www.zoeoliveoil.com\\\/product\\\/zoe-red-wine-vinegar\\\/\"]}]},{\"@type\":\"ImageObject\",\"inLanguage\":\"fr-CA\",\"@id\":\"https:\\\/\\\/www.zoeoliveoil.com\\\/product\\\/zoe-red-wine-vinegar\\\/#primaryimage\",\"url\":\"https:\\\/\\\/www.zoeoliveoil.com\\\/wp-content\\\/uploads\\\/2023\\\/04\\\/red-wine_590x.webp\",\"contentUrl\":\"https:\\\/\\\/www.zoeoliveoil.com\\\/wp-content\\\/uploads\\\/2023\\\/04\\\/red-wine_590x.webp\",\"width\":590,\"height\":590},{\"@type\":\"BreadcrumbList\",\"@id\":\"https:\\\/\\\/www.zoeoliveoil.com\\\/product\\\/zoe-red-wine-vinegar\\\/#breadcrumb\",\"itemListElement\":[{\"@type\":\"ListItem\",\"position\":1,\"name\":\"Home\",\"item\":\"https:\\\/\\\/www.zoeoliveoil.com\\\/\"},{\"@type\":\"ListItem\",\"position\":2,\"name\":\"Shop\",\"item\":\"https:\\\/\\\/www.zoeoliveoil.com\\\/shop\\\/\"},{\"@type\":\"ListItem\",\"position\":3,\"name\":\"Zoe Red Wine Vinegar\"}]},{\"@type\":\"WebSite\",\"@id\":\"https:\\\/\\\/www.zoeoliveoil.com\\\/#website\",\"url\":\"https:\\\/\\\/www.zoeoliveoil.com\\\/\",\"name\":\"Zo\u00eb Olive Oil Montreal Quebec Canada\",\"description\":\"\",\"publisher\":{\"@id\":\"https:\\\/\\\/www.zoeoliveoil.com\\\/#organization\"},\"potentialAction\":[{\"@type\":\"SearchAction\",\"target\":{\"@type\":\"EntryPoint\",\"urlTemplate\":\"https:\\\/\\\/www.zoeoliveoil.com\\\/?s={search_term_string}\"},\"query-input\":{\"@type\":\"PropertyValueSpecification\",\"valueRequired\":true,\"valueName\":\"search_term_string\"}}],\"inLanguage\":\"fr-CA\"},{\"@type\":\"Organization\",\"@id\":\"https:\\\/\\\/www.zoeoliveoil.com\\\/#organization\",\"name\":\"Zo\u00eb Olive Oil Montreal Quebec Canada\",\"url\":\"https:\\\/\\\/www.zoeoliveoil.com\\\/\",\"logo\":{\"@type\":\"ImageObject\",\"inLanguage\":\"fr-CA\",\"@id\":\"https:\\\/\\\/www.zoeoliveoil.com\\\/#\\\/schema\\\/logo\\\/image\\\/\",\"url\":\"https:\\\/\\\/www.zoeoliveoil.com\\\/wp-content\\\/uploads\\\/2023\\\/04\\\/Zoe-Logo__Black_165x.png\",\"contentUrl\":\"https:\\\/\\\/www.zoeoliveoil.com\\\/wp-content\\\/uploads\\\/2023\\\/04\\\/Zoe-Logo__Black_165x.png\",\"width\":165,\"height\":78,\"caption\":\"Zo\u00eb Olive Oil Montreal Quebec Canada\"},\"image\":{\"@id\":\"https:\\\/\\\/www.zoeoliveoil.com\\\/#\\\/schema\\\/logo\\\/image\\\/\"},\"sameAs\":[\"https:\\\/\\\/www.facebook.com\\\/zoeoliveoil\\\/\",\"https:\\\/\\\/x.com\\\/zoeoliveoil\",\"https:\\\/\\\/www.instagram.com\\\/zoeoliveoil\\\/?hl=en\",\"https:\\\/\\\/www.tiktok.com\\\/@zoeoliveoil\",\"https:\\\/\\\/www.pinterest.ca\\\/zoeoliveoil\\\/\"]}]}<\/script>\n<!-- \/ Yoast SEO plugin. -->","yoast_head_json":{"title":"Zoe Red Wine Vinegar - Zo\u00eb Olive Oil Montreal Quebec Canada","robots":{"index":"index","follow":"follow","max-snippet":"max-snippet:-1","max-image-preview":"max-image-preview:large","max-video-preview":"max-video-preview:-1"},"canonical":"https:\/\/www.zoeoliveoil.com\/fr\/produit\/zoe-red-wine-vinegar\/","og_locale":"fr_CA","og_type":"article","og_title":"Zoe Red Wine Vinegar - Zo\u00eb Olive Oil Montreal Quebec Canada","og_description":"Our red wine vinegar is made with red Corinth grapes from Southern Greece. This grape gives our vinegar its distinct taste and dark red color. One splash will bring your favourite food to life!","og_url":"https:\/\/www.zoeoliveoil.com\/fr\/produit\/zoe-red-wine-vinegar\/","og_site_name":"Zo\u00eb Olive Oil Montreal Quebec Canada","article_publisher":"https:\/\/www.facebook.com\/zoeoliveoil\/","article_modified_time":"2024-05-06T15:54:55+00:00","og_image":[{"width":590,"height":590,"url":"https:\/\/www.zoeoliveoil.com\/wp-content\/uploads\/2023\/04\/red-wine_590x.webp","type":"image\/webp"}],"twitter_card":"summary_large_image","twitter_site":"@zoeoliveoil","twitter_misc":{"Estimation du temps de lecture":"2 minutes"},"schema":{"@context":"https:\/\/schema.org","@graph":[{"@type":"WebPage","@id":"https:\/\/www.zoeoliveoil.com\/product\/zoe-red-wine-vinegar\/","url":"https:\/\/www.zoeoliveoil.com\/product\/zoe-red-wine-vinegar\/","name":"Zoe Red Wine Vinegar - Zo\u00eb Olive Oil Montreal Quebec Canada","isPartOf":{"@id":"https:\/\/www.zoeoliveoil.com\/#website"},"primaryImageOfPage":{"@id":"https:\/\/www.zoeoliveoil.com\/product\/zoe-red-wine-vinegar\/#primaryimage"},"image":{"@id":"https:\/\/www.zoeoliveoil.com\/product\/zoe-red-wine-vinegar\/#primaryimage"},"thumbnailUrl":"https:\/\/www.zoeoliveoil.com\/wp-content\/uploads\/2023\/04\/red-wine_590x.webp","datePublished":"2023-04-16T21:37:16+00:00","dateModified":"2024-05-06T15:54:55+00:00","breadcrumb":{"@id":"https:\/\/www.zoeoliveoil.com\/product\/zoe-red-wine-vinegar\/#breadcrumb"},"inLanguage":"fr-CA","potentialAction":[{"@type":"ReadAction","target":["https:\/\/www.zoeoliveoil.com\/product\/zoe-red-wine-vinegar\/"]}]},{"@type":"ImageObject","inLanguage":"fr-CA","@id":"https:\/\/www.zoeoliveoil.com\/product\/zoe-red-wine-vinegar\/#primaryimage","url":"https:\/\/www.zoeoliveoil.com\/wp-content\/uploads\/2023\/04\/red-wine_590x.webp","contentUrl":"https:\/\/www.zoeoliveoil.com\/wp-content\/uploads\/2023\/04\/red-wine_590x.webp","width":590,"height":590},{"@type":"BreadcrumbList","@id":"https:\/\/www.zoeoliveoil.com\/product\/zoe-red-wine-vinegar\/#breadcrumb","itemListElement":[{"@type":"ListItem","position":1,"name":"Home","item":"https:\/\/www.zoeoliveoil.com\/"},{"@type":"ListItem","position":2,"name":"Shop","item":"https:\/\/www.zoeoliveoil.com\/shop\/"},{"@type":"ListItem","position":3,"name":"Zoe Red Wine Vinegar"}]},{"@type":"WebSite","@id":"https:\/\/www.zoeoliveoil.com\/#website","url":"https:\/\/www.zoeoliveoil.com\/","name":"Zo\u00eb Huile d&#039;Olive Montr\u00e9al Qu\u00e9bec Canada","description":"","publisher":{"@id":"https:\/\/www.zoeoliveoil.com\/#organization"},"potentialAction":[{"@type":"SearchAction","target":{"@type":"EntryPoint","urlTemplate":"https:\/\/www.zoeoliveoil.com\/?s={search_term_string}"},"query-input":{"@type":"PropertyValueSpecification","valueRequired":true,"valueName":"search_term_string"}}],"inLanguage":"fr-CA"},{"@type":"Organization","@id":"https:\/\/www.zoeoliveoil.com\/#organization","name":"Zo\u00eb Huile d&#039;Olive Montr\u00e9al Qu\u00e9bec Canada","url":"https:\/\/www.zoeoliveoil.com\/","logo":{"@type":"ImageObject","inLanguage":"fr-CA","@id":"https:\/\/www.zoeoliveoil.com\/#\/schema\/logo\/image\/","url":"https:\/\/www.zoeoliveoil.com\/wp-content\/uploads\/2023\/04\/Zoe-Logo__Black_165x.png","contentUrl":"https:\/\/www.zoeoliveoil.com\/wp-content\/uploads\/2023\/04\/Zoe-Logo__Black_165x.png","width":165,"height":78,"caption":"Zo\u00eb Olive Oil Montreal Quebec Canada"},"image":{"@id":"https:\/\/www.zoeoliveoil.com\/#\/schema\/logo\/image\/"},"sameAs":["https:\/\/www.facebook.com\/zoeoliveoil\/","https:\/\/x.com\/zoeoliveoil","https:\/\/www.instagram.com\/zoeoliveoil\/?hl=en","https:\/\/www.tiktok.com\/@zoeoliveoil","https:\/\/www.pinterest.ca\/zoeoliveoil\/"]}]}},"jetpack_sharing_enabled":true,"_links":{"self":[{"href":"https:\/\/www.zoeoliveoil.com\/fr\/wp-json\/wp\/v2\/product\/1288","targetHints":{"allow":["GET"]}}],"collection":[{"href":"https:\/\/www.zoeoliveoil.com\/fr\/wp-json\/wp\/v2\/product"}],"about":[{"href":"https:\/\/www.zoeoliveoil.com\/fr\/wp-json\/wp\/v2\/types\/product"}],"replies":[{"embeddable":true,"href":"https:\/\/www.zoeoliveoil.com\/fr\/wp-json\/wp\/v2\/comments?post=1288"}],"version-history":[{"count":2,"href":"https:\/\/www.zoeoliveoil.com\/fr\/wp-json\/wp\/v2\/product\/1288\/revisions"}],"predecessor-version":[{"id":3677,"href":"https:\/\/www.zoeoliveoil.com\/fr\/wp-json\/wp\/v2\/product\/1288\/revisions\/3677"}],"wp:featuredmedia":[{"embeddable":true,"href":"https:\/\/www.zoeoliveoil.com\/fr\/wp-json\/wp\/v2\/media\/1291"}],"wp:attachment":[{"href":"https:\/\/www.zoeoliveoil.com\/fr\/wp-json\/wp\/v2\/media?parent=1288"}],"wp:term":[{"taxonomy":"brand","embeddable":true,"href":"https:\/\/www.zoeoliveoil.com\/fr\/wp-json\/wp\/v2\/etheme_brands?post=1288"},{"taxonomy":"product_brand","embeddable":true,"href":"https:\/\/www.zoeoliveoil.com\/fr\/wp-json\/wp\/v2\/product_brand?post=1288"},{"taxonomy":"product_cat","embeddable":true,"href":"https:\/\/www.zoeoliveoil.com\/fr\/wp-json\/wp\/v2\/product_cat?post=1288"},{"taxonomy":"product_tag","embeddable":true,"href":"https:\/\/www.zoeoliveoil.com\/fr\/wp-json\/wp\/v2\/product_tag?post=1288"}],"curies":[{"name":"wp","href":"https:\/\/api.w.org\/{rel}","templated":true}]}}