{"id":1298,"date":"2023-04-16T21:40:05","date_gmt":"2023-04-16T21:40:05","guid":{"rendered":"https:\/\/www.zoeoliveoil.com\/?post_type=product&#038;p=1298"},"modified":"2026-04-09T02:09:20","modified_gmt":"2026-04-09T02:09:20","slug":"zoe-apple-cider-vinegar-bio-organic","status":"publish","type":"product","link":"https:\/\/www.zoeoliveoil.com\/fr\/produit\/zoe-apple-cider-vinegar-bio-organic\/","title":{"rendered":"Zo\u00eb Vinaigre de cidre de pomme"},"content":{"rendered":"<p><strong>D\u00e9couvrez l'essence d'une saveur pure avec le vinaigre de cidre de pomme Zo\u00eb<\/strong><\/p>\n<p>Bienvenue dans le monde du vinaigre de cidre de pommes Zo\u00eb, o\u00f9 chaque gorg\u00e9e raconte une histoire d'authenticit\u00e9 et d'artisanat. Fabriqu\u00e9 \u00e0 partir de pommes s\u00e9lectionn\u00e9es \u00e0 la main dans le nord de la Gr\u00e8ce et \u00e9labor\u00e9 avec soin, le vinaigre de cidre de pomme Zo\u00eb est un t\u00e9moignage de la puissance de la g\u00e9n\u00e9rosit\u00e9 de la nature.<\/p>\n<p><strong>Pourquoi le vinaigre de cidre de pomme Zo\u00eb ?<\/strong><\/p>\n<p>Chez Zo\u00eb, nous croyons en la beaut\u00e9 simple de la nature. C'est pourquoi notre vinaigre de cidre de pomme est fabriqu\u00e9 \u00e0 partir d'un seul ingr\u00e9dient : les pommes. Pas de colorants artificiels, pas d'additifs - juste de la bont\u00e9 pure et non alt\u00e9r\u00e9e. Chaque lot est soigneusement ferment\u00e9 et vieilli \u00e0 la perfection, ce qui donne un vinaigre aussi d\u00e9licieux que polyvalent.<\/p>\n<p><strong>Recommandations d'utilisation :<\/strong><\/p>\n<ol>\n<li><strong>Tonique de sant\u00e9 :<\/strong> Commencez votre journ\u00e9e du bon pied avec une dose de vinaigre de cidre de pomme Zo\u00eb. Diluez-le dans de l'eau et buvez-en une gorg\u00e9e d\u00e8s le matin pour un regain de vitalit\u00e9.<\/li>\n<li><strong>Vinaigrettes :<\/strong> Donnez une nouvelle dimension \u00e0 vos salades gr\u00e2ce \u00e0 la saveur croquante et piquante du vinaigre de cidre de pomme Zo\u00eb. Combinez-le avec de l'huile d'olive, du miel et de la moutarde pour obtenir une vinaigrette simple et d\u00e9licieuse qui fera vibrer vos papilles.<\/li>\n<li><strong>Marinades :<\/strong> Attendrissez les viandes et donnez du go\u00fbt \u00e0 vos plats pr\u00e9f\u00e9r\u00e9s avec le vinaigre de cidre de pomme Zo\u00eb. Son acidit\u00e9 aide \u00e0 d\u00e9composer les prot\u00e9ines tout en leur conf\u00e9rant une douceur subtile \u00e0 laquelle il est impossible de r\u00e9sister.<\/li>\n<li><strong>Sauces et gla\u00e7ages :<\/strong> Cr\u00e9ez des sauces et des gla\u00e7ages app\u00e9tissants avec le vinaigre de cidre de pomme Zo\u00eb comme ingr\u00e9dient secret. Que ce soit pour badigeonner des l\u00e9gumes grill\u00e9s ou pour arroser des viandes r\u00f4ties, sa saveur \u00e9clatante fera passer vos plats \u00e0 la vitesse sup\u00e9rieure.<\/li>\n<li><strong>Soins des cheveux et de la peau :<\/strong> Exploitez le pouvoir naturel du vinaigre de cidre de pomme Zo\u00eb pour vos cheveux et votre peau. Utilisez-le comme rin\u00e7age clarifiant pour des cheveux brillants et lustr\u00e9s, ou m\u00e9langez-le \u00e0 de l'eau pour obtenir un tonique facial apaisant qui laissera votre peau \u00e9clatante.<\/li>\n<\/ol>\n<p>D\u00e9couvrez le go\u00fbt pur et non filtr\u00e9 du vinaigre de cidre de pomme Zo\u00eb, fabriqu\u00e9 \u00e0 partir de pommes s\u00e9lectionn\u00e9es \u00e0 la main dans le nord de la Gr\u00e8ce, et d\u00e9couvrez l'essence m\u00eame de la saveur naturelle. Des toniques de sant\u00e9 aux d\u00e9lices culinaires, sa polyvalence ne conna\u00eet pas de limites. Essayez-le d\u00e8s aujourd'hui et embarquez pour un voyage de bien-\u00eatre.<\/p>","protected":false},"excerpt":{"rendered":"<p>Notre cidre de pomme est fait avec des fruits du nord de la Gr\u00e8ce pr\u00e8s du mont Olympe. Les pommes cueillies \u00e0 la main sont press\u00e9es sans chaleur pour cr\u00e9er cet incroyable vinaigre. C&#039;est cru, organique et non filtr\u00e9. Il a un go\u00fbt frais, croquant et doux comme aucun autre cidre de pomme que vous n&#039;ayez jamais essay\u00e9.<\/p>","protected":false},"featured_media":1299,"comment_status":"open","ping_status":"closed","template":"","meta":[],"etheme_brands":[{"term_id":92,"name":"Zo\u00eb","slug":"zoe","term_group":0,"term_taxonomy_id":92,"taxonomy":"brand","description":"","parent":0,"count":122,"filter":"raw"}],"product_brand":[],"product_cat":[111,102,87],"product_tag":[],"class_list":{"0":"post-1298","1":"product","2":"type-product","3":"status-publish","4":"has-post-thumbnail","6":"brand-zoe","7":"product_cat-all-products","8":"product_cat-balsamics-natural-vinegars","9":"product_cat-vinegars","11":"first","12":"instock","13":"shipping-taxable","14":"purchasable","15":"product-type-simple"},"yoast_head":"<!-- This site is optimized with the Yoast SEO plugin v27.4 - https:\/\/yoast.com\/product\/yoast-seo-wordpress\/ -->\n<title>Zo\u00eb Apple Cider Vinegar - Zo\u00eb Olive Oil Montreal Quebec Canada<\/title>\n<meta name=\"robots\" content=\"index, follow, max-snippet:-1, max-image-preview:large, max-video-preview:-1\" \/>\n<link rel=\"canonical\" href=\"https:\/\/www.zoeoliveoil.com\/fr\/produit\/zoe-apple-cider-vinegar-bio-organic\/\" \/>\n<meta property=\"og:locale\" content=\"fr_CA\" \/>\n<meta property=\"og:type\" content=\"article\" \/>\n<meta property=\"og:title\" content=\"Zo\u00eb Apple Cider Vinegar - Zo\u00eb Olive Oil Montreal Quebec Canada\" \/>\n<meta property=\"og:description\" content=\"Our apple cider is made with fruits from northern Greece near Mount Olympus. The handpicked\u00a0apples are pressed without heat to create this amazing vinegar. It\u2019s raw, organic and unfiltered. It has a fresh, crisp and smooth taste like no other apple cider you have ever tried.\" \/>\n<meta property=\"og:url\" content=\"https:\/\/www.zoeoliveoil.com\/fr\/produit\/zoe-apple-cider-vinegar-bio-organic\/\" \/>\n<meta property=\"og:site_name\" content=\"Zo\u00eb Olive Oil Montreal Quebec Canada\" \/>\n<meta property=\"article:publisher\" content=\"https:\/\/www.facebook.com\/zoeoliveoil\/\" \/>\n<meta property=\"article:modified_time\" content=\"2026-04-09T02:09:20+00:00\" \/>\n<meta property=\"og:image\" content=\"https:\/\/www.zoeoliveoil.com\/wp-content\/uploads\/2023\/04\/appel-cider_590x.webp\" \/>\n\t<meta property=\"og:image:width\" content=\"590\" \/>\n\t<meta property=\"og:image:height\" content=\"590\" \/>\n\t<meta property=\"og:image:type\" content=\"image\/webp\" \/>\n<meta name=\"twitter:card\" content=\"summary_large_image\" \/>\n<meta name=\"twitter:site\" content=\"@zoeoliveoil\" \/>\n<meta name=\"twitter:label1\" content=\"Estimation du temps de lecture\" \/>\n\t<meta name=\"twitter:data1\" content=\"2 minutes\" \/>\n<script type=\"application\/ld+json\" class=\"yoast-schema-graph\">{\"@context\":\"https:\\\/\\\/schema.org\",\"@graph\":[{\"@type\":\"WebPage\",\"@id\":\"https:\\\/\\\/www.zoeoliveoil.com\\\/product\\\/zoe-apple-cider-vinegar-bio-organic\\\/\",\"url\":\"https:\\\/\\\/www.zoeoliveoil.com\\\/product\\\/zoe-apple-cider-vinegar-bio-organic\\\/\",\"name\":\"Zo\u00eb Apple Cider Vinegar - Zo\u00eb Olive Oil Montreal Quebec Canada\",\"isPartOf\":{\"@id\":\"https:\\\/\\\/www.zoeoliveoil.com\\\/#website\"},\"primaryImageOfPage\":{\"@id\":\"https:\\\/\\\/www.zoeoliveoil.com\\\/product\\\/zoe-apple-cider-vinegar-bio-organic\\\/#primaryimage\"},\"image\":{\"@id\":\"https:\\\/\\\/www.zoeoliveoil.com\\\/product\\\/zoe-apple-cider-vinegar-bio-organic\\\/#primaryimage\"},\"thumbnailUrl\":\"https:\\\/\\\/www.zoeoliveoil.com\\\/wp-content\\\/uploads\\\/2023\\\/04\\\/appel-cider_590x.webp\",\"datePublished\":\"2023-04-16T21:40:05+00:00\",\"dateModified\":\"2026-04-09T02:09:20+00:00\",\"breadcrumb\":{\"@id\":\"https:\\\/\\\/www.zoeoliveoil.com\\\/product\\\/zoe-apple-cider-vinegar-bio-organic\\\/#breadcrumb\"},\"inLanguage\":\"fr-CA\",\"potentialAction\":[{\"@type\":\"ReadAction\",\"target\":[\"https:\\\/\\\/www.zoeoliveoil.com\\\/product\\\/zoe-apple-cider-vinegar-bio-organic\\\/\"]}]},{\"@type\":\"ImageObject\",\"inLanguage\":\"fr-CA\",\"@id\":\"https:\\\/\\\/www.zoeoliveoil.com\\\/product\\\/zoe-apple-cider-vinegar-bio-organic\\\/#primaryimage\",\"url\":\"https:\\\/\\\/www.zoeoliveoil.com\\\/wp-content\\\/uploads\\\/2023\\\/04\\\/appel-cider_590x.webp\",\"contentUrl\":\"https:\\\/\\\/www.zoeoliveoil.com\\\/wp-content\\\/uploads\\\/2023\\\/04\\\/appel-cider_590x.webp\",\"width\":590,\"height\":590},{\"@type\":\"BreadcrumbList\",\"@id\":\"https:\\\/\\\/www.zoeoliveoil.com\\\/product\\\/zoe-apple-cider-vinegar-bio-organic\\\/#breadcrumb\",\"itemListElement\":[{\"@type\":\"ListItem\",\"position\":1,\"name\":\"Home\",\"item\":\"https:\\\/\\\/www.zoeoliveoil.com\\\/\"},{\"@type\":\"ListItem\",\"position\":2,\"name\":\"Shop\",\"item\":\"https:\\\/\\\/www.zoeoliveoil.com\\\/shop\\\/\"},{\"@type\":\"ListItem\",\"position\":3,\"name\":\"Zo\u00eb Apple Cider Vinegar\"}]},{\"@type\":\"WebSite\",\"@id\":\"https:\\\/\\\/www.zoeoliveoil.com\\\/#website\",\"url\":\"https:\\\/\\\/www.zoeoliveoil.com\\\/\",\"name\":\"Zo\u00eb Olive Oil Montreal Quebec Canada\",\"description\":\"\",\"publisher\":{\"@id\":\"https:\\\/\\\/www.zoeoliveoil.com\\\/#organization\"},\"potentialAction\":[{\"@type\":\"SearchAction\",\"target\":{\"@type\":\"EntryPoint\",\"urlTemplate\":\"https:\\\/\\\/www.zoeoliveoil.com\\\/?s={search_term_string}\"},\"query-input\":{\"@type\":\"PropertyValueSpecification\",\"valueRequired\":true,\"valueName\":\"search_term_string\"}}],\"inLanguage\":\"fr-CA\"},{\"@type\":\"Organization\",\"@id\":\"https:\\\/\\\/www.zoeoliveoil.com\\\/#organization\",\"name\":\"Zo\u00eb Olive Oil Montreal Quebec Canada\",\"url\":\"https:\\\/\\\/www.zoeoliveoil.com\\\/\",\"logo\":{\"@type\":\"ImageObject\",\"inLanguage\":\"fr-CA\",\"@id\":\"https:\\\/\\\/www.zoeoliveoil.com\\\/#\\\/schema\\\/logo\\\/image\\\/\",\"url\":\"https:\\\/\\\/www.zoeoliveoil.com\\\/wp-content\\\/uploads\\\/2023\\\/04\\\/Zoe-Logo__Black_165x.png\",\"contentUrl\":\"https:\\\/\\\/www.zoeoliveoil.com\\\/wp-content\\\/uploads\\\/2023\\\/04\\\/Zoe-Logo__Black_165x.png\",\"width\":165,\"height\":78,\"caption\":\"Zo\u00eb Olive Oil Montreal Quebec Canada\"},\"image\":{\"@id\":\"https:\\\/\\\/www.zoeoliveoil.com\\\/#\\\/schema\\\/logo\\\/image\\\/\"},\"sameAs\":[\"https:\\\/\\\/www.facebook.com\\\/zoeoliveoil\\\/\",\"https:\\\/\\\/x.com\\\/zoeoliveoil\",\"https:\\\/\\\/www.instagram.com\\\/zoeoliveoil\\\/?hl=en\",\"https:\\\/\\\/www.tiktok.com\\\/@zoeoliveoil\",\"https:\\\/\\\/www.pinterest.ca\\\/zoeoliveoil\\\/\"]}]}<\/script>\n<!-- \/ Yoast SEO plugin. -->","yoast_head_json":{"title":"Zo\u00eb Apple Cider Vinegar - Zo\u00eb Olive Oil Montreal Quebec Canada","robots":{"index":"index","follow":"follow","max-snippet":"max-snippet:-1","max-image-preview":"max-image-preview:large","max-video-preview":"max-video-preview:-1"},"canonical":"https:\/\/www.zoeoliveoil.com\/fr\/produit\/zoe-apple-cider-vinegar-bio-organic\/","og_locale":"fr_CA","og_type":"article","og_title":"Zo\u00eb Apple Cider Vinegar - Zo\u00eb Olive Oil Montreal Quebec Canada","og_description":"Our apple cider is made with fruits from northern Greece near Mount Olympus. The handpicked\u00a0apples are pressed without heat to create this amazing vinegar. It\u2019s raw, organic and unfiltered. It has a fresh, crisp and smooth taste like no other apple cider you have ever tried.","og_url":"https:\/\/www.zoeoliveoil.com\/fr\/produit\/zoe-apple-cider-vinegar-bio-organic\/","og_site_name":"Zo\u00eb Olive Oil Montreal Quebec Canada","article_publisher":"https:\/\/www.facebook.com\/zoeoliveoil\/","article_modified_time":"2026-04-09T02:09:20+00:00","og_image":[{"width":590,"height":590,"url":"https:\/\/www.zoeoliveoil.com\/wp-content\/uploads\/2023\/04\/appel-cider_590x.webp","type":"image\/webp"}],"twitter_card":"summary_large_image","twitter_site":"@zoeoliveoil","twitter_misc":{"Estimation du temps de lecture":"2 minutes"},"schema":{"@context":"https:\/\/schema.org","@graph":[{"@type":"WebPage","@id":"https:\/\/www.zoeoliveoil.com\/product\/zoe-apple-cider-vinegar-bio-organic\/","url":"https:\/\/www.zoeoliveoil.com\/product\/zoe-apple-cider-vinegar-bio-organic\/","name":"Zo\u00eb Apple Cider Vinegar - Zo\u00eb Olive Oil Montreal Quebec Canada","isPartOf":{"@id":"https:\/\/www.zoeoliveoil.com\/#website"},"primaryImageOfPage":{"@id":"https:\/\/www.zoeoliveoil.com\/product\/zoe-apple-cider-vinegar-bio-organic\/#primaryimage"},"image":{"@id":"https:\/\/www.zoeoliveoil.com\/product\/zoe-apple-cider-vinegar-bio-organic\/#primaryimage"},"thumbnailUrl":"https:\/\/www.zoeoliveoil.com\/wp-content\/uploads\/2023\/04\/appel-cider_590x.webp","datePublished":"2023-04-16T21:40:05+00:00","dateModified":"2026-04-09T02:09:20+00:00","breadcrumb":{"@id":"https:\/\/www.zoeoliveoil.com\/product\/zoe-apple-cider-vinegar-bio-organic\/#breadcrumb"},"inLanguage":"fr-CA","potentialAction":[{"@type":"ReadAction","target":["https:\/\/www.zoeoliveoil.com\/product\/zoe-apple-cider-vinegar-bio-organic\/"]}]},{"@type":"ImageObject","inLanguage":"fr-CA","@id":"https:\/\/www.zoeoliveoil.com\/product\/zoe-apple-cider-vinegar-bio-organic\/#primaryimage","url":"https:\/\/www.zoeoliveoil.com\/wp-content\/uploads\/2023\/04\/appel-cider_590x.webp","contentUrl":"https:\/\/www.zoeoliveoil.com\/wp-content\/uploads\/2023\/04\/appel-cider_590x.webp","width":590,"height":590},{"@type":"BreadcrumbList","@id":"https:\/\/www.zoeoliveoil.com\/product\/zoe-apple-cider-vinegar-bio-organic\/#breadcrumb","itemListElement":[{"@type":"ListItem","position":1,"name":"Home","item":"https:\/\/www.zoeoliveoil.com\/"},{"@type":"ListItem","position":2,"name":"Shop","item":"https:\/\/www.zoeoliveoil.com\/shop\/"},{"@type":"ListItem","position":3,"name":"Zo\u00eb Apple Cider Vinegar"}]},{"@type":"WebSite","@id":"https:\/\/www.zoeoliveoil.com\/#website","url":"https:\/\/www.zoeoliveoil.com\/","name":"Zo\u00eb Huile d&#039;Olive Montr\u00e9al Qu\u00e9bec Canada","description":"","publisher":{"@id":"https:\/\/www.zoeoliveoil.com\/#organization"},"potentialAction":[{"@type":"SearchAction","target":{"@type":"EntryPoint","urlTemplate":"https:\/\/www.zoeoliveoil.com\/?s={search_term_string}"},"query-input":{"@type":"PropertyValueSpecification","valueRequired":true,"valueName":"search_term_string"}}],"inLanguage":"fr-CA"},{"@type":"Organization","@id":"https:\/\/www.zoeoliveoil.com\/#organization","name":"Zo\u00eb Huile d&#039;Olive Montr\u00e9al Qu\u00e9bec Canada","url":"https:\/\/www.zoeoliveoil.com\/","logo":{"@type":"ImageObject","inLanguage":"fr-CA","@id":"https:\/\/www.zoeoliveoil.com\/#\/schema\/logo\/image\/","url":"https:\/\/www.zoeoliveoil.com\/wp-content\/uploads\/2023\/04\/Zoe-Logo__Black_165x.png","contentUrl":"https:\/\/www.zoeoliveoil.com\/wp-content\/uploads\/2023\/04\/Zoe-Logo__Black_165x.png","width":165,"height":78,"caption":"Zo\u00eb Olive Oil Montreal Quebec Canada"},"image":{"@id":"https:\/\/www.zoeoliveoil.com\/#\/schema\/logo\/image\/"},"sameAs":["https:\/\/www.facebook.com\/zoeoliveoil\/","https:\/\/x.com\/zoeoliveoil","https:\/\/www.instagram.com\/zoeoliveoil\/?hl=en","https:\/\/www.tiktok.com\/@zoeoliveoil","https:\/\/www.pinterest.ca\/zoeoliveoil\/"]}]}},"jetpack_sharing_enabled":true,"_links":{"self":[{"href":"https:\/\/www.zoeoliveoil.com\/fr\/wp-json\/wp\/v2\/product\/1298","targetHints":{"allow":["GET"]}}],"collection":[{"href":"https:\/\/www.zoeoliveoil.com\/fr\/wp-json\/wp\/v2\/product"}],"about":[{"href":"https:\/\/www.zoeoliveoil.com\/fr\/wp-json\/wp\/v2\/types\/product"}],"replies":[{"embeddable":true,"href":"https:\/\/www.zoeoliveoil.com\/fr\/wp-json\/wp\/v2\/comments?post=1298"}],"version-history":[{"count":4,"href":"https:\/\/www.zoeoliveoil.com\/fr\/wp-json\/wp\/v2\/product\/1298\/revisions"}],"predecessor-version":[{"id":3679,"href":"https:\/\/www.zoeoliveoil.com\/fr\/wp-json\/wp\/v2\/product\/1298\/revisions\/3679"}],"wp:featuredmedia":[{"embeddable":true,"href":"https:\/\/www.zoeoliveoil.com\/fr\/wp-json\/wp\/v2\/media\/1299"}],"wp:attachment":[{"href":"https:\/\/www.zoeoliveoil.com\/fr\/wp-json\/wp\/v2\/media?parent=1298"}],"wp:term":[{"taxonomy":"brand","embeddable":true,"href":"https:\/\/www.zoeoliveoil.com\/fr\/wp-json\/wp\/v2\/etheme_brands?post=1298"},{"taxonomy":"product_brand","embeddable":true,"href":"https:\/\/www.zoeoliveoil.com\/fr\/wp-json\/wp\/v2\/product_brand?post=1298"},{"taxonomy":"product_cat","embeddable":true,"href":"https:\/\/www.zoeoliveoil.com\/fr\/wp-json\/wp\/v2\/product_cat?post=1298"},{"taxonomy":"product_tag","embeddable":true,"href":"https:\/\/www.zoeoliveoil.com\/fr\/wp-json\/wp\/v2\/product_tag?post=1298"}],"curies":[{"name":"wp","href":"https:\/\/api.w.org\/{rel}","templated":true}]}}