{"id":1313,"date":"2023-04-17T21:44:03","date_gmt":"2023-04-17T21:44:03","guid":{"rendered":"https:\/\/www.zoeoliveoil.com\/?post_type=product&#038;p=1313"},"modified":"2026-02-06T12:09:14","modified_gmt":"2026-02-06T12:09:14","slug":"zoe-hot-maple-syrup-maple-syrup-with-a-little-kick-of-spiciness","status":"publish","type":"product","link":"https:\/\/www.zoeoliveoil.com\/fr\/produit\/zoe-hot-maple-syrup-maple-syrup-with-a-little-kick-of-spiciness\/","title":{"rendered":"Zo\u00eb sirop d'\u00e9rable \u00e9pic\u00e9"},"content":{"rendered":"<p><strong>Sirop d'\u00e9rable chaud de Zo\u00eb - Une chaleur douce et fum\u00e9e avec une touche canadienne<\/strong><\/p>\n<p>D\u00e9couvrez la combinaison parfaite de douceur et de chaleur fum\u00e9es avec <strong>Sirop d'\u00e9rable chaud Zo\u00eb<\/strong>. Fabriqu\u00e9 \u00e0 partir des meilleurs <strong>sirop d'\u00e9rable du Qu\u00e9bec de premi\u00e8re qualit\u00e9<\/strong>Ce sirop, qui provient des plus vieux \u00e9rables canadiens, est infus\u00e9 avec notre sauce piquante signature pour cr\u00e9er une saveur unique et irr\u00e9sistible. Le sirop est fabriqu\u00e9 selon la m\u00e9thode traditionnelle. <strong>cuisson en marmite ouverte<\/strong> qui lui conf\u00e8re une essence riche et fum\u00e9e qui le distingue de tous les autres sirops d'\u00e9rable disponibles sur le march\u00e9.<\/p>\n<h3><strong>Qu'est-ce qui rend le sirop d'\u00e9rable chaud Zo\u00eb sp\u00e9cial ?<\/strong><\/h3>\n<p>Chez Zo\u00eb, nous sommes fiers de nos <strong>sirop d'\u00e9rable du Qu\u00e9bec de premi\u00e8re qualit\u00e9<\/strong>qui provient des plus vieux \u00e9rables canadiens. Ces arbres s\u00e9culaires produisent un sirop \u00e0 la saveur riche et profonde qui constitue la base parfaite de notre infusion chaude.<\/p>\n<p>Le sirop est cuit \u00e0 l'aide du <strong>m\u00e9thode de la bouilloire ouverte<\/strong>Zo\u00eb Hot Maple Syrup, un proc\u00e9d\u00e9 traditionnel qui consiste \u00e0 faire mijoter lentement le sirop dans des marmites ouvertes sur un feu de bois. Cette m\u00e9thode conf\u00e8re au sirop d'\u00e9rable chaud Zo\u00eb son caract\u00e8re distinctif. <strong>go\u00fbt fum\u00e9<\/strong>Ce processus de cuisson unique renforce la douceur naturelle du sirop d'\u00e9rable de haute qualit\u00e9. Ce processus de cuisson unique renforce \u00e9galement la complexit\u00e9 du sirop, lui conf\u00e9rant une texture onctueuse et un caract\u00e8re riche et terreux qu'il est difficile de trouver ailleurs.<\/p>\n<p>Pour parfaire l'exp\u00e9rience, nous infusons ce sirop avec notre <strong>sauce piquante signature<\/strong>Le m\u00e9lange de fum\u00e9e et de piquant est un m\u00e9lange parfait de fum\u00e9e, de douceur et de piquant qui peut \u00eatre utilis\u00e9 de diverses fa\u00e7ons. Le r\u00e9sultat est un m\u00e9lange parfait de fum\u00e9e, de douceur et de chaleur qui peut \u00eatre utilis\u00e9 de diverses mani\u00e8res.<\/p>\n<h3><strong>Polyvalent et d\u00e9licieux - Parfait pour l'accompagnement<\/strong><\/h3>\n<p>Le sirop d'\u00e9rable chaud Zo\u00eb n'est pas r\u00e9serv\u00e9 aux cr\u00eapes. Sa chaleur fum\u00e9e en fait un ajout polyvalent \u00e0 de nombreux plats, tant sal\u00e9s que sucr\u00e9s. Voici quelques fa\u00e7ons cr\u00e9atives de l'appr\u00e9cier :<\/p>\n<ul>\n<li><strong>Cr\u00eapes et gaufres<\/strong> - Bien s\u00fbr, il est parfait pour arroser des cr\u00eapes ou des gaufres et donner une touche d\u00e9licieuse \u00e0 un petit-d\u00e9jeuner classique.<\/li>\n<li><strong>Viandes grill\u00e9es<\/strong> - Utilisez-le comme marinade ou comme gla\u00e7age pour les viandes comme le porc, le poulet ou les c\u00f4tes. La douceur fum\u00e9e rehausse les riches saveurs des plats grill\u00e9s.<\/li>\n<li><strong>Fromage<\/strong> - Associez-le \u00e0 des fromages tels que le cheddar fort, le fromage de ch\u00e8vre ou le brie pour un contraste sucr\u00e9-sal\u00e9 qui ravira votre palais.<\/li>\n<li><strong>L\u00e9gumes r\u00f4tis<\/strong> - Versez un filet sur des carottes, des patates douces ou des courges r\u00f4ties pour obtenir un gla\u00e7age fum\u00e9 et sucr\u00e9 qui compl\u00e8te leurs saveurs naturelles.<\/li>\n<li><strong>Cocktails<\/strong> - Ajoutez quelques gouttes \u00e0 vos cocktails pour leur donner une touche fum\u00e9e et sucr\u00e9e. Il est parfait dans les boissons \u00e0 base de whisky comme un Old Fashioned ou un Maple Whiskey Sour.<\/li>\n<li><strong>Desserts<\/strong> - Rehaussez vos desserts en l'arrosant de cr\u00e8me glac\u00e9e, de brownies ou de noix grill\u00e9es. La chaleur fum\u00e9e apportera une nouvelle couche de saveur \u00e0 vos friandises pr\u00e9f\u00e9r\u00e9es.<\/li>\n<\/ul>\n<h3><strong>Pourquoi choisir le sirop d'\u00e9rable chaud de Zo\u00eb ?<\/strong><\/h3>\n<p>Ce qui distingue le sirop d'\u00e9rable Zo\u00eb Hot, c'est notre engagement en faveur de la qualit\u00e9 et de la tradition. En utilisant du sirop d'\u00e9rable <strong>cuisson en marmite ouverte<\/strong> En nous approvisionnant en sirop aupr\u00e8s des plus vieux \u00e9rables du Qu\u00e9bec, nous nous assurons que chaque bouteille a une profondeur riche et fum\u00e9e qui est unique \u00e0 notre produit. Contrairement aux autres sirops d'\u00e9rable sur le march\u00e9, le sirop d'\u00e9rable chaud Zo\u00eb offre une couche suppl\u00e9mentaire de complexit\u00e9 gr\u00e2ce \u00e0 l'infusion de notre sirop d'\u00e9rable chaud Zo\u00eb. <strong>sauce piquante signature<\/strong>Le go\u00fbt de l'huile d'olive et de l'huile d'olive est tr\u00e8s pr\u00e9sent, ce qui permet d'obtenir un \u00e9quilibre parfait entre le sucr\u00e9 et le piquant.<\/p>\n<p>Que vous l'arrosiez au petit d\u00e9jeuner, que vous l'ajoutiez \u00e0 des plats sal\u00e9s ou que vous le m\u00e9langiez \u00e0 des cocktails, le sirop d'\u00e9rable chaud de Zo\u00eb offre une exp\u00e9rience gustative inoubliable que vous ne trouverez nulle part ailleurs.<\/p>\n<h3><strong>Commandez votre sirop d'\u00e9rable chaud Zo\u00eb d\u00e8s aujourd'hui !<\/strong><\/h3>\n<p>Pr\u00eat \u00e0 d\u00e9couvrir l'\u00e9quilibre parfait entre la douceur et la chaleur de la fum\u00e9e ? Commandez votre bouteille de <strong>Sirop d'\u00e9rable chaud Zo\u00eb<\/strong> Aujourd'hui, le sirop d'\u00e9rable Zo\u00eb Hot rehausse vos repas, vos cocktails et vos desserts avec ce sirop canadien de premi\u00e8re qualit\u00e9 infus\u00e9 d'un soup\u00e7on de piquant. Avec ses saveurs complexes et ses utilisations infinies, le sirop d'\u00e9rable piquant Zo\u00eb deviendra votre nouveau choix pour ajouter une douce chaleur \u00e0 tout.<\/p>\n<p>&nbsp;<\/p>\n<p><strong>Suggestions d&#039;accord\u00a0:\u00a0<\/strong><\/p>\n<ul class=\"i8Z77e\">\n<li class=\"TrT0Xe\">Sur poulet frit.<\/li>\n<li class=\"TrT0Xe\">Sur poulet &amp; gaufres<\/li>\n<li class=\"TrT0Xe\">Sur cr\u00eapes, pancakes ou pain perdu<\/li>\n<li class=\"TrT0Xe\">utiliser pour caram\u00e9liser des oignons ou des l\u00e9gumes<\/li>\n<li class=\"TrT0Xe\">Sur saumon grill\u00e9.<\/li>\n<li class=\"TrT0Xe\">Arrosez-le sur du pain de ma\u00efs.<\/li>\n<li class=\"TrT0Xe\">Secouez-le dans un cocktail.<\/li>\n<li class=\"TrT0Xe\">Sur des l\u00e9gumes grill\u00e9s.<\/li>\n<li class=\"TrT0Xe\">Sur des grillades de poulet.<\/li>\n<li class=\"TrT0Xe\">Aromatisez un saut\u00e9.<\/li>\n<li class=\"TrT0Xe\">\u00c9gayez le granola.<\/li>\n<li class=\"TrT0Xe\">Sur fromage Brie cuit au four<\/li>\n<li class=\"TrT0Xe\">M\u00e9langer avec Mayo<\/li>\n<li class=\"TrT0Xe\">Sur porc effiloch\u00e9 ou porc grill\u00e9<\/li>\n<li class=\"TrT0Xe\">Sur glace<\/li>\n<li class=\"TrT0Xe\">Sur yaourt grec<\/li>\n<li class=\"TrT0Xe\">Les possibilit\u00e9s sont infinies<\/li>\n<\/ul>","protected":false},"excerpt":{"rendered":"<p>Le sirop d&#039;\u00e9rable chaud Zo\u00eb est un produit que nous avons invent\u00e9 et vous ne devriez pas manquer de l&#039;essayer. Cela rendra vraiment tout ce qu&#039;il touche beaucoup mieux. Fabriqu\u00e9 avec du sirop d&#039;\u00e9rable pur du Qu\u00e9bec, le meilleur au monde et notre sauce piquante Zo\u00eb Naga avec quelques assaisonnements magiques suppl\u00e9mentaires.<\/p>","protected":false},"featured_media":1314,"comment_status":"open","ping_status":"closed","template":"","meta":[],"etheme_brands":[{"term_id":92,"name":"Zo\u00eb","slug":"zoe","term_group":0,"term_taxonomy_id":92,"taxonomy":"brand","description":"","parent":0,"count":122,"filter":"raw"}],"product_brand":[],"product_cat":[111,88,90],"product_tag":[],"class_list":{"0":"post-1313","1":"product","2":"type-product","3":"status-publish","4":"has-post-thumbnail","6":"brand-zoe","7":"product_cat-all-products","8":"product_cat-hot-sauces-honey","9":"product_cat-zoe-rub-kits","11":"first","12":"instock","13":"shipping-taxable","14":"purchasable","15":"product-type-simple"},"yoast_head":"<!-- This site is optimized with the Yoast SEO plugin v27.4 - https:\/\/yoast.com\/product\/yoast-seo-wordpress\/ -->\n<title>Zo\u00eb Hot Maple Syrup \/ Maple Syrup with a little kick of spiciness - Zo\u00eb Olive Oil Montreal Quebec Canada<\/title>\n<meta name=\"robots\" content=\"index, follow, max-snippet:-1, max-image-preview:large, max-video-preview:-1\" \/>\n<link rel=\"canonical\" href=\"https:\/\/www.zoeoliveoil.com\/fr\/produit\/zoe-hot-maple-syrup-maple-syrup-with-a-little-kick-of-spiciness\/\" \/>\n<meta property=\"og:locale\" content=\"fr_CA\" \/>\n<meta property=\"og:type\" content=\"article\" \/>\n<meta property=\"og:title\" content=\"Zo\u00eb Hot Maple Syrup \/ Maple Syrup with a little kick of spiciness - Zo\u00eb Olive Oil Montreal Quebec Canada\" \/>\n<meta property=\"og:description\" content=\"Zo\u00eb Hot Maple Syrup is a product we invented and you should not pass on trying it. It will truly make anything it touches that much better. Made with Pure Quebec maple Syrup, only the finest in the world and our\u00a0Zo\u00eb\u00a0Naga hot sauce with some extra magic seasonings.\" \/>\n<meta property=\"og:url\" content=\"https:\/\/www.zoeoliveoil.com\/fr\/produit\/zoe-hot-maple-syrup-maple-syrup-with-a-little-kick-of-spiciness\/\" \/>\n<meta property=\"og:site_name\" content=\"Zo\u00eb Olive Oil Montreal Quebec Canada\" \/>\n<meta property=\"article:publisher\" content=\"https:\/\/www.facebook.com\/zoeoliveoil\/\" \/>\n<meta property=\"article:modified_time\" content=\"2026-02-06T12:09:14+00:00\" \/>\n<meta property=\"og:image\" content=\"https:\/\/www.zoeoliveoil.com\/wp-content\/uploads\/2023\/04\/Zoe_NewProducts_65717450-cb3e-4560-8f3f-41abf28b4395_590x.webp\" \/>\n\t<meta property=\"og:image:width\" content=\"590\" \/>\n\t<meta property=\"og:image:height\" content=\"590\" \/>\n\t<meta property=\"og:image:type\" content=\"image\/webp\" \/>\n<meta name=\"twitter:card\" content=\"summary_large_image\" \/>\n<meta name=\"twitter:site\" content=\"@zoeoliveoil\" \/>\n<meta name=\"twitter:label1\" content=\"Estimation du temps de lecture\" \/>\n\t<meta name=\"twitter:data1\" content=\"4 minutes\" \/>\n<script type=\"application\/ld+json\" class=\"yoast-schema-graph\">{\"@context\":\"https:\\\/\\\/schema.org\",\"@graph\":[{\"@type\":\"WebPage\",\"@id\":\"https:\\\/\\\/www.zoeoliveoil.com\\\/product\\\/zoe-hot-maple-syrup-maple-syrup-with-a-little-kick-of-spiciness\\\/\",\"url\":\"https:\\\/\\\/www.zoeoliveoil.com\\\/product\\\/zoe-hot-maple-syrup-maple-syrup-with-a-little-kick-of-spiciness\\\/\",\"name\":\"Zo\u00eb Hot Maple Syrup \\\/ Maple Syrup with a little kick of spiciness - Zo\u00eb Olive Oil Montreal Quebec Canada\",\"isPartOf\":{\"@id\":\"https:\\\/\\\/www.zoeoliveoil.com\\\/#website\"},\"primaryImageOfPage\":{\"@id\":\"https:\\\/\\\/www.zoeoliveoil.com\\\/product\\\/zoe-hot-maple-syrup-maple-syrup-with-a-little-kick-of-spiciness\\\/#primaryimage\"},\"image\":{\"@id\":\"https:\\\/\\\/www.zoeoliveoil.com\\\/product\\\/zoe-hot-maple-syrup-maple-syrup-with-a-little-kick-of-spiciness\\\/#primaryimage\"},\"thumbnailUrl\":\"https:\\\/\\\/www.zoeoliveoil.com\\\/wp-content\\\/uploads\\\/2023\\\/04\\\/Zoe_NewProducts_65717450-cb3e-4560-8f3f-41abf28b4395_590x.webp\",\"datePublished\":\"2023-04-17T21:44:03+00:00\",\"dateModified\":\"2026-02-06T12:09:14+00:00\",\"breadcrumb\":{\"@id\":\"https:\\\/\\\/www.zoeoliveoil.com\\\/product\\\/zoe-hot-maple-syrup-maple-syrup-with-a-little-kick-of-spiciness\\\/#breadcrumb\"},\"inLanguage\":\"fr-CA\",\"potentialAction\":[{\"@type\":\"ReadAction\",\"target\":[\"https:\\\/\\\/www.zoeoliveoil.com\\\/product\\\/zoe-hot-maple-syrup-maple-syrup-with-a-little-kick-of-spiciness\\\/\"]}]},{\"@type\":\"ImageObject\",\"inLanguage\":\"fr-CA\",\"@id\":\"https:\\\/\\\/www.zoeoliveoil.com\\\/product\\\/zoe-hot-maple-syrup-maple-syrup-with-a-little-kick-of-spiciness\\\/#primaryimage\",\"url\":\"https:\\\/\\\/www.zoeoliveoil.com\\\/wp-content\\\/uploads\\\/2023\\\/04\\\/Zoe_NewProducts_65717450-cb3e-4560-8f3f-41abf28b4395_590x.webp\",\"contentUrl\":\"https:\\\/\\\/www.zoeoliveoil.com\\\/wp-content\\\/uploads\\\/2023\\\/04\\\/Zoe_NewProducts_65717450-cb3e-4560-8f3f-41abf28b4395_590x.webp\",\"width\":590,\"height\":590},{\"@type\":\"BreadcrumbList\",\"@id\":\"https:\\\/\\\/www.zoeoliveoil.com\\\/product\\\/zoe-hot-maple-syrup-maple-syrup-with-a-little-kick-of-spiciness\\\/#breadcrumb\",\"itemListElement\":[{\"@type\":\"ListItem\",\"position\":1,\"name\":\"Home\",\"item\":\"https:\\\/\\\/www.zoeoliveoil.com\\\/\"},{\"@type\":\"ListItem\",\"position\":2,\"name\":\"Shop\",\"item\":\"https:\\\/\\\/www.zoeoliveoil.com\\\/shop\\\/\"},{\"@type\":\"ListItem\",\"position\":3,\"name\":\"Zo\u00eb Hot Maple Syrup \\\/ Maple Syrup with a little kick of spiciness\"}]},{\"@type\":\"WebSite\",\"@id\":\"https:\\\/\\\/www.zoeoliveoil.com\\\/#website\",\"url\":\"https:\\\/\\\/www.zoeoliveoil.com\\\/\",\"name\":\"Zo\u00eb Olive Oil Montreal Quebec Canada\",\"description\":\"\",\"publisher\":{\"@id\":\"https:\\\/\\\/www.zoeoliveoil.com\\\/#organization\"},\"potentialAction\":[{\"@type\":\"SearchAction\",\"target\":{\"@type\":\"EntryPoint\",\"urlTemplate\":\"https:\\\/\\\/www.zoeoliveoil.com\\\/?s={search_term_string}\"},\"query-input\":{\"@type\":\"PropertyValueSpecification\",\"valueRequired\":true,\"valueName\":\"search_term_string\"}}],\"inLanguage\":\"fr-CA\"},{\"@type\":\"Organization\",\"@id\":\"https:\\\/\\\/www.zoeoliveoil.com\\\/#organization\",\"name\":\"Zo\u00eb Olive Oil Montreal Quebec Canada\",\"url\":\"https:\\\/\\\/www.zoeoliveoil.com\\\/\",\"logo\":{\"@type\":\"ImageObject\",\"inLanguage\":\"fr-CA\",\"@id\":\"https:\\\/\\\/www.zoeoliveoil.com\\\/#\\\/schema\\\/logo\\\/image\\\/\",\"url\":\"https:\\\/\\\/www.zoeoliveoil.com\\\/wp-content\\\/uploads\\\/2023\\\/04\\\/Zoe-Logo__Black_165x.png\",\"contentUrl\":\"https:\\\/\\\/www.zoeoliveoil.com\\\/wp-content\\\/uploads\\\/2023\\\/04\\\/Zoe-Logo__Black_165x.png\",\"width\":165,\"height\":78,\"caption\":\"Zo\u00eb Olive Oil Montreal Quebec Canada\"},\"image\":{\"@id\":\"https:\\\/\\\/www.zoeoliveoil.com\\\/#\\\/schema\\\/logo\\\/image\\\/\"},\"sameAs\":[\"https:\\\/\\\/www.facebook.com\\\/zoeoliveoil\\\/\",\"https:\\\/\\\/x.com\\\/zoeoliveoil\",\"https:\\\/\\\/www.instagram.com\\\/zoeoliveoil\\\/?hl=en\",\"https:\\\/\\\/www.tiktok.com\\\/@zoeoliveoil\",\"https:\\\/\\\/www.pinterest.ca\\\/zoeoliveoil\\\/\"]}]}<\/script>\n<!-- \/ Yoast SEO plugin. -->","yoast_head_json":{"title":"Zo\u00eb Hot Maple Syrup \/ Maple Syrup with a little kick of spiciness - Zo\u00eb Olive Oil Montreal Quebec Canada","robots":{"index":"index","follow":"follow","max-snippet":"max-snippet:-1","max-image-preview":"max-image-preview:large","max-video-preview":"max-video-preview:-1"},"canonical":"https:\/\/www.zoeoliveoil.com\/fr\/produit\/zoe-hot-maple-syrup-maple-syrup-with-a-little-kick-of-spiciness\/","og_locale":"fr_CA","og_type":"article","og_title":"Zo\u00eb Hot Maple Syrup \/ Maple Syrup with a little kick of spiciness - Zo\u00eb Olive Oil Montreal Quebec Canada","og_description":"Zo\u00eb Hot Maple Syrup is a product we invented and you should not pass on trying it. It will truly make anything it touches that much better. Made with Pure Quebec maple Syrup, only the finest in the world and our\u00a0Zo\u00eb\u00a0Naga hot sauce with some extra magic seasonings.","og_url":"https:\/\/www.zoeoliveoil.com\/fr\/produit\/zoe-hot-maple-syrup-maple-syrup-with-a-little-kick-of-spiciness\/","og_site_name":"Zo\u00eb Olive Oil Montreal Quebec Canada","article_publisher":"https:\/\/www.facebook.com\/zoeoliveoil\/","article_modified_time":"2026-02-06T12:09:14+00:00","og_image":[{"width":590,"height":590,"url":"https:\/\/www.zoeoliveoil.com\/wp-content\/uploads\/2023\/04\/Zoe_NewProducts_65717450-cb3e-4560-8f3f-41abf28b4395_590x.webp","type":"image\/webp"}],"twitter_card":"summary_large_image","twitter_site":"@zoeoliveoil","twitter_misc":{"Estimation du temps de lecture":"4 minutes"},"schema":{"@context":"https:\/\/schema.org","@graph":[{"@type":"WebPage","@id":"https:\/\/www.zoeoliveoil.com\/product\/zoe-hot-maple-syrup-maple-syrup-with-a-little-kick-of-spiciness\/","url":"https:\/\/www.zoeoliveoil.com\/product\/zoe-hot-maple-syrup-maple-syrup-with-a-little-kick-of-spiciness\/","name":"Zo\u00eb Hot Maple Syrup \/ Maple Syrup with a little kick of spiciness - Zo\u00eb Olive Oil Montreal Quebec Canada","isPartOf":{"@id":"https:\/\/www.zoeoliveoil.com\/#website"},"primaryImageOfPage":{"@id":"https:\/\/www.zoeoliveoil.com\/product\/zoe-hot-maple-syrup-maple-syrup-with-a-little-kick-of-spiciness\/#primaryimage"},"image":{"@id":"https:\/\/www.zoeoliveoil.com\/product\/zoe-hot-maple-syrup-maple-syrup-with-a-little-kick-of-spiciness\/#primaryimage"},"thumbnailUrl":"https:\/\/www.zoeoliveoil.com\/wp-content\/uploads\/2023\/04\/Zoe_NewProducts_65717450-cb3e-4560-8f3f-41abf28b4395_590x.webp","datePublished":"2023-04-17T21:44:03+00:00","dateModified":"2026-02-06T12:09:14+00:00","breadcrumb":{"@id":"https:\/\/www.zoeoliveoil.com\/product\/zoe-hot-maple-syrup-maple-syrup-with-a-little-kick-of-spiciness\/#breadcrumb"},"inLanguage":"fr-CA","potentialAction":[{"@type":"ReadAction","target":["https:\/\/www.zoeoliveoil.com\/product\/zoe-hot-maple-syrup-maple-syrup-with-a-little-kick-of-spiciness\/"]}]},{"@type":"ImageObject","inLanguage":"fr-CA","@id":"https:\/\/www.zoeoliveoil.com\/product\/zoe-hot-maple-syrup-maple-syrup-with-a-little-kick-of-spiciness\/#primaryimage","url":"https:\/\/www.zoeoliveoil.com\/wp-content\/uploads\/2023\/04\/Zoe_NewProducts_65717450-cb3e-4560-8f3f-41abf28b4395_590x.webp","contentUrl":"https:\/\/www.zoeoliveoil.com\/wp-content\/uploads\/2023\/04\/Zoe_NewProducts_65717450-cb3e-4560-8f3f-41abf28b4395_590x.webp","width":590,"height":590},{"@type":"BreadcrumbList","@id":"https:\/\/www.zoeoliveoil.com\/product\/zoe-hot-maple-syrup-maple-syrup-with-a-little-kick-of-spiciness\/#breadcrumb","itemListElement":[{"@type":"ListItem","position":1,"name":"Home","item":"https:\/\/www.zoeoliveoil.com\/"},{"@type":"ListItem","position":2,"name":"Shop","item":"https:\/\/www.zoeoliveoil.com\/shop\/"},{"@type":"ListItem","position":3,"name":"Zo\u00eb Hot Maple Syrup \/ Maple Syrup with a little kick of spiciness"}]},{"@type":"WebSite","@id":"https:\/\/www.zoeoliveoil.com\/#website","url":"https:\/\/www.zoeoliveoil.com\/","name":"Zo\u00eb Huile d&#039;Olive Montr\u00e9al Qu\u00e9bec Canada","description":"","publisher":{"@id":"https:\/\/www.zoeoliveoil.com\/#organization"},"potentialAction":[{"@type":"SearchAction","target":{"@type":"EntryPoint","urlTemplate":"https:\/\/www.zoeoliveoil.com\/?s={search_term_string}"},"query-input":{"@type":"PropertyValueSpecification","valueRequired":true,"valueName":"search_term_string"}}],"inLanguage":"fr-CA"},{"@type":"Organization","@id":"https:\/\/www.zoeoliveoil.com\/#organization","name":"Zo\u00eb Huile d&#039;Olive Montr\u00e9al Qu\u00e9bec Canada","url":"https:\/\/www.zoeoliveoil.com\/","logo":{"@type":"ImageObject","inLanguage":"fr-CA","@id":"https:\/\/www.zoeoliveoil.com\/#\/schema\/logo\/image\/","url":"https:\/\/www.zoeoliveoil.com\/wp-content\/uploads\/2023\/04\/Zoe-Logo__Black_165x.png","contentUrl":"https:\/\/www.zoeoliveoil.com\/wp-content\/uploads\/2023\/04\/Zoe-Logo__Black_165x.png","width":165,"height":78,"caption":"Zo\u00eb Olive Oil Montreal Quebec Canada"},"image":{"@id":"https:\/\/www.zoeoliveoil.com\/#\/schema\/logo\/image\/"},"sameAs":["https:\/\/www.facebook.com\/zoeoliveoil\/","https:\/\/x.com\/zoeoliveoil","https:\/\/www.instagram.com\/zoeoliveoil\/?hl=en","https:\/\/www.tiktok.com\/@zoeoliveoil","https:\/\/www.pinterest.ca\/zoeoliveoil\/"]}]}},"jetpack_sharing_enabled":true,"_links":{"self":[{"href":"https:\/\/www.zoeoliveoil.com\/fr\/wp-json\/wp\/v2\/product\/1313","targetHints":{"allow":["GET"]}}],"collection":[{"href":"https:\/\/www.zoeoliveoil.com\/fr\/wp-json\/wp\/v2\/product"}],"about":[{"href":"https:\/\/www.zoeoliveoil.com\/fr\/wp-json\/wp\/v2\/types\/product"}],"replies":[{"embeddable":true,"href":"https:\/\/www.zoeoliveoil.com\/fr\/wp-json\/wp\/v2\/comments?post=1313"}],"version-history":[{"count":4,"href":"https:\/\/www.zoeoliveoil.com\/fr\/wp-json\/wp\/v2\/product\/1313\/revisions"}],"predecessor-version":[{"id":5433,"href":"https:\/\/www.zoeoliveoil.com\/fr\/wp-json\/wp\/v2\/product\/1313\/revisions\/5433"}],"wp:featuredmedia":[{"embeddable":true,"href":"https:\/\/www.zoeoliveoil.com\/fr\/wp-json\/wp\/v2\/media\/1314"}],"wp:attachment":[{"href":"https:\/\/www.zoeoliveoil.com\/fr\/wp-json\/wp\/v2\/media?parent=1313"}],"wp:term":[{"taxonomy":"brand","embeddable":true,"href":"https:\/\/www.zoeoliveoil.com\/fr\/wp-json\/wp\/v2\/etheme_brands?post=1313"},{"taxonomy":"product_brand","embeddable":true,"href":"https:\/\/www.zoeoliveoil.com\/fr\/wp-json\/wp\/v2\/product_brand?post=1313"},{"taxonomy":"product_cat","embeddable":true,"href":"https:\/\/www.zoeoliveoil.com\/fr\/wp-json\/wp\/v2\/product_cat?post=1313"},{"taxonomy":"product_tag","embeddable":true,"href":"https:\/\/www.zoeoliveoil.com\/fr\/wp-json\/wp\/v2\/product_tag?post=1313"}],"curies":[{"name":"wp","href":"https:\/\/api.w.org\/{rel}","templated":true}]}}