{"id":1317,"date":"2023-04-17T21:45:39","date_gmt":"2023-04-17T21:45:39","guid":{"rendered":"https:\/\/www.zoeoliveoil.com\/?post_type=product&#038;p=1317"},"modified":"2026-04-19T19:12:42","modified_gmt":"2026-04-19T19:12:42","slug":"zoe-hot-honey-honey-with-a-slick-kick-of-spiciness","status":"publish","type":"product","link":"https:\/\/www.zoeoliveoil.com\/fr\/produit\/zoe-hot-honey-honey-with-a-slick-kick-of-spiciness\/","title":{"rendered":"Zo\u00eb Miel \u00e9pic\u00e9"},"content":{"rendered":"<p><strong>Zo\u00eb Hot Honey - Une chaleur douce dans chaque gouttelette<\/strong><\/p>\n<p>Savourez le m\u00e9lange parfait de douceur et d'\u00e9pices avec le miel piquant Zo\u00eb. Fabriqu\u00e9 \u00e0 partir du meilleur miel de fleurs sauvages du Nord du Qu\u00e9bec, ce miel de premi\u00e8re qualit\u00e9 est infus\u00e9 avec un m\u00e9lange sp\u00e9cial de notre sauce piquante signature, cr\u00e9ant ainsi un savoureux \u00e9quilibre de chaleur et de douceur naturelle. Contrairement \u00e0 d'autres miels piquants qui utilisent simplement des piments secs, nous utilisons notre propre sauce piquante. <strong>sauce piquante de qualit\u00e9 sup\u00e9rieure<\/strong> pour apporter de la chaleur, en ajoutant un profil de saveur plus complexe qui rehaussera \u00e0 la fois vos plats et vos boissons. Que vous l'arrosiez sur vos aliments pr\u00e9f\u00e9r\u00e9s, que vous l'utilisiez comme trempette ou que vous le m\u00e9langiez \u00e0 des cocktails, le miel chaud de Zo\u00eb apportera une touche unique et irr\u00e9sistible \u00e0 chaque instant.<\/p>\n<h3><strong>Qu'est-ce qui rend Zo\u00eb Hot Honey sp\u00e9cial ?<\/strong><\/h3>\n<p>Le miel chaud de Zo\u00eb associe la douceur riche et florale de la <strong>miel de fleurs sauvages de premi\u00e8re qualit\u00e9<\/strong> avec le piquant audacieux de notre sauce piquante sp\u00e9cialement \u00e9labor\u00e9e et import\u00e9e directement de Gr\u00e8ce. Le r\u00e9sultat est un miel piquant qui pr\u00e9sente un \u00e9quilibre parfait entre les \u00e9pices et la douceur, offrant un profil de saveur complexe qui rehausse les plats sucr\u00e9s et sal\u00e9s.<\/p>\n<p>Alors que d'autres produits \u00e0 base de miel piquant sur le march\u00e9 s'appuient simplement sur des piments secs pour apporter de la chaleur, le miel piquant de Zo\u00eb utilise nos produits \u00e0 base d'huile d'olive. <strong>sauce piquante de qualit\u00e9 sup\u00e9rieure<\/strong>qui non seulement apporte le niveau de chaleur parfait, mais aussi une saveur plus profonde et plus nuanc\u00e9e. Cette combinaison soigneusement \u00e9labor\u00e9e permet d'obtenir le meilleur des deux mondes : la douceur du miel et le piquant complexe et savoureux de notre sauce piquante embl\u00e9matique.<\/p>\n<p>Notre miel provient des for\u00eats vierges du Nord du Qu\u00e9bec, reconnues pour leurs propri\u00e9t\u00e9s pures et naturelles. Infus\u00e9 avec notre sauce piquante signature, le miel Zo\u00eb Hot Honey offre un punch savoureux tout en conservant la texture riche et onctueuse que seul un miel de premi\u00e8re qualit\u00e9 peut offrir.<\/p>\n<h3><strong>Polyvalent et d\u00e9licieux - Parfait pour les accords et les cocktails<\/strong><\/h3>\n<p>Le miel chaud de Zo\u00eb n'est pas seulement destin\u00e9 \u00e0 arroser les toasts - sa polyvalence ne conna\u00eet aucune limite. Voici quelques d\u00e9licieuses fa\u00e7ons de l'appr\u00e9cier :<\/p>\n<ul>\n<li><strong>Pizza et pains plats<\/strong> - Ajoutez une touche de miel chaud Zo\u00eb \u00e0 votre pizza ou \u00e0 votre pain plat pour cr\u00e9er un contraste sucr\u00e9 et \u00e9pic\u00e9 avec les garnitures sal\u00e9es.<\/li>\n<li><strong>Poulet frit<\/strong> - Ce go\u00fbt sucr\u00e9 se marie \u00e0 merveille avec le poulet frit croustillant. Arrosez-en le dessus ou utilisez-la comme sauce de trempage.<\/li>\n<li><strong>Planches de fromage<\/strong> - Associez le miel chaud Zo\u00eb au fromage pour une touche de fantaisie - parfait avec les fromages \u00e0 p\u00e2te dure comme le bleu ou le brie cr\u00e9meux.<\/li>\n<li><strong>L\u00e9gumes r\u00f4tis<\/strong> - Versez un filet sur des carottes, des patates douces ou des courges r\u00f4ties pour un d\u00e9licieux \u00e9quilibre de douceur et d'\u00e9pices.<\/li>\n<li><strong>Tacos et burritos<\/strong> - Ajoutez quelques gouttes \u00e0 vos tacos, burritos ou quesadillas pour donner un coup de fouet inattendu qui s'associe parfaitement \u00e0 la richesse des viandes et des l\u00e9gumes.<\/li>\n<li><strong>Desserts<\/strong> - Versez-en un filet sur de la cr\u00e8me glac\u00e9e, des fruits ou des cr\u00eapes pour une touche sucr\u00e9e et \u00e9pic\u00e9e qui surprendra vos papilles.<\/li>\n<li><strong>Cocktails<\/strong> - Rehaussez vos cocktails en utilisant le miel chaud de Zo\u00eb comme \u00e9dulcorant dans les margaritas, les mojitos ou les cocktails \u00e0 base de whisky. Son go\u00fbt sucr\u00e9 et \u00e9pic\u00e9 ajoutera de la profondeur et de l'intrigue \u00e0 vos boissons, ce qui les fera ressortir lors de votre prochain rassemblement.<\/li>\n<\/ul>\n<h3><strong>Pourquoi choisir Zo\u00eb Hot Honey ?<\/strong><\/h3>\n<p>Ce qui distingue Zo\u00eb Hot Honey, c'est l'\u00e9quilibre parfait entre la douceur pure du miel de fleurs sauvages et la chaleur ardente de notre sauce piquante caract\u00e9ristique. Contrairement \u00e0 d'autres produits de miel piquant sur le march\u00e9, Zo\u00eb Hot Honey n'utilise que les meilleurs ingr\u00e9dients, obtenus avec soin pour garantir une exp\u00e9rience des plus fra\u00eeches et des plus savoureuses. Le miel n'est pas filtr\u00e9, ce qui pr\u00e9serve ses propri\u00e9t\u00e9s naturelles, et combin\u00e9 \u00e0 notre sauce piquante unique, il offre une chaleur parfaite avec un profil de saveurs plus complexe que ceux qui utilisent simplement des piments secs.<\/p>\n<p>Que vous soyez un amateur d'\u00e9pices, que vous d\u00e9couvriez le miel chaud ou que vous cherchiez un compl\u00e9ment unique \u00e0 votre r\u00e9pertoire de cocktails, le miel chaud de Zo\u00eb est le choix id\u00e9al pour donner un coup de fouet d\u00e9licieux et inattendu \u00e0 vos plats et boissons pr\u00e9f\u00e9r\u00e9s.<\/p>\n<h3><strong>Commandez votre Zo\u00eb Hot Honey d\u00e8s aujourd'hui !<\/strong><\/h3>\n<p>Pr\u00eat \u00e0 faire l'exp\u00e9rience de la magie sucr\u00e9e et \u00e9pic\u00e9e du miel chaud de Zo\u00eb ? Commandez votre bouteille d\u00e8s aujourd'hui et commencez \u00e0 arroser tout ce que vous aimez de cette irr\u00e9sistible combinaison de chaleur et de douceur. Avec son \u00e9quilibre parfait de saveurs et ses utilisations infinies, le miel piquant Zo\u00eb deviendra rapidement votre nouvel ingr\u00e9dient secret pour la cuisine et les cocktails.<\/p>\n<p>&nbsp;<\/p>\n<p><strong>Suggestions d&#039;accord\u00a0:\u00a0<\/strong><\/p>\n<ul class=\"i8Z77e\">\n<li class=\"TrT0Xe\">Sur poulet frit.<\/li>\n<li class=\"TrT0Xe\">Arros\u00e9 sur la pizza<\/li>\n<li class=\"TrT0Xe\">Sur saumon grill\u00e9.<\/li>\n<li class=\"TrT0Xe\">Arroser l&#039;int\u00e9rieur d&#039;un sandwich au fromage grill\u00e9<\/li>\n<li class=\"TrT0Xe\">Utiliser pour caram\u00e9liser des oignons ou des l\u00e9gumes<\/li>\n<li class=\"TrT0Xe\">Arrosez-le sur du pain de ma\u00efs.<\/li>\n<li class=\"TrT0Xe\">Secouez-le dans un cocktail.<\/li>\n<li class=\"TrT0Xe\">Sur des l\u00e9gumes grill\u00e9s.<\/li>\n<li class=\"TrT0Xe\">Sur des grillades de poulet.<\/li>\n<li class=\"TrT0Xe\">Aromatisez un saut\u00e9.<\/li>\n<li class=\"TrT0Xe\">\u00c9gayez le granola.<\/li>\n<li class=\"TrT0Xe\">Sur fromage Brie cuit au four<\/li>\n<li class=\"TrT0Xe\">M\u00e9langer avec Mayo pour des sandwichs ou une trempette<\/li>\n<li class=\"TrT0Xe\">M\u00e9langer avec de la moutarde pour des sandwichs ou une trempette<\/li>\n<li class=\"TrT0Xe\">Sur porc effiloch\u00e9 ou porc grill\u00e9<\/li>\n<li class=\"TrT0Xe\">Sur glace<\/li>\n<li class=\"TrT0Xe\">Sur yaourt grec<\/li>\n<li class=\"TrT0Xe\">Les possibilit\u00e9s sont infinies<\/li>\n<\/ul>","protected":false},"excerpt":{"rendered":"<p>Zo\u00eb Hot Honey \u2013 Sweet Heat in Every Drizzle Indulge in the perfect blend of sweetness and&#8230;<\/p>","protected":false},"featured_media":1319,"comment_status":"open","ping_status":"closed","template":"","meta":[],"etheme_brands":[{"term_id":92,"name":"Zo\u00eb","slug":"zoe","term_group":0,"term_taxonomy_id":92,"taxonomy":"brand","description":"","parent":0,"count":122,"filter":"raw"}],"product_brand":[],"product_cat":[111,88],"product_tag":[],"class_list":{"0":"post-1317","1":"product","2":"type-product","3":"status-publish","4":"has-post-thumbnail","6":"brand-zoe","7":"product_cat-all-products","8":"product_cat-hot-sauces-honey","10":"first","11":"instock","12":"shipping-taxable","13":"purchasable","14":"product-type-simple"},"yoast_head":"<!-- This site is optimized with the Yoast SEO plugin v27.4 - https:\/\/yoast.com\/product\/yoast-seo-wordpress\/ -->\n<title>Zo\u00eb Hot Honey \/ Honey with a slick kick of spiciness - Zo\u00eb Olive Oil Montreal Quebec Canada<\/title>\n<meta name=\"robots\" content=\"index, follow, max-snippet:-1, max-image-preview:large, max-video-preview:-1\" \/>\n<link rel=\"canonical\" href=\"https:\/\/www.zoeoliveoil.com\/fr\/produit\/zoe-hot-honey-honey-with-a-slick-kick-of-spiciness\/\" \/>\n<meta property=\"og:locale\" content=\"fr_CA\" \/>\n<meta property=\"og:type\" content=\"article\" \/>\n<meta property=\"og:title\" content=\"Zo\u00eb Hot Honey \/ Honey with a slick kick of spiciness - Zo\u00eb Olive Oil Montreal Quebec Canada\" \/>\n<meta property=\"og:description\" content=\"Zo\u00eb Hot Honey \u2013 Sweet Heat in Every Drizzle Indulge in the perfect blend of sweetness and...\" \/>\n<meta property=\"og:url\" content=\"https:\/\/www.zoeoliveoil.com\/fr\/produit\/zoe-hot-honey-honey-with-a-slick-kick-of-spiciness\/\" \/>\n<meta property=\"og:site_name\" content=\"Zo\u00eb Olive Oil Montreal Quebec Canada\" \/>\n<meta property=\"article:publisher\" content=\"https:\/\/www.facebook.com\/zoeoliveoil\/\" \/>\n<meta property=\"article:modified_time\" content=\"2026-04-19T19:12:42+00:00\" \/>\n<meta property=\"og:image\" content=\"https:\/\/www.zoeoliveoil.com\/wp-content\/uploads\/2023\/04\/custom_resized_62ac0bfe-20f1-4c7a-b503-52ab80d1c13e_590x.webp\" \/>\n\t<meta property=\"og:image:width\" content=\"590\" \/>\n\t<meta property=\"og:image:height\" content=\"624\" \/>\n\t<meta property=\"og:image:type\" content=\"image\/webp\" \/>\n<meta name=\"twitter:card\" content=\"summary_large_image\" \/>\n<meta name=\"twitter:site\" content=\"@zoeoliveoil\" \/>\n<meta name=\"twitter:label1\" content=\"Estimation du temps de lecture\" \/>\n\t<meta name=\"twitter:data1\" content=\"4 minutes\" \/>\n<script type=\"application\/ld+json\" class=\"yoast-schema-graph\">{\"@context\":\"https:\\\/\\\/schema.org\",\"@graph\":[{\"@type\":\"WebPage\",\"@id\":\"https:\\\/\\\/www.zoeoliveoil.com\\\/product\\\/zoe-hot-honey-honey-with-a-slick-kick-of-spiciness\\\/\",\"url\":\"https:\\\/\\\/www.zoeoliveoil.com\\\/product\\\/zoe-hot-honey-honey-with-a-slick-kick-of-spiciness\\\/\",\"name\":\"Zo\u00eb Hot Honey \\\/ Honey with a slick kick of spiciness - Zo\u00eb Olive Oil Montreal Quebec Canada\",\"isPartOf\":{\"@id\":\"https:\\\/\\\/www.zoeoliveoil.com\\\/#website\"},\"primaryImageOfPage\":{\"@id\":\"https:\\\/\\\/www.zoeoliveoil.com\\\/product\\\/zoe-hot-honey-honey-with-a-slick-kick-of-spiciness\\\/#primaryimage\"},\"image\":{\"@id\":\"https:\\\/\\\/www.zoeoliveoil.com\\\/product\\\/zoe-hot-honey-honey-with-a-slick-kick-of-spiciness\\\/#primaryimage\"},\"thumbnailUrl\":\"https:\\\/\\\/www.zoeoliveoil.com\\\/wp-content\\\/uploads\\\/2023\\\/04\\\/custom_resized_62ac0bfe-20f1-4c7a-b503-52ab80d1c13e_590x.webp\",\"datePublished\":\"2023-04-17T21:45:39+00:00\",\"dateModified\":\"2026-04-19T19:12:42+00:00\",\"breadcrumb\":{\"@id\":\"https:\\\/\\\/www.zoeoliveoil.com\\\/product\\\/zoe-hot-honey-honey-with-a-slick-kick-of-spiciness\\\/#breadcrumb\"},\"inLanguage\":\"fr-CA\",\"potentialAction\":[{\"@type\":\"ReadAction\",\"target\":[\"https:\\\/\\\/www.zoeoliveoil.com\\\/product\\\/zoe-hot-honey-honey-with-a-slick-kick-of-spiciness\\\/\"]}]},{\"@type\":\"ImageObject\",\"inLanguage\":\"fr-CA\",\"@id\":\"https:\\\/\\\/www.zoeoliveoil.com\\\/product\\\/zoe-hot-honey-honey-with-a-slick-kick-of-spiciness\\\/#primaryimage\",\"url\":\"https:\\\/\\\/www.zoeoliveoil.com\\\/wp-content\\\/uploads\\\/2023\\\/04\\\/custom_resized_62ac0bfe-20f1-4c7a-b503-52ab80d1c13e_590x.webp\",\"contentUrl\":\"https:\\\/\\\/www.zoeoliveoil.com\\\/wp-content\\\/uploads\\\/2023\\\/04\\\/custom_resized_62ac0bfe-20f1-4c7a-b503-52ab80d1c13e_590x.webp\",\"width\":590,\"height\":624},{\"@type\":\"BreadcrumbList\",\"@id\":\"https:\\\/\\\/www.zoeoliveoil.com\\\/product\\\/zoe-hot-honey-honey-with-a-slick-kick-of-spiciness\\\/#breadcrumb\",\"itemListElement\":[{\"@type\":\"ListItem\",\"position\":1,\"name\":\"Home\",\"item\":\"https:\\\/\\\/www.zoeoliveoil.com\\\/\"},{\"@type\":\"ListItem\",\"position\":2,\"name\":\"Shop\",\"item\":\"https:\\\/\\\/www.zoeoliveoil.com\\\/shop\\\/\"},{\"@type\":\"ListItem\",\"position\":3,\"name\":\"Zo\u00eb Hot Honey \\\/ Honey with a slick kick of spiciness\"}]},{\"@type\":\"WebSite\",\"@id\":\"https:\\\/\\\/www.zoeoliveoil.com\\\/#website\",\"url\":\"https:\\\/\\\/www.zoeoliveoil.com\\\/\",\"name\":\"Zo\u00eb Olive Oil Montreal Quebec Canada\",\"description\":\"\",\"publisher\":{\"@id\":\"https:\\\/\\\/www.zoeoliveoil.com\\\/#organization\"},\"potentialAction\":[{\"@type\":\"SearchAction\",\"target\":{\"@type\":\"EntryPoint\",\"urlTemplate\":\"https:\\\/\\\/www.zoeoliveoil.com\\\/?s={search_term_string}\"},\"query-input\":{\"@type\":\"PropertyValueSpecification\",\"valueRequired\":true,\"valueName\":\"search_term_string\"}}],\"inLanguage\":\"fr-CA\"},{\"@type\":\"Organization\",\"@id\":\"https:\\\/\\\/www.zoeoliveoil.com\\\/#organization\",\"name\":\"Zo\u00eb Olive Oil Montreal Quebec Canada\",\"url\":\"https:\\\/\\\/www.zoeoliveoil.com\\\/\",\"logo\":{\"@type\":\"ImageObject\",\"inLanguage\":\"fr-CA\",\"@id\":\"https:\\\/\\\/www.zoeoliveoil.com\\\/#\\\/schema\\\/logo\\\/image\\\/\",\"url\":\"https:\\\/\\\/www.zoeoliveoil.com\\\/wp-content\\\/uploads\\\/2023\\\/04\\\/Zoe-Logo__Black_165x.png\",\"contentUrl\":\"https:\\\/\\\/www.zoeoliveoil.com\\\/wp-content\\\/uploads\\\/2023\\\/04\\\/Zoe-Logo__Black_165x.png\",\"width\":165,\"height\":78,\"caption\":\"Zo\u00eb Olive Oil Montreal Quebec Canada\"},\"image\":{\"@id\":\"https:\\\/\\\/www.zoeoliveoil.com\\\/#\\\/schema\\\/logo\\\/image\\\/\"},\"sameAs\":[\"https:\\\/\\\/www.facebook.com\\\/zoeoliveoil\\\/\",\"https:\\\/\\\/x.com\\\/zoeoliveoil\",\"https:\\\/\\\/www.instagram.com\\\/zoeoliveoil\\\/?hl=en\",\"https:\\\/\\\/www.tiktok.com\\\/@zoeoliveoil\",\"https:\\\/\\\/www.pinterest.ca\\\/zoeoliveoil\\\/\"]}]}<\/script>\n<!-- \/ Yoast SEO plugin. -->","yoast_head_json":{"title":"Zo\u00eb Hot Honey \/ Honey with a slick kick of spiciness - Zo\u00eb Olive Oil Montreal Quebec Canada","robots":{"index":"index","follow":"follow","max-snippet":"max-snippet:-1","max-image-preview":"max-image-preview:large","max-video-preview":"max-video-preview:-1"},"canonical":"https:\/\/www.zoeoliveoil.com\/fr\/produit\/zoe-hot-honey-honey-with-a-slick-kick-of-spiciness\/","og_locale":"fr_CA","og_type":"article","og_title":"Zo\u00eb Hot Honey \/ Honey with a slick kick of spiciness - Zo\u00eb Olive Oil Montreal Quebec Canada","og_description":"Zo\u00eb Hot Honey \u2013 Sweet Heat in Every Drizzle Indulge in the perfect blend of sweetness and...","og_url":"https:\/\/www.zoeoliveoil.com\/fr\/produit\/zoe-hot-honey-honey-with-a-slick-kick-of-spiciness\/","og_site_name":"Zo\u00eb Olive Oil Montreal Quebec Canada","article_publisher":"https:\/\/www.facebook.com\/zoeoliveoil\/","article_modified_time":"2026-04-19T19:12:42+00:00","og_image":[{"width":590,"height":624,"url":"https:\/\/www.zoeoliveoil.com\/wp-content\/uploads\/2023\/04\/custom_resized_62ac0bfe-20f1-4c7a-b503-52ab80d1c13e_590x.webp","type":"image\/webp"}],"twitter_card":"summary_large_image","twitter_site":"@zoeoliveoil","twitter_misc":{"Estimation du temps de lecture":"4 minutes"},"schema":{"@context":"https:\/\/schema.org","@graph":[{"@type":"WebPage","@id":"https:\/\/www.zoeoliveoil.com\/product\/zoe-hot-honey-honey-with-a-slick-kick-of-spiciness\/","url":"https:\/\/www.zoeoliveoil.com\/product\/zoe-hot-honey-honey-with-a-slick-kick-of-spiciness\/","name":"Zo\u00eb Hot Honey \/ Honey with a slick kick of spiciness - Zo\u00eb Olive Oil Montreal Quebec Canada","isPartOf":{"@id":"https:\/\/www.zoeoliveoil.com\/#website"},"primaryImageOfPage":{"@id":"https:\/\/www.zoeoliveoil.com\/product\/zoe-hot-honey-honey-with-a-slick-kick-of-spiciness\/#primaryimage"},"image":{"@id":"https:\/\/www.zoeoliveoil.com\/product\/zoe-hot-honey-honey-with-a-slick-kick-of-spiciness\/#primaryimage"},"thumbnailUrl":"https:\/\/www.zoeoliveoil.com\/wp-content\/uploads\/2023\/04\/custom_resized_62ac0bfe-20f1-4c7a-b503-52ab80d1c13e_590x.webp","datePublished":"2023-04-17T21:45:39+00:00","dateModified":"2026-04-19T19:12:42+00:00","breadcrumb":{"@id":"https:\/\/www.zoeoliveoil.com\/product\/zoe-hot-honey-honey-with-a-slick-kick-of-spiciness\/#breadcrumb"},"inLanguage":"fr-CA","potentialAction":[{"@type":"ReadAction","target":["https:\/\/www.zoeoliveoil.com\/product\/zoe-hot-honey-honey-with-a-slick-kick-of-spiciness\/"]}]},{"@type":"ImageObject","inLanguage":"fr-CA","@id":"https:\/\/www.zoeoliveoil.com\/product\/zoe-hot-honey-honey-with-a-slick-kick-of-spiciness\/#primaryimage","url":"https:\/\/www.zoeoliveoil.com\/wp-content\/uploads\/2023\/04\/custom_resized_62ac0bfe-20f1-4c7a-b503-52ab80d1c13e_590x.webp","contentUrl":"https:\/\/www.zoeoliveoil.com\/wp-content\/uploads\/2023\/04\/custom_resized_62ac0bfe-20f1-4c7a-b503-52ab80d1c13e_590x.webp","width":590,"height":624},{"@type":"BreadcrumbList","@id":"https:\/\/www.zoeoliveoil.com\/product\/zoe-hot-honey-honey-with-a-slick-kick-of-spiciness\/#breadcrumb","itemListElement":[{"@type":"ListItem","position":1,"name":"Home","item":"https:\/\/www.zoeoliveoil.com\/"},{"@type":"ListItem","position":2,"name":"Shop","item":"https:\/\/www.zoeoliveoil.com\/shop\/"},{"@type":"ListItem","position":3,"name":"Zo\u00eb Hot Honey \/ Honey with a slick kick of spiciness"}]},{"@type":"WebSite","@id":"https:\/\/www.zoeoliveoil.com\/#website","url":"https:\/\/www.zoeoliveoil.com\/","name":"Zo\u00eb Huile d&#039;Olive Montr\u00e9al Qu\u00e9bec Canada","description":"","publisher":{"@id":"https:\/\/www.zoeoliveoil.com\/#organization"},"potentialAction":[{"@type":"SearchAction","target":{"@type":"EntryPoint","urlTemplate":"https:\/\/www.zoeoliveoil.com\/?s={search_term_string}"},"query-input":{"@type":"PropertyValueSpecification","valueRequired":true,"valueName":"search_term_string"}}],"inLanguage":"fr-CA"},{"@type":"Organization","@id":"https:\/\/www.zoeoliveoil.com\/#organization","name":"Zo\u00eb Huile d&#039;Olive Montr\u00e9al Qu\u00e9bec Canada","url":"https:\/\/www.zoeoliveoil.com\/","logo":{"@type":"ImageObject","inLanguage":"fr-CA","@id":"https:\/\/www.zoeoliveoil.com\/#\/schema\/logo\/image\/","url":"https:\/\/www.zoeoliveoil.com\/wp-content\/uploads\/2023\/04\/Zoe-Logo__Black_165x.png","contentUrl":"https:\/\/www.zoeoliveoil.com\/wp-content\/uploads\/2023\/04\/Zoe-Logo__Black_165x.png","width":165,"height":78,"caption":"Zo\u00eb Olive Oil Montreal Quebec Canada"},"image":{"@id":"https:\/\/www.zoeoliveoil.com\/#\/schema\/logo\/image\/"},"sameAs":["https:\/\/www.facebook.com\/zoeoliveoil\/","https:\/\/x.com\/zoeoliveoil","https:\/\/www.instagram.com\/zoeoliveoil\/?hl=en","https:\/\/www.tiktok.com\/@zoeoliveoil","https:\/\/www.pinterest.ca\/zoeoliveoil\/"]}]}},"jetpack_sharing_enabled":true,"_links":{"self":[{"href":"https:\/\/www.zoeoliveoil.com\/fr\/wp-json\/wp\/v2\/product\/1317","targetHints":{"allow":["GET"]}}],"collection":[{"href":"https:\/\/www.zoeoliveoil.com\/fr\/wp-json\/wp\/v2\/product"}],"about":[{"href":"https:\/\/www.zoeoliveoil.com\/fr\/wp-json\/wp\/v2\/types\/product"}],"replies":[{"embeddable":true,"href":"https:\/\/www.zoeoliveoil.com\/fr\/wp-json\/wp\/v2\/comments?post=1317"}],"version-history":[{"count":3,"href":"https:\/\/www.zoeoliveoil.com\/fr\/wp-json\/wp\/v2\/product\/1317\/revisions"}],"predecessor-version":[{"id":4138,"href":"https:\/\/www.zoeoliveoil.com\/fr\/wp-json\/wp\/v2\/product\/1317\/revisions\/4138"}],"wp:featuredmedia":[{"embeddable":true,"href":"https:\/\/www.zoeoliveoil.com\/fr\/wp-json\/wp\/v2\/media\/1319"}],"wp:attachment":[{"href":"https:\/\/www.zoeoliveoil.com\/fr\/wp-json\/wp\/v2\/media?parent=1317"}],"wp:term":[{"taxonomy":"brand","embeddable":true,"href":"https:\/\/www.zoeoliveoil.com\/fr\/wp-json\/wp\/v2\/etheme_brands?post=1317"},{"taxonomy":"product_brand","embeddable":true,"href":"https:\/\/www.zoeoliveoil.com\/fr\/wp-json\/wp\/v2\/product_brand?post=1317"},{"taxonomy":"product_cat","embeddable":true,"href":"https:\/\/www.zoeoliveoil.com\/fr\/wp-json\/wp\/v2\/product_cat?post=1317"},{"taxonomy":"product_tag","embeddable":true,"href":"https:\/\/www.zoeoliveoil.com\/fr\/wp-json\/wp\/v2\/product_tag?post=1317"}],"curies":[{"name":"wp","href":"https:\/\/api.w.org\/{rel}","templated":true}]}}