{"id":1321,"date":"2023-04-17T21:47:09","date_gmt":"2023-04-17T21:47:09","guid":{"rendered":"https:\/\/www.zoeoliveoil.com\/?post_type=product&#038;p=1321"},"modified":"2026-04-16T22:30:59","modified_gmt":"2026-04-16T22:30:59","slug":"sriracha-hot-sauce","status":"publish","type":"product","link":"https:\/\/www.zoeoliveoil.com\/fr\/produit\/sriracha-hot-sauce\/","title":{"rendered":"sauce piquante sriracha"},"content":{"rendered":"<p><strong>Sauce piquante Zo\u00eb Sriracha - Une touche grecque sur un classique.<\/strong><\/p>\n<p>D\u00e9couvrez la fusion parfaite de la tradition et de l'innovation avec la sauce piquante Zo\u00eb Sriracha. C\u00e9l\u00e8bre pour sa saveur riche et audacieuse et sa chaleur unique, cette sauce est \u00e9labor\u00e9e \u00e0 partir d'une recette asiatique traditionnelle, mais avec une touche distinctive. Produite en Gr\u00e8ce \u00e0 partir d'ingr\u00e9dients frais et cueillis \u00e0 la main, la sauce Zo\u00eb Sriracha apporte du piquant comme seule Zo\u00eb peut le faire : authentique, fra\u00eeche et pleine de saveur. Infus\u00e9e avec des notes subtiles de <strong>gingembre<\/strong>Avec l'ajout d'une couche de complexit\u00e9 suppl\u00e9mentaire, cette sauce se d\u00e9marque des autres.<\/p>\n<h3><strong>Qu'est-ce qui rend la sauce piquante Zo\u00eb Sriracha sp\u00e9ciale ?<\/strong><\/h3>\n<p>La sauce Sriracha de Zo\u00eb reprend le classique asiatique bien-aim\u00e9 et le r\u00e9imagine avec les meilleurs ingr\u00e9dients provenant directement de Gr\u00e8ce. Les piments utilis\u00e9s dans notre sriracha sont tri\u00e9s sur le volet pour une fra\u00eecheur et une qualit\u00e9 optimales, ce qui garantit que chaque bouteille regorge de saveurs intenses. Outre l'\u00e9quilibre parfait entre la chaleur, l'ail et la douceur, notre sriracha pr\u00e9sente un soup\u00e7on subtil d'\u00e9pices. <strong>gingembre<\/strong>qui ajoute une touche de chaleur et de profondeur aromatique, \u00e9levant le profil de saveur \u00e0 de nouveaux sommets. Cette combinaison minutieuse d'ingr\u00e9dients donne une sauce piquante qui est non seulement savoureuse, mais aussi complexe et rafra\u00eechissante.<\/p>\n<p>Contrairement \u00e0 de nombreuses sauces sriracha sur le march\u00e9, Zo\u00eb Sriracha est fabriqu\u00e9e avec un engagement de qualit\u00e9, en utilisant uniquement des ingr\u00e9dients frais et locaux et une recette traditionnelle transmise de g\u00e9n\u00e9ration en g\u00e9n\u00e9ration. Ce processus permet d'obtenir une sauce piquante pleine de profondeur, riche en saveurs et d'une authenticit\u00e9 grecque incomparable.<\/p>\n<h3><strong>Une touche unique : fabriqu\u00e9 en Gr\u00e8ce<\/strong><\/h3>\n<p>Si la sauce piquante Sriracha trouve ses racines dans la cuisine asiatique, la version Zo\u00eb's se distingue par le fait qu'elle est produite en Gr\u00e8ce. La combinaison des piments frais et locaux du pays avec la recette asiatique traditionnelle donne \u00e0 cette sauce une saveur distinctive et unique que l'on ne trouve que dans la sauce Sriracha Hot Sauce de Zo\u00eb. L'ajout de <strong>gingembre<\/strong> renforce sa profondeur, offrant un savoureux \u00e9quilibre entre chaleur et \u00e9pices aromatiques. Ce m\u00e9lange de cultures et d'ingr\u00e9dients fait de notre version de la sriracha un produit unique, offrant une alternative fra\u00eeche et de haute qualit\u00e9 aux sauces piquantes standard.<\/p>\n<h3><strong>Recommandations d'accords :<\/strong><\/h3>\n<p>La polyvalence de la sauce Sriracha de Zo\u00eb en fait un compl\u00e9ment id\u00e9al \u00e0 une grande vari\u00e9t\u00e9 de plats. Voici quelques id\u00e9es pour agr\u00e9menter vos repas de son piquant audacieux, aill\u00e9 et l\u00e9g\u00e8rement gingembre :<\/p>\n<ul>\n<li><strong>Plats d'inspiration asiatique<\/strong> - Utilisez-le comme garniture pour les saut\u00e9s, les bols de nouilles ou les boulettes pour ajouter une touche de saveur et d'\u00e9pices.<\/li>\n<li><strong>Viandes grill\u00e9es<\/strong> - C'est la marinade ou la sauce de finition parfaite pour le poulet, le porc ou le b\u0153uf grill\u00e9, ajoutant une irr\u00e9sistible chaleur savoureuse avec un soup\u00e7on de gingembre.<\/li>\n<li><strong>Tacos et burritos<\/strong> - Relevez vos tacos, burritos ou quesadillas avec la sauce piquante \u00e0 l'ail et au gingembre de Zo\u00eb Sriracha pour un repas inoubliable.<\/li>\n<li><strong>\u0152ufs<\/strong> - Ajoutez quelques gouttes aux \u0153ufs brouill\u00e9s, aux omelettes ou aux \u0153ufs au plat pour un petit-d\u00e9jeuner audacieux et savoureux.<\/li>\n<li><strong>Pizza et burgers<\/strong> - Donnez \u00e0 votre pizza ou \u00e0 vos hamburgers un coup de fouet piquant avec un filet de Zo\u00eb Sriracha sur le dessus.<\/li>\n<li><strong>Trempettes et sauces<\/strong> - M\u00e9langez-la \u00e0 de la mayonnaise, du ranch ou de l'a\u00efoli pour cr\u00e9er une sauce \u00e9pic\u00e9e pour les frites, les rondelles d'oignon ou les aliments frits.<\/li>\n<\/ul>\n<h3><strong>Pourquoi choisir la sauce piquante Zo\u00eb Sriracha ?<\/strong><\/h3>\n<p>La sauce piquante Zo\u00eb Sriracha offre une combinaison rare de saveurs asiatiques traditionnelles avec la fra\u00eecheur et l'authenticit\u00e9 d'ingr\u00e9dients cultiv\u00e9s en Gr\u00e8ce. Fabriqu\u00e9e selon une recette ancestrale, cette sauce offre une saveur riche, aill\u00e9e et \u00e9pic\u00e9e, avec un soup\u00e7on subtil de gingembre, qui se distingue des autres sauces piquantes. Le fait qu'elle soit produite en Gr\u00e8ce avec des ingr\u00e9dients frais tri\u00e9s sur le volet en fait un choix unique et de premier ordre pour ceux qui veulent d\u00e9couvrir la sriracha sous son meilleur jour.<\/p>\n<p>Que vous soyez un aficionado de la sriracha ou que vous d\u00e9couvriez cette sauce embl\u00e9matique, Zo\u00eb Sriracha deviendra certainement votre choix pour ajouter une saveur audacieuse, du piquant et une touche de gingembre \u00e0 n'importe quel repas.<\/p>\n<h3><strong>Commandez votre sauce piquante Zo\u00eb Sriracha d\u00e8s aujourd'hui !<\/strong><\/h3>\n<p>Pr\u00eat \u00e0 rehausser vos repas d'un piquant audacieux et aill\u00e9 et d'une touche de gingembre ? Commandez d\u00e8s aujourd'hui votre bouteille de sauce piquante Zo\u00eb Sriracha et d\u00e9couvrez la diff\u00e9rence que peuvent faire des ingr\u00e9dients frais, tri\u00e9s sur le volet, et une recette asiatique traditionnelle. Parfaite pour les amateurs d'\u00e9pices et ceux qui recherchent une version unique d'un classique, cette sauce deviendra rapidement l'une des pr\u00e9f\u00e9r\u00e9es de la cuisine.<\/p>\n<p><strong>Suggestions d&#039;accord\u00a0:\u00a0<\/strong><\/p>\n<ul class=\"i8Z77e\">\n<li class=\"TrT0Xe\">Sur poulet frit.<\/li>\n<li class=\"TrT0Xe\">Sur saumon grill\u00e9 et poisson grill\u00e9.<\/li>\n<li class=\"TrT0Xe\">\u00c0 utiliser dans ou sur vos plats asiatiques pr\u00e9f\u00e9r\u00e9s.<\/li>\n<li class=\"TrT0Xe\">Au dessus des oeufs<\/li>\n<li class=\"TrT0Xe\">Dans des sandwichs au fromage grill\u00e9<\/li>\n<li class=\"TrT0Xe\">Sur les pizzas et les p\u00e2tes<\/li>\n<li class=\"TrT0Xe\">Aux hu\u00eetres &amp; fruits de mer<\/li>\n<li class=\"TrT0Xe\">Arrosez-le sur du pain de ma\u00efs.<\/li>\n<li class=\"TrT0Xe\">Sur des l\u00e9gumes grill\u00e9s.<\/li>\n<li class=\"TrT0Xe\">Sur des grillades de poulet.<\/li>\n<li class=\"TrT0Xe\">Aromatisez un saut\u00e9.<\/li>\n<li class=\"TrT0Xe\">M\u00e9langer avec de la mayonnaise ou de la moutarde pour les sandwichs ou comme trempette.<\/li>\n<li class=\"TrT0Xe\">M\u00e9langer avec de la cr\u00e8me sure comme trempette.<\/li>\n<li class=\"TrT0Xe\">Sur du porc effiloch\u00e9 ou du porc grill\u00e9.<\/li>\n<li class=\"TrT0Xe\">Utilisez votre imagination, les possibilit\u00e9s sont infinies.<\/li>\n<\/ul>","protected":false},"excerpt":{"rendered":"<p>Zo\u00eb Sriracha Hot Sauce \u2013 A Greek Twist on a Classic Favorite. Experience the perfect fusion of&#8230;<\/p>","protected":false},"featured_media":1323,"comment_status":"open","ping_status":"closed","template":"","meta":[],"etheme_brands":[{"term_id":92,"name":"Zo\u00eb","slug":"zoe","term_group":0,"term_taxonomy_id":92,"taxonomy":"brand","description":"","parent":0,"count":122,"filter":"raw"}],"product_brand":[],"product_cat":[111,88],"product_tag":[],"class_list":{"0":"post-1321","1":"product","2":"type-product","3":"status-publish","4":"has-post-thumbnail","6":"brand-zoe","7":"product_cat-all-products","8":"product_cat-hot-sauces-honey","10":"first","11":"instock","12":"shipping-taxable","13":"purchasable","14":"product-type-variable"},"yoast_head":"<!-- This site is optimized with the Yoast SEO plugin v27.4 - https:\/\/yoast.com\/product\/yoast-seo-wordpress\/ -->\n<title>Sriracha hot sauce - Zo\u00eb Olive Oil Montreal Quebec Canada<\/title>\n<meta name=\"robots\" content=\"index, follow, max-snippet:-1, max-image-preview:large, max-video-preview:-1\" \/>\n<link rel=\"canonical\" href=\"https:\/\/www.zoeoliveoil.com\/fr\/produit\/sriracha-hot-sauce\/\" \/>\n<meta property=\"og:locale\" content=\"fr_CA\" \/>\n<meta property=\"og:type\" content=\"article\" \/>\n<meta property=\"og:title\" content=\"Sriracha hot sauce - Zo\u00eb Olive Oil Montreal Quebec Canada\" \/>\n<meta property=\"og:description\" content=\"Zo\u00eb Sriracha Hot Sauce \u2013 A Greek Twist on a Classic Favorite. Experience the perfect fusion of...\" \/>\n<meta property=\"og:url\" content=\"https:\/\/www.zoeoliveoil.com\/fr\/produit\/sriracha-hot-sauce\/\" \/>\n<meta property=\"og:site_name\" content=\"Zo\u00eb Olive Oil Montreal Quebec Canada\" \/>\n<meta property=\"article:publisher\" content=\"https:\/\/www.facebook.com\/zoeoliveoil\/\" \/>\n<meta property=\"article:modified_time\" content=\"2026-04-16T22:30:59+00:00\" \/>\n<meta property=\"og:image\" content=\"https:\/\/www.zoeoliveoil.com\/wp-content\/uploads\/2023\/04\/Zoe_NewProducts-2_590x.webp\" \/>\n\t<meta property=\"og:image:width\" content=\"590\" \/>\n\t<meta property=\"og:image:height\" content=\"590\" \/>\n\t<meta property=\"og:image:type\" content=\"image\/webp\" \/>\n<meta name=\"twitter:card\" content=\"summary_large_image\" \/>\n<meta name=\"twitter:site\" content=\"@zoeoliveoil\" \/>\n<meta name=\"twitter:label1\" content=\"Estimation du temps de lecture\" \/>\n\t<meta name=\"twitter:data1\" content=\"4 minutes\" \/>\n<script type=\"application\/ld+json\" class=\"yoast-schema-graph\">{\"@context\":\"https:\\\/\\\/schema.org\",\"@graph\":[{\"@type\":\"WebPage\",\"@id\":\"https:\\\/\\\/www.zoeoliveoil.com\\\/product\\\/sriracha-hot-sauce\\\/\",\"url\":\"https:\\\/\\\/www.zoeoliveoil.com\\\/product\\\/sriracha-hot-sauce\\\/\",\"name\":\"Sriracha hot sauce - Zo\u00eb Olive Oil Montreal Quebec Canada\",\"isPartOf\":{\"@id\":\"https:\\\/\\\/www.zoeoliveoil.com\\\/#website\"},\"primaryImageOfPage\":{\"@id\":\"https:\\\/\\\/www.zoeoliveoil.com\\\/product\\\/sriracha-hot-sauce\\\/#primaryimage\"},\"image\":{\"@id\":\"https:\\\/\\\/www.zoeoliveoil.com\\\/product\\\/sriracha-hot-sauce\\\/#primaryimage\"},\"thumbnailUrl\":\"https:\\\/\\\/www.zoeoliveoil.com\\\/wp-content\\\/uploads\\\/2023\\\/04\\\/Zoe_NewProducts-2_590x.webp\",\"datePublished\":\"2023-04-17T21:47:09+00:00\",\"dateModified\":\"2026-04-16T22:30:59+00:00\",\"breadcrumb\":{\"@id\":\"https:\\\/\\\/www.zoeoliveoil.com\\\/product\\\/sriracha-hot-sauce\\\/#breadcrumb\"},\"inLanguage\":\"fr-CA\",\"potentialAction\":[{\"@type\":\"ReadAction\",\"target\":[\"https:\\\/\\\/www.zoeoliveoil.com\\\/product\\\/sriracha-hot-sauce\\\/\"]}]},{\"@type\":\"ImageObject\",\"inLanguage\":\"fr-CA\",\"@id\":\"https:\\\/\\\/www.zoeoliveoil.com\\\/product\\\/sriracha-hot-sauce\\\/#primaryimage\",\"url\":\"https:\\\/\\\/www.zoeoliveoil.com\\\/wp-content\\\/uploads\\\/2023\\\/04\\\/Zoe_NewProducts-2_590x.webp\",\"contentUrl\":\"https:\\\/\\\/www.zoeoliveoil.com\\\/wp-content\\\/uploads\\\/2023\\\/04\\\/Zoe_NewProducts-2_590x.webp\",\"width\":590,\"height\":590},{\"@type\":\"BreadcrumbList\",\"@id\":\"https:\\\/\\\/www.zoeoliveoil.com\\\/product\\\/sriracha-hot-sauce\\\/#breadcrumb\",\"itemListElement\":[{\"@type\":\"ListItem\",\"position\":1,\"name\":\"Home\",\"item\":\"https:\\\/\\\/www.zoeoliveoil.com\\\/\"},{\"@type\":\"ListItem\",\"position\":2,\"name\":\"Shop\",\"item\":\"https:\\\/\\\/www.zoeoliveoil.com\\\/shop\\\/\"},{\"@type\":\"ListItem\",\"position\":3,\"name\":\"Sriracha hot sauce\"}]},{\"@type\":\"WebSite\",\"@id\":\"https:\\\/\\\/www.zoeoliveoil.com\\\/#website\",\"url\":\"https:\\\/\\\/www.zoeoliveoil.com\\\/\",\"name\":\"Zo\u00eb Olive Oil Montreal Quebec Canada\",\"description\":\"\",\"publisher\":{\"@id\":\"https:\\\/\\\/www.zoeoliveoil.com\\\/#organization\"},\"potentialAction\":[{\"@type\":\"SearchAction\",\"target\":{\"@type\":\"EntryPoint\",\"urlTemplate\":\"https:\\\/\\\/www.zoeoliveoil.com\\\/?s={search_term_string}\"},\"query-input\":{\"@type\":\"PropertyValueSpecification\",\"valueRequired\":true,\"valueName\":\"search_term_string\"}}],\"inLanguage\":\"fr-CA\"},{\"@type\":\"Organization\",\"@id\":\"https:\\\/\\\/www.zoeoliveoil.com\\\/#organization\",\"name\":\"Zo\u00eb Olive Oil Montreal Quebec Canada\",\"url\":\"https:\\\/\\\/www.zoeoliveoil.com\\\/\",\"logo\":{\"@type\":\"ImageObject\",\"inLanguage\":\"fr-CA\",\"@id\":\"https:\\\/\\\/www.zoeoliveoil.com\\\/#\\\/schema\\\/logo\\\/image\\\/\",\"url\":\"https:\\\/\\\/www.zoeoliveoil.com\\\/wp-content\\\/uploads\\\/2023\\\/04\\\/Zoe-Logo__Black_165x.png\",\"contentUrl\":\"https:\\\/\\\/www.zoeoliveoil.com\\\/wp-content\\\/uploads\\\/2023\\\/04\\\/Zoe-Logo__Black_165x.png\",\"width\":165,\"height\":78,\"caption\":\"Zo\u00eb Olive Oil Montreal Quebec Canada\"},\"image\":{\"@id\":\"https:\\\/\\\/www.zoeoliveoil.com\\\/#\\\/schema\\\/logo\\\/image\\\/\"},\"sameAs\":[\"https:\\\/\\\/www.facebook.com\\\/zoeoliveoil\\\/\",\"https:\\\/\\\/x.com\\\/zoeoliveoil\",\"https:\\\/\\\/www.instagram.com\\\/zoeoliveoil\\\/?hl=en\",\"https:\\\/\\\/www.tiktok.com\\\/@zoeoliveoil\",\"https:\\\/\\\/www.pinterest.ca\\\/zoeoliveoil\\\/\"]}]}<\/script>\n<!-- \/ Yoast SEO plugin. -->","yoast_head_json":{"title":"Sriracha hot sauce - Zo\u00eb Olive Oil Montreal Quebec Canada","robots":{"index":"index","follow":"follow","max-snippet":"max-snippet:-1","max-image-preview":"max-image-preview:large","max-video-preview":"max-video-preview:-1"},"canonical":"https:\/\/www.zoeoliveoil.com\/fr\/produit\/sriracha-hot-sauce\/","og_locale":"fr_CA","og_type":"article","og_title":"Sriracha hot sauce - Zo\u00eb Olive Oil Montreal Quebec Canada","og_description":"Zo\u00eb Sriracha Hot Sauce \u2013 A Greek Twist on a Classic Favorite. Experience the perfect fusion of...","og_url":"https:\/\/www.zoeoliveoil.com\/fr\/produit\/sriracha-hot-sauce\/","og_site_name":"Zo\u00eb Olive Oil Montreal Quebec Canada","article_publisher":"https:\/\/www.facebook.com\/zoeoliveoil\/","article_modified_time":"2026-04-16T22:30:59+00:00","og_image":[{"width":590,"height":590,"url":"https:\/\/www.zoeoliveoil.com\/wp-content\/uploads\/2023\/04\/Zoe_NewProducts-2_590x.webp","type":"image\/webp"}],"twitter_card":"summary_large_image","twitter_site":"@zoeoliveoil","twitter_misc":{"Estimation du temps de lecture":"4 minutes"},"schema":{"@context":"https:\/\/schema.org","@graph":[{"@type":"WebPage","@id":"https:\/\/www.zoeoliveoil.com\/product\/sriracha-hot-sauce\/","url":"https:\/\/www.zoeoliveoil.com\/product\/sriracha-hot-sauce\/","name":"Sriracha hot sauce - Zo\u00eb Olive Oil Montreal Quebec Canada","isPartOf":{"@id":"https:\/\/www.zoeoliveoil.com\/#website"},"primaryImageOfPage":{"@id":"https:\/\/www.zoeoliveoil.com\/product\/sriracha-hot-sauce\/#primaryimage"},"image":{"@id":"https:\/\/www.zoeoliveoil.com\/product\/sriracha-hot-sauce\/#primaryimage"},"thumbnailUrl":"https:\/\/www.zoeoliveoil.com\/wp-content\/uploads\/2023\/04\/Zoe_NewProducts-2_590x.webp","datePublished":"2023-04-17T21:47:09+00:00","dateModified":"2026-04-16T22:30:59+00:00","breadcrumb":{"@id":"https:\/\/www.zoeoliveoil.com\/product\/sriracha-hot-sauce\/#breadcrumb"},"inLanguage":"fr-CA","potentialAction":[{"@type":"ReadAction","target":["https:\/\/www.zoeoliveoil.com\/product\/sriracha-hot-sauce\/"]}]},{"@type":"ImageObject","inLanguage":"fr-CA","@id":"https:\/\/www.zoeoliveoil.com\/product\/sriracha-hot-sauce\/#primaryimage","url":"https:\/\/www.zoeoliveoil.com\/wp-content\/uploads\/2023\/04\/Zoe_NewProducts-2_590x.webp","contentUrl":"https:\/\/www.zoeoliveoil.com\/wp-content\/uploads\/2023\/04\/Zoe_NewProducts-2_590x.webp","width":590,"height":590},{"@type":"BreadcrumbList","@id":"https:\/\/www.zoeoliveoil.com\/product\/sriracha-hot-sauce\/#breadcrumb","itemListElement":[{"@type":"ListItem","position":1,"name":"Home","item":"https:\/\/www.zoeoliveoil.com\/"},{"@type":"ListItem","position":2,"name":"Shop","item":"https:\/\/www.zoeoliveoil.com\/shop\/"},{"@type":"ListItem","position":3,"name":"Sriracha hot sauce"}]},{"@type":"WebSite","@id":"https:\/\/www.zoeoliveoil.com\/#website","url":"https:\/\/www.zoeoliveoil.com\/","name":"Zo\u00eb Huile d&#039;Olive Montr\u00e9al Qu\u00e9bec Canada","description":"","publisher":{"@id":"https:\/\/www.zoeoliveoil.com\/#organization"},"potentialAction":[{"@type":"SearchAction","target":{"@type":"EntryPoint","urlTemplate":"https:\/\/www.zoeoliveoil.com\/?s={search_term_string}"},"query-input":{"@type":"PropertyValueSpecification","valueRequired":true,"valueName":"search_term_string"}}],"inLanguage":"fr-CA"},{"@type":"Organization","@id":"https:\/\/www.zoeoliveoil.com\/#organization","name":"Zo\u00eb Huile d&#039;Olive Montr\u00e9al Qu\u00e9bec Canada","url":"https:\/\/www.zoeoliveoil.com\/","logo":{"@type":"ImageObject","inLanguage":"fr-CA","@id":"https:\/\/www.zoeoliveoil.com\/#\/schema\/logo\/image\/","url":"https:\/\/www.zoeoliveoil.com\/wp-content\/uploads\/2023\/04\/Zoe-Logo__Black_165x.png","contentUrl":"https:\/\/www.zoeoliveoil.com\/wp-content\/uploads\/2023\/04\/Zoe-Logo__Black_165x.png","width":165,"height":78,"caption":"Zo\u00eb Olive Oil Montreal Quebec Canada"},"image":{"@id":"https:\/\/www.zoeoliveoil.com\/#\/schema\/logo\/image\/"},"sameAs":["https:\/\/www.facebook.com\/zoeoliveoil\/","https:\/\/x.com\/zoeoliveoil","https:\/\/www.instagram.com\/zoeoliveoil\/?hl=en","https:\/\/www.tiktok.com\/@zoeoliveoil","https:\/\/www.pinterest.ca\/zoeoliveoil\/"]}]}},"jetpack_sharing_enabled":true,"_links":{"self":[{"href":"https:\/\/www.zoeoliveoil.com\/fr\/wp-json\/wp\/v2\/product\/1321","targetHints":{"allow":["GET"]}}],"collection":[{"href":"https:\/\/www.zoeoliveoil.com\/fr\/wp-json\/wp\/v2\/product"}],"about":[{"href":"https:\/\/www.zoeoliveoil.com\/fr\/wp-json\/wp\/v2\/types\/product"}],"replies":[{"embeddable":true,"href":"https:\/\/www.zoeoliveoil.com\/fr\/wp-json\/wp\/v2\/comments?post=1321"}],"version-history":[{"count":3,"href":"https:\/\/www.zoeoliveoil.com\/fr\/wp-json\/wp\/v2\/product\/1321\/revisions"}],"predecessor-version":[{"id":4136,"href":"https:\/\/www.zoeoliveoil.com\/fr\/wp-json\/wp\/v2\/product\/1321\/revisions\/4136"}],"wp:featuredmedia":[{"embeddable":true,"href":"https:\/\/www.zoeoliveoil.com\/fr\/wp-json\/wp\/v2\/media\/1323"}],"wp:attachment":[{"href":"https:\/\/www.zoeoliveoil.com\/fr\/wp-json\/wp\/v2\/media?parent=1321"}],"wp:term":[{"taxonomy":"brand","embeddable":true,"href":"https:\/\/www.zoeoliveoil.com\/fr\/wp-json\/wp\/v2\/etheme_brands?post=1321"},{"taxonomy":"product_brand","embeddable":true,"href":"https:\/\/www.zoeoliveoil.com\/fr\/wp-json\/wp\/v2\/product_brand?post=1321"},{"taxonomy":"product_cat","embeddable":true,"href":"https:\/\/www.zoeoliveoil.com\/fr\/wp-json\/wp\/v2\/product_cat?post=1321"},{"taxonomy":"product_tag","embeddable":true,"href":"https:\/\/www.zoeoliveoil.com\/fr\/wp-json\/wp\/v2\/product_tag?post=1321"}],"curies":[{"name":"wp","href":"https:\/\/api.w.org\/{rel}","templated":true}]}}