{"id":1347,"date":"2023-04-17T21:54:24","date_gmt":"2023-04-17T21:54:24","guid":{"rendered":"https:\/\/www.zoeoliveoil.com\/?post_type=product&#038;p=1347"},"modified":"2024-01-10T21:29:42","modified_gmt":"2024-01-10T21:29:42","slug":"zoe-hot-sauces-with-4-bottle-caddy","status":"publish","type":"product","link":"https:\/\/www.zoeoliveoil.com\/fr\/produit\/zoe-hot-sauces-with-4-bottle-caddy\/","title":{"rendered":"Zo\u00eb porte-bouteille et 4 Sauces piquantes"},"content":{"rendered":"<p>Profitez de nos quatre incroyables sauces piquantes Zo\u00eb dans notre panier personnalis\u00e9 imprim\u00e9 en 3D. Notre kit Zo\u00eb Caddy contient 1 sauce piquante Sriracha, tropicale, Verde et Naga assis dans notre Caddy imprim\u00e9 en 3D et en bois. Ce kit facilite le service de toutes vos sauces piquantes Zo\u00eb pr\u00e9f\u00e9r\u00e9es. C&#039;est \u00e9galement le cadeau parfait pour les amateurs de sauce piquante.<\/p>","protected":false},"excerpt":{"rendered":"<p>Profitez de nos quatre incroyables sauces piquantes Zo\u00eb dans notre panier personnalis\u00e9 imprim\u00e9 en 3D. Notre kit Zo\u00eb Caddy contient 1 sauce piquante Sriracha, tropicale, Verde et Naga assis dans notre Caddy imprim\u00e9 en 3D et en bois. Ce kit facilite le service de toutes vos sauces piquantes Zo\u00eb pr\u00e9f\u00e9r\u00e9es. C&#039;est \u00e9galement le cadeau parfait pour les amateurs de sauce piquante.<\/p>","protected":false},"featured_media":1349,"comment_status":"open","ping_status":"closed","template":"","meta":[],"etheme_brands":[{"term_id":92,"name":"Zo\u00eb","slug":"zoe","term_group":0,"term_taxonomy_id":92,"taxonomy":"brand","description":"","parent":0,"count":122,"filter":"raw"}],"product_brand":[],"product_cat":[111,89,91,88],"product_tag":[],"class_list":{"0":"post-1347","1":"product","2":"type-product","3":"status-publish","4":"has-post-thumbnail","6":"brand-zoe","7":"product_cat-all-products","8":"product_cat-gift-sets","9":"product_cat-herbs-olives","10":"product_cat-hot-sauces-honey","12":"first","13":"instock","14":"shipping-taxable","15":"purchasable","16":"product-type-simple"},"yoast_head":"<!-- This site is optimized with the Yoast SEO plugin v27.4 - https:\/\/yoast.com\/product\/yoast-seo-wordpress\/ -->\n<title>Zo\u00eb Hot Sauces With 4 Bottle Caddy - Zo\u00eb Olive Oil Montreal Quebec Canada<\/title>\n<meta name=\"robots\" content=\"index, follow, max-snippet:-1, max-image-preview:large, max-video-preview:-1\" \/>\n<link rel=\"canonical\" href=\"https:\/\/www.zoeoliveoil.com\/fr\/produit\/zoe-hot-sauces-with-4-bottle-caddy\/\" \/>\n<meta property=\"og:locale\" content=\"fr_CA\" \/>\n<meta property=\"og:type\" content=\"article\" \/>\n<meta property=\"og:title\" content=\"Zo\u00eb Hot Sauces With 4 Bottle Caddy - Zo\u00eb Olive Oil Montreal Quebec Canada\" \/>\n<meta property=\"og:description\" content=\"Enjoy all four of our amazing\u00a0Zo\u00eb Hot sauces in our customized 3D printed caddy.\u00a0Our\u00a0Zo\u00eb\u00a0Caddy\u00a0kit contains 1 Sriracha, tropical, Verde and Naga hot sauce sitting in our 3D printed and wood Caddy. This kit makes it easy to serve all your\u00a0favorite\u00a0Zo\u00eb\u00a0Hot Sauces. It also makes the perfect gift for the Hot sauce enthusiast.\" \/>\n<meta property=\"og:url\" content=\"https:\/\/www.zoeoliveoil.com\/fr\/produit\/zoe-hot-sauces-with-4-bottle-caddy\/\" \/>\n<meta property=\"og:site_name\" content=\"Zo\u00eb Olive Oil Montreal Quebec Canada\" \/>\n<meta property=\"article:publisher\" content=\"https:\/\/www.facebook.com\/zoeoliveoil\/\" \/>\n<meta property=\"article:modified_time\" content=\"2024-01-10T21:29:42+00:00\" \/>\n<meta property=\"og:image\" content=\"https:\/\/www.zoeoliveoil.com\/wp-content\/uploads\/2023\/04\/PhotoRoom_20230102_103100_590x.webp\" \/>\n\t<meta property=\"og:image:width\" content=\"590\" \/>\n\t<meta property=\"og:image:height\" content=\"714\" \/>\n\t<meta property=\"og:image:type\" content=\"image\/webp\" \/>\n<meta name=\"twitter:card\" content=\"summary_large_image\" \/>\n<meta name=\"twitter:site\" content=\"@zoeoliveoil\" \/>\n<script type=\"application\/ld+json\" class=\"yoast-schema-graph\">{\"@context\":\"https:\\\/\\\/schema.org\",\"@graph\":[{\"@type\":\"WebPage\",\"@id\":\"https:\\\/\\\/www.zoeoliveoil.com\\\/product\\\/zoe-hot-sauces-with-4-bottle-caddy\\\/\",\"url\":\"https:\\\/\\\/www.zoeoliveoil.com\\\/product\\\/zoe-hot-sauces-with-4-bottle-caddy\\\/\",\"name\":\"Zo\u00eb Hot Sauces With 4 Bottle Caddy - Zo\u00eb Olive Oil Montreal Quebec Canada\",\"isPartOf\":{\"@id\":\"https:\\\/\\\/www.zoeoliveoil.com\\\/#website\"},\"primaryImageOfPage\":{\"@id\":\"https:\\\/\\\/www.zoeoliveoil.com\\\/product\\\/zoe-hot-sauces-with-4-bottle-caddy\\\/#primaryimage\"},\"image\":{\"@id\":\"https:\\\/\\\/www.zoeoliveoil.com\\\/product\\\/zoe-hot-sauces-with-4-bottle-caddy\\\/#primaryimage\"},\"thumbnailUrl\":\"https:\\\/\\\/www.zoeoliveoil.com\\\/wp-content\\\/uploads\\\/2023\\\/04\\\/PhotoRoom_20230102_103100_590x.webp\",\"datePublished\":\"2023-04-17T21:54:24+00:00\",\"dateModified\":\"2024-01-10T21:29:42+00:00\",\"breadcrumb\":{\"@id\":\"https:\\\/\\\/www.zoeoliveoil.com\\\/product\\\/zoe-hot-sauces-with-4-bottle-caddy\\\/#breadcrumb\"},\"inLanguage\":\"fr-CA\",\"potentialAction\":[{\"@type\":\"ReadAction\",\"target\":[\"https:\\\/\\\/www.zoeoliveoil.com\\\/product\\\/zoe-hot-sauces-with-4-bottle-caddy\\\/\"]}]},{\"@type\":\"ImageObject\",\"inLanguage\":\"fr-CA\",\"@id\":\"https:\\\/\\\/www.zoeoliveoil.com\\\/product\\\/zoe-hot-sauces-with-4-bottle-caddy\\\/#primaryimage\",\"url\":\"https:\\\/\\\/www.zoeoliveoil.com\\\/wp-content\\\/uploads\\\/2023\\\/04\\\/PhotoRoom_20230102_103100_590x.webp\",\"contentUrl\":\"https:\\\/\\\/www.zoeoliveoil.com\\\/wp-content\\\/uploads\\\/2023\\\/04\\\/PhotoRoom_20230102_103100_590x.webp\",\"width\":590,\"height\":714},{\"@type\":\"BreadcrumbList\",\"@id\":\"https:\\\/\\\/www.zoeoliveoil.com\\\/product\\\/zoe-hot-sauces-with-4-bottle-caddy\\\/#breadcrumb\",\"itemListElement\":[{\"@type\":\"ListItem\",\"position\":1,\"name\":\"Home\",\"item\":\"https:\\\/\\\/www.zoeoliveoil.com\\\/\"},{\"@type\":\"ListItem\",\"position\":2,\"name\":\"Shop\",\"item\":\"https:\\\/\\\/www.zoeoliveoil.com\\\/shop\\\/\"},{\"@type\":\"ListItem\",\"position\":3,\"name\":\"Zo\u00eb Hot Sauces With 4 Bottle Caddy\"}]},{\"@type\":\"WebSite\",\"@id\":\"https:\\\/\\\/www.zoeoliveoil.com\\\/#website\",\"url\":\"https:\\\/\\\/www.zoeoliveoil.com\\\/\",\"name\":\"Zo\u00eb Olive Oil Montreal Quebec Canada\",\"description\":\"\",\"publisher\":{\"@id\":\"https:\\\/\\\/www.zoeoliveoil.com\\\/#organization\"},\"potentialAction\":[{\"@type\":\"SearchAction\",\"target\":{\"@type\":\"EntryPoint\",\"urlTemplate\":\"https:\\\/\\\/www.zoeoliveoil.com\\\/?s={search_term_string}\"},\"query-input\":{\"@type\":\"PropertyValueSpecification\",\"valueRequired\":true,\"valueName\":\"search_term_string\"}}],\"inLanguage\":\"fr-CA\"},{\"@type\":\"Organization\",\"@id\":\"https:\\\/\\\/www.zoeoliveoil.com\\\/#organization\",\"name\":\"Zo\u00eb Olive Oil Montreal Quebec Canada\",\"url\":\"https:\\\/\\\/www.zoeoliveoil.com\\\/\",\"logo\":{\"@type\":\"ImageObject\",\"inLanguage\":\"fr-CA\",\"@id\":\"https:\\\/\\\/www.zoeoliveoil.com\\\/#\\\/schema\\\/logo\\\/image\\\/\",\"url\":\"https:\\\/\\\/www.zoeoliveoil.com\\\/wp-content\\\/uploads\\\/2023\\\/04\\\/Zoe-Logo__Black_165x.png\",\"contentUrl\":\"https:\\\/\\\/www.zoeoliveoil.com\\\/wp-content\\\/uploads\\\/2023\\\/04\\\/Zoe-Logo__Black_165x.png\",\"width\":165,\"height\":78,\"caption\":\"Zo\u00eb Olive Oil Montreal Quebec Canada\"},\"image\":{\"@id\":\"https:\\\/\\\/www.zoeoliveoil.com\\\/#\\\/schema\\\/logo\\\/image\\\/\"},\"sameAs\":[\"https:\\\/\\\/www.facebook.com\\\/zoeoliveoil\\\/\",\"https:\\\/\\\/x.com\\\/zoeoliveoil\",\"https:\\\/\\\/www.instagram.com\\\/zoeoliveoil\\\/?hl=en\",\"https:\\\/\\\/www.tiktok.com\\\/@zoeoliveoil\",\"https:\\\/\\\/www.pinterest.ca\\\/zoeoliveoil\\\/\"]}]}<\/script>\n<!-- \/ Yoast SEO plugin. -->","yoast_head_json":{"title":"Zo\u00eb Hot Sauces With 4 Bottle Caddy - Zo\u00eb Olive Oil Montreal Quebec Canada","robots":{"index":"index","follow":"follow","max-snippet":"max-snippet:-1","max-image-preview":"max-image-preview:large","max-video-preview":"max-video-preview:-1"},"canonical":"https:\/\/www.zoeoliveoil.com\/fr\/produit\/zoe-hot-sauces-with-4-bottle-caddy\/","og_locale":"fr_CA","og_type":"article","og_title":"Zo\u00eb Hot Sauces With 4 Bottle Caddy - Zo\u00eb Olive Oil Montreal Quebec Canada","og_description":"Enjoy all four of our amazing\u00a0Zo\u00eb Hot sauces in our customized 3D printed caddy.\u00a0Our\u00a0Zo\u00eb\u00a0Caddy\u00a0kit contains 1 Sriracha, tropical, Verde and Naga hot sauce sitting in our 3D printed and wood Caddy. This kit makes it easy to serve all your\u00a0favorite\u00a0Zo\u00eb\u00a0Hot Sauces. It also makes the perfect gift for the Hot sauce enthusiast.","og_url":"https:\/\/www.zoeoliveoil.com\/fr\/produit\/zoe-hot-sauces-with-4-bottle-caddy\/","og_site_name":"Zo\u00eb Olive Oil Montreal Quebec Canada","article_publisher":"https:\/\/www.facebook.com\/zoeoliveoil\/","article_modified_time":"2024-01-10T21:29:42+00:00","og_image":[{"width":590,"height":714,"url":"https:\/\/www.zoeoliveoil.com\/wp-content\/uploads\/2023\/04\/PhotoRoom_20230102_103100_590x.webp","type":"image\/webp"}],"twitter_card":"summary_large_image","twitter_site":"@zoeoliveoil","schema":{"@context":"https:\/\/schema.org","@graph":[{"@type":"WebPage","@id":"https:\/\/www.zoeoliveoil.com\/product\/zoe-hot-sauces-with-4-bottle-caddy\/","url":"https:\/\/www.zoeoliveoil.com\/product\/zoe-hot-sauces-with-4-bottle-caddy\/","name":"Zo\u00eb Hot Sauces With 4 Bottle Caddy - Zo\u00eb Olive Oil Montreal Quebec Canada","isPartOf":{"@id":"https:\/\/www.zoeoliveoil.com\/#website"},"primaryImageOfPage":{"@id":"https:\/\/www.zoeoliveoil.com\/product\/zoe-hot-sauces-with-4-bottle-caddy\/#primaryimage"},"image":{"@id":"https:\/\/www.zoeoliveoil.com\/product\/zoe-hot-sauces-with-4-bottle-caddy\/#primaryimage"},"thumbnailUrl":"https:\/\/www.zoeoliveoil.com\/wp-content\/uploads\/2023\/04\/PhotoRoom_20230102_103100_590x.webp","datePublished":"2023-04-17T21:54:24+00:00","dateModified":"2024-01-10T21:29:42+00:00","breadcrumb":{"@id":"https:\/\/www.zoeoliveoil.com\/product\/zoe-hot-sauces-with-4-bottle-caddy\/#breadcrumb"},"inLanguage":"fr-CA","potentialAction":[{"@type":"ReadAction","target":["https:\/\/www.zoeoliveoil.com\/product\/zoe-hot-sauces-with-4-bottle-caddy\/"]}]},{"@type":"ImageObject","inLanguage":"fr-CA","@id":"https:\/\/www.zoeoliveoil.com\/product\/zoe-hot-sauces-with-4-bottle-caddy\/#primaryimage","url":"https:\/\/www.zoeoliveoil.com\/wp-content\/uploads\/2023\/04\/PhotoRoom_20230102_103100_590x.webp","contentUrl":"https:\/\/www.zoeoliveoil.com\/wp-content\/uploads\/2023\/04\/PhotoRoom_20230102_103100_590x.webp","width":590,"height":714},{"@type":"BreadcrumbList","@id":"https:\/\/www.zoeoliveoil.com\/product\/zoe-hot-sauces-with-4-bottle-caddy\/#breadcrumb","itemListElement":[{"@type":"ListItem","position":1,"name":"Home","item":"https:\/\/www.zoeoliveoil.com\/"},{"@type":"ListItem","position":2,"name":"Shop","item":"https:\/\/www.zoeoliveoil.com\/shop\/"},{"@type":"ListItem","position":3,"name":"Zo\u00eb Hot Sauces With 4 Bottle Caddy"}]},{"@type":"WebSite","@id":"https:\/\/www.zoeoliveoil.com\/#website","url":"https:\/\/www.zoeoliveoil.com\/","name":"Zo\u00eb Huile d&#039;Olive Montr\u00e9al Qu\u00e9bec Canada","description":"","publisher":{"@id":"https:\/\/www.zoeoliveoil.com\/#organization"},"potentialAction":[{"@type":"SearchAction","target":{"@type":"EntryPoint","urlTemplate":"https:\/\/www.zoeoliveoil.com\/?s={search_term_string}"},"query-input":{"@type":"PropertyValueSpecification","valueRequired":true,"valueName":"search_term_string"}}],"inLanguage":"fr-CA"},{"@type":"Organization","@id":"https:\/\/www.zoeoliveoil.com\/#organization","name":"Zo\u00eb Huile d&#039;Olive Montr\u00e9al Qu\u00e9bec Canada","url":"https:\/\/www.zoeoliveoil.com\/","logo":{"@type":"ImageObject","inLanguage":"fr-CA","@id":"https:\/\/www.zoeoliveoil.com\/#\/schema\/logo\/image\/","url":"https:\/\/www.zoeoliveoil.com\/wp-content\/uploads\/2023\/04\/Zoe-Logo__Black_165x.png","contentUrl":"https:\/\/www.zoeoliveoil.com\/wp-content\/uploads\/2023\/04\/Zoe-Logo__Black_165x.png","width":165,"height":78,"caption":"Zo\u00eb Olive Oil Montreal Quebec Canada"},"image":{"@id":"https:\/\/www.zoeoliveoil.com\/#\/schema\/logo\/image\/"},"sameAs":["https:\/\/www.facebook.com\/zoeoliveoil\/","https:\/\/x.com\/zoeoliveoil","https:\/\/www.instagram.com\/zoeoliveoil\/?hl=en","https:\/\/www.tiktok.com\/@zoeoliveoil","https:\/\/www.pinterest.ca\/zoeoliveoil\/"]}]}},"jetpack_sharing_enabled":true,"_links":{"self":[{"href":"https:\/\/www.zoeoliveoil.com\/fr\/wp-json\/wp\/v2\/product\/1347","targetHints":{"allow":["GET"]}}],"collection":[{"href":"https:\/\/www.zoeoliveoil.com\/fr\/wp-json\/wp\/v2\/product"}],"about":[{"href":"https:\/\/www.zoeoliveoil.com\/fr\/wp-json\/wp\/v2\/types\/product"}],"replies":[{"embeddable":true,"href":"https:\/\/www.zoeoliveoil.com\/fr\/wp-json\/wp\/v2\/comments?post=1347"}],"version-history":[{"count":2,"href":"https:\/\/www.zoeoliveoil.com\/fr\/wp-json\/wp\/v2\/product\/1347\/revisions"}],"predecessor-version":[{"id":1352,"href":"https:\/\/www.zoeoliveoil.com\/fr\/wp-json\/wp\/v2\/product\/1347\/revisions\/1352"}],"wp:featuredmedia":[{"embeddable":true,"href":"https:\/\/www.zoeoliveoil.com\/fr\/wp-json\/wp\/v2\/media\/1349"}],"wp:attachment":[{"href":"https:\/\/www.zoeoliveoil.com\/fr\/wp-json\/wp\/v2\/media?parent=1347"}],"wp:term":[{"taxonomy":"brand","embeddable":true,"href":"https:\/\/www.zoeoliveoil.com\/fr\/wp-json\/wp\/v2\/etheme_brands?post=1347"},{"taxonomy":"product_brand","embeddable":true,"href":"https:\/\/www.zoeoliveoil.com\/fr\/wp-json\/wp\/v2\/product_brand?post=1347"},{"taxonomy":"product_cat","embeddable":true,"href":"https:\/\/www.zoeoliveoil.com\/fr\/wp-json\/wp\/v2\/product_cat?post=1347"},{"taxonomy":"product_tag","embeddable":true,"href":"https:\/\/www.zoeoliveoil.com\/fr\/wp-json\/wp\/v2\/product_tag?post=1347"}],"curies":[{"name":"wp","href":"https:\/\/api.w.org\/{rel}","templated":true}]}}