{"id":1364,"date":"2023-04-16T21:20:43","date_gmt":"2023-04-16T21:20:43","guid":{"rendered":"https:\/\/www.zoeoliveoil.com\/?post_type=product&#038;p=1364"},"modified":"2024-12-02T18:49:01","modified_gmt":"2024-12-02T18:49:01","slug":"zoe-balsamic-mini-trio-100-mlzoe-balsamic-is-the-perfect-blend-of-grape-must-and-red-wine-vinegar-that-is-aged-for-different-periods-of-time-in-a-variety-of-wood-barrels-when-blended-together-they","status":"publish","type":"product","link":"https:\/\/www.zoeoliveoil.com\/fr\/produit\/zoe-balsamic-mini-trio-100-mlzoe-balsamic-is-the-perfect-blend-of-grape-must-and-red-wine-vinegar-that-is-aged-for-different-periods-of-time-in-a-variety-of-wood-barrels-when-blended-together-they\/","title":{"rendered":"Zo\u00eb Mini Trio Balsamique  100 ml"},"content":{"rendered":"<p>Le mini-trio de vinaigres balsamiques Zo\u00eb est un d\u00e9licieux trio de vinaigres balsamiques riches et velout\u00e9s qui ajoutent une touche de sophistication \u00e0 tous les plats !<\/p>\n<p>Laissez-vous s\u00e9duire par les saveurs exquises de notre collection de balsamiques de qualit\u00e9 sup\u00e9rieure, qui comprend trois mini-bouteilles soigneusement con\u00e7ues pour rehausser vos cr\u00e9ations culinaires.<\/p>\n<p>Qu'est-ce qui rend le mini-trio balsamique Zo\u00eb encore plus excitant ? L'\u00e9l\u00e9ment de surprise ! Chaque ensemble est une s\u00e9lection al\u00e9atoire, ce qui ajoute un degr\u00e9 suppl\u00e9mentaire d'anticipation \u00e0 vos aventures culinaires. D\u00e9couvrez de nouveaux favoris et laissez vos papilles gustatives s'embarquer pour un voyage de d\u00e9lices inattendus.<\/p>\n<p>Parfait pour les salades, les gla\u00e7ages, les marinades ou pour arroser vos plats pr\u00e9f\u00e9r\u00e9s, ce mini trio est un ajout polyvalent \u00e0 toute cuisine. Rehaussez vos repas avec les notes riches et complexes des vinaigres balsamiques Zo\u00eb - parce que chaque assiette m\u00e9rite une touche d'\u00e9l\u00e9gance gastronomique.<\/p>\n<p>Contient : 3 flacons de 100ml<\/p>","protected":false},"excerpt":{"rendered":"<p>Parfait pour les salades, les gla\u00e7ages, les marinades ou pour arroser vos plats pr\u00e9f\u00e9r\u00e9s, ce mini trio est un ajout polyvalent \u00e0 toute cuisine. Rehaussez vos repas avec les notes riches et complexes des vinaigres balsamiques Zo\u00eb - parce que chaque assiette m\u00e9rite une touche d'\u00e9l\u00e9gance gastronomique.<\/p>","protected":false},"featured_media":1365,"comment_status":"open","ping_status":"closed","template":"","meta":[],"etheme_brands":[{"term_id":92,"name":"Zo\u00eb","slug":"zoe","term_group":0,"term_taxonomy_id":92,"taxonomy":"brand","description":"","parent":0,"count":122,"filter":"raw"}],"product_brand":[],"product_cat":[111,102,89],"product_tag":[],"class_list":{"0":"post-1364","1":"product","2":"type-product","3":"status-publish","4":"has-post-thumbnail","6":"brand-zoe","7":"product_cat-all-products","8":"product_cat-balsamics-natural-vinegars","9":"product_cat-gift-sets","11":"first","12":"instock","13":"shipping-taxable","14":"purchasable","15":"product-type-simple"},"yoast_head":"<!-- This site is optimized with the Yoast SEO plugin v27.4 - https:\/\/yoast.com\/product\/yoast-seo-wordpress\/ -->\n<title>Zo\u00eb Balsamic Mini Trio - 100 ml - Zo\u00eb Olive Oil Montreal Quebec Canada<\/title>\n<meta name=\"robots\" content=\"index, follow, max-snippet:-1, max-image-preview:large, max-video-preview:-1\" \/>\n<link rel=\"canonical\" href=\"https:\/\/www.zoeoliveoil.com\/fr\/produit\/zoe-balsamic-mini-trio-100-mlzoe-balsamic-is-the-perfect-blend-of-grape-must-and-red-wine-vinegar-that-is-aged-for-different-periods-of-time-in-a-variety-of-wood-barrels-when-blended-together-they\/\" \/>\n<meta property=\"og:locale\" content=\"fr_CA\" \/>\n<meta property=\"og:type\" content=\"article\" \/>\n<meta property=\"og:title\" content=\"Zo\u00eb Balsamic Mini Trio - 100 ml - Zo\u00eb Olive Oil Montreal Quebec Canada\" \/>\n<meta property=\"og:description\" content=\"Perfect for salads, glazes, marinades, or drizzling over your favorite dishes, this mini trio is a versatile addition to any kitchen. Elevate your meals with the rich, complex notes of Zo\u00eb Balsamic Vinegars \u2013 because every plate deserves a touch of gourmet flair.\" \/>\n<meta property=\"og:url\" content=\"https:\/\/www.zoeoliveoil.com\/fr\/produit\/zoe-balsamic-mini-trio-100-mlzoe-balsamic-is-the-perfect-blend-of-grape-must-and-red-wine-vinegar-that-is-aged-for-different-periods-of-time-in-a-variety-of-wood-barrels-when-blended-together-they\/\" \/>\n<meta property=\"og:site_name\" content=\"Zo\u00eb Olive Oil Montreal Quebec Canada\" \/>\n<meta property=\"article:publisher\" content=\"https:\/\/www.facebook.com\/zoeoliveoil\/\" \/>\n<meta property=\"article:modified_time\" content=\"2024-12-02T18:49:01+00:00\" \/>\n<meta property=\"og:image\" content=\"https:\/\/www.zoeoliveoil.com\/wp-content\/uploads\/2023\/04\/mini-trio-bals_590x.webp\" \/>\n\t<meta property=\"og:image:width\" content=\"590\" \/>\n\t<meta property=\"og:image:height\" content=\"590\" \/>\n\t<meta property=\"og:image:type\" content=\"image\/webp\" \/>\n<meta name=\"twitter:card\" content=\"summary_large_image\" \/>\n<meta name=\"twitter:site\" content=\"@zoeoliveoil\" \/>\n<meta name=\"twitter:label1\" content=\"Estimation du temps de lecture\" \/>\n\t<meta name=\"twitter:data1\" content=\"1 minute\" \/>\n<script type=\"application\/ld+json\" class=\"yoast-schema-graph\">{\"@context\":\"https:\\\/\\\/schema.org\",\"@graph\":[{\"@type\":\"WebPage\",\"@id\":\"https:\\\/\\\/www.zoeoliveoil.com\\\/product\\\/zoe-balsamic-mini-trio-100-mlzoe-balsamic-is-the-perfect-blend-of-grape-must-and-red-wine-vinegar-that-is-aged-for-different-periods-of-time-in-a-variety-of-wood-barrels-when-blended-together-they\\\/\",\"url\":\"https:\\\/\\\/www.zoeoliveoil.com\\\/product\\\/zoe-balsamic-mini-trio-100-mlzoe-balsamic-is-the-perfect-blend-of-grape-must-and-red-wine-vinegar-that-is-aged-for-different-periods-of-time-in-a-variety-of-wood-barrels-when-blended-together-they\\\/\",\"name\":\"Zo\u00eb Balsamic Mini Trio - 100 ml - Zo\u00eb Olive Oil Montreal Quebec Canada\",\"isPartOf\":{\"@id\":\"https:\\\/\\\/www.zoeoliveoil.com\\\/#website\"},\"primaryImageOfPage\":{\"@id\":\"https:\\\/\\\/www.zoeoliveoil.com\\\/product\\\/zoe-balsamic-mini-trio-100-mlzoe-balsamic-is-the-perfect-blend-of-grape-must-and-red-wine-vinegar-that-is-aged-for-different-periods-of-time-in-a-variety-of-wood-barrels-when-blended-together-they\\\/#primaryimage\"},\"image\":{\"@id\":\"https:\\\/\\\/www.zoeoliveoil.com\\\/product\\\/zoe-balsamic-mini-trio-100-mlzoe-balsamic-is-the-perfect-blend-of-grape-must-and-red-wine-vinegar-that-is-aged-for-different-periods-of-time-in-a-variety-of-wood-barrels-when-blended-together-they\\\/#primaryimage\"},\"thumbnailUrl\":\"https:\\\/\\\/www.zoeoliveoil.com\\\/wp-content\\\/uploads\\\/2023\\\/04\\\/mini-trio-bals_590x.webp\",\"datePublished\":\"2023-04-16T21:20:43+00:00\",\"dateModified\":\"2024-12-02T18:49:01+00:00\",\"breadcrumb\":{\"@id\":\"https:\\\/\\\/www.zoeoliveoil.com\\\/product\\\/zoe-balsamic-mini-trio-100-mlzoe-balsamic-is-the-perfect-blend-of-grape-must-and-red-wine-vinegar-that-is-aged-for-different-periods-of-time-in-a-variety-of-wood-barrels-when-blended-together-they\\\/#breadcrumb\"},\"inLanguage\":\"fr-CA\",\"potentialAction\":[{\"@type\":\"ReadAction\",\"target\":[\"https:\\\/\\\/www.zoeoliveoil.com\\\/product\\\/zoe-balsamic-mini-trio-100-mlzoe-balsamic-is-the-perfect-blend-of-grape-must-and-red-wine-vinegar-that-is-aged-for-different-periods-of-time-in-a-variety-of-wood-barrels-when-blended-together-they\\\/\"]}]},{\"@type\":\"ImageObject\",\"inLanguage\":\"fr-CA\",\"@id\":\"https:\\\/\\\/www.zoeoliveoil.com\\\/product\\\/zoe-balsamic-mini-trio-100-mlzoe-balsamic-is-the-perfect-blend-of-grape-must-and-red-wine-vinegar-that-is-aged-for-different-periods-of-time-in-a-variety-of-wood-barrels-when-blended-together-they\\\/#primaryimage\",\"url\":\"https:\\\/\\\/www.zoeoliveoil.com\\\/wp-content\\\/uploads\\\/2023\\\/04\\\/mini-trio-bals_590x.webp\",\"contentUrl\":\"https:\\\/\\\/www.zoeoliveoil.com\\\/wp-content\\\/uploads\\\/2023\\\/04\\\/mini-trio-bals_590x.webp\",\"width\":590,\"height\":590},{\"@type\":\"BreadcrumbList\",\"@id\":\"https:\\\/\\\/www.zoeoliveoil.com\\\/product\\\/zoe-balsamic-mini-trio-100-mlzoe-balsamic-is-the-perfect-blend-of-grape-must-and-red-wine-vinegar-that-is-aged-for-different-periods-of-time-in-a-variety-of-wood-barrels-when-blended-together-they\\\/#breadcrumb\",\"itemListElement\":[{\"@type\":\"ListItem\",\"position\":1,\"name\":\"Home\",\"item\":\"https:\\\/\\\/www.zoeoliveoil.com\\\/\"},{\"@type\":\"ListItem\",\"position\":2,\"name\":\"Shop\",\"item\":\"https:\\\/\\\/www.zoeoliveoil.com\\\/shop\\\/\"},{\"@type\":\"ListItem\",\"position\":3,\"name\":\"Zo\u00eb Balsamic Mini Trio &#8211; 100 ml\"}]},{\"@type\":\"WebSite\",\"@id\":\"https:\\\/\\\/www.zoeoliveoil.com\\\/#website\",\"url\":\"https:\\\/\\\/www.zoeoliveoil.com\\\/\",\"name\":\"Zo\u00eb Olive Oil Montreal Quebec Canada\",\"description\":\"\",\"publisher\":{\"@id\":\"https:\\\/\\\/www.zoeoliveoil.com\\\/#organization\"},\"potentialAction\":[{\"@type\":\"SearchAction\",\"target\":{\"@type\":\"EntryPoint\",\"urlTemplate\":\"https:\\\/\\\/www.zoeoliveoil.com\\\/?s={search_term_string}\"},\"query-input\":{\"@type\":\"PropertyValueSpecification\",\"valueRequired\":true,\"valueName\":\"search_term_string\"}}],\"inLanguage\":\"fr-CA\"},{\"@type\":\"Organization\",\"@id\":\"https:\\\/\\\/www.zoeoliveoil.com\\\/#organization\",\"name\":\"Zo\u00eb Olive Oil Montreal Quebec Canada\",\"url\":\"https:\\\/\\\/www.zoeoliveoil.com\\\/\",\"logo\":{\"@type\":\"ImageObject\",\"inLanguage\":\"fr-CA\",\"@id\":\"https:\\\/\\\/www.zoeoliveoil.com\\\/#\\\/schema\\\/logo\\\/image\\\/\",\"url\":\"https:\\\/\\\/www.zoeoliveoil.com\\\/wp-content\\\/uploads\\\/2023\\\/04\\\/Zoe-Logo__Black_165x.png\",\"contentUrl\":\"https:\\\/\\\/www.zoeoliveoil.com\\\/wp-content\\\/uploads\\\/2023\\\/04\\\/Zoe-Logo__Black_165x.png\",\"width\":165,\"height\":78,\"caption\":\"Zo\u00eb Olive Oil Montreal Quebec Canada\"},\"image\":{\"@id\":\"https:\\\/\\\/www.zoeoliveoil.com\\\/#\\\/schema\\\/logo\\\/image\\\/\"},\"sameAs\":[\"https:\\\/\\\/www.facebook.com\\\/zoeoliveoil\\\/\",\"https:\\\/\\\/x.com\\\/zoeoliveoil\",\"https:\\\/\\\/www.instagram.com\\\/zoeoliveoil\\\/?hl=en\",\"https:\\\/\\\/www.tiktok.com\\\/@zoeoliveoil\",\"https:\\\/\\\/www.pinterest.ca\\\/zoeoliveoil\\\/\"]}]}<\/script>\n<!-- \/ Yoast SEO plugin. -->","yoast_head_json":{"title":"Zo\u00eb Balsamic Mini Trio - 100 ml - Zo\u00eb Olive Oil Montreal Quebec Canada","robots":{"index":"index","follow":"follow","max-snippet":"max-snippet:-1","max-image-preview":"max-image-preview:large","max-video-preview":"max-video-preview:-1"},"canonical":"https:\/\/www.zoeoliveoil.com\/fr\/produit\/zoe-balsamic-mini-trio-100-mlzoe-balsamic-is-the-perfect-blend-of-grape-must-and-red-wine-vinegar-that-is-aged-for-different-periods-of-time-in-a-variety-of-wood-barrels-when-blended-together-they\/","og_locale":"fr_CA","og_type":"article","og_title":"Zo\u00eb Balsamic Mini Trio - 100 ml - Zo\u00eb Olive Oil Montreal Quebec Canada","og_description":"Perfect for salads, glazes, marinades, or drizzling over your favorite dishes, this mini trio is a versatile addition to any kitchen. Elevate your meals with the rich, complex notes of Zo\u00eb Balsamic Vinegars \u2013 because every plate deserves a touch of gourmet flair.","og_url":"https:\/\/www.zoeoliveoil.com\/fr\/produit\/zoe-balsamic-mini-trio-100-mlzoe-balsamic-is-the-perfect-blend-of-grape-must-and-red-wine-vinegar-that-is-aged-for-different-periods-of-time-in-a-variety-of-wood-barrels-when-blended-together-they\/","og_site_name":"Zo\u00eb Olive Oil Montreal Quebec Canada","article_publisher":"https:\/\/www.facebook.com\/zoeoliveoil\/","article_modified_time":"2024-12-02T18:49:01+00:00","og_image":[{"width":590,"height":590,"url":"https:\/\/www.zoeoliveoil.com\/wp-content\/uploads\/2023\/04\/mini-trio-bals_590x.webp","type":"image\/webp"}],"twitter_card":"summary_large_image","twitter_site":"@zoeoliveoil","twitter_misc":{"Estimation du temps de lecture":"1 minute"},"schema":{"@context":"https:\/\/schema.org","@graph":[{"@type":"WebPage","@id":"https:\/\/www.zoeoliveoil.com\/product\/zoe-balsamic-mini-trio-100-mlzoe-balsamic-is-the-perfect-blend-of-grape-must-and-red-wine-vinegar-that-is-aged-for-different-periods-of-time-in-a-variety-of-wood-barrels-when-blended-together-they\/","url":"https:\/\/www.zoeoliveoil.com\/product\/zoe-balsamic-mini-trio-100-mlzoe-balsamic-is-the-perfect-blend-of-grape-must-and-red-wine-vinegar-that-is-aged-for-different-periods-of-time-in-a-variety-of-wood-barrels-when-blended-together-they\/","name":"Zo\u00eb Balsamic Mini Trio - 100 ml - Zo\u00eb Olive Oil Montreal Quebec Canada","isPartOf":{"@id":"https:\/\/www.zoeoliveoil.com\/#website"},"primaryImageOfPage":{"@id":"https:\/\/www.zoeoliveoil.com\/product\/zoe-balsamic-mini-trio-100-mlzoe-balsamic-is-the-perfect-blend-of-grape-must-and-red-wine-vinegar-that-is-aged-for-different-periods-of-time-in-a-variety-of-wood-barrels-when-blended-together-they\/#primaryimage"},"image":{"@id":"https:\/\/www.zoeoliveoil.com\/product\/zoe-balsamic-mini-trio-100-mlzoe-balsamic-is-the-perfect-blend-of-grape-must-and-red-wine-vinegar-that-is-aged-for-different-periods-of-time-in-a-variety-of-wood-barrels-when-blended-together-they\/#primaryimage"},"thumbnailUrl":"https:\/\/www.zoeoliveoil.com\/wp-content\/uploads\/2023\/04\/mini-trio-bals_590x.webp","datePublished":"2023-04-16T21:20:43+00:00","dateModified":"2024-12-02T18:49:01+00:00","breadcrumb":{"@id":"https:\/\/www.zoeoliveoil.com\/product\/zoe-balsamic-mini-trio-100-mlzoe-balsamic-is-the-perfect-blend-of-grape-must-and-red-wine-vinegar-that-is-aged-for-different-periods-of-time-in-a-variety-of-wood-barrels-when-blended-together-they\/#breadcrumb"},"inLanguage":"fr-CA","potentialAction":[{"@type":"ReadAction","target":["https:\/\/www.zoeoliveoil.com\/product\/zoe-balsamic-mini-trio-100-mlzoe-balsamic-is-the-perfect-blend-of-grape-must-and-red-wine-vinegar-that-is-aged-for-different-periods-of-time-in-a-variety-of-wood-barrels-when-blended-together-they\/"]}]},{"@type":"ImageObject","inLanguage":"fr-CA","@id":"https:\/\/www.zoeoliveoil.com\/product\/zoe-balsamic-mini-trio-100-mlzoe-balsamic-is-the-perfect-blend-of-grape-must-and-red-wine-vinegar-that-is-aged-for-different-periods-of-time-in-a-variety-of-wood-barrels-when-blended-together-they\/#primaryimage","url":"https:\/\/www.zoeoliveoil.com\/wp-content\/uploads\/2023\/04\/mini-trio-bals_590x.webp","contentUrl":"https:\/\/www.zoeoliveoil.com\/wp-content\/uploads\/2023\/04\/mini-trio-bals_590x.webp","width":590,"height":590},{"@type":"BreadcrumbList","@id":"https:\/\/www.zoeoliveoil.com\/product\/zoe-balsamic-mini-trio-100-mlzoe-balsamic-is-the-perfect-blend-of-grape-must-and-red-wine-vinegar-that-is-aged-for-different-periods-of-time-in-a-variety-of-wood-barrels-when-blended-together-they\/#breadcrumb","itemListElement":[{"@type":"ListItem","position":1,"name":"Home","item":"https:\/\/www.zoeoliveoil.com\/"},{"@type":"ListItem","position":2,"name":"Shop","item":"https:\/\/www.zoeoliveoil.com\/shop\/"},{"@type":"ListItem","position":3,"name":"Zo\u00eb Balsamic Mini Trio &#8211; 100 ml"}]},{"@type":"WebSite","@id":"https:\/\/www.zoeoliveoil.com\/#website","url":"https:\/\/www.zoeoliveoil.com\/","name":"Zo\u00eb Huile d&#039;Olive Montr\u00e9al Qu\u00e9bec Canada","description":"","publisher":{"@id":"https:\/\/www.zoeoliveoil.com\/#organization"},"potentialAction":[{"@type":"SearchAction","target":{"@type":"EntryPoint","urlTemplate":"https:\/\/www.zoeoliveoil.com\/?s={search_term_string}"},"query-input":{"@type":"PropertyValueSpecification","valueRequired":true,"valueName":"search_term_string"}}],"inLanguage":"fr-CA"},{"@type":"Organization","@id":"https:\/\/www.zoeoliveoil.com\/#organization","name":"Zo\u00eb Huile d&#039;Olive Montr\u00e9al Qu\u00e9bec Canada","url":"https:\/\/www.zoeoliveoil.com\/","logo":{"@type":"ImageObject","inLanguage":"fr-CA","@id":"https:\/\/www.zoeoliveoil.com\/#\/schema\/logo\/image\/","url":"https:\/\/www.zoeoliveoil.com\/wp-content\/uploads\/2023\/04\/Zoe-Logo__Black_165x.png","contentUrl":"https:\/\/www.zoeoliveoil.com\/wp-content\/uploads\/2023\/04\/Zoe-Logo__Black_165x.png","width":165,"height":78,"caption":"Zo\u00eb Olive Oil Montreal Quebec Canada"},"image":{"@id":"https:\/\/www.zoeoliveoil.com\/#\/schema\/logo\/image\/"},"sameAs":["https:\/\/www.facebook.com\/zoeoliveoil\/","https:\/\/x.com\/zoeoliveoil","https:\/\/www.instagram.com\/zoeoliveoil\/?hl=en","https:\/\/www.tiktok.com\/@zoeoliveoil","https:\/\/www.pinterest.ca\/zoeoliveoil\/"]}]}},"jetpack_sharing_enabled":true,"_links":{"self":[{"href":"https:\/\/www.zoeoliveoil.com\/fr\/wp-json\/wp\/v2\/product\/1364","targetHints":{"allow":["GET"]}}],"collection":[{"href":"https:\/\/www.zoeoliveoil.com\/fr\/wp-json\/wp\/v2\/product"}],"about":[{"href":"https:\/\/www.zoeoliveoil.com\/fr\/wp-json\/wp\/v2\/types\/product"}],"replies":[{"embeddable":true,"href":"https:\/\/www.zoeoliveoil.com\/fr\/wp-json\/wp\/v2\/comments?post=1364"}],"version-history":[{"count":7,"href":"https:\/\/www.zoeoliveoil.com\/fr\/wp-json\/wp\/v2\/product\/1364\/revisions"}],"predecessor-version":[{"id":4122,"href":"https:\/\/www.zoeoliveoil.com\/fr\/wp-json\/wp\/v2\/product\/1364\/revisions\/4122"}],"wp:featuredmedia":[{"embeddable":true,"href":"https:\/\/www.zoeoliveoil.com\/fr\/wp-json\/wp\/v2\/media\/1365"}],"wp:attachment":[{"href":"https:\/\/www.zoeoliveoil.com\/fr\/wp-json\/wp\/v2\/media?parent=1364"}],"wp:term":[{"taxonomy":"brand","embeddable":true,"href":"https:\/\/www.zoeoliveoil.com\/fr\/wp-json\/wp\/v2\/etheme_brands?post=1364"},{"taxonomy":"product_brand","embeddable":true,"href":"https:\/\/www.zoeoliveoil.com\/fr\/wp-json\/wp\/v2\/product_brand?post=1364"},{"taxonomy":"product_cat","embeddable":true,"href":"https:\/\/www.zoeoliveoil.com\/fr\/wp-json\/wp\/v2\/product_cat?post=1364"},{"taxonomy":"product_tag","embeddable":true,"href":"https:\/\/www.zoeoliveoil.com\/fr\/wp-json\/wp\/v2\/product_tag?post=1364"}],"curies":[{"name":"wp","href":"https:\/\/api.w.org\/{rel}","templated":true}]}}