{"id":1414,"date":"2023-04-18T17:55:15","date_gmt":"2023-04-18T17:55:15","guid":{"rendered":"https:\/\/www.zoeoliveoil.com\/?post_type=product&#038;p=1414"},"modified":"2024-10-29T11:15:28","modified_gmt":"2024-10-29T11:15:28","slug":"duo-zoe-extra-virgin-olive-oil-zoe-wine-vinegar","status":"publish","type":"product","link":"https:\/\/www.zoeoliveoil.com\/fr\/produit\/duo-zoe-extra-virgin-olive-oil-zoe-wine-vinegar\/","title":{"rendered":"Duo Huile d&#039;olive vierge extra Zo\u00eb &amp; Vinaigre de vin Zo\u00eb"},"content":{"rendered":"<p><strong>Huile d&#039;olive vierge extra Zo\u00eb<\/strong>\u00a0\u2013 Notre huile d&#039;olive extra vierge est fabriqu\u00e9e \u00e0 partir de l&#039;olive Koroneiki qui est consid\u00e9r\u00e9e comme la meilleure olive grecque au monde. Il est connu pour sa teneur \u00e9lev\u00e9e en polyph\u00e9nols (antioxydants) et en graisses monoinsatur\u00e9es, ainsi que pour l&#039;huile au go\u00fbt le plus frais et le plus \u00e9quilibr\u00e9 au monde. L&#039;arbre Koroneiki est originaire de la r\u00e9gion sud-ouest de Mess\u00e9nie, l&#039;endroit exact o\u00f9 Zo\u00eb est produit.<\/p>\n<p>Notre huile d&#039;olive extra vierge de qualit\u00e9 sup\u00e9rieure offre une d\u00e9licieuse saveur robuste et se termine par un zeste poivr\u00e9. Il a une belle teinte vert dor\u00e9, et d\u00e9gage un subtil ar\u00f4me de l\u00e9gumes frais. L&#039;huile d&#039;olive extra vierge Zo\u00eb n&#039;est ni m\u00e9lang\u00e9e ni filtr\u00e9e. Nos olives Koroneiki sont cueillies \u00e0 la main chaque mois de novembre alors qu&#039;elles sont encore vertes et press\u00e9es quelques heures apr\u00e8s la r\u00e9colte. Cela donne \u00e0 notre huile d&#039;olive extra vierge sa tr\u00e8s faible acidit\u00e9 comprise entre 0,2 % et 0,4% maximum chaque ann\u00e9e de r\u00e9colte.<\/p>\n<p>Nous assurons \u00e9galement la meilleure qualit\u00e9 d&#039;huile d&#039;olive en gardant nos arbres tr\u00e8s petits gr\u00e2ce \u00e0 la taille. Cela aide l&#039;arbre \u00e0 garder tous ses fruits en bonne sant\u00e9, donc rien ne compromettra la qualit\u00e9 finale et le go\u00fbt de notre huile d&#039;olive extra vierge. Notre processus final consiste \u00e0 maintenir l&#039;arrosage au minimum. Cela donne \u00e0 notre huile d&#039;olive extra vierge sa texture tr\u00e8s douce et cr\u00e9meuse. Un go\u00fbt et vous verrez ce qui fait de l&#039;huile d&#039;olive extra vierge Zo\u00eb tout simplement la meilleure.<\/p>","protected":false},"excerpt":{"rendered":"<p>Notre huile d&#039;olive extra vierge de qualit\u00e9 sup\u00e9rieure offre une d\u00e9licieuse saveur robuste et se termine par un zeste poivr\u00e9. Il a une belle teinte vert dor\u00e9, et d\u00e9gage un subtil ar\u00f4me de l\u00e9gumes frais. L&#039;huile d&#039;olive extra vierge Zo\u00eb n&#039;est ni m\u00e9lang\u00e9e ni filtr\u00e9e. Nos olives Koroneiki sont cueillies \u00e0 la main chaque mois de novembre alors qu&#039;elles sont encore vertes et press\u00e9es quelques heures apr\u00e8s la r\u00e9colte. Cela donne \u00e0 notre huile d&#039;olive extra vierge sa tr\u00e8s faible acidit\u00e9 comprise entre 0,2 % et 0,4% maximum chaque ann\u00e9e de r\u00e9colte.<\/p>","protected":false},"featured_media":1421,"comment_status":"open","ping_status":"closed","template":"","meta":[],"etheme_brands":[{"term_id":92,"name":"Zo\u00eb","slug":"zoe","term_group":0,"term_taxonomy_id":92,"taxonomy":"brand","description":"","parent":0,"count":122,"filter":"raw"}],"product_brand":[],"product_cat":[89],"product_tag":[],"class_list":{"0":"post-1414","1":"product","2":"type-product","3":"status-publish","4":"has-post-thumbnail","6":"brand-zoe","7":"product_cat-gift-sets","9":"first","10":"instock","11":"shipping-taxable","12":"purchasable","13":"product-type-variable"},"yoast_head":"<!-- This site is optimized with the Yoast SEO plugin v27.4 - https:\/\/yoast.com\/product\/yoast-seo-wordpress\/ -->\n<title>Duo Zo\u00eb Extra virgin olive oil &amp; Zo\u00eb Wine vinegar - Zo\u00eb Olive Oil Montreal Quebec Canada<\/title>\n<meta name=\"robots\" content=\"index, follow, max-snippet:-1, max-image-preview:large, max-video-preview:-1\" \/>\n<link rel=\"canonical\" href=\"https:\/\/www.zoeoliveoil.com\/fr\/produit\/duo-zoe-extra-virgin-olive-oil-zoe-wine-vinegar\/\" \/>\n<meta property=\"og:locale\" content=\"fr_CA\" \/>\n<meta property=\"og:type\" content=\"article\" \/>\n<meta property=\"og:title\" content=\"Duo Zo\u00eb Extra virgin olive oil &amp; Zo\u00eb Wine vinegar - Zo\u00eb Olive Oil Montreal Quebec Canada\" \/>\n<meta property=\"og:description\" content=\"Our premium extra virgin olive oil packs a delicious robust flavour and finishes with a peppery zing. It has a beautiful golden green hue, and gives off a subtle aroma of fresh vegetables. Zo\u00eb\u00a0extra virgin olive oil\u00a0is not blended or filtered. Our Koroneiki olives are handpicked every November while still green and pressed within hours of harvest. This gives our\u00a0extra virgin olive oil\u00a0its very low acidity of between 0.2 % to 0.4% maximum every harvest year.\" \/>\n<meta property=\"og:url\" content=\"https:\/\/www.zoeoliveoil.com\/fr\/produit\/duo-zoe-extra-virgin-olive-oil-zoe-wine-vinegar\/\" \/>\n<meta property=\"og:site_name\" content=\"Zo\u00eb Olive Oil Montreal Quebec Canada\" \/>\n<meta property=\"article:publisher\" content=\"https:\/\/www.facebook.com\/zoeoliveoil\/\" \/>\n<meta property=\"article:modified_time\" content=\"2024-10-29T11:15:28+00:00\" \/>\n<meta property=\"og:image\" content=\"https:\/\/www.zoeoliveoil.com\/wp-content\/uploads\/2023\/04\/duo_590x.webp\" \/>\n\t<meta property=\"og:image:width\" content=\"590\" \/>\n\t<meta property=\"og:image:height\" content=\"590\" \/>\n\t<meta property=\"og:image:type\" content=\"image\/webp\" \/>\n<meta name=\"twitter:card\" content=\"summary_large_image\" \/>\n<meta name=\"twitter:site\" content=\"@zoeoliveoil\" \/>\n<meta name=\"twitter:label1\" content=\"Estimation du temps de lecture\" \/>\n\t<meta name=\"twitter:data1\" content=\"2 minutes\" \/>\n<script type=\"application\/ld+json\" class=\"yoast-schema-graph\">{\"@context\":\"https:\\\/\\\/schema.org\",\"@graph\":[{\"@type\":\"WebPage\",\"@id\":\"https:\\\/\\\/www.zoeoliveoil.com\\\/product\\\/duo-zoe-extra-virgin-olive-oil-zoe-wine-vinegar\\\/\",\"url\":\"https:\\\/\\\/www.zoeoliveoil.com\\\/product\\\/duo-zoe-extra-virgin-olive-oil-zoe-wine-vinegar\\\/\",\"name\":\"Duo Zo\u00eb Extra virgin olive oil & Zo\u00eb Wine vinegar - Zo\u00eb Olive Oil Montreal Quebec Canada\",\"isPartOf\":{\"@id\":\"https:\\\/\\\/www.zoeoliveoil.com\\\/#website\"},\"primaryImageOfPage\":{\"@id\":\"https:\\\/\\\/www.zoeoliveoil.com\\\/product\\\/duo-zoe-extra-virgin-olive-oil-zoe-wine-vinegar\\\/#primaryimage\"},\"image\":{\"@id\":\"https:\\\/\\\/www.zoeoliveoil.com\\\/product\\\/duo-zoe-extra-virgin-olive-oil-zoe-wine-vinegar\\\/#primaryimage\"},\"thumbnailUrl\":\"https:\\\/\\\/www.zoeoliveoil.com\\\/wp-content\\\/uploads\\\/2023\\\/04\\\/duo_590x.webp\",\"datePublished\":\"2023-04-18T17:55:15+00:00\",\"dateModified\":\"2024-10-29T11:15:28+00:00\",\"breadcrumb\":{\"@id\":\"https:\\\/\\\/www.zoeoliveoil.com\\\/product\\\/duo-zoe-extra-virgin-olive-oil-zoe-wine-vinegar\\\/#breadcrumb\"},\"inLanguage\":\"fr-CA\",\"potentialAction\":[{\"@type\":\"ReadAction\",\"target\":[\"https:\\\/\\\/www.zoeoliveoil.com\\\/product\\\/duo-zoe-extra-virgin-olive-oil-zoe-wine-vinegar\\\/\"]}]},{\"@type\":\"ImageObject\",\"inLanguage\":\"fr-CA\",\"@id\":\"https:\\\/\\\/www.zoeoliveoil.com\\\/product\\\/duo-zoe-extra-virgin-olive-oil-zoe-wine-vinegar\\\/#primaryimage\",\"url\":\"https:\\\/\\\/www.zoeoliveoil.com\\\/wp-content\\\/uploads\\\/2023\\\/04\\\/duo_590x.webp\",\"contentUrl\":\"https:\\\/\\\/www.zoeoliveoil.com\\\/wp-content\\\/uploads\\\/2023\\\/04\\\/duo_590x.webp\",\"width\":590,\"height\":590},{\"@type\":\"BreadcrumbList\",\"@id\":\"https:\\\/\\\/www.zoeoliveoil.com\\\/product\\\/duo-zoe-extra-virgin-olive-oil-zoe-wine-vinegar\\\/#breadcrumb\",\"itemListElement\":[{\"@type\":\"ListItem\",\"position\":1,\"name\":\"Home\",\"item\":\"https:\\\/\\\/www.zoeoliveoil.com\\\/\"},{\"@type\":\"ListItem\",\"position\":2,\"name\":\"Shop\",\"item\":\"https:\\\/\\\/www.zoeoliveoil.com\\\/shop\\\/\"},{\"@type\":\"ListItem\",\"position\":3,\"name\":\"Duo Zo\u00eb Extra virgin olive oil &#038; Zo\u00eb Wine vinegar\"}]},{\"@type\":\"WebSite\",\"@id\":\"https:\\\/\\\/www.zoeoliveoil.com\\\/#website\",\"url\":\"https:\\\/\\\/www.zoeoliveoil.com\\\/\",\"name\":\"Zo\u00eb Olive Oil Montreal Quebec Canada\",\"description\":\"\",\"publisher\":{\"@id\":\"https:\\\/\\\/www.zoeoliveoil.com\\\/#organization\"},\"potentialAction\":[{\"@type\":\"SearchAction\",\"target\":{\"@type\":\"EntryPoint\",\"urlTemplate\":\"https:\\\/\\\/www.zoeoliveoil.com\\\/?s={search_term_string}\"},\"query-input\":{\"@type\":\"PropertyValueSpecification\",\"valueRequired\":true,\"valueName\":\"search_term_string\"}}],\"inLanguage\":\"fr-CA\"},{\"@type\":\"Organization\",\"@id\":\"https:\\\/\\\/www.zoeoliveoil.com\\\/#organization\",\"name\":\"Zo\u00eb Olive Oil Montreal Quebec Canada\",\"url\":\"https:\\\/\\\/www.zoeoliveoil.com\\\/\",\"logo\":{\"@type\":\"ImageObject\",\"inLanguage\":\"fr-CA\",\"@id\":\"https:\\\/\\\/www.zoeoliveoil.com\\\/#\\\/schema\\\/logo\\\/image\\\/\",\"url\":\"https:\\\/\\\/www.zoeoliveoil.com\\\/wp-content\\\/uploads\\\/2023\\\/04\\\/Zoe-Logo__Black_165x.png\",\"contentUrl\":\"https:\\\/\\\/www.zoeoliveoil.com\\\/wp-content\\\/uploads\\\/2023\\\/04\\\/Zoe-Logo__Black_165x.png\",\"width\":165,\"height\":78,\"caption\":\"Zo\u00eb Olive Oil Montreal Quebec Canada\"},\"image\":{\"@id\":\"https:\\\/\\\/www.zoeoliveoil.com\\\/#\\\/schema\\\/logo\\\/image\\\/\"},\"sameAs\":[\"https:\\\/\\\/www.facebook.com\\\/zoeoliveoil\\\/\",\"https:\\\/\\\/x.com\\\/zoeoliveoil\",\"https:\\\/\\\/www.instagram.com\\\/zoeoliveoil\\\/?hl=en\",\"https:\\\/\\\/www.tiktok.com\\\/@zoeoliveoil\",\"https:\\\/\\\/www.pinterest.ca\\\/zoeoliveoil\\\/\"]}]}<\/script>\n<!-- \/ Yoast SEO plugin. -->","yoast_head_json":{"title":"Duo Zo\u00eb Extra virgin olive oil & Zo\u00eb Wine vinegar - Zo\u00eb Olive Oil Montreal Quebec Canada","robots":{"index":"index","follow":"follow","max-snippet":"max-snippet:-1","max-image-preview":"max-image-preview:large","max-video-preview":"max-video-preview:-1"},"canonical":"https:\/\/www.zoeoliveoil.com\/fr\/produit\/duo-zoe-extra-virgin-olive-oil-zoe-wine-vinegar\/","og_locale":"fr_CA","og_type":"article","og_title":"Duo Zo\u00eb Extra virgin olive oil & Zo\u00eb Wine vinegar - Zo\u00eb Olive Oil Montreal Quebec Canada","og_description":"Our premium extra virgin olive oil packs a delicious robust flavour and finishes with a peppery zing. It has a beautiful golden green hue, and gives off a subtle aroma of fresh vegetables. Zo\u00eb\u00a0extra virgin olive oil\u00a0is not blended or filtered. Our Koroneiki olives are handpicked every November while still green and pressed within hours of harvest. This gives our\u00a0extra virgin olive oil\u00a0its very low acidity of between 0.2 % to 0.4% maximum every harvest year.","og_url":"https:\/\/www.zoeoliveoil.com\/fr\/produit\/duo-zoe-extra-virgin-olive-oil-zoe-wine-vinegar\/","og_site_name":"Zo\u00eb Olive Oil Montreal Quebec Canada","article_publisher":"https:\/\/www.facebook.com\/zoeoliveoil\/","article_modified_time":"2024-10-29T11:15:28+00:00","og_image":[{"width":590,"height":590,"url":"https:\/\/www.zoeoliveoil.com\/wp-content\/uploads\/2023\/04\/duo_590x.webp","type":"image\/webp"}],"twitter_card":"summary_large_image","twitter_site":"@zoeoliveoil","twitter_misc":{"Estimation du temps de lecture":"2 minutes"},"schema":{"@context":"https:\/\/schema.org","@graph":[{"@type":"WebPage","@id":"https:\/\/www.zoeoliveoil.com\/product\/duo-zoe-extra-virgin-olive-oil-zoe-wine-vinegar\/","url":"https:\/\/www.zoeoliveoil.com\/product\/duo-zoe-extra-virgin-olive-oil-zoe-wine-vinegar\/","name":"Duo Zo\u00eb Extra virgin olive oil & Zo\u00eb Wine vinegar - Zo\u00eb Olive Oil Montreal Quebec Canada","isPartOf":{"@id":"https:\/\/www.zoeoliveoil.com\/#website"},"primaryImageOfPage":{"@id":"https:\/\/www.zoeoliveoil.com\/product\/duo-zoe-extra-virgin-olive-oil-zoe-wine-vinegar\/#primaryimage"},"image":{"@id":"https:\/\/www.zoeoliveoil.com\/product\/duo-zoe-extra-virgin-olive-oil-zoe-wine-vinegar\/#primaryimage"},"thumbnailUrl":"https:\/\/www.zoeoliveoil.com\/wp-content\/uploads\/2023\/04\/duo_590x.webp","datePublished":"2023-04-18T17:55:15+00:00","dateModified":"2024-10-29T11:15:28+00:00","breadcrumb":{"@id":"https:\/\/www.zoeoliveoil.com\/product\/duo-zoe-extra-virgin-olive-oil-zoe-wine-vinegar\/#breadcrumb"},"inLanguage":"fr-CA","potentialAction":[{"@type":"ReadAction","target":["https:\/\/www.zoeoliveoil.com\/product\/duo-zoe-extra-virgin-olive-oil-zoe-wine-vinegar\/"]}]},{"@type":"ImageObject","inLanguage":"fr-CA","@id":"https:\/\/www.zoeoliveoil.com\/product\/duo-zoe-extra-virgin-olive-oil-zoe-wine-vinegar\/#primaryimage","url":"https:\/\/www.zoeoliveoil.com\/wp-content\/uploads\/2023\/04\/duo_590x.webp","contentUrl":"https:\/\/www.zoeoliveoil.com\/wp-content\/uploads\/2023\/04\/duo_590x.webp","width":590,"height":590},{"@type":"BreadcrumbList","@id":"https:\/\/www.zoeoliveoil.com\/product\/duo-zoe-extra-virgin-olive-oil-zoe-wine-vinegar\/#breadcrumb","itemListElement":[{"@type":"ListItem","position":1,"name":"Home","item":"https:\/\/www.zoeoliveoil.com\/"},{"@type":"ListItem","position":2,"name":"Shop","item":"https:\/\/www.zoeoliveoil.com\/shop\/"},{"@type":"ListItem","position":3,"name":"Duo Zo\u00eb Extra virgin olive oil &#038; Zo\u00eb Wine vinegar"}]},{"@type":"WebSite","@id":"https:\/\/www.zoeoliveoil.com\/#website","url":"https:\/\/www.zoeoliveoil.com\/","name":"Zo\u00eb Huile d&#039;Olive Montr\u00e9al Qu\u00e9bec Canada","description":"","publisher":{"@id":"https:\/\/www.zoeoliveoil.com\/#organization"},"potentialAction":[{"@type":"SearchAction","target":{"@type":"EntryPoint","urlTemplate":"https:\/\/www.zoeoliveoil.com\/?s={search_term_string}"},"query-input":{"@type":"PropertyValueSpecification","valueRequired":true,"valueName":"search_term_string"}}],"inLanguage":"fr-CA"},{"@type":"Organization","@id":"https:\/\/www.zoeoliveoil.com\/#organization","name":"Zo\u00eb Huile d&#039;Olive Montr\u00e9al Qu\u00e9bec Canada","url":"https:\/\/www.zoeoliveoil.com\/","logo":{"@type":"ImageObject","inLanguage":"fr-CA","@id":"https:\/\/www.zoeoliveoil.com\/#\/schema\/logo\/image\/","url":"https:\/\/www.zoeoliveoil.com\/wp-content\/uploads\/2023\/04\/Zoe-Logo__Black_165x.png","contentUrl":"https:\/\/www.zoeoliveoil.com\/wp-content\/uploads\/2023\/04\/Zoe-Logo__Black_165x.png","width":165,"height":78,"caption":"Zo\u00eb Olive Oil Montreal Quebec Canada"},"image":{"@id":"https:\/\/www.zoeoliveoil.com\/#\/schema\/logo\/image\/"},"sameAs":["https:\/\/www.facebook.com\/zoeoliveoil\/","https:\/\/x.com\/zoeoliveoil","https:\/\/www.instagram.com\/zoeoliveoil\/?hl=en","https:\/\/www.tiktok.com\/@zoeoliveoil","https:\/\/www.pinterest.ca\/zoeoliveoil\/"]}]}},"jetpack_sharing_enabled":true,"_links":{"self":[{"href":"https:\/\/www.zoeoliveoil.com\/fr\/wp-json\/wp\/v2\/product\/1414","targetHints":{"allow":["GET"]}}],"collection":[{"href":"https:\/\/www.zoeoliveoil.com\/fr\/wp-json\/wp\/v2\/product"}],"about":[{"href":"https:\/\/www.zoeoliveoil.com\/fr\/wp-json\/wp\/v2\/types\/product"}],"replies":[{"embeddable":true,"href":"https:\/\/www.zoeoliveoil.com\/fr\/wp-json\/wp\/v2\/comments?post=1414"}],"version-history":[{"count":1,"href":"https:\/\/www.zoeoliveoil.com\/fr\/wp-json\/wp\/v2\/product\/1414\/revisions"}],"predecessor-version":[{"id":1422,"href":"https:\/\/www.zoeoliveoil.com\/fr\/wp-json\/wp\/v2\/product\/1414\/revisions\/1422"}],"wp:featuredmedia":[{"embeddable":true,"href":"https:\/\/www.zoeoliveoil.com\/fr\/wp-json\/wp\/v2\/media\/1421"}],"wp:attachment":[{"href":"https:\/\/www.zoeoliveoil.com\/fr\/wp-json\/wp\/v2\/media?parent=1414"}],"wp:term":[{"taxonomy":"brand","embeddable":true,"href":"https:\/\/www.zoeoliveoil.com\/fr\/wp-json\/wp\/v2\/etheme_brands?post=1414"},{"taxonomy":"product_brand","embeddable":true,"href":"https:\/\/www.zoeoliveoil.com\/fr\/wp-json\/wp\/v2\/product_brand?post=1414"},{"taxonomy":"product_cat","embeddable":true,"href":"https:\/\/www.zoeoliveoil.com\/fr\/wp-json\/wp\/v2\/product_cat?post=1414"},{"taxonomy":"product_tag","embeddable":true,"href":"https:\/\/www.zoeoliveoil.com\/fr\/wp-json\/wp\/v2\/product_tag?post=1414"}],"curies":[{"name":"wp","href":"https:\/\/api.w.org\/{rel}","templated":true}]}}