{"id":1458,"date":"2023-04-18T18:10:43","date_gmt":"2023-04-18T18:10:43","guid":{"rendered":"https:\/\/www.zoeoliveoil.com\/?post_type=product&#038;p=1458"},"modified":"2024-12-03T13:24:33","modified_gmt":"2024-12-03T13:24:33","slug":"zoe-salt-box-set","status":"publish","type":"product","link":"https:\/\/www.zoeoliveoil.com\/fr\/produit\/zoe-salt-box-set\/","title":{"rendered":"Coffret Sel Zo\u00eb"},"content":{"rendered":"<p><strong>Coffret de sels Zo\u00eb - Rehaussez vos plats avec des sels de mer grecs de premi\u00e8re qualit\u00e9<\/strong><\/p>\n<p>Lib\u00e9rez tout le potentiel de vos cr\u00e9ations culinaires avec le <strong>Coffret Sel Zo\u00eb<\/strong>une collection soigneusement s\u00e9lectionn\u00e9e de nos produits les plus populaires. <strong>sels de mer grecs infus\u00e9s<\/strong>. Ce coffret exclusif est un must pour le chef \u00e0 domicile qui souhaite disposer d'ingr\u00e9dients de haute qualit\u00e9 et savoureux pour faire passer sa cuisine au niveau sup\u00e9rieur. Chaque produit de ce coffret est fabriqu\u00e9 \u00e0 partir de <strong>sels marins grecs de premi\u00e8re qualit\u00e9<\/strong>Les produits de l'agriculture biologique sont connus pour leur puret\u00e9, leur saveur exceptionnelle et leurs nombreux avantages. <strong>avantages pour la sant\u00e9<\/strong>.<\/p>\n<p>Les sels marins grecs sont naturellement riches en <strong>min\u00e9raux<\/strong> tels que le magn\u00e9sium, le calcium et le potassium, qui sont essentiels au maintien d'un corps sain. Ces min\u00e9raux contribuent \u00e0 la fonction musculaire, \u00e0 l'hydratation et au bien-\u00eatre g\u00e9n\u00e9ral. En outre, les sels marins grecs sont r\u00e9colt\u00e9s dans le respect de l'environnement, ce qui en fait un choix sain et responsable pour votre cuisine.<\/p>\n<p>Nos sels sont disponibles en <strong>moulins \u00e0 verre<\/strong> et <strong>bocaux en verre<\/strong>Ce coffret a \u00e9t\u00e9 con\u00e7u pour que chaque produit reste frais et facile \u00e0 utiliser. Gr\u00e2ce \u00e0 ce coffret, vous pourrez exp\u00e9rimenter un large \u00e9ventail de saveurs qui s'accorderont avec tout, des viandes aux l\u00e9gumes en passant par les p\u00e2tes, les salades et m\u00eame les desserts.<\/p>\n<h3><strong>Que contient le coffret Zo\u00eb Salt ?<\/strong><\/h3>\n<p>Les <strong>Coffret Sel Zo\u00eb<\/strong> comprend :<\/p>\n<ul>\n<li><strong>100 g de sel infus\u00e9 au basilic et \u00e0 l'ail<\/strong> dans un broyeur de verre<\/li>\n<li><strong>100 g de sel infus\u00e9 au curry et \u00e0 la moutarde<\/strong> dans un broyeur de verre<\/li>\n<li><strong>100 g de sel fum\u00e9 au bois de h\u00eatre<\/strong> dans un broyeur de verre<\/li>\n<li><strong>100 g de sel infus\u00e9 au chili<\/strong> dans un broyeur de verre<\/li>\n<li><strong>210 g de flocons de fleur de sel grecque de premi\u00e8re qualit\u00e9<\/strong> dans un bocal en verre<\/li>\n<li><strong>Pyramides de sel Premium 110g<\/strong> dans un bocal en verre<\/li>\n<\/ul>\n<p>Chaque sel provient d'une source soigneusement s\u00e9lectionn\u00e9e <strong>Gr\u00e8ce<\/strong>Les sels de cuisine sont fabriqu\u00e9s dans des usines de transformation de la mer, o\u00f9 la puret\u00e9 naturelle de la mer est pr\u00e9serv\u00e9e. Nous infusons ensuite ces sels avec des ingr\u00e9dients distinctifs de haute qualit\u00e9 qui ajoutent de la profondeur et de la complexit\u00e9 \u00e0 vos plats.<\/p>\n<h3><strong>Suggestions d'accords pour le coffret Zo\u00eb Salt<\/strong><\/h3>\n<h4><strong>Sel infus\u00e9 au basilic et \u00e0 l'ail<\/strong><\/h4>\n<ul>\n<li><strong>Jumeler avec<\/strong>: L\u00e9gumes grill\u00e9s, mozzarella fra\u00eeche, p\u00e2tes, poulet r\u00f4ti et poisson. Ce sel aromatique ajoute une touche d'herbes et d'ail aux plats italiens et m\u00e9diterran\u00e9ens.<\/li>\n<li><strong>Avantages pour la sant\u00e9<\/strong>: Riche en min\u00e9raux tels que le magn\u00e9sium et le potassium, ce sel rehausse non seulement la saveur mais apporte \u00e9galement des nutriments essentiels \u00e0 vos repas.<\/li>\n<\/ul>\n<h4><strong>Sel infus\u00e9 au curry et \u00e0 la moutarde<\/strong><\/h4>\n<ul>\n<li><strong>Jumeler avec<\/strong>: Chou-fleur r\u00f4ti, plats au curry, viandes grill\u00e9es, poissons ou pommes de terre r\u00f4ties. Ce m\u00e9lange unique apporte une chaleur et un piquant savoureux \u00e0 vos currys, viandes et m\u00eame l\u00e9gumes pr\u00e9f\u00e9r\u00e9s.<\/li>\n<li><strong>Avantages pour la sant\u00e9<\/strong>: L'ajout de curry et de moutarde conf\u00e8re \u00e0 ce sel des propri\u00e9t\u00e9s riches en antioxydants, et le sel marin grec apporte une bonne dose de min\u00e9raux pour favoriser votre bien-\u00eatre g\u00e9n\u00e9ral.<\/li>\n<\/ul>\n<h4><strong>Sel fum\u00e9 au bois de h\u00eatre<\/strong><\/h4>\n<ul>\n<li><strong>Jumeler avec<\/strong>: Steaks grill\u00e9s, poulet au barbecue, l\u00e9gumes r\u00f4tis, poisson, viandes grill\u00e9es ou m\u00eame pop-corn. Ce sel riche et fum\u00e9 apporte une authentique saveur de feu de bois qui rehausse les viandes et les l\u00e9gumes d'un ar\u00f4me profond et fum\u00e9.<\/li>\n<li><strong>Avantages pour la sant\u00e9<\/strong>: Les min\u00e9raux du sel marin grec, combin\u00e9s \u00e0 la saveur fum\u00e9e, cr\u00e9ent une fa\u00e7on plus saine d'appr\u00e9cier les aliments grill\u00e9s et fum\u00e9s, sans le sodium suppl\u00e9mentaire que l'on trouve souvent dans d'autres options d'assaisonnement.<\/li>\n<\/ul>\n<h4><strong>Sel infus\u00e9 au chili<\/strong><\/h4>\n<ul>\n<li><strong>Jumeler avec<\/strong>: Tacos, crevettes grill\u00e9es, viandes grill\u00e9es, poissons, plats saut\u00e9s ou m\u00eame \u0153ufs. Ce sel \u00e9pic\u00e9 ajoute de la chaleur et une touche piquante \u00e0 tous les plats, qu'il s'agisse de fruits de mer, d'en-cas ou m\u00eame de petits d\u00e9jeuners.<\/li>\n<li><strong>Avantages pour la sant\u00e9<\/strong>: Les piments sont connus pour leur <strong>anti-inflammatoire<\/strong> et peut aider \u00e0 stimuler le m\u00e9tabolisme. Associ\u00e9 au sel marin grec, ce m\u00e9lange constitue un moyen passionnant et respectueux de la sant\u00e9 d'\u00e9picer vos repas.<\/li>\n<\/ul>\n<h4><strong>Flocons de fleur de sel grecque de premi\u00e8re qualit\u00e9<\/strong><\/h4>\n<ul>\n<li><strong>Jumeler avec<\/strong>: Salades fra\u00eeches, poissons grill\u00e9s, l\u00e9gumes r\u00f4tis, viandes grill\u00e9es, biscuits ou desserts au chocolat noir. Ce sel de mer d\u00e9licat et floconneux est parfait pour terminer les plats et rehausser les saveurs des recettes simples.<\/li>\n<li><strong>Avantages pour la sant\u00e9<\/strong>: <strong>Fleur de Sel<\/strong> regorge d'oligo-\u00e9l\u00e9ments essentiels qui soutiennent le syst\u00e8me immunitaire, am\u00e9liorent l'hydratation et contribuent \u00e0 l'am\u00e9lioration de la peau et de la fonction musculaire.<\/li>\n<\/ul>\n<h4><strong>Pyramides de sel de premi\u00e8re qualit\u00e9<\/strong><\/h4>\n<ul>\n<li><strong>Jumeler avec<\/strong>: Viandes r\u00f4ties, pain frais, l\u00e9gumes grill\u00e9s ou fromages cr\u00e9meux. Ces beaux cristaux de forme pyramidale sont id\u00e9aux pour saupoudrer les plats pour une saveur d\u00e9licate mais percutante.<\/li>\n<li><strong>Avantages pour la sant\u00e9<\/strong>: Comme tous nos sels de mer grecs, ces cristaux de forme pyramidale offrent un \u00e9quilibre naturel de min\u00e9raux essentiels qui favorisent la sant\u00e9, sans les produits chimiques ajout\u00e9s que l'on trouve souvent dans les sels commerciaux.<\/li>\n<\/ul>\n<h3><strong>Pourquoi choisir le coffret Zo\u00eb Salt ?<\/strong><\/h3>\n<p>Les <strong>Coffret Sel Zo\u00eb<\/strong> est une c\u00e9l\u00e9bration de la <strong>qualit\u00e9, artisanat<\/strong>et les saveurs particuli\u00e8res de la <strong>sels marins grecs de premi\u00e8re qualit\u00e9<\/strong>. R\u00e9colt\u00e9s \u00e0 la main et impr\u00e9gn\u00e9s d'une grande vari\u00e9t\u00e9 de saveurs, ces sels changent la donne dans la cuisine. Que vous soyez un chef professionnel ou un cuisinier passionn\u00e9, ce coffret vous permet d'exp\u00e9rimenter facilement des profils de saveurs uniques et polyvalents qui rehausseront votre cuisine.<\/p>\n<p>Chaque sel est soigneusement s\u00e9lectionn\u00e9 pour faire ressortir le meilleur de vos plats, que vous les grilliez, les r\u00f4tissiez, les finissiez ou les saupoudriez. Avec ces sels de haute qualit\u00e9, vous aurez tout ce qu'il vous faut pour cr\u00e9er chez vous des plats sophistiqu\u00e9s, dignes d'un restaurant.<\/p>\n<p>Les sels marins grecs ne se contentent pas d'apporter une saveur audacieuse \u00e0 vos aliments, ils offrent \u00e9galement des avantages essentiels. <strong>avantages pour la sant\u00e9<\/strong>Ils peuvent \u00eatre utilis\u00e9s dans tous les plats, de l'am\u00e9lioration de l'hydratation \u00e0 l'augmentation de l'apport en min\u00e9raux. Vous pouvez donc les utiliser dans tous vos plats en toute s\u00e9r\u00e9nit\u00e9, en sachant que vous contribuez \u00e0 votre bien-\u00eatre \u00e0 chaque saupoudrage.<\/p>\n<h3><strong>Commandez votre coffret Zo\u00eb Salt d\u00e8s aujourd'hui !<\/strong><\/h3>\n<p>Pr\u00eat \u00e0 apporter de nouveaux niveaux de saveur et de sophistication dans votre cuisine tout en soutenant votre sant\u00e9 ? Commandez le <strong>Coffret Sel Zo\u00eb<\/strong> aujourd'hui et faites l'exp\u00e9rience de la diff\u00e9rence qu'apportent les <strong>sels marins grecs de premi\u00e8re qualit\u00e9<\/strong> et <strong>infusions artisanales<\/strong> peut faire dans votre cuisine. Parfaite pour le chef \u00e0 domicile, cette collection deviendra rapidement un \u00e9l\u00e9ment essentiel de votre arsenal culinaire.<\/p>","protected":false},"excerpt":{"rendered":"<p><strong>Les usages:\u00a0<\/strong>Utilisez-le pour finir tous les aliments afin d&#039;am\u00e9liorer le profil de saveur global.<\/p>","protected":false},"featured_media":1469,"comment_status":"open","ping_status":"closed","template":"","meta":[],"etheme_brands":[{"term_id":92,"name":"Zo\u00eb","slug":"zoe","term_group":0,"term_taxonomy_id":92,"taxonomy":"brand","description":"","parent":0,"count":122,"filter":"raw"}],"product_brand":[],"product_cat":[111,89,97],"product_tag":[],"class_list":{"0":"post-1458","1":"product","2":"type-product","3":"status-publish","4":"has-post-thumbnail","6":"brand-zoe","7":"product_cat-all-products","8":"product_cat-gift-sets","9":"product_cat-infused-salts-herbs-peppers","11":"first","12":"instock","13":"shipping-taxable","14":"purchasable","15":"product-type-simple"},"yoast_head":"<!-- This site is optimized with the Yoast SEO plugin v27.4 - https:\/\/yoast.com\/product\/yoast-seo-wordpress\/ -->\n<title>Zo\u00eb Salt Box Set - Zo\u00eb Olive Oil Montreal Quebec Canada<\/title>\n<meta name=\"robots\" content=\"index, follow, max-snippet:-1, max-image-preview:large, max-video-preview:-1\" \/>\n<link rel=\"canonical\" href=\"https:\/\/www.zoeoliveoil.com\/fr\/produit\/zoe-salt-box-set\/\" \/>\n<meta property=\"og:locale\" content=\"fr_CA\" \/>\n<meta property=\"og:type\" content=\"article\" \/>\n<meta property=\"og:title\" content=\"Zo\u00eb Salt Box Set - Zo\u00eb Olive Oil Montreal Quebec Canada\" \/>\n<meta property=\"og:description\" content=\"Uses:\u00a0Use to finish all foods in order to enhance the overall flavor profile.\" \/>\n<meta property=\"og:url\" content=\"https:\/\/www.zoeoliveoil.com\/fr\/produit\/zoe-salt-box-set\/\" \/>\n<meta property=\"og:site_name\" content=\"Zo\u00eb Olive Oil Montreal Quebec Canada\" \/>\n<meta property=\"article:publisher\" content=\"https:\/\/www.facebook.com\/zoeoliveoil\/\" \/>\n<meta property=\"article:modified_time\" content=\"2024-12-03T13:24:33+00:00\" \/>\n<meta property=\"og:image\" content=\"https:\/\/www.zoeoliveoil.com\/wp-content\/uploads\/2023\/04\/IMG_3394_590x.webp\" \/>\n\t<meta property=\"og:image:width\" content=\"590\" \/>\n\t<meta property=\"og:image:height\" content=\"670\" \/>\n\t<meta property=\"og:image:type\" content=\"image\/webp\" \/>\n<meta name=\"twitter:card\" content=\"summary_large_image\" \/>\n<meta name=\"twitter:site\" content=\"@zoeoliveoil\" \/>\n<meta name=\"twitter:label1\" content=\"Estimation du temps de lecture\" \/>\n\t<meta name=\"twitter:data1\" content=\"5 minutes\" \/>\n<script type=\"application\/ld+json\" class=\"yoast-schema-graph\">{\"@context\":\"https:\\\/\\\/schema.org\",\"@graph\":[{\"@type\":\"WebPage\",\"@id\":\"https:\\\/\\\/www.zoeoliveoil.com\\\/product\\\/zoe-salt-box-set\\\/\",\"url\":\"https:\\\/\\\/www.zoeoliveoil.com\\\/product\\\/zoe-salt-box-set\\\/\",\"name\":\"Zo\u00eb Salt Box Set - Zo\u00eb Olive Oil Montreal Quebec Canada\",\"isPartOf\":{\"@id\":\"https:\\\/\\\/www.zoeoliveoil.com\\\/#website\"},\"primaryImageOfPage\":{\"@id\":\"https:\\\/\\\/www.zoeoliveoil.com\\\/product\\\/zoe-salt-box-set\\\/#primaryimage\"},\"image\":{\"@id\":\"https:\\\/\\\/www.zoeoliveoil.com\\\/product\\\/zoe-salt-box-set\\\/#primaryimage\"},\"thumbnailUrl\":\"https:\\\/\\\/www.zoeoliveoil.com\\\/wp-content\\\/uploads\\\/2023\\\/04\\\/IMG_3394_590x.webp\",\"datePublished\":\"2023-04-18T18:10:43+00:00\",\"dateModified\":\"2024-12-03T13:24:33+00:00\",\"breadcrumb\":{\"@id\":\"https:\\\/\\\/www.zoeoliveoil.com\\\/product\\\/zoe-salt-box-set\\\/#breadcrumb\"},\"inLanguage\":\"fr-CA\",\"potentialAction\":[{\"@type\":\"ReadAction\",\"target\":[\"https:\\\/\\\/www.zoeoliveoil.com\\\/product\\\/zoe-salt-box-set\\\/\"]}]},{\"@type\":\"ImageObject\",\"inLanguage\":\"fr-CA\",\"@id\":\"https:\\\/\\\/www.zoeoliveoil.com\\\/product\\\/zoe-salt-box-set\\\/#primaryimage\",\"url\":\"https:\\\/\\\/www.zoeoliveoil.com\\\/wp-content\\\/uploads\\\/2023\\\/04\\\/IMG_3394_590x.webp\",\"contentUrl\":\"https:\\\/\\\/www.zoeoliveoil.com\\\/wp-content\\\/uploads\\\/2023\\\/04\\\/IMG_3394_590x.webp\",\"width\":590,\"height\":670},{\"@type\":\"BreadcrumbList\",\"@id\":\"https:\\\/\\\/www.zoeoliveoil.com\\\/product\\\/zoe-salt-box-set\\\/#breadcrumb\",\"itemListElement\":[{\"@type\":\"ListItem\",\"position\":1,\"name\":\"Home\",\"item\":\"https:\\\/\\\/www.zoeoliveoil.com\\\/\"},{\"@type\":\"ListItem\",\"position\":2,\"name\":\"Shop\",\"item\":\"https:\\\/\\\/www.zoeoliveoil.com\\\/shop\\\/\"},{\"@type\":\"ListItem\",\"position\":3,\"name\":\"Zo\u00eb Salt Box Set\"}]},{\"@type\":\"WebSite\",\"@id\":\"https:\\\/\\\/www.zoeoliveoil.com\\\/#website\",\"url\":\"https:\\\/\\\/www.zoeoliveoil.com\\\/\",\"name\":\"Zo\u00eb Olive Oil Montreal Quebec Canada\",\"description\":\"\",\"publisher\":{\"@id\":\"https:\\\/\\\/www.zoeoliveoil.com\\\/#organization\"},\"potentialAction\":[{\"@type\":\"SearchAction\",\"target\":{\"@type\":\"EntryPoint\",\"urlTemplate\":\"https:\\\/\\\/www.zoeoliveoil.com\\\/?s={search_term_string}\"},\"query-input\":{\"@type\":\"PropertyValueSpecification\",\"valueRequired\":true,\"valueName\":\"search_term_string\"}}],\"inLanguage\":\"fr-CA\"},{\"@type\":\"Organization\",\"@id\":\"https:\\\/\\\/www.zoeoliveoil.com\\\/#organization\",\"name\":\"Zo\u00eb Olive Oil Montreal Quebec Canada\",\"url\":\"https:\\\/\\\/www.zoeoliveoil.com\\\/\",\"logo\":{\"@type\":\"ImageObject\",\"inLanguage\":\"fr-CA\",\"@id\":\"https:\\\/\\\/www.zoeoliveoil.com\\\/#\\\/schema\\\/logo\\\/image\\\/\",\"url\":\"https:\\\/\\\/www.zoeoliveoil.com\\\/wp-content\\\/uploads\\\/2023\\\/04\\\/Zoe-Logo__Black_165x.png\",\"contentUrl\":\"https:\\\/\\\/www.zoeoliveoil.com\\\/wp-content\\\/uploads\\\/2023\\\/04\\\/Zoe-Logo__Black_165x.png\",\"width\":165,\"height\":78,\"caption\":\"Zo\u00eb Olive Oil Montreal Quebec Canada\"},\"image\":{\"@id\":\"https:\\\/\\\/www.zoeoliveoil.com\\\/#\\\/schema\\\/logo\\\/image\\\/\"},\"sameAs\":[\"https:\\\/\\\/www.facebook.com\\\/zoeoliveoil\\\/\",\"https:\\\/\\\/x.com\\\/zoeoliveoil\",\"https:\\\/\\\/www.instagram.com\\\/zoeoliveoil\\\/?hl=en\",\"https:\\\/\\\/www.tiktok.com\\\/@zoeoliveoil\",\"https:\\\/\\\/www.pinterest.ca\\\/zoeoliveoil\\\/\"]}]}<\/script>\n<!-- \/ Yoast SEO plugin. -->","yoast_head_json":{"title":"Zo\u00eb Salt Box Set - Zo\u00eb Olive Oil Montreal Quebec Canada","robots":{"index":"index","follow":"follow","max-snippet":"max-snippet:-1","max-image-preview":"max-image-preview:large","max-video-preview":"max-video-preview:-1"},"canonical":"https:\/\/www.zoeoliveoil.com\/fr\/produit\/zoe-salt-box-set\/","og_locale":"fr_CA","og_type":"article","og_title":"Zo\u00eb Salt Box Set - Zo\u00eb Olive Oil Montreal Quebec Canada","og_description":"Uses:\u00a0Use to finish all foods in order to enhance the overall flavor profile.","og_url":"https:\/\/www.zoeoliveoil.com\/fr\/produit\/zoe-salt-box-set\/","og_site_name":"Zo\u00eb Olive Oil Montreal Quebec Canada","article_publisher":"https:\/\/www.facebook.com\/zoeoliveoil\/","article_modified_time":"2024-12-03T13:24:33+00:00","og_image":[{"width":590,"height":670,"url":"https:\/\/www.zoeoliveoil.com\/wp-content\/uploads\/2023\/04\/IMG_3394_590x.webp","type":"image\/webp"}],"twitter_card":"summary_large_image","twitter_site":"@zoeoliveoil","twitter_misc":{"Estimation du temps de lecture":"5 minutes"},"schema":{"@context":"https:\/\/schema.org","@graph":[{"@type":"WebPage","@id":"https:\/\/www.zoeoliveoil.com\/product\/zoe-salt-box-set\/","url":"https:\/\/www.zoeoliveoil.com\/product\/zoe-salt-box-set\/","name":"Zo\u00eb Salt Box Set - Zo\u00eb Olive Oil Montreal Quebec Canada","isPartOf":{"@id":"https:\/\/www.zoeoliveoil.com\/#website"},"primaryImageOfPage":{"@id":"https:\/\/www.zoeoliveoil.com\/product\/zoe-salt-box-set\/#primaryimage"},"image":{"@id":"https:\/\/www.zoeoliveoil.com\/product\/zoe-salt-box-set\/#primaryimage"},"thumbnailUrl":"https:\/\/www.zoeoliveoil.com\/wp-content\/uploads\/2023\/04\/IMG_3394_590x.webp","datePublished":"2023-04-18T18:10:43+00:00","dateModified":"2024-12-03T13:24:33+00:00","breadcrumb":{"@id":"https:\/\/www.zoeoliveoil.com\/product\/zoe-salt-box-set\/#breadcrumb"},"inLanguage":"fr-CA","potentialAction":[{"@type":"ReadAction","target":["https:\/\/www.zoeoliveoil.com\/product\/zoe-salt-box-set\/"]}]},{"@type":"ImageObject","inLanguage":"fr-CA","@id":"https:\/\/www.zoeoliveoil.com\/product\/zoe-salt-box-set\/#primaryimage","url":"https:\/\/www.zoeoliveoil.com\/wp-content\/uploads\/2023\/04\/IMG_3394_590x.webp","contentUrl":"https:\/\/www.zoeoliveoil.com\/wp-content\/uploads\/2023\/04\/IMG_3394_590x.webp","width":590,"height":670},{"@type":"BreadcrumbList","@id":"https:\/\/www.zoeoliveoil.com\/product\/zoe-salt-box-set\/#breadcrumb","itemListElement":[{"@type":"ListItem","position":1,"name":"Home","item":"https:\/\/www.zoeoliveoil.com\/"},{"@type":"ListItem","position":2,"name":"Shop","item":"https:\/\/www.zoeoliveoil.com\/shop\/"},{"@type":"ListItem","position":3,"name":"Zo\u00eb Salt Box Set"}]},{"@type":"WebSite","@id":"https:\/\/www.zoeoliveoil.com\/#website","url":"https:\/\/www.zoeoliveoil.com\/","name":"Zo\u00eb Huile d&#039;Olive Montr\u00e9al Qu\u00e9bec Canada","description":"","publisher":{"@id":"https:\/\/www.zoeoliveoil.com\/#organization"},"potentialAction":[{"@type":"SearchAction","target":{"@type":"EntryPoint","urlTemplate":"https:\/\/www.zoeoliveoil.com\/?s={search_term_string}"},"query-input":{"@type":"PropertyValueSpecification","valueRequired":true,"valueName":"search_term_string"}}],"inLanguage":"fr-CA"},{"@type":"Organization","@id":"https:\/\/www.zoeoliveoil.com\/#organization","name":"Zo\u00eb Huile d&#039;Olive Montr\u00e9al Qu\u00e9bec Canada","url":"https:\/\/www.zoeoliveoil.com\/","logo":{"@type":"ImageObject","inLanguage":"fr-CA","@id":"https:\/\/www.zoeoliveoil.com\/#\/schema\/logo\/image\/","url":"https:\/\/www.zoeoliveoil.com\/wp-content\/uploads\/2023\/04\/Zoe-Logo__Black_165x.png","contentUrl":"https:\/\/www.zoeoliveoil.com\/wp-content\/uploads\/2023\/04\/Zoe-Logo__Black_165x.png","width":165,"height":78,"caption":"Zo\u00eb Olive Oil Montreal Quebec Canada"},"image":{"@id":"https:\/\/www.zoeoliveoil.com\/#\/schema\/logo\/image\/"},"sameAs":["https:\/\/www.facebook.com\/zoeoliveoil\/","https:\/\/x.com\/zoeoliveoil","https:\/\/www.instagram.com\/zoeoliveoil\/?hl=en","https:\/\/www.tiktok.com\/@zoeoliveoil","https:\/\/www.pinterest.ca\/zoeoliveoil\/"]}]}},"jetpack_sharing_enabled":true,"_links":{"self":[{"href":"https:\/\/www.zoeoliveoil.com\/fr\/wp-json\/wp\/v2\/product\/1458","targetHints":{"allow":["GET"]}}],"collection":[{"href":"https:\/\/www.zoeoliveoil.com\/fr\/wp-json\/wp\/v2\/product"}],"about":[{"href":"https:\/\/www.zoeoliveoil.com\/fr\/wp-json\/wp\/v2\/types\/product"}],"replies":[{"embeddable":true,"href":"https:\/\/www.zoeoliveoil.com\/fr\/wp-json\/wp\/v2\/comments?post=1458"}],"version-history":[{"count":3,"href":"https:\/\/www.zoeoliveoil.com\/fr\/wp-json\/wp\/v2\/product\/1458\/revisions"}],"predecessor-version":[{"id":4143,"href":"https:\/\/www.zoeoliveoil.com\/fr\/wp-json\/wp\/v2\/product\/1458\/revisions\/4143"}],"wp:featuredmedia":[{"embeddable":true,"href":"https:\/\/www.zoeoliveoil.com\/fr\/wp-json\/wp\/v2\/media\/1469"}],"wp:attachment":[{"href":"https:\/\/www.zoeoliveoil.com\/fr\/wp-json\/wp\/v2\/media?parent=1458"}],"wp:term":[{"taxonomy":"brand","embeddable":true,"href":"https:\/\/www.zoeoliveoil.com\/fr\/wp-json\/wp\/v2\/etheme_brands?post=1458"},{"taxonomy":"product_brand","embeddable":true,"href":"https:\/\/www.zoeoliveoil.com\/fr\/wp-json\/wp\/v2\/product_brand?post=1458"},{"taxonomy":"product_cat","embeddable":true,"href":"https:\/\/www.zoeoliveoil.com\/fr\/wp-json\/wp\/v2\/product_cat?post=1458"},{"taxonomy":"product_tag","embeddable":true,"href":"https:\/\/www.zoeoliveoil.com\/fr\/wp-json\/wp\/v2\/product_tag?post=1458"}],"curies":[{"name":"wp","href":"https:\/\/api.w.org\/{rel}","templated":true}]}}