{"id":1472,"date":"2023-04-18T18:16:07","date_gmt":"2023-04-18T18:16:07","guid":{"rendered":"https:\/\/www.zoeoliveoil.com\/?post_type=product&#038;p=1472"},"modified":"2025-09-08T18:53:22","modified_gmt":"2025-09-08T18:53:22","slug":"zoe-infused-oil-box-set-2","status":"publish","type":"product","link":"https:\/\/www.zoeoliveoil.com\/fr\/produit\/zoe-infused-oil-box-set-2\/","title":{"rendered":"Coffret Huile Infus\u00e9e Zo\u00eb 100ml"},"content":{"rendered":"<p><strong>D\u00e9couvrez le meilleur des huiles d'olive de Zo\u00eb - Coffret Premium<\/strong><\/p>\n<p>Laissez-vous tenter par les saveurs riches et authentiques des huiles d'olive et des huiles infus\u00e9es de Zo\u00eb, d\u00e9sormais disponibles dans un coffret exclusif. Provenant directement de nos vergers personnels situ\u00e9s au c\u0153ur du P\u00e9loponn\u00e8se, dans le sud de la Gr\u00e8ce, cette s\u00e9lection soigneusement \u00e9labor\u00e9e rassemble les huiles d'olive les plus fines et les plus populaires, id\u00e9ales pour les amateurs de cuisine comme pour les personnes soucieuses de leur sant\u00e9.<\/p>\n<h3><strong>Ce qu'il y a dans la bo\u00eete :<\/strong><\/h3>\n<ul>\n<li><strong>Huile d'olive extra vierge<\/strong> - Press\u00e9e \u00e0 froid \u00e0 partir de nos propres olives Koroneiki, notre huile d'olive extra vierge est une v\u00e9ritable repr\u00e9sentation de la qualit\u00e9. Nous cultivons, cueillons, pressons et embouteillons nous-m\u00eames chaque goutte afin de garantir les normes les plus \u00e9lev\u00e9es sans l'intervention de tiers. Cette approche rare dans l'industrie garantit que vous obtenez le produit le plus frais et le plus savoureux possible. Nos olives sont r\u00e9colt\u00e9es lorsqu'elles sont encore vertes afin de pr\u00e9server leur teneur \u00e9lev\u00e9e en polyph\u00e9nols et en graisses monoinsatur\u00e9es, deux des bienfaits les plus b\u00e9n\u00e9fiques pour la sant\u00e9 que l'on trouve dans l'huile d'olive extra vierge.<\/li>\n<li><strong>Huile d'olive infus\u00e9e \u00e0 la truffe<\/strong> - Une huile luxueuse infus\u00e9e avec l'essence terreuse et aromatique des truffes. Id\u00e9ale pour arroser les p\u00e2tes, le risotto, les viandes grill\u00e9es ou pour terminer n'importe quel plat avec une touche de gourmandise.<\/li>\n<li><strong>Huile d'olive infus\u00e9e \u00e0 l'ail<\/strong> - Une huile robuste et aromatique qui capture l'essence de l'ail frais. Parfaite pour les marinades, les grillades, les p\u00e2tes, les l\u00e9gumes r\u00f4tis ou pour arroser le pain, cette huile est un must pour les amateurs d'ail.<\/li>\n<li><strong>Huile d&#039;olive infus\u00e9e au piment<\/strong> - Ajoutez une touche audacieuse et \u00e9pic\u00e9e \u00e0 vos plats avec notre huile d'olive infus\u00e9e au chili. Cette huile est parfaite pour arroser les pizzas et les p\u00e2tes, ou comme huile de finition pour les viandes et les l\u00e9gumes grill\u00e9s.<\/li>\n<li><strong>Huile d'olive infus\u00e9e au citron<\/strong> - Une huile rafra\u00eechissante et citronn\u00e9e, parfaite pour \u00e9gayer le poisson, le poulet, les l\u00e9gumes r\u00f4tis, ou comme compl\u00e9ment piquant aux vinaigrettes et aux marinades.<\/li>\n<li><strong>Huile d'olive infus\u00e9e au basilic<\/strong> - Infus\u00e9e avec la saveur vibrante et aromatique du basilic frais, cette huile est parfaite pour arroser les p\u00e2tes, les pizzas, les salades, ou pour ajouter une note d'herbes fra\u00eeches \u00e0 vos plats m\u00e9diterran\u00e9ens pr\u00e9f\u00e9r\u00e9s.<\/li>\n<\/ul>\n<h3><strong>Pourquoi choisir les huiles d'olive Zo\u00eb ?<\/strong><\/h3>\n<p>Chez Zo\u00eb, nous contr\u00f4lons tous les aspects du processus afin de garantir une huile d'olive de la plus haute qualit\u00e9. De la culture \u00e0 la cueillette, en passant par le pressage et la mise en bouteille, chaque goutte de notre huile d'olive provient directement de nos vergers familiaux du P\u00e9loponn\u00e8se. Cette approche rare garantit que vous recevrez le produit le plus frais, sans aucun compromis. Nous ne pressons et ne mettons en bouteille nos olives Koroneiki que lorsqu'elles sont encore vertes, afin de maximiser leur teneur en polyph\u00e9nols et en graisses monoinsatur\u00e9es, deux des principaux bienfaits de l'huile d'olive vierge extra pour la sant\u00e9. Ces qualit\u00e9s contribuent \u00e0 la sant\u00e9 cardiaque, aux propri\u00e9t\u00e9s antioxydantes et au bien-\u00eatre g\u00e9n\u00e9ral.<\/p>\n<h3><strong>Parfait pour toutes les cuisines<\/strong><\/h3>\n<p>Que vous soyez un chef chevronn\u00e9 ou que vous commenciez \u00e0 peine votre parcours culinaire, le coffret d'huiles d'olive Zo\u00eb est le compl\u00e9ment id\u00e9al de votre cuisine. Ces huiles sont incroyablement polyvalentes pour la cuisson, la p\u00e2tisserie, les trempettes et la finition des plats, ce qui les rend id\u00e9ales pour toutes les occasions.<\/p>\n<h3><strong>Un cadeau bien pens\u00e9<\/strong><\/h3>\n<p>Vous cherchez le cadeau id\u00e9al ? Ce coffret exclusif d'huiles d'olive Zo\u00eb est un cadeau luxueux et attentionn\u00e9 pour les f\u00eates de fin d'ann\u00e9e, les anniversaires ou toute autre occasion sp\u00e9ciale. Partagez les saveurs de la M\u00e9diterran\u00e9e avec vos proches et rehaussez leurs exp\u00e9riences culinaires avec cette s\u00e9lection joliment emball\u00e9e.<\/p>\n<h3><strong>Commandez maintenant et faites l'exp\u00e9rience de la diff\u00e9rence<\/strong><\/h3>\n<p>Ne manquez pas l'occasion de d\u00e9guster les meilleures huiles d'olive m\u00e9diterran\u00e9ennes, provenant de nos vergers familiaux du sud de la Gr\u00e8ce. Commandez d\u00e8s aujourd'hui votre coffret d'huiles d'olive Zo\u00eb et savourez les saveurs authentiques et pures de nos huiles s\u00e9lectionn\u00e9es \u00e0 la main. Go\u00fbtez la diff\u00e9rence \u00e0 chaque goutte et faites l'exp\u00e9rience de la qualit\u00e9 qui d\u00e9coule d'un processus familial enti\u00e8rement contr\u00f4l\u00e9.<\/p>\n<p>Contient : 6 flacons de 100ml<\/p>","protected":false},"excerpt":{"rendered":"<p>Discover the Best of Zo\u00eb Olive Oils \u2013 Premium Box Set Indulge in the rich, authentic flavors&#8230;<\/p>","protected":false},"featured_media":1475,"comment_status":"open","ping_status":"closed","template":"","meta":[],"etheme_brands":[{"term_id":92,"name":"Zo\u00eb","slug":"zoe","term_group":0,"term_taxonomy_id":92,"taxonomy":"brand","description":"","parent":0,"count":122,"filter":"raw"}],"product_brand":[],"product_cat":[111,89],"product_tag":[],"class_list":{"0":"post-1472","1":"product","2":"type-product","3":"status-publish","4":"has-post-thumbnail","6":"brand-zoe","7":"product_cat-all-products","8":"product_cat-gift-sets","10":"first","11":"instock","12":"shipping-taxable","13":"purchasable","14":"product-type-simple"},"yoast_head":"<!-- This site is optimized with the Yoast SEO plugin v27.4 - https:\/\/yoast.com\/product\/yoast-seo-wordpress\/ -->\n<title>Zo\u00eb Infused Oil Box Set - Zo\u00eb Olive Oil Montreal Quebec Canada<\/title>\n<meta name=\"robots\" content=\"index, follow, max-snippet:-1, max-image-preview:large, max-video-preview:-1\" \/>\n<link rel=\"canonical\" href=\"https:\/\/www.zoeoliveoil.com\/fr\/produit\/zoe-infused-oil-box-set-2\/\" \/>\n<meta property=\"og:locale\" content=\"fr_CA\" \/>\n<meta property=\"og:type\" content=\"article\" \/>\n<meta property=\"og:title\" content=\"Zo\u00eb Infused Oil Box Set - Zo\u00eb Olive Oil Montreal Quebec Canada\" \/>\n<meta property=\"og:description\" content=\"Discover the Best of Zo\u00eb Olive Oils \u2013 Premium Box Set Indulge in the rich, authentic flavors...\" \/>\n<meta property=\"og:url\" content=\"https:\/\/www.zoeoliveoil.com\/fr\/produit\/zoe-infused-oil-box-set-2\/\" \/>\n<meta property=\"og:site_name\" content=\"Zo\u00eb Olive Oil Montreal Quebec Canada\" \/>\n<meta property=\"article:publisher\" content=\"https:\/\/www.facebook.com\/zoeoliveoil\/\" \/>\n<meta property=\"article:modified_time\" content=\"2025-09-08T18:53:22+00:00\" \/>\n<meta property=\"og:image\" content=\"https:\/\/www.zoeoliveoil.com\/wp-content\/uploads\/2023\/04\/IMG_3399_590x-1.webp\" \/>\n\t<meta property=\"og:image:width\" content=\"590\" \/>\n\t<meta property=\"og:image:height\" content=\"669\" \/>\n\t<meta property=\"og:image:type\" content=\"image\/webp\" \/>\n<meta name=\"twitter:card\" content=\"summary_large_image\" \/>\n<meta name=\"twitter:site\" content=\"@zoeoliveoil\" \/>\n<meta name=\"twitter:label1\" content=\"Estimation du temps de lecture\" \/>\n\t<meta name=\"twitter:data1\" content=\"3 minutes\" \/>\n<script type=\"application\/ld+json\" class=\"yoast-schema-graph\">{\"@context\":\"https:\\\/\\\/schema.org\",\"@graph\":[{\"@type\":\"WebPage\",\"@id\":\"https:\\\/\\\/www.zoeoliveoil.com\\\/product\\\/zoe-infused-oil-box-set-2\\\/\",\"url\":\"https:\\\/\\\/www.zoeoliveoil.com\\\/product\\\/zoe-infused-oil-box-set-2\\\/\",\"name\":\"Zo\u00eb Infused Oil Box Set - Zo\u00eb Olive Oil Montreal Quebec Canada\",\"isPartOf\":{\"@id\":\"https:\\\/\\\/www.zoeoliveoil.com\\\/#website\"},\"primaryImageOfPage\":{\"@id\":\"https:\\\/\\\/www.zoeoliveoil.com\\\/product\\\/zoe-infused-oil-box-set-2\\\/#primaryimage\"},\"image\":{\"@id\":\"https:\\\/\\\/www.zoeoliveoil.com\\\/product\\\/zoe-infused-oil-box-set-2\\\/#primaryimage\"},\"thumbnailUrl\":\"https:\\\/\\\/www.zoeoliveoil.com\\\/wp-content\\\/uploads\\\/2023\\\/04\\\/IMG_3399_590x-1.webp\",\"datePublished\":\"2023-04-18T18:16:07+00:00\",\"dateModified\":\"2025-09-08T18:53:22+00:00\",\"breadcrumb\":{\"@id\":\"https:\\\/\\\/www.zoeoliveoil.com\\\/product\\\/zoe-infused-oil-box-set-2\\\/#breadcrumb\"},\"inLanguage\":\"fr-CA\",\"potentialAction\":[{\"@type\":\"ReadAction\",\"target\":[\"https:\\\/\\\/www.zoeoliveoil.com\\\/product\\\/zoe-infused-oil-box-set-2\\\/\"]}]},{\"@type\":\"ImageObject\",\"inLanguage\":\"fr-CA\",\"@id\":\"https:\\\/\\\/www.zoeoliveoil.com\\\/product\\\/zoe-infused-oil-box-set-2\\\/#primaryimage\",\"url\":\"https:\\\/\\\/www.zoeoliveoil.com\\\/wp-content\\\/uploads\\\/2023\\\/04\\\/IMG_3399_590x-1.webp\",\"contentUrl\":\"https:\\\/\\\/www.zoeoliveoil.com\\\/wp-content\\\/uploads\\\/2023\\\/04\\\/IMG_3399_590x-1.webp\",\"width\":590,\"height\":669},{\"@type\":\"BreadcrumbList\",\"@id\":\"https:\\\/\\\/www.zoeoliveoil.com\\\/product\\\/zoe-infused-oil-box-set-2\\\/#breadcrumb\",\"itemListElement\":[{\"@type\":\"ListItem\",\"position\":1,\"name\":\"Home\",\"item\":\"https:\\\/\\\/www.zoeoliveoil.com\\\/\"},{\"@type\":\"ListItem\",\"position\":2,\"name\":\"Shop\",\"item\":\"https:\\\/\\\/www.zoeoliveoil.com\\\/shop\\\/\"},{\"@type\":\"ListItem\",\"position\":3,\"name\":\"Zo\u00eb Infused Oil Box Set\"}]},{\"@type\":\"WebSite\",\"@id\":\"https:\\\/\\\/www.zoeoliveoil.com\\\/#website\",\"url\":\"https:\\\/\\\/www.zoeoliveoil.com\\\/\",\"name\":\"Zo\u00eb Olive Oil Montreal Quebec Canada\",\"description\":\"\",\"publisher\":{\"@id\":\"https:\\\/\\\/www.zoeoliveoil.com\\\/#organization\"},\"potentialAction\":[{\"@type\":\"SearchAction\",\"target\":{\"@type\":\"EntryPoint\",\"urlTemplate\":\"https:\\\/\\\/www.zoeoliveoil.com\\\/?s={search_term_string}\"},\"query-input\":{\"@type\":\"PropertyValueSpecification\",\"valueRequired\":true,\"valueName\":\"search_term_string\"}}],\"inLanguage\":\"fr-CA\"},{\"@type\":\"Organization\",\"@id\":\"https:\\\/\\\/www.zoeoliveoil.com\\\/#organization\",\"name\":\"Zo\u00eb Olive Oil Montreal Quebec Canada\",\"url\":\"https:\\\/\\\/www.zoeoliveoil.com\\\/\",\"logo\":{\"@type\":\"ImageObject\",\"inLanguage\":\"fr-CA\",\"@id\":\"https:\\\/\\\/www.zoeoliveoil.com\\\/#\\\/schema\\\/logo\\\/image\\\/\",\"url\":\"https:\\\/\\\/www.zoeoliveoil.com\\\/wp-content\\\/uploads\\\/2023\\\/04\\\/Zoe-Logo__Black_165x.png\",\"contentUrl\":\"https:\\\/\\\/www.zoeoliveoil.com\\\/wp-content\\\/uploads\\\/2023\\\/04\\\/Zoe-Logo__Black_165x.png\",\"width\":165,\"height\":78,\"caption\":\"Zo\u00eb Olive Oil Montreal Quebec Canada\"},\"image\":{\"@id\":\"https:\\\/\\\/www.zoeoliveoil.com\\\/#\\\/schema\\\/logo\\\/image\\\/\"},\"sameAs\":[\"https:\\\/\\\/www.facebook.com\\\/zoeoliveoil\\\/\",\"https:\\\/\\\/x.com\\\/zoeoliveoil\",\"https:\\\/\\\/www.instagram.com\\\/zoeoliveoil\\\/?hl=en\",\"https:\\\/\\\/www.tiktok.com\\\/@zoeoliveoil\",\"https:\\\/\\\/www.pinterest.ca\\\/zoeoliveoil\\\/\"]}]}<\/script>\n<!-- \/ Yoast SEO plugin. -->","yoast_head_json":{"title":"Zo\u00eb Infused Oil Box Set - Zo\u00eb Olive Oil Montreal Quebec Canada","robots":{"index":"index","follow":"follow","max-snippet":"max-snippet:-1","max-image-preview":"max-image-preview:large","max-video-preview":"max-video-preview:-1"},"canonical":"https:\/\/www.zoeoliveoil.com\/fr\/produit\/zoe-infused-oil-box-set-2\/","og_locale":"fr_CA","og_type":"article","og_title":"Zo\u00eb Infused Oil Box Set - Zo\u00eb Olive Oil Montreal Quebec Canada","og_description":"Discover the Best of Zo\u00eb Olive Oils \u2013 Premium Box Set Indulge in the rich, authentic flavors...","og_url":"https:\/\/www.zoeoliveoil.com\/fr\/produit\/zoe-infused-oil-box-set-2\/","og_site_name":"Zo\u00eb Olive Oil Montreal Quebec Canada","article_publisher":"https:\/\/www.facebook.com\/zoeoliveoil\/","article_modified_time":"2025-09-08T18:53:22+00:00","og_image":[{"width":590,"height":669,"url":"https:\/\/www.zoeoliveoil.com\/wp-content\/uploads\/2023\/04\/IMG_3399_590x-1.webp","type":"image\/webp"}],"twitter_card":"summary_large_image","twitter_site":"@zoeoliveoil","twitter_misc":{"Estimation du temps de lecture":"3 minutes"},"schema":{"@context":"https:\/\/schema.org","@graph":[{"@type":"WebPage","@id":"https:\/\/www.zoeoliveoil.com\/product\/zoe-infused-oil-box-set-2\/","url":"https:\/\/www.zoeoliveoil.com\/product\/zoe-infused-oil-box-set-2\/","name":"Zo\u00eb Infused Oil Box Set - Zo\u00eb Olive Oil Montreal Quebec Canada","isPartOf":{"@id":"https:\/\/www.zoeoliveoil.com\/#website"},"primaryImageOfPage":{"@id":"https:\/\/www.zoeoliveoil.com\/product\/zoe-infused-oil-box-set-2\/#primaryimage"},"image":{"@id":"https:\/\/www.zoeoliveoil.com\/product\/zoe-infused-oil-box-set-2\/#primaryimage"},"thumbnailUrl":"https:\/\/www.zoeoliveoil.com\/wp-content\/uploads\/2023\/04\/IMG_3399_590x-1.webp","datePublished":"2023-04-18T18:16:07+00:00","dateModified":"2025-09-08T18:53:22+00:00","breadcrumb":{"@id":"https:\/\/www.zoeoliveoil.com\/product\/zoe-infused-oil-box-set-2\/#breadcrumb"},"inLanguage":"fr-CA","potentialAction":[{"@type":"ReadAction","target":["https:\/\/www.zoeoliveoil.com\/product\/zoe-infused-oil-box-set-2\/"]}]},{"@type":"ImageObject","inLanguage":"fr-CA","@id":"https:\/\/www.zoeoliveoil.com\/product\/zoe-infused-oil-box-set-2\/#primaryimage","url":"https:\/\/www.zoeoliveoil.com\/wp-content\/uploads\/2023\/04\/IMG_3399_590x-1.webp","contentUrl":"https:\/\/www.zoeoliveoil.com\/wp-content\/uploads\/2023\/04\/IMG_3399_590x-1.webp","width":590,"height":669},{"@type":"BreadcrumbList","@id":"https:\/\/www.zoeoliveoil.com\/product\/zoe-infused-oil-box-set-2\/#breadcrumb","itemListElement":[{"@type":"ListItem","position":1,"name":"Home","item":"https:\/\/www.zoeoliveoil.com\/"},{"@type":"ListItem","position":2,"name":"Shop","item":"https:\/\/www.zoeoliveoil.com\/shop\/"},{"@type":"ListItem","position":3,"name":"Zo\u00eb Infused Oil Box Set"}]},{"@type":"WebSite","@id":"https:\/\/www.zoeoliveoil.com\/#website","url":"https:\/\/www.zoeoliveoil.com\/","name":"Zo\u00eb Huile d&#039;Olive Montr\u00e9al Qu\u00e9bec Canada","description":"","publisher":{"@id":"https:\/\/www.zoeoliveoil.com\/#organization"},"potentialAction":[{"@type":"SearchAction","target":{"@type":"EntryPoint","urlTemplate":"https:\/\/www.zoeoliveoil.com\/?s={search_term_string}"},"query-input":{"@type":"PropertyValueSpecification","valueRequired":true,"valueName":"search_term_string"}}],"inLanguage":"fr-CA"},{"@type":"Organization","@id":"https:\/\/www.zoeoliveoil.com\/#organization","name":"Zo\u00eb Huile d&#039;Olive Montr\u00e9al Qu\u00e9bec Canada","url":"https:\/\/www.zoeoliveoil.com\/","logo":{"@type":"ImageObject","inLanguage":"fr-CA","@id":"https:\/\/www.zoeoliveoil.com\/#\/schema\/logo\/image\/","url":"https:\/\/www.zoeoliveoil.com\/wp-content\/uploads\/2023\/04\/Zoe-Logo__Black_165x.png","contentUrl":"https:\/\/www.zoeoliveoil.com\/wp-content\/uploads\/2023\/04\/Zoe-Logo__Black_165x.png","width":165,"height":78,"caption":"Zo\u00eb Olive Oil Montreal Quebec Canada"},"image":{"@id":"https:\/\/www.zoeoliveoil.com\/#\/schema\/logo\/image\/"},"sameAs":["https:\/\/www.facebook.com\/zoeoliveoil\/","https:\/\/x.com\/zoeoliveoil","https:\/\/www.instagram.com\/zoeoliveoil\/?hl=en","https:\/\/www.tiktok.com\/@zoeoliveoil","https:\/\/www.pinterest.ca\/zoeoliveoil\/"]}]}},"jetpack_sharing_enabled":true,"_links":{"self":[{"href":"https:\/\/www.zoeoliveoil.com\/fr\/wp-json\/wp\/v2\/product\/1472","targetHints":{"allow":["GET"]}}],"collection":[{"href":"https:\/\/www.zoeoliveoil.com\/fr\/wp-json\/wp\/v2\/product"}],"about":[{"href":"https:\/\/www.zoeoliveoil.com\/fr\/wp-json\/wp\/v2\/types\/product"}],"replies":[{"embeddable":true,"href":"https:\/\/www.zoeoliveoil.com\/fr\/wp-json\/wp\/v2\/comments?post=1472"}],"version-history":[{"count":5,"href":"https:\/\/www.zoeoliveoil.com\/fr\/wp-json\/wp\/v2\/product\/1472\/revisions"}],"predecessor-version":[{"id":4129,"href":"https:\/\/www.zoeoliveoil.com\/fr\/wp-json\/wp\/v2\/product\/1472\/revisions\/4129"}],"wp:featuredmedia":[{"embeddable":true,"href":"https:\/\/www.zoeoliveoil.com\/fr\/wp-json\/wp\/v2\/media\/1475"}],"wp:attachment":[{"href":"https:\/\/www.zoeoliveoil.com\/fr\/wp-json\/wp\/v2\/media?parent=1472"}],"wp:term":[{"taxonomy":"brand","embeddable":true,"href":"https:\/\/www.zoeoliveoil.com\/fr\/wp-json\/wp\/v2\/etheme_brands?post=1472"},{"taxonomy":"product_brand","embeddable":true,"href":"https:\/\/www.zoeoliveoil.com\/fr\/wp-json\/wp\/v2\/product_brand?post=1472"},{"taxonomy":"product_cat","embeddable":true,"href":"https:\/\/www.zoeoliveoil.com\/fr\/wp-json\/wp\/v2\/product_cat?post=1472"},{"taxonomy":"product_tag","embeddable":true,"href":"https:\/\/www.zoeoliveoil.com\/fr\/wp-json\/wp\/v2\/product_tag?post=1472"}],"curies":[{"name":"wp","href":"https:\/\/api.w.org\/{rel}","templated":true}]}}