{"id":1478,"date":"2023-04-18T18:17:26","date_gmt":"2023-04-18T18:17:26","guid":{"rendered":"https:\/\/www.zoeoliveoil.com\/?post_type=product&#038;p=1478"},"modified":"2024-12-02T20:58:05","modified_gmt":"2024-12-02T20:58:05","slug":"zoe-spice-rub-box-set","status":"publish","type":"product","link":"https:\/\/www.zoeoliveoil.com\/fr\/produit\/zoe-spice-rub-box-set\/","title":{"rendered":"Coffret Zo\u00eb d'\u00e9pices frottement"},"content":{"rendered":"<p><strong>Zo\u00eb Spice Rub Kit Box Set - Am\u00e9liorez votre cuisine avec des saveurs audacieuses et artisanales<\/strong><\/p>\n<p>Transformez vos cr\u00e9ations culinaires avec <strong>Coffret Zo\u00eb Spice Rub Kit<\/strong>Les kits de friction les plus uniques du march\u00e9. Chaque tube cylindrique de notre kit contient un flacon de 100 ml de <strong>Huile d'olive infus\u00e9e Zo\u00eb<\/strong> accompagn\u00e9 d'un sachet de 50 g de m\u00e9langes d'\u00e9pices fabriqu\u00e9s \u00e0 la main. Ces m\u00e9langes d'\u00e9pices sont une <strong>recette unique cr\u00e9\u00e9e par nos soins<\/strong> et <strong>fabriqu\u00e9 \u00e0 Montr\u00e9al, Canada<\/strong>Cette ville est r\u00e9put\u00e9e pour la diversit\u00e9 et le dynamisme de sa culture gastronomique. Associ\u00e9 \u00e0 notre <strong>Huiles d'olive grecques extra vierges infus\u00e9es de premi\u00e8re qualit\u00e9<\/strong>Nos kits de frottage offrent un niveau de saveur et de qualit\u00e9 in\u00e9gal\u00e9 dans l'industrie.<\/p>\n<p>Les kits de frottement sont impr\u00e9gn\u00e9s de <strong>huiles d'olive Zo\u00eb de premi\u00e8re qualit\u00e9<\/strong>Les \u00e9pices sont issues de nos propres vergers en Gr\u00e8ce et sont associ\u00e9es \u00e0 des m\u00e9langes d'\u00e9pices soigneusement s\u00e9lectionn\u00e9s, inspir\u00e9s de la cuisine mondiale. Des saveurs grecques et italiennes aux saveurs portugaises et jama\u00efcaines, nos kits d'\u00e9pices apportent l'essence de ces cultures directement dans votre cuisine.<\/p>\n<h3><strong>Que contient chaque kit Zo\u00eb Spice Rub ?<\/strong><\/h3>\n<p>Chaque kit de la <strong>Coffret Zo\u00eb Spice Rub Kit<\/strong> comprend :<\/p>\n<ul>\n<li><strong>100 ml d'huile d'olive infus\u00e9e Zo\u00eb<\/strong> - Une huile d'olive de qualit\u00e9 sup\u00e9rieure infus\u00e9e avec des herbes ou des \u00e9pices pour ajouter une couche suppl\u00e9mentaire de saveur \u00e0 votre cuisine.<\/li>\n<li><strong>Sachet de 50 g de m\u00e9lange d'\u00e9pices artisanal<\/strong> - Un m\u00e9lange d'\u00e9pices soigneusement s\u00e9lectionn\u00e9 pour compl\u00e9ter parfaitement l'huile d'olive infus\u00e9e et rehausser vos plats d'une inspiration mondiale.<\/li>\n<\/ul>\n<p>Les quatre kits de notre coffret sont les suivants<\/p>\n<ol>\n<li><strong>Kit d'enrobage \u00e0 la grecque<\/strong>\n<ul>\n<li><strong>Huile d'olive<\/strong>: Huile d'olive infus\u00e9e aux herbes grecques<\/li>\n<li><strong>M\u00e9lange d'\u00e9pices<\/strong>: M\u00e9lange d'\u00e9pices d'inspiration grecque comprenant de l'origan, du thym, de l'ail, du zeste de citron et quelques herbes et \u00e9pices secr\u00e8tes.<\/li>\n<\/ul>\n<\/li>\n<li><strong>Kit de frottement italien<\/strong>\n<ul>\n<li><strong>Huile d'olive<\/strong>: Huile d'olive infus\u00e9e aux herbes de Toscane<\/li>\n<li><strong>M\u00e9lange d'\u00e9pices<\/strong>: M\u00e9lange d'\u00e9pices d'inspiration italienne avec du basilic, du romarin, de l'ail et quelques herbes et \u00e9pices secr\u00e8tes.<\/li>\n<\/ul>\n<\/li>\n<li><strong>Kit de frottement portugais<\/strong>\n<ul>\n<li><strong>Huile d'olive<\/strong>: Huile d'olive infus\u00e9e au citron<\/li>\n<li><strong>M\u00e9lange d'\u00e9pices<\/strong>: M\u00e9lange d'\u00e9pices inspir\u00e9 du Piri Piri, comprenant du chili, du paprika, de l'ail, des agrumes et quelques herbes et \u00e9pices secr\u00e8tes.<\/li>\n<\/ul>\n<\/li>\n<li><strong>Kit d'enrobage jama\u00efcain<\/strong>\n<ul>\n<li><strong>Huile d'olive<\/strong>: Huile d'olive infus\u00e9e au chili<\/li>\n<li><strong>M\u00e9lange d'\u00e9pices<\/strong>: M\u00e9lange d'\u00e9pices d'inspiration jerk avec du piment de la Jama\u00efque, du thym, des piments scotch bonnet, de la cannelle et quelques herbes et \u00e9pices secr\u00e8tes.<\/li>\n<\/ul>\n<\/li>\n<\/ol>\n<h3><strong>Suggestions d'accords pour les kits de rubans aux \u00e9pices Zo\u00eb<\/strong><\/h3>\n<p>Chaque kit d'\u00e9pices Zo\u00eb est con\u00e7u pour cr\u00e9er un profil de saveurs distinctif qui rehaussera vos repas. Voici quelques suggestions d'accords d\u00e9licieux pour chacun d'entre eux :<\/p>\n<h4><strong>Kit d'enrobage \u00e0 la grecque<\/strong><\/h4>\n<ul>\n<li><strong>Agneau grill\u00e9<\/strong> - Frottez ce m\u00e9lange sur les c\u00f4telettes ou le gigot d'agneau avant de les faire griller. Les saveurs herbac\u00e9es et piquantes se marient \u00e0 merveille avec le go\u00fbt riche de l'agneau.<\/li>\n<li><strong>Souvlaki de poulet<\/strong> - Enrobez les brochettes de poulet avec l'huile d'olive infus\u00e9e aux herbes grecques et le m\u00e9lange d'\u00e9pices grecques pour un festin m\u00e9diterran\u00e9en.<\/li>\n<li><strong>L\u00e9gumes<\/strong> - Utilisez le m\u00e9lange sur des l\u00e9gumes r\u00f4tis comme les courgettes, les aubergines et les poivrons pour obtenir une finition fra\u00eeche et herbac\u00e9e.<\/li>\n<li><strong>Jumeler avec<\/strong>: Salade grecque, tzatziki, ou un verre de vin blanc comme l'Assyrtiko.<\/li>\n<\/ul>\n<h4><strong>Kit de frottement italien<\/strong><\/h4>\n<ul>\n<li><strong>Steak grill\u00e9<\/strong> - Enrobez un steak juteux avec de l'huile d'olive infus\u00e9e aux herbes de Toscane et un m\u00e9lange d'\u00e9pices italiennes pour une saveur robuste et pleine d'herbes qui compl\u00e8te la richesse du b\u0153uf.<\/li>\n<li><strong>Poulet r\u00f4ti<\/strong> - Parfaite pour le poulet r\u00f4ti ou les poitrines de poulet, cette pr\u00e9paration ajoute des herbes aromatiques italiennes qui infuseront la viande d'une saveur profonde.<\/li>\n<li><strong>P\u00e2tes<\/strong> - Utilisez l'huile d'olive et le m\u00e9lange d'\u00e9pices sur les plats de p\u00e2tes, ou arrosez-en une salade caprese fra\u00eeche pour une touche d\u00e9licieuse.<\/li>\n<li><strong>Jumeler avec<\/strong>: Vin italien tel que le Chianti ou un Pinot Grigio croquant.<\/li>\n<\/ul>\n<h4><strong>Kit de frottement portugais<\/strong><\/h4>\n<ul>\n<li><strong>Crevettes grill\u00e9es<\/strong> - Badigeonnez les crevettes avec l'huile d'olive infus\u00e9e de citron et le m\u00e9lange d'\u00e9pices Piri Piri pour obtenir un go\u00fbt piquant, \u00e9pic\u00e9 et citronn\u00e9 qui se marie parfaitement avec les fruits de mer.<\/li>\n<li><strong>Poulet Piri Piri<\/strong> - Enrobez les cuisses de poulet avec l'huile d'olive citronn\u00e9e et le m\u00e9lange d'\u00e9pices Piri Piri pour un plat audacieux et savoureux.<\/li>\n<li><strong>Poisson grill\u00e9<\/strong> - Id\u00e9al pour accompagner les poissons comme le cabillaud ou le tilapia, ce rub ajoute une d\u00e9licieuse chaleur et une saveur piquante.<\/li>\n<li><strong>Jumeler avec<\/strong>: Vinho verde portugais ou ros\u00e9 vif.<\/li>\n<\/ul>\n<h4><strong>Kit d'enrobage jama\u00efcain<\/strong><\/h4>\n<ul>\n<li><strong>Poulet Jerk<\/strong> - Il suffit d'enduire le poulet avec l'huile infus\u00e9e au chili et le m\u00e9lange d'\u00e9pices jerk avant de le griller ou de le r\u00f4tir.<\/li>\n<li><strong>Porc grill\u00e9<\/strong> - Ce m\u00e9lange fait des merveilles sur le filet de porc ou les c\u00f4tes, en les impr\u00e9gnant de chaleur fum\u00e9e et d'\u00e9pices aromatiques.<\/li>\n<li><strong>Tofu ou l\u00e9gumes grill\u00e9s<\/strong> - Pour une option v\u00e9g\u00e9tarienne, utilisez le m\u00e9lange sur du tofu ou des l\u00e9gumes grill\u00e9s pour ajouter une touche ardente et une profondeur fum\u00e9e.<\/li>\n<li><strong>Jumeler avec<\/strong>: Une bi\u00e8re fra\u00eeche, un punch au rhum ou un cocktail tropical.<\/li>\n<\/ul>\n<h3><strong>Pourquoi choisir le coffret Zo\u00eb Spice Rub Kit ?<\/strong><\/h3>\n<p>Qu'est-ce qui d\u00e9finit <strong>Kits d'\u00e9pices Zo\u00eb<\/strong> \u00e0 part est la combinaison de <strong>recettes d'\u00e9pices artisanales<\/strong> fabriqu\u00e9s \u00e0 Montr\u00e9al - une ville r\u00e9put\u00e9e pour ses <strong>une culture alimentaire riche<\/strong> - et notre <strong>Huiles d'olive grecques extra vierges de premi\u00e8re qualit\u00e9<\/strong>. Cette fusion in\u00e9gal\u00e9e d'art local et d'ingr\u00e9dients m\u00e9diterran\u00e9ens traditionnels apporte un nouveau niveau de saveur \u00e0 votre cuisine. <strong>intouchable dans l'industrie<\/strong>. Nos kits de frottage sont con\u00e7us pour offrir une exp\u00e9rience culinaire exceptionnelle, qu'il s'agisse de griller, de r\u00f4tir, de mariner ou d'apporter la touche finale \u00e0 vos plats pr\u00e9f\u00e9r\u00e9s.<\/p>\n<p>Pr\u00eat \u00e0 passer \u00e0 la vitesse sup\u00e9rieure ? Commandez le <strong>Coffret Zo\u00eb Spice Rub Kit<\/strong> d\u00e8s aujourd'hui et commencez \u00e0 cr\u00e9er des repas inoubliables avec les rubans les plus uniques du march\u00e9.<\/p>","protected":false},"excerpt":{"rendered":"<p>Zo\u00eb Spice Rub Kit Box Set \u2013 Elevate Your Cooking with Bold, Handcrafted Flavors Transform your culinary&#8230;<\/p>","protected":false},"featured_media":1480,"comment_status":"open","ping_status":"closed","template":"","meta":[],"etheme_brands":[{"term_id":92,"name":"Zo\u00eb","slug":"zoe","term_group":0,"term_taxonomy_id":92,"taxonomy":"brand","description":"","parent":0,"count":122,"filter":"raw"}],"product_brand":[],"product_cat":[111,89,104,90],"product_tag":[],"class_list":{"0":"post-1478","1":"product","2":"type-product","3":"status-publish","4":"has-post-thumbnail","6":"brand-zoe","7":"product_cat-all-products","8":"product_cat-gift-sets","9":"product_cat-spices-herbs-rub-kits","10":"product_cat-zoe-rub-kits","12":"first","13":"instock","14":"shipping-taxable","15":"purchasable","16":"product-type-simple"},"yoast_head":"<!-- This site is optimized with the Yoast SEO plugin v27.4 - https:\/\/yoast.com\/product\/yoast-seo-wordpress\/ -->\n<title>Zo\u00eb Spice Rub kit Box Set - Zo\u00eb Olive Oil Montreal Quebec Canada<\/title>\n<meta name=\"robots\" content=\"index, follow, max-snippet:-1, max-image-preview:large, max-video-preview:-1\" \/>\n<link rel=\"canonical\" href=\"https:\/\/www.zoeoliveoil.com\/fr\/produit\/zoe-spice-rub-box-set\/\" \/>\n<meta property=\"og:locale\" content=\"fr_CA\" \/>\n<meta property=\"og:type\" content=\"article\" \/>\n<meta property=\"og:title\" content=\"Zo\u00eb Spice Rub kit Box Set - Zo\u00eb Olive Oil Montreal Quebec Canada\" \/>\n<meta property=\"og:description\" content=\"Zo\u00eb Spice Rub Kit Box Set \u2013 Elevate Your Cooking with Bold, Handcrafted Flavors Transform your culinary...\" \/>\n<meta property=\"og:url\" content=\"https:\/\/www.zoeoliveoil.com\/fr\/produit\/zoe-spice-rub-box-set\/\" \/>\n<meta property=\"og:site_name\" content=\"Zo\u00eb Olive Oil Montreal Quebec Canada\" \/>\n<meta property=\"article:publisher\" content=\"https:\/\/www.facebook.com\/zoeoliveoil\/\" \/>\n<meta property=\"article:modified_time\" content=\"2024-12-02T20:58:05+00:00\" \/>\n<meta property=\"og:image\" content=\"https:\/\/www.zoeoliveoil.com\/wp-content\/uploads\/2023\/04\/IMG_3390_590x.webp\" \/>\n\t<meta property=\"og:image:width\" content=\"590\" \/>\n\t<meta property=\"og:image:height\" content=\"719\" \/>\n\t<meta property=\"og:image:type\" content=\"image\/webp\" \/>\n<meta name=\"twitter:card\" content=\"summary_large_image\" \/>\n<meta name=\"twitter:site\" content=\"@zoeoliveoil\" \/>\n<meta name=\"twitter:label1\" content=\"Estimation du temps de lecture\" \/>\n\t<meta name=\"twitter:data1\" content=\"4 minutes\" \/>\n<script type=\"application\/ld+json\" class=\"yoast-schema-graph\">{\"@context\":\"https:\\\/\\\/schema.org\",\"@graph\":[{\"@type\":\"WebPage\",\"@id\":\"https:\\\/\\\/www.zoeoliveoil.com\\\/product\\\/zoe-spice-rub-box-set\\\/\",\"url\":\"https:\\\/\\\/www.zoeoliveoil.com\\\/product\\\/zoe-spice-rub-box-set\\\/\",\"name\":\"Zo\u00eb Spice Rub kit Box Set - Zo\u00eb Olive Oil Montreal Quebec Canada\",\"isPartOf\":{\"@id\":\"https:\\\/\\\/www.zoeoliveoil.com\\\/#website\"},\"primaryImageOfPage\":{\"@id\":\"https:\\\/\\\/www.zoeoliveoil.com\\\/product\\\/zoe-spice-rub-box-set\\\/#primaryimage\"},\"image\":{\"@id\":\"https:\\\/\\\/www.zoeoliveoil.com\\\/product\\\/zoe-spice-rub-box-set\\\/#primaryimage\"},\"thumbnailUrl\":\"https:\\\/\\\/www.zoeoliveoil.com\\\/wp-content\\\/uploads\\\/2023\\\/04\\\/IMG_3390_590x.webp\",\"datePublished\":\"2023-04-18T18:17:26+00:00\",\"dateModified\":\"2024-12-02T20:58:05+00:00\",\"breadcrumb\":{\"@id\":\"https:\\\/\\\/www.zoeoliveoil.com\\\/product\\\/zoe-spice-rub-box-set\\\/#breadcrumb\"},\"inLanguage\":\"fr-CA\",\"potentialAction\":[{\"@type\":\"ReadAction\",\"target\":[\"https:\\\/\\\/www.zoeoliveoil.com\\\/product\\\/zoe-spice-rub-box-set\\\/\"]}]},{\"@type\":\"ImageObject\",\"inLanguage\":\"fr-CA\",\"@id\":\"https:\\\/\\\/www.zoeoliveoil.com\\\/product\\\/zoe-spice-rub-box-set\\\/#primaryimage\",\"url\":\"https:\\\/\\\/www.zoeoliveoil.com\\\/wp-content\\\/uploads\\\/2023\\\/04\\\/IMG_3390_590x.webp\",\"contentUrl\":\"https:\\\/\\\/www.zoeoliveoil.com\\\/wp-content\\\/uploads\\\/2023\\\/04\\\/IMG_3390_590x.webp\",\"width\":590,\"height\":719},{\"@type\":\"BreadcrumbList\",\"@id\":\"https:\\\/\\\/www.zoeoliveoil.com\\\/product\\\/zoe-spice-rub-box-set\\\/#breadcrumb\",\"itemListElement\":[{\"@type\":\"ListItem\",\"position\":1,\"name\":\"Home\",\"item\":\"https:\\\/\\\/www.zoeoliveoil.com\\\/\"},{\"@type\":\"ListItem\",\"position\":2,\"name\":\"Shop\",\"item\":\"https:\\\/\\\/www.zoeoliveoil.com\\\/shop\\\/\"},{\"@type\":\"ListItem\",\"position\":3,\"name\":\"Zo\u00eb Spice Rub kit Box Set\"}]},{\"@type\":\"WebSite\",\"@id\":\"https:\\\/\\\/www.zoeoliveoil.com\\\/#website\",\"url\":\"https:\\\/\\\/www.zoeoliveoil.com\\\/\",\"name\":\"Zo\u00eb Olive Oil Montreal Quebec Canada\",\"description\":\"\",\"publisher\":{\"@id\":\"https:\\\/\\\/www.zoeoliveoil.com\\\/#organization\"},\"potentialAction\":[{\"@type\":\"SearchAction\",\"target\":{\"@type\":\"EntryPoint\",\"urlTemplate\":\"https:\\\/\\\/www.zoeoliveoil.com\\\/?s={search_term_string}\"},\"query-input\":{\"@type\":\"PropertyValueSpecification\",\"valueRequired\":true,\"valueName\":\"search_term_string\"}}],\"inLanguage\":\"fr-CA\"},{\"@type\":\"Organization\",\"@id\":\"https:\\\/\\\/www.zoeoliveoil.com\\\/#organization\",\"name\":\"Zo\u00eb Olive Oil Montreal Quebec Canada\",\"url\":\"https:\\\/\\\/www.zoeoliveoil.com\\\/\",\"logo\":{\"@type\":\"ImageObject\",\"inLanguage\":\"fr-CA\",\"@id\":\"https:\\\/\\\/www.zoeoliveoil.com\\\/#\\\/schema\\\/logo\\\/image\\\/\",\"url\":\"https:\\\/\\\/www.zoeoliveoil.com\\\/wp-content\\\/uploads\\\/2023\\\/04\\\/Zoe-Logo__Black_165x.png\",\"contentUrl\":\"https:\\\/\\\/www.zoeoliveoil.com\\\/wp-content\\\/uploads\\\/2023\\\/04\\\/Zoe-Logo__Black_165x.png\",\"width\":165,\"height\":78,\"caption\":\"Zo\u00eb Olive Oil Montreal Quebec Canada\"},\"image\":{\"@id\":\"https:\\\/\\\/www.zoeoliveoil.com\\\/#\\\/schema\\\/logo\\\/image\\\/\"},\"sameAs\":[\"https:\\\/\\\/www.facebook.com\\\/zoeoliveoil\\\/\",\"https:\\\/\\\/x.com\\\/zoeoliveoil\",\"https:\\\/\\\/www.instagram.com\\\/zoeoliveoil\\\/?hl=en\",\"https:\\\/\\\/www.tiktok.com\\\/@zoeoliveoil\",\"https:\\\/\\\/www.pinterest.ca\\\/zoeoliveoil\\\/\"]}]}<\/script>\n<!-- \/ Yoast SEO plugin. -->","yoast_head_json":{"title":"Zo\u00eb Spice Rub kit Box Set - Zo\u00eb Olive Oil Montreal Quebec Canada","robots":{"index":"index","follow":"follow","max-snippet":"max-snippet:-1","max-image-preview":"max-image-preview:large","max-video-preview":"max-video-preview:-1"},"canonical":"https:\/\/www.zoeoliveoil.com\/fr\/produit\/zoe-spice-rub-box-set\/","og_locale":"fr_CA","og_type":"article","og_title":"Zo\u00eb Spice Rub kit Box Set - Zo\u00eb Olive Oil Montreal Quebec Canada","og_description":"Zo\u00eb Spice Rub Kit Box Set \u2013 Elevate Your Cooking with Bold, Handcrafted Flavors Transform your culinary...","og_url":"https:\/\/www.zoeoliveoil.com\/fr\/produit\/zoe-spice-rub-box-set\/","og_site_name":"Zo\u00eb Olive Oil Montreal Quebec Canada","article_publisher":"https:\/\/www.facebook.com\/zoeoliveoil\/","article_modified_time":"2024-12-02T20:58:05+00:00","og_image":[{"width":590,"height":719,"url":"https:\/\/www.zoeoliveoil.com\/wp-content\/uploads\/2023\/04\/IMG_3390_590x.webp","type":"image\/webp"}],"twitter_card":"summary_large_image","twitter_site":"@zoeoliveoil","twitter_misc":{"Estimation du temps de lecture":"4 minutes"},"schema":{"@context":"https:\/\/schema.org","@graph":[{"@type":"WebPage","@id":"https:\/\/www.zoeoliveoil.com\/product\/zoe-spice-rub-box-set\/","url":"https:\/\/www.zoeoliveoil.com\/product\/zoe-spice-rub-box-set\/","name":"Zo\u00eb Spice Rub kit Box Set - Zo\u00eb Olive Oil Montreal Quebec Canada","isPartOf":{"@id":"https:\/\/www.zoeoliveoil.com\/#website"},"primaryImageOfPage":{"@id":"https:\/\/www.zoeoliveoil.com\/product\/zoe-spice-rub-box-set\/#primaryimage"},"image":{"@id":"https:\/\/www.zoeoliveoil.com\/product\/zoe-spice-rub-box-set\/#primaryimage"},"thumbnailUrl":"https:\/\/www.zoeoliveoil.com\/wp-content\/uploads\/2023\/04\/IMG_3390_590x.webp","datePublished":"2023-04-18T18:17:26+00:00","dateModified":"2024-12-02T20:58:05+00:00","breadcrumb":{"@id":"https:\/\/www.zoeoliveoil.com\/product\/zoe-spice-rub-box-set\/#breadcrumb"},"inLanguage":"fr-CA","potentialAction":[{"@type":"ReadAction","target":["https:\/\/www.zoeoliveoil.com\/product\/zoe-spice-rub-box-set\/"]}]},{"@type":"ImageObject","inLanguage":"fr-CA","@id":"https:\/\/www.zoeoliveoil.com\/product\/zoe-spice-rub-box-set\/#primaryimage","url":"https:\/\/www.zoeoliveoil.com\/wp-content\/uploads\/2023\/04\/IMG_3390_590x.webp","contentUrl":"https:\/\/www.zoeoliveoil.com\/wp-content\/uploads\/2023\/04\/IMG_3390_590x.webp","width":590,"height":719},{"@type":"BreadcrumbList","@id":"https:\/\/www.zoeoliveoil.com\/product\/zoe-spice-rub-box-set\/#breadcrumb","itemListElement":[{"@type":"ListItem","position":1,"name":"Home","item":"https:\/\/www.zoeoliveoil.com\/"},{"@type":"ListItem","position":2,"name":"Shop","item":"https:\/\/www.zoeoliveoil.com\/shop\/"},{"@type":"ListItem","position":3,"name":"Zo\u00eb Spice Rub kit Box Set"}]},{"@type":"WebSite","@id":"https:\/\/www.zoeoliveoil.com\/#website","url":"https:\/\/www.zoeoliveoil.com\/","name":"Zo\u00eb Huile d&#039;Olive Montr\u00e9al Qu\u00e9bec Canada","description":"","publisher":{"@id":"https:\/\/www.zoeoliveoil.com\/#organization"},"potentialAction":[{"@type":"SearchAction","target":{"@type":"EntryPoint","urlTemplate":"https:\/\/www.zoeoliveoil.com\/?s={search_term_string}"},"query-input":{"@type":"PropertyValueSpecification","valueRequired":true,"valueName":"search_term_string"}}],"inLanguage":"fr-CA"},{"@type":"Organization","@id":"https:\/\/www.zoeoliveoil.com\/#organization","name":"Zo\u00eb Huile d&#039;Olive Montr\u00e9al Qu\u00e9bec Canada","url":"https:\/\/www.zoeoliveoil.com\/","logo":{"@type":"ImageObject","inLanguage":"fr-CA","@id":"https:\/\/www.zoeoliveoil.com\/#\/schema\/logo\/image\/","url":"https:\/\/www.zoeoliveoil.com\/wp-content\/uploads\/2023\/04\/Zoe-Logo__Black_165x.png","contentUrl":"https:\/\/www.zoeoliveoil.com\/wp-content\/uploads\/2023\/04\/Zoe-Logo__Black_165x.png","width":165,"height":78,"caption":"Zo\u00eb Olive Oil Montreal Quebec Canada"},"image":{"@id":"https:\/\/www.zoeoliveoil.com\/#\/schema\/logo\/image\/"},"sameAs":["https:\/\/www.facebook.com\/zoeoliveoil\/","https:\/\/x.com\/zoeoliveoil","https:\/\/www.instagram.com\/zoeoliveoil\/?hl=en","https:\/\/www.tiktok.com\/@zoeoliveoil","https:\/\/www.pinterest.ca\/zoeoliveoil\/"]}]}},"jetpack_sharing_enabled":true,"_links":{"self":[{"href":"https:\/\/www.zoeoliveoil.com\/fr\/wp-json\/wp\/v2\/product\/1478","targetHints":{"allow":["GET"]}}],"collection":[{"href":"https:\/\/www.zoeoliveoil.com\/fr\/wp-json\/wp\/v2\/product"}],"about":[{"href":"https:\/\/www.zoeoliveoil.com\/fr\/wp-json\/wp\/v2\/types\/product"}],"replies":[{"embeddable":true,"href":"https:\/\/www.zoeoliveoil.com\/fr\/wp-json\/wp\/v2\/comments?post=1478"}],"version-history":[{"count":3,"href":"https:\/\/www.zoeoliveoil.com\/fr\/wp-json\/wp\/v2\/product\/1478\/revisions"}],"predecessor-version":[{"id":4140,"href":"https:\/\/www.zoeoliveoil.com\/fr\/wp-json\/wp\/v2\/product\/1478\/revisions\/4140"}],"wp:featuredmedia":[{"embeddable":true,"href":"https:\/\/www.zoeoliveoil.com\/fr\/wp-json\/wp\/v2\/media\/1480"}],"wp:attachment":[{"href":"https:\/\/www.zoeoliveoil.com\/fr\/wp-json\/wp\/v2\/media?parent=1478"}],"wp:term":[{"taxonomy":"brand","embeddable":true,"href":"https:\/\/www.zoeoliveoil.com\/fr\/wp-json\/wp\/v2\/etheme_brands?post=1478"},{"taxonomy":"product_brand","embeddable":true,"href":"https:\/\/www.zoeoliveoil.com\/fr\/wp-json\/wp\/v2\/product_brand?post=1478"},{"taxonomy":"product_cat","embeddable":true,"href":"https:\/\/www.zoeoliveoil.com\/fr\/wp-json\/wp\/v2\/product_cat?post=1478"},{"taxonomy":"product_tag","embeddable":true,"href":"https:\/\/www.zoeoliveoil.com\/fr\/wp-json\/wp\/v2\/product_tag?post=1478"}],"curies":[{"name":"wp","href":"https:\/\/api.w.org\/{rel}","templated":true}]}}