{"id":1891,"date":"2023-04-20T17:38:14","date_gmt":"2023-04-20T17:38:14","guid":{"rendered":"https:\/\/www.zoeoliveoil.com\/?post_type=product&#038;p=1891"},"modified":"2024-04-01T19:39:57","modified_gmt":"2024-04-01T19:39:57","slug":"assorted-peppercorns-80g-in-reusable-glass-mill","status":"publish","type":"product","link":"https:\/\/www.zoeoliveoil.com\/fr\/produit\/assorted-peppercorns-80g-in-reusable-glass-mill\/","title":{"rendered":"Assortiment de grains de poivre 80g en verrerie r\u00e9utilisable"},"content":{"rendered":"<p><strong>D\u00e9couvrez l'excellence culinaire avec les grains de poivre assortis de Zo\u00eb dans un moulin en verre r\u00e9utilisable<\/strong><\/p>\n<p>Rehaussez vos cr\u00e9ations culinaires avec les saveurs exquises des grains de poivre assortis Zo\u00eb, \u00e9l\u00e9gamment pr\u00e9sent\u00e9s dans un moulin en verre r\u00e9utilisable. Fabriqu\u00e9 avec soin et pr\u00e9cision, notre m\u00e9lange de poivre de qualit\u00e9 sup\u00e9rieure promet d'ajouter de la profondeur, de la complexit\u00e9 et une touche de sophistication \u00e0 chaque plat.<\/p>\n<p><strong>Pourquoi choisir les grains de poivre assortis de Zo\u00eb ?<\/strong><\/p>\n<ol>\n<li><strong>Qualit\u00e9 sup\u00e9rieure<\/strong>: Notre m\u00e9lange de grains de poivre provient m\u00e9ticuleusement des meilleures r\u00e9gions du monde, ce qui garantit une qualit\u00e9 et une saveur exceptionnelles. Chaque grain de poivre est soigneusement s\u00e9lectionn\u00e9 pour ses caract\u00e9ristiques uniques, ce qui permet d'obtenir un m\u00e9lange v\u00e9ritablement in\u00e9gal\u00e9.<\/li>\n<li><strong>Profils aromatiques vari\u00e9s<\/strong>: Nos grains de poivre assortis offrent une symphonie de saveurs, des notes audacieuses et \u00e9pic\u00e9es des grains de poivre noir aux nuances d\u00e9licates et citronn\u00e9es des grains de poivre blanc. Avec des touches de complexit\u00e9 et de nuance, notre m\u00e9lange ajoute de la profondeur aux plats sal\u00e9s et sucr\u00e9s.<\/li>\n<li><strong>M\u00e9lange unique<\/strong>: Nous m\u00e9langeons des grains de poivre noir, blanc, vert et rose pour cr\u00e9er un \u00e9quilibre harmonieux de saveurs et d'ar\u00f4mes. Cette combinaison judicieuse permet d'obtenir un m\u00e9lange de poivre polyvalent, aromatique et parfait pour toutes vos cr\u00e9ations culinaires.<\/li>\n<li><strong>Moulin \u00e0 verre r\u00e9utilisable<\/strong>: Nos grains de poivre sont conserv\u00e9s dans un moulin en verre \u00e9l\u00e9gant et \u00e9cologique, qui peut \u00eatre rempli et r\u00e9utilis\u00e9 \u00e0 l'infini. Cela permet non seulement de r\u00e9duire les d\u00e9chets, mais aussi de garantir que vos grains de poivre restent frais et savoureux plus longtemps.<\/li>\n<\/ol>\n<p><strong>D\u00e9couvrez la diff\u00e9rence Zo\u00eb<\/strong><\/p>\n<p>Chez Zo\u00eb, nous avons \u00e0 c\u0153ur de vous fournir les meilleurs ingr\u00e9dients pour que votre cuisine atteigne de nouveaux sommets. Notre m\u00e9lange de grains de poivre assortis t\u00e9moigne de notre engagement en faveur de la qualit\u00e9, de la saveur et de la durabilit\u00e9, et vous permet de cr\u00e9er des plats \u00e0 la fois m\u00e9morables et d\u00e9licieux.<\/p>\n<p><strong>Commandez maintenant et am\u00e9liorez votre cuisine<\/strong><\/p>\n<p>Transformez vos cr\u00e9ations culinaires avec les grains de poivre assortis de Zo\u00eb dans un moulin en verre r\u00e9utilisable. Commandez d\u00e8s maintenant et d\u00e9couvrez la saveur in\u00e9gal\u00e9e et la commodit\u00e9 que Zo\u00eb a \u00e0 offrir. \u00c0 chaque tour de moulin, vous embarquerez pour un voyage d'excellence culinaire qui ravira vos sens et impressionnera vos invit\u00e9s.<\/p>","protected":false},"excerpt":{"rendered":"<p>Discover Culinary Excellence with Zo\u00eb Assorted Peppercorns in Reusable Glass Mill Elevate your culinary creations with the&#8230;<\/p>","protected":false},"featured_media":1892,"comment_status":"open","ping_status":"closed","template":"","meta":[],"etheme_brands":[{"term_id":92,"name":"Zo\u00eb","slug":"zoe","term_group":0,"term_taxonomy_id":92,"taxonomy":"brand","description":"","parent":0,"count":122,"filter":"raw"}],"product_brand":[],"product_cat":[111,97],"product_tag":[],"class_list":{"0":"post-1891","1":"product","2":"type-product","3":"status-publish","4":"has-post-thumbnail","6":"brand-zoe","7":"product_cat-all-products","8":"product_cat-infused-salts-herbs-peppers","10":"first","11":"instock","12":"shipping-taxable","13":"purchasable","14":"product-type-simple"},"yoast_head":"<!-- This site is optimized with the Yoast SEO plugin v27.4 - https:\/\/yoast.com\/product\/yoast-seo-wordpress\/ -->\n<title>Assorted peppercorns 80g in reusable glass mill - Zo\u00eb Olive Oil Montreal Quebec Canada<\/title>\n<meta name=\"robots\" content=\"index, follow, max-snippet:-1, max-image-preview:large, max-video-preview:-1\" \/>\n<link rel=\"canonical\" href=\"https:\/\/www.zoeoliveoil.com\/fr\/produit\/assorted-peppercorns-80g-in-reusable-glass-mill\/\" \/>\n<meta property=\"og:locale\" content=\"fr_CA\" \/>\n<meta property=\"og:type\" content=\"article\" \/>\n<meta property=\"og:title\" content=\"Assorted peppercorns 80g in reusable glass mill - Zo\u00eb Olive Oil Montreal Quebec Canada\" \/>\n<meta property=\"og:description\" content=\"Discover Culinary Excellence with Zo\u00eb Assorted Peppercorns in Reusable Glass Mill Elevate your culinary creations with the...\" \/>\n<meta property=\"og:url\" content=\"https:\/\/www.zoeoliveoil.com\/fr\/produit\/assorted-peppercorns-80g-in-reusable-glass-mill\/\" \/>\n<meta property=\"og:site_name\" content=\"Zo\u00eb Olive Oil Montreal Quebec Canada\" \/>\n<meta property=\"article:publisher\" content=\"https:\/\/www.facebook.com\/zoeoliveoil\/\" \/>\n<meta property=\"article:modified_time\" content=\"2024-04-01T19:39:57+00:00\" \/>\n<meta property=\"og:image\" content=\"https:\/\/www.zoeoliveoil.com\/wp-content\/uploads\/2023\/04\/Zoe_NewProducts-13_590x.webp\" \/>\n\t<meta property=\"og:image:width\" content=\"590\" \/>\n\t<meta property=\"og:image:height\" content=\"590\" \/>\n\t<meta property=\"og:image:type\" content=\"image\/webp\" \/>\n<meta name=\"twitter:card\" content=\"summary_large_image\" \/>\n<meta name=\"twitter:site\" content=\"@zoeoliveoil\" \/>\n<meta name=\"twitter:label1\" content=\"Estimation du temps de lecture\" \/>\n\t<meta name=\"twitter:data1\" content=\"2 minutes\" \/>\n<script type=\"application\/ld+json\" class=\"yoast-schema-graph\">{\"@context\":\"https:\\\/\\\/schema.org\",\"@graph\":[{\"@type\":\"WebPage\",\"@id\":\"https:\\\/\\\/www.zoeoliveoil.com\\\/product\\\/assorted-peppercorns-80g-in-reusable-glass-mill\\\/\",\"url\":\"https:\\\/\\\/www.zoeoliveoil.com\\\/product\\\/assorted-peppercorns-80g-in-reusable-glass-mill\\\/\",\"name\":\"Assorted peppercorns 80g in reusable glass mill - Zo\u00eb Olive Oil Montreal Quebec Canada\",\"isPartOf\":{\"@id\":\"https:\\\/\\\/www.zoeoliveoil.com\\\/#website\"},\"primaryImageOfPage\":{\"@id\":\"https:\\\/\\\/www.zoeoliveoil.com\\\/product\\\/assorted-peppercorns-80g-in-reusable-glass-mill\\\/#primaryimage\"},\"image\":{\"@id\":\"https:\\\/\\\/www.zoeoliveoil.com\\\/product\\\/assorted-peppercorns-80g-in-reusable-glass-mill\\\/#primaryimage\"},\"thumbnailUrl\":\"https:\\\/\\\/www.zoeoliveoil.com\\\/wp-content\\\/uploads\\\/2023\\\/04\\\/Zoe_NewProducts-13_590x.webp\",\"datePublished\":\"2023-04-20T17:38:14+00:00\",\"dateModified\":\"2024-04-01T19:39:57+00:00\",\"breadcrumb\":{\"@id\":\"https:\\\/\\\/www.zoeoliveoil.com\\\/product\\\/assorted-peppercorns-80g-in-reusable-glass-mill\\\/#breadcrumb\"},\"inLanguage\":\"fr-CA\",\"potentialAction\":[{\"@type\":\"ReadAction\",\"target\":[\"https:\\\/\\\/www.zoeoliveoil.com\\\/product\\\/assorted-peppercorns-80g-in-reusable-glass-mill\\\/\"]}]},{\"@type\":\"ImageObject\",\"inLanguage\":\"fr-CA\",\"@id\":\"https:\\\/\\\/www.zoeoliveoil.com\\\/product\\\/assorted-peppercorns-80g-in-reusable-glass-mill\\\/#primaryimage\",\"url\":\"https:\\\/\\\/www.zoeoliveoil.com\\\/wp-content\\\/uploads\\\/2023\\\/04\\\/Zoe_NewProducts-13_590x.webp\",\"contentUrl\":\"https:\\\/\\\/www.zoeoliveoil.com\\\/wp-content\\\/uploads\\\/2023\\\/04\\\/Zoe_NewProducts-13_590x.webp\",\"width\":590,\"height\":590},{\"@type\":\"BreadcrumbList\",\"@id\":\"https:\\\/\\\/www.zoeoliveoil.com\\\/product\\\/assorted-peppercorns-80g-in-reusable-glass-mill\\\/#breadcrumb\",\"itemListElement\":[{\"@type\":\"ListItem\",\"position\":1,\"name\":\"Home\",\"item\":\"https:\\\/\\\/www.zoeoliveoil.com\\\/\"},{\"@type\":\"ListItem\",\"position\":2,\"name\":\"Shop\",\"item\":\"https:\\\/\\\/www.zoeoliveoil.com\\\/shop\\\/\"},{\"@type\":\"ListItem\",\"position\":3,\"name\":\"Assorted peppercorns 80g in reusable glass mill\"}]},{\"@type\":\"WebSite\",\"@id\":\"https:\\\/\\\/www.zoeoliveoil.com\\\/#website\",\"url\":\"https:\\\/\\\/www.zoeoliveoil.com\\\/\",\"name\":\"Zo\u00eb Olive Oil Montreal Quebec Canada\",\"description\":\"\",\"publisher\":{\"@id\":\"https:\\\/\\\/www.zoeoliveoil.com\\\/#organization\"},\"potentialAction\":[{\"@type\":\"SearchAction\",\"target\":{\"@type\":\"EntryPoint\",\"urlTemplate\":\"https:\\\/\\\/www.zoeoliveoil.com\\\/?s={search_term_string}\"},\"query-input\":{\"@type\":\"PropertyValueSpecification\",\"valueRequired\":true,\"valueName\":\"search_term_string\"}}],\"inLanguage\":\"fr-CA\"},{\"@type\":\"Organization\",\"@id\":\"https:\\\/\\\/www.zoeoliveoil.com\\\/#organization\",\"name\":\"Zo\u00eb Olive Oil Montreal Quebec Canada\",\"url\":\"https:\\\/\\\/www.zoeoliveoil.com\\\/\",\"logo\":{\"@type\":\"ImageObject\",\"inLanguage\":\"fr-CA\",\"@id\":\"https:\\\/\\\/www.zoeoliveoil.com\\\/#\\\/schema\\\/logo\\\/image\\\/\",\"url\":\"https:\\\/\\\/www.zoeoliveoil.com\\\/wp-content\\\/uploads\\\/2023\\\/04\\\/Zoe-Logo__Black_165x.png\",\"contentUrl\":\"https:\\\/\\\/www.zoeoliveoil.com\\\/wp-content\\\/uploads\\\/2023\\\/04\\\/Zoe-Logo__Black_165x.png\",\"width\":165,\"height\":78,\"caption\":\"Zo\u00eb Olive Oil Montreal Quebec Canada\"},\"image\":{\"@id\":\"https:\\\/\\\/www.zoeoliveoil.com\\\/#\\\/schema\\\/logo\\\/image\\\/\"},\"sameAs\":[\"https:\\\/\\\/www.facebook.com\\\/zoeoliveoil\\\/\",\"https:\\\/\\\/x.com\\\/zoeoliveoil\",\"https:\\\/\\\/www.instagram.com\\\/zoeoliveoil\\\/?hl=en\",\"https:\\\/\\\/www.tiktok.com\\\/@zoeoliveoil\",\"https:\\\/\\\/www.pinterest.ca\\\/zoeoliveoil\\\/\"]}]}<\/script>\n<!-- \/ Yoast SEO plugin. -->","yoast_head_json":{"title":"Assorted peppercorns 80g in reusable glass mill - Zo\u00eb Olive Oil Montreal Quebec Canada","robots":{"index":"index","follow":"follow","max-snippet":"max-snippet:-1","max-image-preview":"max-image-preview:large","max-video-preview":"max-video-preview:-1"},"canonical":"https:\/\/www.zoeoliveoil.com\/fr\/produit\/assorted-peppercorns-80g-in-reusable-glass-mill\/","og_locale":"fr_CA","og_type":"article","og_title":"Assorted peppercorns 80g in reusable glass mill - Zo\u00eb Olive Oil Montreal Quebec Canada","og_description":"Discover Culinary Excellence with Zo\u00eb Assorted Peppercorns in Reusable Glass Mill Elevate your culinary creations with the...","og_url":"https:\/\/www.zoeoliveoil.com\/fr\/produit\/assorted-peppercorns-80g-in-reusable-glass-mill\/","og_site_name":"Zo\u00eb Olive Oil Montreal Quebec Canada","article_publisher":"https:\/\/www.facebook.com\/zoeoliveoil\/","article_modified_time":"2024-04-01T19:39:57+00:00","og_image":[{"width":590,"height":590,"url":"https:\/\/www.zoeoliveoil.com\/wp-content\/uploads\/2023\/04\/Zoe_NewProducts-13_590x.webp","type":"image\/webp"}],"twitter_card":"summary_large_image","twitter_site":"@zoeoliveoil","twitter_misc":{"Estimation du temps de lecture":"2 minutes"},"schema":{"@context":"https:\/\/schema.org","@graph":[{"@type":"WebPage","@id":"https:\/\/www.zoeoliveoil.com\/product\/assorted-peppercorns-80g-in-reusable-glass-mill\/","url":"https:\/\/www.zoeoliveoil.com\/product\/assorted-peppercorns-80g-in-reusable-glass-mill\/","name":"Assorted peppercorns 80g in reusable glass mill - Zo\u00eb Olive Oil Montreal Quebec Canada","isPartOf":{"@id":"https:\/\/www.zoeoliveoil.com\/#website"},"primaryImageOfPage":{"@id":"https:\/\/www.zoeoliveoil.com\/product\/assorted-peppercorns-80g-in-reusable-glass-mill\/#primaryimage"},"image":{"@id":"https:\/\/www.zoeoliveoil.com\/product\/assorted-peppercorns-80g-in-reusable-glass-mill\/#primaryimage"},"thumbnailUrl":"https:\/\/www.zoeoliveoil.com\/wp-content\/uploads\/2023\/04\/Zoe_NewProducts-13_590x.webp","datePublished":"2023-04-20T17:38:14+00:00","dateModified":"2024-04-01T19:39:57+00:00","breadcrumb":{"@id":"https:\/\/www.zoeoliveoil.com\/product\/assorted-peppercorns-80g-in-reusable-glass-mill\/#breadcrumb"},"inLanguage":"fr-CA","potentialAction":[{"@type":"ReadAction","target":["https:\/\/www.zoeoliveoil.com\/product\/assorted-peppercorns-80g-in-reusable-glass-mill\/"]}]},{"@type":"ImageObject","inLanguage":"fr-CA","@id":"https:\/\/www.zoeoliveoil.com\/product\/assorted-peppercorns-80g-in-reusable-glass-mill\/#primaryimage","url":"https:\/\/www.zoeoliveoil.com\/wp-content\/uploads\/2023\/04\/Zoe_NewProducts-13_590x.webp","contentUrl":"https:\/\/www.zoeoliveoil.com\/wp-content\/uploads\/2023\/04\/Zoe_NewProducts-13_590x.webp","width":590,"height":590},{"@type":"BreadcrumbList","@id":"https:\/\/www.zoeoliveoil.com\/product\/assorted-peppercorns-80g-in-reusable-glass-mill\/#breadcrumb","itemListElement":[{"@type":"ListItem","position":1,"name":"Home","item":"https:\/\/www.zoeoliveoil.com\/"},{"@type":"ListItem","position":2,"name":"Shop","item":"https:\/\/www.zoeoliveoil.com\/shop\/"},{"@type":"ListItem","position":3,"name":"Assorted peppercorns 80g in reusable glass mill"}]},{"@type":"WebSite","@id":"https:\/\/www.zoeoliveoil.com\/#website","url":"https:\/\/www.zoeoliveoil.com\/","name":"Zo\u00eb Huile d&#039;Olive Montr\u00e9al Qu\u00e9bec Canada","description":"","publisher":{"@id":"https:\/\/www.zoeoliveoil.com\/#organization"},"potentialAction":[{"@type":"SearchAction","target":{"@type":"EntryPoint","urlTemplate":"https:\/\/www.zoeoliveoil.com\/?s={search_term_string}"},"query-input":{"@type":"PropertyValueSpecification","valueRequired":true,"valueName":"search_term_string"}}],"inLanguage":"fr-CA"},{"@type":"Organization","@id":"https:\/\/www.zoeoliveoil.com\/#organization","name":"Zo\u00eb Huile d&#039;Olive Montr\u00e9al Qu\u00e9bec Canada","url":"https:\/\/www.zoeoliveoil.com\/","logo":{"@type":"ImageObject","inLanguage":"fr-CA","@id":"https:\/\/www.zoeoliveoil.com\/#\/schema\/logo\/image\/","url":"https:\/\/www.zoeoliveoil.com\/wp-content\/uploads\/2023\/04\/Zoe-Logo__Black_165x.png","contentUrl":"https:\/\/www.zoeoliveoil.com\/wp-content\/uploads\/2023\/04\/Zoe-Logo__Black_165x.png","width":165,"height":78,"caption":"Zo\u00eb Olive Oil Montreal Quebec Canada"},"image":{"@id":"https:\/\/www.zoeoliveoil.com\/#\/schema\/logo\/image\/"},"sameAs":["https:\/\/www.facebook.com\/zoeoliveoil\/","https:\/\/x.com\/zoeoliveoil","https:\/\/www.instagram.com\/zoeoliveoil\/?hl=en","https:\/\/www.tiktok.com\/@zoeoliveoil","https:\/\/www.pinterest.ca\/zoeoliveoil\/"]}]}},"jetpack_sharing_enabled":true,"_links":{"self":[{"href":"https:\/\/www.zoeoliveoil.com\/fr\/wp-json\/wp\/v2\/product\/1891","targetHints":{"allow":["GET"]}}],"collection":[{"href":"https:\/\/www.zoeoliveoil.com\/fr\/wp-json\/wp\/v2\/product"}],"about":[{"href":"https:\/\/www.zoeoliveoil.com\/fr\/wp-json\/wp\/v2\/types\/product"}],"replies":[{"embeddable":true,"href":"https:\/\/www.zoeoliveoil.com\/fr\/wp-json\/wp\/v2\/comments?post=1891"}],"version-history":[{"count":3,"href":"https:\/\/www.zoeoliveoil.com\/fr\/wp-json\/wp\/v2\/product\/1891\/revisions"}],"predecessor-version":[{"id":3555,"href":"https:\/\/www.zoeoliveoil.com\/fr\/wp-json\/wp\/v2\/product\/1891\/revisions\/3555"}],"wp:featuredmedia":[{"embeddable":true,"href":"https:\/\/www.zoeoliveoil.com\/fr\/wp-json\/wp\/v2\/media\/1892"}],"wp:attachment":[{"href":"https:\/\/www.zoeoliveoil.com\/fr\/wp-json\/wp\/v2\/media?parent=1891"}],"wp:term":[{"taxonomy":"brand","embeddable":true,"href":"https:\/\/www.zoeoliveoil.com\/fr\/wp-json\/wp\/v2\/etheme_brands?post=1891"},{"taxonomy":"product_brand","embeddable":true,"href":"https:\/\/www.zoeoliveoil.com\/fr\/wp-json\/wp\/v2\/product_brand?post=1891"},{"taxonomy":"product_cat","embeddable":true,"href":"https:\/\/www.zoeoliveoil.com\/fr\/wp-json\/wp\/v2\/product_cat?post=1891"},{"taxonomy":"product_tag","embeddable":true,"href":"https:\/\/www.zoeoliveoil.com\/fr\/wp-json\/wp\/v2\/product_tag?post=1891"}],"curies":[{"name":"wp","href":"https:\/\/api.w.org\/{rel}","templated":true}]}}