{"id":1932,"date":"2023-04-20T18:43:30","date_gmt":"2023-04-20T18:43:30","guid":{"rendered":"https:\/\/www.zoeoliveoil.com\/?post_type=product&#038;p=1932"},"modified":"2026-03-27T11:34:22","modified_gmt":"2026-03-27T11:34:22","slug":"herbs-wild-greek-oregano-20-g-2","status":"publish","type":"product","link":"https:\/\/www.zoeoliveoil.com\/fr\/produit\/herbs-wild-greek-oregano-20-g-2\/","title":{"rendered":"Herbs &#8211; Wild Greek Oregano 25 g."},"content":{"rendered":"<p>En mati\u00e8re d&#039;herbes m\u00e9dicinales, l&#039;origan sauvage est roi. L&#039;origan est utilis\u00e9 pour ses valeurs m\u00e9dicinales depuis des milliers d&#039;ann\u00e9es. Piquant, poivr\u00e9 et citronn\u00e9, l&#039;origan sauvage est riche d&#039;une longue liste de min\u00e9raux comprenant du calcium, du magn\u00e9sium, du zinc, du fer, du potassium, du cuivre, du bore et du mangan\u00e8se. Les vitamines C et A (b\u00eata-carot\u00e8ne) et la niacine sont \u00e9galement contenues dans l&#039;origan. La combinaison du roi des herbes grecques avec de l&#039;huile d&#039;olive extra vierge et du citron frais donne une cuisine grecque typique. Notre origan sauvage est cueilli \u00e0 la main dans les collines de la r\u00e9gion de Mess\u00e9nie en Gr\u00e8ce. Faites-nous confiance, ce n&#039;est pas votre origan de tous les jours ; cela changera simplement votre fa\u00e7on de cuisiner.<\/p>","protected":false},"excerpt":{"rendered":"<p>En mati\u00e8re d&#039;herbes m\u00e9dicinales, l&#039;origan sauvage est roi. L&#039;origan est utilis\u00e9 pour ses valeurs m\u00e9dicinales depuis des milliers d&#039;ann\u00e9es. Piquant, poivr\u00e9 et citronn\u00e9, l&#039;origan sauvage est riche d&#039;une longue liste de min\u00e9raux comprenant du calcium, du magn\u00e9sium, du zinc, du fer, du potassium, du cuivre, du bore et du mangan\u00e8se. Les vitamines C et A (b\u00eata-carot\u00e8ne) et la niacine sont \u00e9galement contenues dans l&#039;origan. La combinaison du roi des herbes grecques avec de l&#039;huile d&#039;olive extra vierge et du citron frais donne une cuisine grecque typique. Notre origan sauvage est cueilli \u00e0 la main dans les collines de la r\u00e9gion de Mess\u00e9nie en Gr\u00e8ce. Faites-nous confiance, ce n&#039;est pas votre origan de tous les jours ; cela changera simplement votre fa\u00e7on de cuisiner.<\/p>","protected":false},"featured_media":5667,"comment_status":"open","ping_status":"closed","template":"","meta":[],"etheme_brands":[{"term_id":92,"name":"Zo\u00eb","slug":"zoe","term_group":0,"term_taxonomy_id":92,"taxonomy":"brand","description":"","parent":0,"count":122,"filter":"raw"}],"product_brand":[],"product_cat":[111,97],"product_tag":[],"class_list":{"0":"post-1932","1":"product","2":"type-product","3":"status-publish","4":"has-post-thumbnail","6":"brand-zoe","7":"product_cat-all-products","8":"product_cat-infused-salts-herbs-peppers","10":"first","11":"instock","12":"shipping-taxable","13":"purchasable","14":"product-type-simple"},"yoast_head":"<!-- This site is optimized with the Yoast SEO plugin v27.4 - https:\/\/yoast.com\/product\/yoast-seo-wordpress\/ -->\n<title>Herbs - Wild Greek Oregano 25 g. - Zo\u00eb Olive Oil Montreal Quebec Canada<\/title>\n<meta name=\"robots\" content=\"index, follow, max-snippet:-1, max-image-preview:large, max-video-preview:-1\" \/>\n<link rel=\"canonical\" href=\"https:\/\/www.zoeoliveoil.com\/fr\/produit\/herbs-wild-greek-oregano-20-g-2\/\" \/>\n<meta property=\"og:locale\" content=\"fr_CA\" \/>\n<meta property=\"og:type\" content=\"article\" \/>\n<meta property=\"og:title\" content=\"Herbs - Wild Greek Oregano 25 g. - Zo\u00eb Olive Oil Montreal Quebec Canada\" \/>\n<meta property=\"og:description\" content=\"When it comes to medicinal herbs, wild oregano is king. Oregano has been used for its medicinal values for thousands of years. Zesty, peppery and lemony, wild oregano is rich in a long list of minerals that includes calcium, magnesium, zinc, iron, potassium, copper, boron, and manganese. Vitamins C and A (beta carotene) and niacin also are contained in oregano. Combining The King of Greek herbs with extra virgin olive oil and fresh lemon results in typical Greek cooking. Our Wild oregano is handpicked from the hill sides of the Messenia region of Greece. Trust us, this is not your every day oregano; it will simply changes the way you cook.\" \/>\n<meta property=\"og:url\" content=\"https:\/\/www.zoeoliveoil.com\/fr\/produit\/herbs-wild-greek-oregano-20-g-2\/\" \/>\n<meta property=\"og:site_name\" content=\"Zo\u00eb Olive Oil Montreal Quebec Canada\" \/>\n<meta property=\"article:publisher\" content=\"https:\/\/www.facebook.com\/zoeoliveoil\/\" \/>\n<meta property=\"article:modified_time\" content=\"2026-03-27T11:34:22+00:00\" \/>\n<meta property=\"og:image\" content=\"https:\/\/www.zoeoliveoil.com\/wp-content\/uploads\/2023\/04\/origan_590x-1.webp\" \/>\n\t<meta property=\"og:image:width\" content=\"590\" \/>\n\t<meta property=\"og:image:height\" content=\"590\" \/>\n\t<meta property=\"og:image:type\" content=\"image\/webp\" \/>\n<meta name=\"twitter:card\" content=\"summary_large_image\" \/>\n<meta name=\"twitter:site\" content=\"@zoeoliveoil\" \/>\n<meta name=\"twitter:label1\" content=\"Estimation du temps de lecture\" \/>\n\t<meta name=\"twitter:data1\" content=\"1 minute\" \/>\n<script type=\"application\/ld+json\" class=\"yoast-schema-graph\">{\"@context\":\"https:\\\/\\\/schema.org\",\"@graph\":[{\"@type\":\"WebPage\",\"@id\":\"https:\\\/\\\/www.zoeoliveoil.com\\\/product\\\/herbs-wild-greek-oregano-20-g-2\\\/\",\"url\":\"https:\\\/\\\/www.zoeoliveoil.com\\\/product\\\/herbs-wild-greek-oregano-20-g-2\\\/\",\"name\":\"Herbs - Wild Greek Oregano 25 g. - Zo\u00eb Olive Oil Montreal Quebec Canada\",\"isPartOf\":{\"@id\":\"https:\\\/\\\/www.zoeoliveoil.com\\\/#website\"},\"primaryImageOfPage\":{\"@id\":\"https:\\\/\\\/www.zoeoliveoil.com\\\/product\\\/herbs-wild-greek-oregano-20-g-2\\\/#primaryimage\"},\"image\":{\"@id\":\"https:\\\/\\\/www.zoeoliveoil.com\\\/product\\\/herbs-wild-greek-oregano-20-g-2\\\/#primaryimage\"},\"thumbnailUrl\":\"https:\\\/\\\/www.zoeoliveoil.com\\\/wp-content\\\/uploads\\\/2023\\\/04\\\/img_0479-scaled.png\",\"datePublished\":\"2023-04-20T18:43:30+00:00\",\"dateModified\":\"2026-03-27T11:34:22+00:00\",\"breadcrumb\":{\"@id\":\"https:\\\/\\\/www.zoeoliveoil.com\\\/product\\\/herbs-wild-greek-oregano-20-g-2\\\/#breadcrumb\"},\"inLanguage\":\"fr-CA\",\"potentialAction\":[{\"@type\":\"ReadAction\",\"target\":[\"https:\\\/\\\/www.zoeoliveoil.com\\\/product\\\/herbs-wild-greek-oregano-20-g-2\\\/\"]}]},{\"@type\":\"ImageObject\",\"inLanguage\":\"fr-CA\",\"@id\":\"https:\\\/\\\/www.zoeoliveoil.com\\\/product\\\/herbs-wild-greek-oregano-20-g-2\\\/#primaryimage\",\"url\":\"https:\\\/\\\/www.zoeoliveoil.com\\\/wp-content\\\/uploads\\\/2023\\\/04\\\/img_0479-scaled.png\",\"contentUrl\":\"https:\\\/\\\/www.zoeoliveoil.com\\\/wp-content\\\/uploads\\\/2023\\\/04\\\/img_0479-scaled.png\",\"width\":2048,\"height\":2048},{\"@type\":\"BreadcrumbList\",\"@id\":\"https:\\\/\\\/www.zoeoliveoil.com\\\/product\\\/herbs-wild-greek-oregano-20-g-2\\\/#breadcrumb\",\"itemListElement\":[{\"@type\":\"ListItem\",\"position\":1,\"name\":\"Home\",\"item\":\"https:\\\/\\\/www.zoeoliveoil.com\\\/\"},{\"@type\":\"ListItem\",\"position\":2,\"name\":\"Shop\",\"item\":\"https:\\\/\\\/www.zoeoliveoil.com\\\/shop\\\/\"},{\"@type\":\"ListItem\",\"position\":3,\"name\":\"Herbs &#8211; Wild Greek Oregano 25 g.\"}]},{\"@type\":\"WebSite\",\"@id\":\"https:\\\/\\\/www.zoeoliveoil.com\\\/#website\",\"url\":\"https:\\\/\\\/www.zoeoliveoil.com\\\/\",\"name\":\"Zo\u00eb Olive Oil Montreal Quebec Canada\",\"description\":\"\",\"publisher\":{\"@id\":\"https:\\\/\\\/www.zoeoliveoil.com\\\/#organization\"},\"potentialAction\":[{\"@type\":\"SearchAction\",\"target\":{\"@type\":\"EntryPoint\",\"urlTemplate\":\"https:\\\/\\\/www.zoeoliveoil.com\\\/?s={search_term_string}\"},\"query-input\":{\"@type\":\"PropertyValueSpecification\",\"valueRequired\":true,\"valueName\":\"search_term_string\"}}],\"inLanguage\":\"fr-CA\"},{\"@type\":\"Organization\",\"@id\":\"https:\\\/\\\/www.zoeoliveoil.com\\\/#organization\",\"name\":\"Zo\u00eb Olive Oil Montreal Quebec Canada\",\"url\":\"https:\\\/\\\/www.zoeoliveoil.com\\\/\",\"logo\":{\"@type\":\"ImageObject\",\"inLanguage\":\"fr-CA\",\"@id\":\"https:\\\/\\\/www.zoeoliveoil.com\\\/#\\\/schema\\\/logo\\\/image\\\/\",\"url\":\"https:\\\/\\\/www.zoeoliveoil.com\\\/wp-content\\\/uploads\\\/2023\\\/04\\\/Zoe-Logo__Black_165x.png\",\"contentUrl\":\"https:\\\/\\\/www.zoeoliveoil.com\\\/wp-content\\\/uploads\\\/2023\\\/04\\\/Zoe-Logo__Black_165x.png\",\"width\":165,\"height\":78,\"caption\":\"Zo\u00eb Olive Oil Montreal Quebec Canada\"},\"image\":{\"@id\":\"https:\\\/\\\/www.zoeoliveoil.com\\\/#\\\/schema\\\/logo\\\/image\\\/\"},\"sameAs\":[\"https:\\\/\\\/www.facebook.com\\\/zoeoliveoil\\\/\",\"https:\\\/\\\/x.com\\\/zoeoliveoil\",\"https:\\\/\\\/www.instagram.com\\\/zoeoliveoil\\\/?hl=en\",\"https:\\\/\\\/www.tiktok.com\\\/@zoeoliveoil\",\"https:\\\/\\\/www.pinterest.ca\\\/zoeoliveoil\\\/\"]}]}<\/script>\n<!-- \/ Yoast SEO plugin. -->","yoast_head_json":{"title":"Herbs - Wild Greek Oregano 25 g. - Zo\u00eb Olive Oil Montreal Quebec Canada","robots":{"index":"index","follow":"follow","max-snippet":"max-snippet:-1","max-image-preview":"max-image-preview:large","max-video-preview":"max-video-preview:-1"},"canonical":"https:\/\/www.zoeoliveoil.com\/fr\/produit\/herbs-wild-greek-oregano-20-g-2\/","og_locale":"fr_CA","og_type":"article","og_title":"Herbs - Wild Greek Oregano 25 g. - Zo\u00eb Olive Oil Montreal Quebec Canada","og_description":"When it comes to medicinal herbs, wild oregano is king. Oregano has been used for its medicinal values for thousands of years. Zesty, peppery and lemony, wild oregano is rich in a long list of minerals that includes calcium, magnesium, zinc, iron, potassium, copper, boron, and manganese. Vitamins C and A (beta carotene) and niacin also are contained in oregano. Combining The King of Greek herbs with extra virgin olive oil and fresh lemon results in typical Greek cooking. Our Wild oregano is handpicked from the hill sides of the Messenia region of Greece. Trust us, this is not your every day oregano; it will simply changes the way you cook.","og_url":"https:\/\/www.zoeoliveoil.com\/fr\/produit\/herbs-wild-greek-oregano-20-g-2\/","og_site_name":"Zo\u00eb Olive Oil Montreal Quebec Canada","article_publisher":"https:\/\/www.facebook.com\/zoeoliveoil\/","article_modified_time":"2026-03-27T11:34:22+00:00","og_image":[{"width":590,"height":590,"url":"https:\/\/www.zoeoliveoil.com\/wp-content\/uploads\/2023\/04\/origan_590x-1.webp","type":"image\/webp"}],"twitter_card":"summary_large_image","twitter_site":"@zoeoliveoil","twitter_misc":{"Estimation du temps de lecture":"1 minute"},"schema":{"@context":"https:\/\/schema.org","@graph":[{"@type":"WebPage","@id":"https:\/\/www.zoeoliveoil.com\/product\/herbs-wild-greek-oregano-20-g-2\/","url":"https:\/\/www.zoeoliveoil.com\/product\/herbs-wild-greek-oregano-20-g-2\/","name":"Herbs - Wild Greek Oregano 25 g. - Zo\u00eb Olive Oil Montreal Quebec Canada","isPartOf":{"@id":"https:\/\/www.zoeoliveoil.com\/#website"},"primaryImageOfPage":{"@id":"https:\/\/www.zoeoliveoil.com\/product\/herbs-wild-greek-oregano-20-g-2\/#primaryimage"},"image":{"@id":"https:\/\/www.zoeoliveoil.com\/product\/herbs-wild-greek-oregano-20-g-2\/#primaryimage"},"thumbnailUrl":"https:\/\/www.zoeoliveoil.com\/wp-content\/uploads\/2023\/04\/img_0479-scaled.png","datePublished":"2023-04-20T18:43:30+00:00","dateModified":"2026-03-27T11:34:22+00:00","breadcrumb":{"@id":"https:\/\/www.zoeoliveoil.com\/product\/herbs-wild-greek-oregano-20-g-2\/#breadcrumb"},"inLanguage":"fr-CA","potentialAction":[{"@type":"ReadAction","target":["https:\/\/www.zoeoliveoil.com\/product\/herbs-wild-greek-oregano-20-g-2\/"]}]},{"@type":"ImageObject","inLanguage":"fr-CA","@id":"https:\/\/www.zoeoliveoil.com\/product\/herbs-wild-greek-oregano-20-g-2\/#primaryimage","url":"https:\/\/www.zoeoliveoil.com\/wp-content\/uploads\/2023\/04\/img_0479-scaled.png","contentUrl":"https:\/\/www.zoeoliveoil.com\/wp-content\/uploads\/2023\/04\/img_0479-scaled.png","width":2048,"height":2048},{"@type":"BreadcrumbList","@id":"https:\/\/www.zoeoliveoil.com\/product\/herbs-wild-greek-oregano-20-g-2\/#breadcrumb","itemListElement":[{"@type":"ListItem","position":1,"name":"Home","item":"https:\/\/www.zoeoliveoil.com\/"},{"@type":"ListItem","position":2,"name":"Shop","item":"https:\/\/www.zoeoliveoil.com\/shop\/"},{"@type":"ListItem","position":3,"name":"Herbs &#8211; Wild Greek Oregano 25 g."}]},{"@type":"WebSite","@id":"https:\/\/www.zoeoliveoil.com\/#website","url":"https:\/\/www.zoeoliveoil.com\/","name":"Zo\u00eb Huile d&#039;Olive Montr\u00e9al Qu\u00e9bec Canada","description":"","publisher":{"@id":"https:\/\/www.zoeoliveoil.com\/#organization"},"potentialAction":[{"@type":"SearchAction","target":{"@type":"EntryPoint","urlTemplate":"https:\/\/www.zoeoliveoil.com\/?s={search_term_string}"},"query-input":{"@type":"PropertyValueSpecification","valueRequired":true,"valueName":"search_term_string"}}],"inLanguage":"fr-CA"},{"@type":"Organization","@id":"https:\/\/www.zoeoliveoil.com\/#organization","name":"Zo\u00eb Huile d&#039;Olive Montr\u00e9al Qu\u00e9bec Canada","url":"https:\/\/www.zoeoliveoil.com\/","logo":{"@type":"ImageObject","inLanguage":"fr-CA","@id":"https:\/\/www.zoeoliveoil.com\/#\/schema\/logo\/image\/","url":"https:\/\/www.zoeoliveoil.com\/wp-content\/uploads\/2023\/04\/Zoe-Logo__Black_165x.png","contentUrl":"https:\/\/www.zoeoliveoil.com\/wp-content\/uploads\/2023\/04\/Zoe-Logo__Black_165x.png","width":165,"height":78,"caption":"Zo\u00eb Olive Oil Montreal Quebec Canada"},"image":{"@id":"https:\/\/www.zoeoliveoil.com\/#\/schema\/logo\/image\/"},"sameAs":["https:\/\/www.facebook.com\/zoeoliveoil\/","https:\/\/x.com\/zoeoliveoil","https:\/\/www.instagram.com\/zoeoliveoil\/?hl=en","https:\/\/www.tiktok.com\/@zoeoliveoil","https:\/\/www.pinterest.ca\/zoeoliveoil\/"]}]}},"jetpack_sharing_enabled":true,"_links":{"self":[{"href":"https:\/\/www.zoeoliveoil.com\/fr\/wp-json\/wp\/v2\/product\/1932","targetHints":{"allow":["GET"]}}],"collection":[{"href":"https:\/\/www.zoeoliveoil.com\/fr\/wp-json\/wp\/v2\/product"}],"about":[{"href":"https:\/\/www.zoeoliveoil.com\/fr\/wp-json\/wp\/v2\/types\/product"}],"replies":[{"embeddable":true,"href":"https:\/\/www.zoeoliveoil.com\/fr\/wp-json\/wp\/v2\/comments?post=1932"}],"version-history":[{"count":3,"href":"https:\/\/www.zoeoliveoil.com\/fr\/wp-json\/wp\/v2\/product\/1932\/revisions"}],"predecessor-version":[{"id":5666,"href":"https:\/\/www.zoeoliveoil.com\/fr\/wp-json\/wp\/v2\/product\/1932\/revisions\/5666"}],"wp:featuredmedia":[{"embeddable":true,"href":"https:\/\/www.zoeoliveoil.com\/fr\/wp-json\/wp\/v2\/media\/5667"}],"wp:attachment":[{"href":"https:\/\/www.zoeoliveoil.com\/fr\/wp-json\/wp\/v2\/media?parent=1932"}],"wp:term":[{"taxonomy":"brand","embeddable":true,"href":"https:\/\/www.zoeoliveoil.com\/fr\/wp-json\/wp\/v2\/etheme_brands?post=1932"},{"taxonomy":"product_brand","embeddable":true,"href":"https:\/\/www.zoeoliveoil.com\/fr\/wp-json\/wp\/v2\/product_brand?post=1932"},{"taxonomy":"product_cat","embeddable":true,"href":"https:\/\/www.zoeoliveoil.com\/fr\/wp-json\/wp\/v2\/product_cat?post=1932"},{"taxonomy":"product_tag","embeddable":true,"href":"https:\/\/www.zoeoliveoil.com\/fr\/wp-json\/wp\/v2\/product_tag?post=1932"}],"curies":[{"name":"wp","href":"https:\/\/api.w.org\/{rel}","templated":true}]}}