{"id":2003,"date":"2023-04-20T19:13:01","date_gmt":"2023-04-20T19:13:01","guid":{"rendered":"https:\/\/www.zoeoliveoil.com\/?post_type=product&#038;p=2003"},"modified":"2024-12-02T19:58:37","modified_gmt":"2024-12-02T19:58:37","slug":"naga-hot-sauce-2","status":"publish","type":"product","link":"https:\/\/www.zoeoliveoil.com\/fr\/produit\/naga-hot-sauce-2\/","title":{"rendered":"Sauce piquante Naga"},"content":{"rendered":"<p><strong>Zo\u00eb Naga Hot Sauce - Audacieuse, savoureuse et ardente<\/strong><\/p>\n<p>Pour les amateurs de chaleur intense et de saveurs profondes et audacieuses, la sauce piquante Zo\u00eb Naga est le compl\u00e9ment id\u00e9al de votre cuisine. Fabriqu\u00e9e \u00e0 partir du c\u00e9l\u00e8bre piment Naga, connu pour sa chaleur ardente et son profil de saveur complexe, cette sauce donne un s\u00e9rieux coup de fouet tout en rehaussant les saveurs naturelles de vos plats pr\u00e9f\u00e9r\u00e9s.<\/p>\n<h3><strong>Qu'est-ce qui rend la sauce piquante Zo\u00eb Naga sp\u00e9ciale ?<\/strong><\/h3>\n<p>La sauce piquante Zo\u00eb Naga est un m\u00e9lange ardent du c\u00e9l\u00e8bre piment Naga, associ\u00e9 \u00e0 des ingr\u00e9dients de haute qualit\u00e9 pour cr\u00e9er une sauce piquante qui est \u00e0 la fois savoureuse et piquante. Le piment Naga, souvent consid\u00e9r\u00e9 comme l'un des piments les plus forts au monde, conf\u00e8re \u00e0 cette sauce son piquant intense caract\u00e9ristique, tandis que la recette soigneusement \u00e9quilibr\u00e9e garantit que le piquant est associ\u00e9 \u00e0 des saveurs riches et savoureuses.<\/p>\n<p>Cette sauce piquante ne se contente pas d'\u00eatre piquante, elle est aussi savoureuse. La profondeur du go\u00fbt de la sauce piquante Zo\u00eb Naga est parfaite pour les amateurs d'\u00e9pices qui appr\u00e9cient un peu plus de complexit\u00e9 dans leurs sauces.<\/p>\n<h3><strong>Parfait pour les amateurs d'\u00e9pices<\/strong><\/h3>\n<p>La sauce piquante Zo\u00eb Naga est id\u00e9ale pour tous ceux qui aiment les saveurs audacieuses et \u00e9pic\u00e9es avec un peu de d\u00e9fi. Que vous soyez un amateur de piquant chevronn\u00e9 ou que vous cherchiez \u00e0 donner plus d'intensit\u00e9 \u00e0 vos plats, cette sauce est garantie pour apporter de la chaleur et rehausser vos plats.<\/p>\n<h3><strong>Recommandations d'accords :<\/strong><\/h3>\n<p>La sauce piquante Zo\u00eb Naga se marie parfaitement avec un large \u00e9ventail de plats, des rago\u00fbts savoureux aux viandes grill\u00e9es. Voici quelques fa\u00e7ons de l'appr\u00e9cier :<\/p>\n<ul>\n<li><strong>Curry et rago\u00fbts<\/strong> - Ajoutez quelques gouttes \u00e0 votre curry ou \u00e0 votre rago\u00fbt pr\u00e9f\u00e9r\u00e9 pour obtenir une profondeur \u00e9pic\u00e9e qui rehaussera les saveurs sans les dominer.<\/li>\n<li><strong>Viandes grill\u00e9es<\/strong> - Parfait pour mariner ou glacer le poulet, l'agneau ou le steak grill\u00e9. La chaleur compl\u00e8te les saveurs carbonis\u00e9es de la viande.<\/li>\n<li><strong>P\u00e2tes et pizzas<\/strong> - Relevez votre sauce pour les p\u00e2tes ou arrosez une pizza pour lui donner une touche de saveur et d'ardeur.<\/li>\n<li><strong>Plats \u00e0 base d'\u0153ufs<\/strong> - Qu'il s'agisse d'\u0153ufs brouill\u00e9s ou d'une omelette, quelques gouttes de sauce piquante Zo\u00eb Naga apporteront une dimension suppl\u00e9mentaire \u00e0 la saveur.<\/li>\n<li><strong>Salsas et dips<\/strong> - \u00c9picez votre salsa ou votre guacamole maison pour obtenir une touche piquante, parfaite pour tremper les croustilles ou les tacos.<\/li>\n<\/ul>\n<h3><strong>Pourquoi choisir la sauce piquante Zo\u00eb Naga ?<\/strong><\/h3>\n<p>La sauce piquante Zo\u00eb Naga est fabriqu\u00e9e \u00e0 partir des piments Naga les plus fins, ce qui permet d'obtenir la chaleur la plus authentique et la plus puissante possible. Contrairement \u00e0 de nombreuses autres sauces piquantes qui reposent uniquement sur la chaleur, la sauce piquante Zo\u00eb Naga est soigneusement \u00e9quilibr\u00e9e pour offrir une exp\u00e9rience riche et savoureuse \u00e0 chaque goutte. Que vous l'ajoutiez \u00e0 des marinades, \u00e0 des sauces ou que vous l'utilisiez simplement comme condiment, vous pouvez vous attendre \u00e0 une sauce \u00e0 la fois piquante et complexe.<\/p>\n<h3><strong>Commandez votre sauce piquante Zo\u00eb Naga d\u00e8s aujourd'hui !<\/strong><\/h3>\n<p>Embrassez la chaleur et la saveur de la sauce piquante Zo\u00eb Naga. Commandez d\u00e8s maintenant et faites entrer cette sauce audacieuse et ardente dans votre cuisine. Parfaite pour tous ceux qui aiment la chaleur et la saveur, cette sauce rehaussera vos plats et donnera un coup de fouet unique \u00e0 tout ce qu'elle touchera.<\/p>\n<p>&nbsp;<\/p>\n<p><strong>Suggestions d&#039;accord\u00a0:\u00a0<\/strong><\/p>\n<ul class=\"i8Z77e\">\n<li class=\"TrT0Xe\">Sur poulet frit.<\/li>\n<li class=\"TrT0Xe\">Sur saumon grill\u00e9 et poisson grill\u00e9.<\/li>\n<li class=\"TrT0Xe\">Pour Bloody Caesars et Bloody Marys.<\/li>\n<li class=\"TrT0Xe\">\u00c0 utiliser dans ou sur vos plats mexicains ou asiatiques pr\u00e9f\u00e9r\u00e9s.<\/li>\n<li class=\"TrT0Xe\">Au dessus des oeufs<\/li>\n<li class=\"TrT0Xe\">Dans des sandwichs au fromage grill\u00e9<\/li>\n<li class=\"TrT0Xe\">Sur les pizzas et les p\u00e2tes<\/li>\n<li class=\"TrT0Xe\">Aux hu\u00eetres &amp; fruits de mer<\/li>\n<li class=\"TrT0Xe\">Arrosez-le sur du pain de ma\u00efs.<\/li>\n<li class=\"TrT0Xe\">Sur des l\u00e9gumes grill\u00e9s.<\/li>\n<li class=\"TrT0Xe\">Sur des grillades de poulet.<\/li>\n<li class=\"TrT0Xe\">Aromatisez un saut\u00e9.<\/li>\n<li class=\"TrT0Xe\">M\u00e9langer avec de la mayonnaise ou de la moutarde pour les sandwichs ou comme trempette.<\/li>\n<li class=\"TrT0Xe\">M\u00e9langer avec de la cr\u00e8me sure comme trempette.<\/li>\n<li class=\"TrT0Xe\">Sur du porc effiloch\u00e9 ou du porc grill\u00e9.<\/li>\n<li class=\"TrT0Xe\">Utilisez votre imagination, les possibilit\u00e9s sont infinies.<\/li>\n<\/ul>","protected":false},"excerpt":{"rendered":"<p>Zo\u00eb Naga Hot Sauce \u2013 Bold, Flavorful, and Fiery For those who crave intense heat and deep,&#8230;<\/p>","protected":false},"featured_media":2006,"comment_status":"open","ping_status":"closed","template":"","meta":[],"etheme_brands":[{"term_id":92,"name":"Zo\u00eb","slug":"zoe","term_group":0,"term_taxonomy_id":92,"taxonomy":"brand","description":"","parent":0,"count":122,"filter":"raw"}],"product_brand":[],"product_cat":[111,88,101],"product_tag":[],"class_list":{"0":"post-2003","1":"product","2":"type-product","3":"status-publish","4":"has-post-thumbnail","6":"brand-zoe","7":"product_cat-all-products","8":"product_cat-hot-sauces-honey","9":"product_cat-promotions","11":"first","12":"instock","13":"shipping-taxable","14":"purchasable","15":"product-type-variable"},"yoast_head":"<!-- This site is optimized with the Yoast SEO plugin v27.4 - https:\/\/yoast.com\/product\/yoast-seo-wordpress\/ -->\n<title>Naga hot sauce - Zo\u00eb Olive Oil Montreal Quebec Canada<\/title>\n<meta name=\"robots\" content=\"index, follow, max-snippet:-1, max-image-preview:large, max-video-preview:-1\" \/>\n<link rel=\"canonical\" href=\"https:\/\/www.zoeoliveoil.com\/fr\/produit\/naga-hot-sauce-2\/\" \/>\n<meta property=\"og:locale\" content=\"fr_CA\" \/>\n<meta property=\"og:type\" content=\"article\" \/>\n<meta property=\"og:title\" content=\"Naga hot sauce - Zo\u00eb Olive Oil Montreal Quebec Canada\" \/>\n<meta property=\"og:description\" content=\"Zo\u00eb Naga Hot Sauce \u2013 Bold, Flavorful, and Fiery For those who crave intense heat and deep,...\" \/>\n<meta property=\"og:url\" content=\"https:\/\/www.zoeoliveoil.com\/fr\/produit\/naga-hot-sauce-2\/\" \/>\n<meta property=\"og:site_name\" content=\"Zo\u00eb Olive Oil Montreal Quebec Canada\" \/>\n<meta property=\"article:publisher\" content=\"https:\/\/www.facebook.com\/zoeoliveoil\/\" \/>\n<meta property=\"article:modified_time\" content=\"2024-12-02T19:58:37+00:00\" \/>\n<meta property=\"og:image\" content=\"https:\/\/www.zoeoliveoil.com\/wp-content\/uploads\/2023\/04\/naga_590x-1.webp\" \/>\n\t<meta property=\"og:image:width\" content=\"590\" \/>\n\t<meta property=\"og:image:height\" content=\"590\" \/>\n\t<meta property=\"og:image:type\" content=\"image\/webp\" \/>\n<meta name=\"twitter:card\" content=\"summary_large_image\" \/>\n<meta name=\"twitter:site\" content=\"@zoeoliveoil\" \/>\n<meta name=\"twitter:label1\" content=\"Estimation du temps de lecture\" \/>\n\t<meta name=\"twitter:data1\" content=\"3 minutes\" \/>\n<script type=\"application\/ld+json\" class=\"yoast-schema-graph\">{\"@context\":\"https:\\\/\\\/schema.org\",\"@graph\":[{\"@type\":\"WebPage\",\"@id\":\"https:\\\/\\\/www.zoeoliveoil.com\\\/product\\\/naga-hot-sauce-2\\\/\",\"url\":\"https:\\\/\\\/www.zoeoliveoil.com\\\/product\\\/naga-hot-sauce-2\\\/\",\"name\":\"Naga hot sauce - Zo\u00eb Olive Oil Montreal Quebec Canada\",\"isPartOf\":{\"@id\":\"https:\\\/\\\/www.zoeoliveoil.com\\\/#website\"},\"primaryImageOfPage\":{\"@id\":\"https:\\\/\\\/www.zoeoliveoil.com\\\/product\\\/naga-hot-sauce-2\\\/#primaryimage\"},\"image\":{\"@id\":\"https:\\\/\\\/www.zoeoliveoil.com\\\/product\\\/naga-hot-sauce-2\\\/#primaryimage\"},\"thumbnailUrl\":\"https:\\\/\\\/www.zoeoliveoil.com\\\/wp-content\\\/uploads\\\/2023\\\/04\\\/naga_590x-1.webp\",\"datePublished\":\"2023-04-20T19:13:01+00:00\",\"dateModified\":\"2024-12-02T19:58:37+00:00\",\"breadcrumb\":{\"@id\":\"https:\\\/\\\/www.zoeoliveoil.com\\\/product\\\/naga-hot-sauce-2\\\/#breadcrumb\"},\"inLanguage\":\"fr-CA\",\"potentialAction\":[{\"@type\":\"ReadAction\",\"target\":[\"https:\\\/\\\/www.zoeoliveoil.com\\\/product\\\/naga-hot-sauce-2\\\/\"]}]},{\"@type\":\"ImageObject\",\"inLanguage\":\"fr-CA\",\"@id\":\"https:\\\/\\\/www.zoeoliveoil.com\\\/product\\\/naga-hot-sauce-2\\\/#primaryimage\",\"url\":\"https:\\\/\\\/www.zoeoliveoil.com\\\/wp-content\\\/uploads\\\/2023\\\/04\\\/naga_590x-1.webp\",\"contentUrl\":\"https:\\\/\\\/www.zoeoliveoil.com\\\/wp-content\\\/uploads\\\/2023\\\/04\\\/naga_590x-1.webp\",\"width\":590,\"height\":590},{\"@type\":\"BreadcrumbList\",\"@id\":\"https:\\\/\\\/www.zoeoliveoil.com\\\/product\\\/naga-hot-sauce-2\\\/#breadcrumb\",\"itemListElement\":[{\"@type\":\"ListItem\",\"position\":1,\"name\":\"Home\",\"item\":\"https:\\\/\\\/www.zoeoliveoil.com\\\/\"},{\"@type\":\"ListItem\",\"position\":2,\"name\":\"Shop\",\"item\":\"https:\\\/\\\/www.zoeoliveoil.com\\\/shop\\\/\"},{\"@type\":\"ListItem\",\"position\":3,\"name\":\"Naga hot sauce\"}]},{\"@type\":\"WebSite\",\"@id\":\"https:\\\/\\\/www.zoeoliveoil.com\\\/#website\",\"url\":\"https:\\\/\\\/www.zoeoliveoil.com\\\/\",\"name\":\"Zo\u00eb Olive Oil Montreal Quebec Canada\",\"description\":\"\",\"publisher\":{\"@id\":\"https:\\\/\\\/www.zoeoliveoil.com\\\/#organization\"},\"potentialAction\":[{\"@type\":\"SearchAction\",\"target\":{\"@type\":\"EntryPoint\",\"urlTemplate\":\"https:\\\/\\\/www.zoeoliveoil.com\\\/?s={search_term_string}\"},\"query-input\":{\"@type\":\"PropertyValueSpecification\",\"valueRequired\":true,\"valueName\":\"search_term_string\"}}],\"inLanguage\":\"fr-CA\"},{\"@type\":\"Organization\",\"@id\":\"https:\\\/\\\/www.zoeoliveoil.com\\\/#organization\",\"name\":\"Zo\u00eb Olive Oil Montreal Quebec Canada\",\"url\":\"https:\\\/\\\/www.zoeoliveoil.com\\\/\",\"logo\":{\"@type\":\"ImageObject\",\"inLanguage\":\"fr-CA\",\"@id\":\"https:\\\/\\\/www.zoeoliveoil.com\\\/#\\\/schema\\\/logo\\\/image\\\/\",\"url\":\"https:\\\/\\\/www.zoeoliveoil.com\\\/wp-content\\\/uploads\\\/2023\\\/04\\\/Zoe-Logo__Black_165x.png\",\"contentUrl\":\"https:\\\/\\\/www.zoeoliveoil.com\\\/wp-content\\\/uploads\\\/2023\\\/04\\\/Zoe-Logo__Black_165x.png\",\"width\":165,\"height\":78,\"caption\":\"Zo\u00eb Olive Oil Montreal Quebec Canada\"},\"image\":{\"@id\":\"https:\\\/\\\/www.zoeoliveoil.com\\\/#\\\/schema\\\/logo\\\/image\\\/\"},\"sameAs\":[\"https:\\\/\\\/www.facebook.com\\\/zoeoliveoil\\\/\",\"https:\\\/\\\/x.com\\\/zoeoliveoil\",\"https:\\\/\\\/www.instagram.com\\\/zoeoliveoil\\\/?hl=en\",\"https:\\\/\\\/www.tiktok.com\\\/@zoeoliveoil\",\"https:\\\/\\\/www.pinterest.ca\\\/zoeoliveoil\\\/\"]}]}<\/script>\n<!-- \/ Yoast SEO plugin. -->","yoast_head_json":{"title":"Naga hot sauce - Zo\u00eb Olive Oil Montreal Quebec Canada","robots":{"index":"index","follow":"follow","max-snippet":"max-snippet:-1","max-image-preview":"max-image-preview:large","max-video-preview":"max-video-preview:-1"},"canonical":"https:\/\/www.zoeoliveoil.com\/fr\/produit\/naga-hot-sauce-2\/","og_locale":"fr_CA","og_type":"article","og_title":"Naga hot sauce - Zo\u00eb Olive Oil Montreal Quebec Canada","og_description":"Zo\u00eb Naga Hot Sauce \u2013 Bold, Flavorful, and Fiery For those who crave intense heat and deep,...","og_url":"https:\/\/www.zoeoliveoil.com\/fr\/produit\/naga-hot-sauce-2\/","og_site_name":"Zo\u00eb Olive Oil Montreal Quebec Canada","article_publisher":"https:\/\/www.facebook.com\/zoeoliveoil\/","article_modified_time":"2024-12-02T19:58:37+00:00","og_image":[{"width":590,"height":590,"url":"https:\/\/www.zoeoliveoil.com\/wp-content\/uploads\/2023\/04\/naga_590x-1.webp","type":"image\/webp"}],"twitter_card":"summary_large_image","twitter_site":"@zoeoliveoil","twitter_misc":{"Estimation du temps de lecture":"3 minutes"},"schema":{"@context":"https:\/\/schema.org","@graph":[{"@type":"WebPage","@id":"https:\/\/www.zoeoliveoil.com\/product\/naga-hot-sauce-2\/","url":"https:\/\/www.zoeoliveoil.com\/product\/naga-hot-sauce-2\/","name":"Naga hot sauce - Zo\u00eb Olive Oil Montreal Quebec Canada","isPartOf":{"@id":"https:\/\/www.zoeoliveoil.com\/#website"},"primaryImageOfPage":{"@id":"https:\/\/www.zoeoliveoil.com\/product\/naga-hot-sauce-2\/#primaryimage"},"image":{"@id":"https:\/\/www.zoeoliveoil.com\/product\/naga-hot-sauce-2\/#primaryimage"},"thumbnailUrl":"https:\/\/www.zoeoliveoil.com\/wp-content\/uploads\/2023\/04\/naga_590x-1.webp","datePublished":"2023-04-20T19:13:01+00:00","dateModified":"2024-12-02T19:58:37+00:00","breadcrumb":{"@id":"https:\/\/www.zoeoliveoil.com\/product\/naga-hot-sauce-2\/#breadcrumb"},"inLanguage":"fr-CA","potentialAction":[{"@type":"ReadAction","target":["https:\/\/www.zoeoliveoil.com\/product\/naga-hot-sauce-2\/"]}]},{"@type":"ImageObject","inLanguage":"fr-CA","@id":"https:\/\/www.zoeoliveoil.com\/product\/naga-hot-sauce-2\/#primaryimage","url":"https:\/\/www.zoeoliveoil.com\/wp-content\/uploads\/2023\/04\/naga_590x-1.webp","contentUrl":"https:\/\/www.zoeoliveoil.com\/wp-content\/uploads\/2023\/04\/naga_590x-1.webp","width":590,"height":590},{"@type":"BreadcrumbList","@id":"https:\/\/www.zoeoliveoil.com\/product\/naga-hot-sauce-2\/#breadcrumb","itemListElement":[{"@type":"ListItem","position":1,"name":"Home","item":"https:\/\/www.zoeoliveoil.com\/"},{"@type":"ListItem","position":2,"name":"Shop","item":"https:\/\/www.zoeoliveoil.com\/shop\/"},{"@type":"ListItem","position":3,"name":"Naga hot sauce"}]},{"@type":"WebSite","@id":"https:\/\/www.zoeoliveoil.com\/#website","url":"https:\/\/www.zoeoliveoil.com\/","name":"Zo\u00eb Huile d&#039;Olive Montr\u00e9al Qu\u00e9bec Canada","description":"","publisher":{"@id":"https:\/\/www.zoeoliveoil.com\/#organization"},"potentialAction":[{"@type":"SearchAction","target":{"@type":"EntryPoint","urlTemplate":"https:\/\/www.zoeoliveoil.com\/?s={search_term_string}"},"query-input":{"@type":"PropertyValueSpecification","valueRequired":true,"valueName":"search_term_string"}}],"inLanguage":"fr-CA"},{"@type":"Organization","@id":"https:\/\/www.zoeoliveoil.com\/#organization","name":"Zo\u00eb Huile d&#039;Olive Montr\u00e9al Qu\u00e9bec Canada","url":"https:\/\/www.zoeoliveoil.com\/","logo":{"@type":"ImageObject","inLanguage":"fr-CA","@id":"https:\/\/www.zoeoliveoil.com\/#\/schema\/logo\/image\/","url":"https:\/\/www.zoeoliveoil.com\/wp-content\/uploads\/2023\/04\/Zoe-Logo__Black_165x.png","contentUrl":"https:\/\/www.zoeoliveoil.com\/wp-content\/uploads\/2023\/04\/Zoe-Logo__Black_165x.png","width":165,"height":78,"caption":"Zo\u00eb Olive Oil Montreal Quebec Canada"},"image":{"@id":"https:\/\/www.zoeoliveoil.com\/#\/schema\/logo\/image\/"},"sameAs":["https:\/\/www.facebook.com\/zoeoliveoil\/","https:\/\/x.com\/zoeoliveoil","https:\/\/www.instagram.com\/zoeoliveoil\/?hl=en","https:\/\/www.tiktok.com\/@zoeoliveoil","https:\/\/www.pinterest.ca\/zoeoliveoil\/"]}]}},"jetpack_sharing_enabled":true,"_links":{"self":[{"href":"https:\/\/www.zoeoliveoil.com\/fr\/wp-json\/wp\/v2\/product\/2003","targetHints":{"allow":["GET"]}}],"collection":[{"href":"https:\/\/www.zoeoliveoil.com\/fr\/wp-json\/wp\/v2\/product"}],"about":[{"href":"https:\/\/www.zoeoliveoil.com\/fr\/wp-json\/wp\/v2\/types\/product"}],"replies":[{"embeddable":true,"href":"https:\/\/www.zoeoliveoil.com\/fr\/wp-json\/wp\/v2\/comments?post=2003"}],"version-history":[{"count":2,"href":"https:\/\/www.zoeoliveoil.com\/fr\/wp-json\/wp\/v2\/product\/2003\/revisions"}],"predecessor-version":[{"id":4133,"href":"https:\/\/www.zoeoliveoil.com\/fr\/wp-json\/wp\/v2\/product\/2003\/revisions\/4133"}],"wp:featuredmedia":[{"embeddable":true,"href":"https:\/\/www.zoeoliveoil.com\/fr\/wp-json\/wp\/v2\/media\/2006"}],"wp:attachment":[{"href":"https:\/\/www.zoeoliveoil.com\/fr\/wp-json\/wp\/v2\/media?parent=2003"}],"wp:term":[{"taxonomy":"brand","embeddable":true,"href":"https:\/\/www.zoeoliveoil.com\/fr\/wp-json\/wp\/v2\/etheme_brands?post=2003"},{"taxonomy":"product_brand","embeddable":true,"href":"https:\/\/www.zoeoliveoil.com\/fr\/wp-json\/wp\/v2\/product_brand?post=2003"},{"taxonomy":"product_cat","embeddable":true,"href":"https:\/\/www.zoeoliveoil.com\/fr\/wp-json\/wp\/v2\/product_cat?post=2003"},{"taxonomy":"product_tag","embeddable":true,"href":"https:\/\/www.zoeoliveoil.com\/fr\/wp-json\/wp\/v2\/product_tag?post=2003"}],"curies":[{"name":"wp","href":"https:\/\/api.w.org\/{rel}","templated":true}]}}