{"id":2495,"date":"2023-07-12T15:53:11","date_gmt":"2023-07-12T15:53:11","guid":{"rendered":"https:\/\/www.zoeoliveoil.com\/?post_type=product&#038;p=2495"},"modified":"2025-07-05T11:36:20","modified_gmt":"2025-07-05T11:36:20","slug":"dirty-martini-green-olive-brine-500ml","status":"publish","type":"product","link":"https:\/\/www.zoeoliveoil.com\/fr\/produit\/dirty-martini-green-olive-brine-500ml\/","title":{"rendered":"Dirty Martini Olive Verte Saumure 500ml"},"content":{"rendered":"<p><strong>Rehaussez vos cocktails avec la saumure d'olive Premium Dirty Martini Me<\/strong><\/p>\n<p>Bienvenue dans notre monde de cocktails exquis ! Am\u00e9liorez votre jeu de mixologie avec notre saumure d'olive Dirty Martini de premi\u00e8re qualit\u00e9, l'ingr\u00e9dient secret pour cr\u00e9er le parfait Dirty Martini \u00e0 chaque fois. Notre saumure est m\u00e9ticuleusement \u00e9labor\u00e9e pour offrir une saveur et une sophistication in\u00e9gal\u00e9es \u00e0 vos cocktails.<\/p>\n<p><strong>Pourquoi choisir notre saumure d'olive Dirty Martini Me ?<\/strong><\/p>\n<p>Fabriqu\u00e9e \u00e0 partir des meilleures olives, notre saumure subit un processus m\u00e9ticuleux pour capturer l'essence des saveurs m\u00e9diterran\u00e9ennes. Notre saumure est :<\/p>\n<ul>\n<li><strong>Authentique :<\/strong> Notre saumure conserve le go\u00fbt et l'ar\u00f4me authentiques des olives m\u00e9diterran\u00e9ennes traditionnelles.<\/li>\n<li><strong>Qualit\u00e9 sup\u00e9rieure :<\/strong> Nous sommes fiers de nous approvisionner en olives de la plus haute qualit\u00e9 afin de garantir que chaque bouteille de notre saumure r\u00e9ponde \u00e0 nos normes rigoureuses d'excellence.<\/li>\n<li><strong>Un \u00e9quilibre parfait :<\/strong> Notre saumure atteint l'\u00e9quilibre parfait entre les notes sal\u00e9es et piquantes, rehaussant le profil de saveur de votre Dirty Martini sans le dominer.<\/li>\n<\/ul>\n<p><strong>Caract\u00e9ristiques principales de notre saumure d'olive Dirty Martini :<\/strong><\/p>\n<ul>\n<li><strong>Polyvalence :<\/strong> Notre saumure ne se limite pas aux Dirty Martinis ! Utilisez-la pour ajouter une touche de saveur \u00e0 d'autres cocktails comme les Bloody Marys, les Micheladas, ou m\u00eame comme marinade pour vos plats pr\u00e9f\u00e9r\u00e9s.<\/li>\n<li><strong>Commodit\u00e9 :<\/strong> Notre saumure pr\u00eate \u00e0 l'emploi vous permet d'\u00e9conomiser du temps et des efforts en cuisine, afin que vous puissiez vous concentrer sur la d\u00e9gustation de vos cocktails.<\/li>\n<li><strong>Bec verseur int\u00e9gr\u00e9 :<\/strong> Nos bouteilles sont \u00e9quip\u00e9es d'un bec verseur int\u00e9gr\u00e9 pratique, permettant un versement pr\u00e9cis et sans d\u00e9g\u00e2ts \u00e0 chaque fois.<\/li>\n<li><strong>Emballage de qualit\u00e9 sup\u00e9rieure :<\/strong> Conditionn\u00e9e dans des bouteilles \u00e9l\u00e9gantes et pratiques, notre saumure est con\u00e7ue pour pr\u00e9server sa fra\u00eecheur et sa saveur plus longtemps, ce qui garantit que chaque verre est aussi d\u00e9licieux que le premier.<\/li>\n<\/ul>\n<p><strong>Comment utiliser notre saumure d'olive Dirty Martini :<\/strong><\/p>\n<ol>\n<li><strong>Bien agiter avant utilisation :<\/strong> Notre saumure peut naturellement se tasser. Veillez donc \u00e0 bien la secouer pour r\u00e9partir les saveurs de mani\u00e8re homog\u00e8ne.<\/li>\n<li><strong>Verser selon le go\u00fbt :<\/strong> Ajoutez une ou deux gouttes de notre saumure dans votre shaker avec votre gin ou vodka pr\u00e9f\u00e9r\u00e9 et du vermouth pour cr\u00e9er un Dirty Martini parfaitement \u00e9quilibr\u00e9.<\/li>\n<li><strong>D\u00e9corer et d\u00e9guster :<\/strong> Garnissez votre Dirty Martini de quelques olives ou d'un zeste de citron et savourez les saveurs complexes \u00e0 chaque gorg\u00e9e.<\/li>\n<\/ol>\n<p><strong>D\u00e9couvrez la diff\u00e9rence avec notre saumure d'olive Dirty Martini<\/strong><\/p>\n<p>Vous \u00eates pr\u00eat \u00e0 passer \u00e0 la vitesse sup\u00e9rieure en mati\u00e8re de cocktails ? D\u00e9couvrez la diff\u00e9rence que notre saumure d'olive Dirty Martini de premi\u00e8re qualit\u00e9 peut faire dans vos cr\u00e9ations mixologiques. Commandez d\u00e8s maintenant et \u00e9levez vos cocktails \u00e0 de nouveaux sommets de saveur et de sophistication !<\/p>","protected":false},"excerpt":{"rendered":"<p>Elevate Your Cocktails with Premium Dirty Martini Me Olive Brine Welcome to our world of exquisite cocktail&#8230;<\/p>","protected":false},"featured_media":2496,"comment_status":"open","ping_status":"closed","template":"","meta":[],"etheme_brands":[],"product_brand":[],"product_cat":[106],"product_tag":[115,114,113,112],"class_list":{"0":"post-2495","1":"product","2":"type-product","3":"status-publish","4":"has-post-thumbnail","6":"product_cat-dirty-martini-me-bar-products","7":"product_tag-dirty-martini","8":"product_tag-martini","9":"product_tag-olive","10":"product_tag-olive-brine","12":"first","13":"instock","14":"shipping-taxable","15":"purchasable","16":"product-type-simple"},"yoast_head":"<!-- This site is optimized with the Yoast SEO plugin v27.4 - https:\/\/yoast.com\/product\/yoast-seo-wordpress\/ -->\n<title>Dirty Martini Green Olive Brine 500ml - Zo\u00eb Olive Oil Montreal Quebec Canada<\/title>\n<meta name=\"robots\" content=\"index, follow, max-snippet:-1, max-image-preview:large, max-video-preview:-1\" \/>\n<link rel=\"canonical\" href=\"https:\/\/www.zoeoliveoil.com\/fr\/produit\/dirty-martini-green-olive-brine-500ml\/\" \/>\n<meta property=\"og:locale\" content=\"fr_CA\" \/>\n<meta property=\"og:type\" content=\"article\" \/>\n<meta property=\"og:title\" content=\"Dirty Martini Green Olive Brine 500ml - Zo\u00eb Olive Oil Montreal Quebec Canada\" \/>\n<meta property=\"og:description\" content=\"Elevate Your Cocktails with Premium Dirty Martini Me Olive Brine Welcome to our world of exquisite cocktail...\" \/>\n<meta property=\"og:url\" content=\"https:\/\/www.zoeoliveoil.com\/fr\/produit\/dirty-martini-green-olive-brine-500ml\/\" \/>\n<meta property=\"og:site_name\" content=\"Zo\u00eb Olive Oil Montreal Quebec Canada\" \/>\n<meta property=\"article:publisher\" content=\"https:\/\/www.facebook.com\/zoeoliveoil\/\" \/>\n<meta property=\"article:modified_time\" content=\"2025-07-05T11:36:20+00:00\" \/>\n<meta property=\"og:image\" content=\"https:\/\/www.zoeoliveoil.com\/wp-content\/uploads\/2023\/07\/Zoe-Olive-Brine-DM.png\" \/>\n\t<meta property=\"og:image:width\" content=\"2560\" \/>\n\t<meta property=\"og:image:height\" content=\"2560\" \/>\n\t<meta property=\"og:image:type\" content=\"image\/png\" \/>\n<meta name=\"twitter:card\" content=\"summary_large_image\" \/>\n<meta name=\"twitter:site\" content=\"@zoeoliveoil\" \/>\n<meta name=\"twitter:label1\" content=\"Estimation du temps de lecture\" \/>\n\t<meta name=\"twitter:data1\" content=\"2 minutes\" \/>\n<script type=\"application\/ld+json\" class=\"yoast-schema-graph\">{\"@context\":\"https:\\\/\\\/schema.org\",\"@graph\":[{\"@type\":\"WebPage\",\"@id\":\"https:\\\/\\\/www.zoeoliveoil.com\\\/product\\\/dirty-martini-green-olive-brine-500ml\\\/\",\"url\":\"https:\\\/\\\/www.zoeoliveoil.com\\\/product\\\/dirty-martini-green-olive-brine-500ml\\\/\",\"name\":\"Dirty Martini Green Olive Brine 500ml - Zo\u00eb Olive Oil Montreal Quebec Canada\",\"isPartOf\":{\"@id\":\"https:\\\/\\\/www.zoeoliveoil.com\\\/#website\"},\"primaryImageOfPage\":{\"@id\":\"https:\\\/\\\/www.zoeoliveoil.com\\\/product\\\/dirty-martini-green-olive-brine-500ml\\\/#primaryimage\"},\"image\":{\"@id\":\"https:\\\/\\\/www.zoeoliveoil.com\\\/product\\\/dirty-martini-green-olive-brine-500ml\\\/#primaryimage\"},\"thumbnailUrl\":\"https:\\\/\\\/www.zoeoliveoil.com\\\/wp-content\\\/uploads\\\/2023\\\/07\\\/Zoe-Olive-Brine-DM.png\",\"datePublished\":\"2023-07-12T15:53:11+00:00\",\"dateModified\":\"2025-07-05T11:36:20+00:00\",\"breadcrumb\":{\"@id\":\"https:\\\/\\\/www.zoeoliveoil.com\\\/product\\\/dirty-martini-green-olive-brine-500ml\\\/#breadcrumb\"},\"inLanguage\":\"fr-CA\",\"potentialAction\":[{\"@type\":\"ReadAction\",\"target\":[\"https:\\\/\\\/www.zoeoliveoil.com\\\/product\\\/dirty-martini-green-olive-brine-500ml\\\/\"]}]},{\"@type\":\"ImageObject\",\"inLanguage\":\"fr-CA\",\"@id\":\"https:\\\/\\\/www.zoeoliveoil.com\\\/product\\\/dirty-martini-green-olive-brine-500ml\\\/#primaryimage\",\"url\":\"https:\\\/\\\/www.zoeoliveoil.com\\\/wp-content\\\/uploads\\\/2023\\\/07\\\/Zoe-Olive-Brine-DM.png\",\"contentUrl\":\"https:\\\/\\\/www.zoeoliveoil.com\\\/wp-content\\\/uploads\\\/2023\\\/07\\\/Zoe-Olive-Brine-DM.png\",\"width\":2560,\"height\":2560},{\"@type\":\"BreadcrumbList\",\"@id\":\"https:\\\/\\\/www.zoeoliveoil.com\\\/product\\\/dirty-martini-green-olive-brine-500ml\\\/#breadcrumb\",\"itemListElement\":[{\"@type\":\"ListItem\",\"position\":1,\"name\":\"Home\",\"item\":\"https:\\\/\\\/www.zoeoliveoil.com\\\/\"},{\"@type\":\"ListItem\",\"position\":2,\"name\":\"Shop\",\"item\":\"https:\\\/\\\/www.zoeoliveoil.com\\\/shop\\\/\"},{\"@type\":\"ListItem\",\"position\":3,\"name\":\"Dirty Martini Green Olive Brine 500ml\"}]},{\"@type\":\"WebSite\",\"@id\":\"https:\\\/\\\/www.zoeoliveoil.com\\\/#website\",\"url\":\"https:\\\/\\\/www.zoeoliveoil.com\\\/\",\"name\":\"Zo\u00eb Olive Oil Montreal Quebec Canada\",\"description\":\"\",\"publisher\":{\"@id\":\"https:\\\/\\\/www.zoeoliveoil.com\\\/#organization\"},\"potentialAction\":[{\"@type\":\"SearchAction\",\"target\":{\"@type\":\"EntryPoint\",\"urlTemplate\":\"https:\\\/\\\/www.zoeoliveoil.com\\\/?s={search_term_string}\"},\"query-input\":{\"@type\":\"PropertyValueSpecification\",\"valueRequired\":true,\"valueName\":\"search_term_string\"}}],\"inLanguage\":\"fr-CA\"},{\"@type\":\"Organization\",\"@id\":\"https:\\\/\\\/www.zoeoliveoil.com\\\/#organization\",\"name\":\"Zo\u00eb Olive Oil Montreal Quebec Canada\",\"url\":\"https:\\\/\\\/www.zoeoliveoil.com\\\/\",\"logo\":{\"@type\":\"ImageObject\",\"inLanguage\":\"fr-CA\",\"@id\":\"https:\\\/\\\/www.zoeoliveoil.com\\\/#\\\/schema\\\/logo\\\/image\\\/\",\"url\":\"https:\\\/\\\/www.zoeoliveoil.com\\\/wp-content\\\/uploads\\\/2023\\\/04\\\/Zoe-Logo__Black_165x.png\",\"contentUrl\":\"https:\\\/\\\/www.zoeoliveoil.com\\\/wp-content\\\/uploads\\\/2023\\\/04\\\/Zoe-Logo__Black_165x.png\",\"width\":165,\"height\":78,\"caption\":\"Zo\u00eb Olive Oil Montreal Quebec Canada\"},\"image\":{\"@id\":\"https:\\\/\\\/www.zoeoliveoil.com\\\/#\\\/schema\\\/logo\\\/image\\\/\"},\"sameAs\":[\"https:\\\/\\\/www.facebook.com\\\/zoeoliveoil\\\/\",\"https:\\\/\\\/x.com\\\/zoeoliveoil\",\"https:\\\/\\\/www.instagram.com\\\/zoeoliveoil\\\/?hl=en\",\"https:\\\/\\\/www.tiktok.com\\\/@zoeoliveoil\",\"https:\\\/\\\/www.pinterest.ca\\\/zoeoliveoil\\\/\"]}]}<\/script>\n<!-- \/ Yoast SEO plugin. -->","yoast_head_json":{"title":"Dirty Martini Green Olive Brine 500ml - Zo\u00eb Olive Oil Montreal Quebec Canada","robots":{"index":"index","follow":"follow","max-snippet":"max-snippet:-1","max-image-preview":"max-image-preview:large","max-video-preview":"max-video-preview:-1"},"canonical":"https:\/\/www.zoeoliveoil.com\/fr\/produit\/dirty-martini-green-olive-brine-500ml\/","og_locale":"fr_CA","og_type":"article","og_title":"Dirty Martini Green Olive Brine 500ml - Zo\u00eb Olive Oil Montreal Quebec Canada","og_description":"Elevate Your Cocktails with Premium Dirty Martini Me Olive Brine Welcome to our world of exquisite cocktail...","og_url":"https:\/\/www.zoeoliveoil.com\/fr\/produit\/dirty-martini-green-olive-brine-500ml\/","og_site_name":"Zo\u00eb Olive Oil Montreal Quebec Canada","article_publisher":"https:\/\/www.facebook.com\/zoeoliveoil\/","article_modified_time":"2025-07-05T11:36:20+00:00","og_image":[{"width":2560,"height":2560,"url":"https:\/\/www.zoeoliveoil.com\/wp-content\/uploads\/2023\/07\/Zoe-Olive-Brine-DM.png","type":"image\/png"}],"twitter_card":"summary_large_image","twitter_site":"@zoeoliveoil","twitter_misc":{"Estimation du temps de lecture":"2 minutes"},"schema":{"@context":"https:\/\/schema.org","@graph":[{"@type":"WebPage","@id":"https:\/\/www.zoeoliveoil.com\/product\/dirty-martini-green-olive-brine-500ml\/","url":"https:\/\/www.zoeoliveoil.com\/product\/dirty-martini-green-olive-brine-500ml\/","name":"Dirty Martini Green Olive Brine 500ml - Zo\u00eb Olive Oil Montreal Quebec Canada","isPartOf":{"@id":"https:\/\/www.zoeoliveoil.com\/#website"},"primaryImageOfPage":{"@id":"https:\/\/www.zoeoliveoil.com\/product\/dirty-martini-green-olive-brine-500ml\/#primaryimage"},"image":{"@id":"https:\/\/www.zoeoliveoil.com\/product\/dirty-martini-green-olive-brine-500ml\/#primaryimage"},"thumbnailUrl":"https:\/\/www.zoeoliveoil.com\/wp-content\/uploads\/2023\/07\/Zoe-Olive-Brine-DM.png","datePublished":"2023-07-12T15:53:11+00:00","dateModified":"2025-07-05T11:36:20+00:00","breadcrumb":{"@id":"https:\/\/www.zoeoliveoil.com\/product\/dirty-martini-green-olive-brine-500ml\/#breadcrumb"},"inLanguage":"fr-CA","potentialAction":[{"@type":"ReadAction","target":["https:\/\/www.zoeoliveoil.com\/product\/dirty-martini-green-olive-brine-500ml\/"]}]},{"@type":"ImageObject","inLanguage":"fr-CA","@id":"https:\/\/www.zoeoliveoil.com\/product\/dirty-martini-green-olive-brine-500ml\/#primaryimage","url":"https:\/\/www.zoeoliveoil.com\/wp-content\/uploads\/2023\/07\/Zoe-Olive-Brine-DM.png","contentUrl":"https:\/\/www.zoeoliveoil.com\/wp-content\/uploads\/2023\/07\/Zoe-Olive-Brine-DM.png","width":2560,"height":2560},{"@type":"BreadcrumbList","@id":"https:\/\/www.zoeoliveoil.com\/product\/dirty-martini-green-olive-brine-500ml\/#breadcrumb","itemListElement":[{"@type":"ListItem","position":1,"name":"Home","item":"https:\/\/www.zoeoliveoil.com\/"},{"@type":"ListItem","position":2,"name":"Shop","item":"https:\/\/www.zoeoliveoil.com\/shop\/"},{"@type":"ListItem","position":3,"name":"Dirty Martini Green Olive Brine 500ml"}]},{"@type":"WebSite","@id":"https:\/\/www.zoeoliveoil.com\/#website","url":"https:\/\/www.zoeoliveoil.com\/","name":"Zo\u00eb Huile d&#039;Olive Montr\u00e9al Qu\u00e9bec Canada","description":"","publisher":{"@id":"https:\/\/www.zoeoliveoil.com\/#organization"},"potentialAction":[{"@type":"SearchAction","target":{"@type":"EntryPoint","urlTemplate":"https:\/\/www.zoeoliveoil.com\/?s={search_term_string}"},"query-input":{"@type":"PropertyValueSpecification","valueRequired":true,"valueName":"search_term_string"}}],"inLanguage":"fr-CA"},{"@type":"Organization","@id":"https:\/\/www.zoeoliveoil.com\/#organization","name":"Zo\u00eb Huile d&#039;Olive Montr\u00e9al Qu\u00e9bec Canada","url":"https:\/\/www.zoeoliveoil.com\/","logo":{"@type":"ImageObject","inLanguage":"fr-CA","@id":"https:\/\/www.zoeoliveoil.com\/#\/schema\/logo\/image\/","url":"https:\/\/www.zoeoliveoil.com\/wp-content\/uploads\/2023\/04\/Zoe-Logo__Black_165x.png","contentUrl":"https:\/\/www.zoeoliveoil.com\/wp-content\/uploads\/2023\/04\/Zoe-Logo__Black_165x.png","width":165,"height":78,"caption":"Zo\u00eb Olive Oil Montreal Quebec Canada"},"image":{"@id":"https:\/\/www.zoeoliveoil.com\/#\/schema\/logo\/image\/"},"sameAs":["https:\/\/www.facebook.com\/zoeoliveoil\/","https:\/\/x.com\/zoeoliveoil","https:\/\/www.instagram.com\/zoeoliveoil\/?hl=en","https:\/\/www.tiktok.com\/@zoeoliveoil","https:\/\/www.pinterest.ca\/zoeoliveoil\/"]}]}},"jetpack_sharing_enabled":true,"_links":{"self":[{"href":"https:\/\/www.zoeoliveoil.com\/fr\/wp-json\/wp\/v2\/product\/2495","targetHints":{"allow":["GET"]}}],"collection":[{"href":"https:\/\/www.zoeoliveoil.com\/fr\/wp-json\/wp\/v2\/product"}],"about":[{"href":"https:\/\/www.zoeoliveoil.com\/fr\/wp-json\/wp\/v2\/types\/product"}],"replies":[{"embeddable":true,"href":"https:\/\/www.zoeoliveoil.com\/fr\/wp-json\/wp\/v2\/comments?post=2495"}],"version-history":[{"count":3,"href":"https:\/\/www.zoeoliveoil.com\/fr\/wp-json\/wp\/v2\/product\/2495\/revisions"}],"predecessor-version":[{"id":3608,"href":"https:\/\/www.zoeoliveoil.com\/fr\/wp-json\/wp\/v2\/product\/2495\/revisions\/3608"}],"wp:featuredmedia":[{"embeddable":true,"href":"https:\/\/www.zoeoliveoil.com\/fr\/wp-json\/wp\/v2\/media\/2496"}],"wp:attachment":[{"href":"https:\/\/www.zoeoliveoil.com\/fr\/wp-json\/wp\/v2\/media?parent=2495"}],"wp:term":[{"taxonomy":"brand","embeddable":true,"href":"https:\/\/www.zoeoliveoil.com\/fr\/wp-json\/wp\/v2\/etheme_brands?post=2495"},{"taxonomy":"product_brand","embeddable":true,"href":"https:\/\/www.zoeoliveoil.com\/fr\/wp-json\/wp\/v2\/product_brand?post=2495"},{"taxonomy":"product_cat","embeddable":true,"href":"https:\/\/www.zoeoliveoil.com\/fr\/wp-json\/wp\/v2\/product_cat?post=2495"},{"taxonomy":"product_tag","embeddable":true,"href":"https:\/\/www.zoeoliveoil.com\/fr\/wp-json\/wp\/v2\/product_tag?post=2495"}],"curies":[{"name":"wp","href":"https:\/\/api.w.org\/{rel}","templated":true}]}}