{"id":3362,"date":"2024-02-16T22:53:02","date_gmt":"2024-02-16T22:53:02","guid":{"rendered":"https:\/\/www.zoeoliveoil.com\/?post_type=product&#038;p=3362"},"modified":"2026-04-19T20:41:36","modified_gmt":"2026-04-19T20:41:36","slug":"zoe-green-olives-stuffed-with-lemon-peel","status":"publish","type":"product","link":"https:\/\/www.zoeoliveoil.com\/fr\/produit\/zoe-green-olives-stuffed-with-lemon-peel\/","title":{"rendered":"Zo\u00eb Olives vertes farcies au zeste de citron"},"content":{"rendered":"","protected":false},"excerpt":{"rendered":"<p>Savourez le go\u00fbt in\u00e9gal\u00e9 des olives vertes Zo\u00eb Halkidiki farcies au zeste de citron, dont chaque bouch\u00e9e incarne l'essence de la fra\u00eecheur et de la qualit\u00e9. M\u00e9ticuleusement cueillies \u00e0 la main pendant la r\u00e9colte, seules les olives les plus fines et les plus grosses sont propos\u00e9es \u00e0 nos clients exigeants. Chaque olive est soigneusement farcie de zeste de citron grec frais, cr\u00e9ant ainsi un m\u00e9lange harmonieux de saveurs tout simplement irr\u00e9sistible.<\/p>\n<p>D\u00e9couvrez le go\u00fbt exquis de ces olives, pr\u00e9par\u00e9es avec d\u00e9vouement et passion, et il vous sera impossible de r\u00e9sister \u00e0 l'envie d'en redemander. Les olives vertes Zo\u00eb Halkidiki sont un d\u00e9lice culinaire qui d\u00e9passe toutes les attentes, offrant une exp\u00e9rience de l'olive de premi\u00e8re qualit\u00e9 qui \u00e9l\u00e8ve votre palais.<\/p>\n<p>\u00c9levez votre exp\u00e9rience culinaire avec les olives vertes Zo\u00eb Halkidiki farcies d'\u00e9corces de citron - un t\u00e9moignage de l'engagement envers la fra\u00eecheur, la qualit\u00e9 et les saveurs authentiques de la Gr\u00e8ce. Commandez les v\u00f4tres d\u00e8s aujourd'hui et laissez-vous tenter par le go\u00fbt extraordinaire que seule Zo\u00eb peut vous offrir.<\/p>","protected":false},"featured_media":3383,"comment_status":"open","ping_status":"closed","template":"","meta":[],"etheme_brands":[],"product_brand":[],"product_cat":[111,105,91,100],"product_tag":[],"class_list":{"0":"post-3362","1":"product","2":"type-product","3":"status-publish","4":"has-post-thumbnail","6":"product_cat-all-products","7":"product_cat-fig-chutneys-olives","8":"product_cat-herbs-olives","9":"product_cat-olives-sundried-tomatoes-pasta-sauces","11":"first","12":"instock","13":"purchasable","14":"product-type-simple"},"yoast_head":"<!-- This site is optimized with the Yoast SEO plugin v27.4 - https:\/\/yoast.com\/product\/yoast-seo-wordpress\/ -->\n<title>Zo\u00eb Green Olives Stuffed With Lemon Peel - Zo\u00eb Olive Oil Montreal Quebec Canada<\/title>\n<meta name=\"robots\" content=\"index, follow, max-snippet:-1, max-image-preview:large, max-video-preview:-1\" \/>\n<link rel=\"canonical\" href=\"https:\/\/www.zoeoliveoil.com\/fr\/produit\/zoe-green-olives-stuffed-with-lemon-peel\/\" \/>\n<meta property=\"og:locale\" content=\"fr_CA\" \/>\n<meta property=\"og:type\" content=\"article\" \/>\n<meta property=\"og:title\" content=\"Zo\u00eb Green Olives Stuffed With Lemon Peel - Zo\u00eb Olive Oil Montreal Quebec Canada\" \/>\n<meta property=\"og:description\" content=\"Savor the unparalleled taste of Zo\u00eb Halkidiki Green Olives Stuffed with Lemon Peel, where every bite embodies the essence of freshness and quality. Meticulously hand-picked during harvest, only the finest and largest olives make the cut for our discerning customers. Each olive is carefully stuffed with fresh Greek lemon peel, creating a harmonious blend of flavors that is simply irresistible.  Experience the exquisite taste of these olives, prepared with dedication and passion, and you&#039;ll find it impossible to resist reaching for more. Zo\u00eb Halkidiki Green Olives offer a culinary delight that surpasses all expectations, delivering a premium olive experience that elevates your palate.  Elevate your culinary experience with Zo\u00eb Halkidiki Green Olives Stuffed with Lemon Peel \u2013 a testament to the commitment to freshness, quality, and the authentic flavors of Greece. Order yours today and indulge in the extraordinary taste that only Zo\u00eb can deliver.\" \/>\n<meta property=\"og:url\" content=\"https:\/\/www.zoeoliveoil.com\/fr\/produit\/zoe-green-olives-stuffed-with-lemon-peel\/\" \/>\n<meta property=\"og:site_name\" content=\"Zo\u00eb Olive Oil Montreal Quebec Canada\" \/>\n<meta property=\"article:publisher\" content=\"https:\/\/www.facebook.com\/zoeoliveoil\/\" \/>\n<meta property=\"article:modified_time\" content=\"2026-04-19T20:41:36+00:00\" \/>\n<meta property=\"og:image\" content=\"https:\/\/www.zoeoliveoil.com\/wp-content\/uploads\/2024\/02\/sized-olive_stuffed_lemon.jpg\" \/>\n\t<meta property=\"og:image:width\" content=\"2048\" \/>\n\t<meta property=\"og:image:height\" content=\"2048\" \/>\n\t<meta property=\"og:image:type\" content=\"image\/jpeg\" \/>\n<meta name=\"twitter:card\" content=\"summary_large_image\" \/>\n<meta name=\"twitter:site\" content=\"@zoeoliveoil\" \/>\n<meta name=\"twitter:label1\" content=\"Estimation du temps de lecture\" \/>\n\t<meta name=\"twitter:data1\" content=\"1 minute\" \/>\n<script type=\"application\/ld+json\" class=\"yoast-schema-graph\">{\"@context\":\"https:\\\/\\\/schema.org\",\"@graph\":[{\"@type\":\"WebPage\",\"@id\":\"https:\\\/\\\/www.zoeoliveoil.com\\\/product\\\/zoe-green-olives-stuffed-with-lemon-peel\\\/\",\"url\":\"https:\\\/\\\/www.zoeoliveoil.com\\\/product\\\/zoe-green-olives-stuffed-with-lemon-peel\\\/\",\"name\":\"Zo\u00eb Green Olives Stuffed With Lemon Peel - Zo\u00eb Olive Oil Montreal Quebec Canada\",\"isPartOf\":{\"@id\":\"https:\\\/\\\/www.zoeoliveoil.com\\\/#website\"},\"primaryImageOfPage\":{\"@id\":\"https:\\\/\\\/www.zoeoliveoil.com\\\/product\\\/zoe-green-olives-stuffed-with-lemon-peel\\\/#primaryimage\"},\"image\":{\"@id\":\"https:\\\/\\\/www.zoeoliveoil.com\\\/product\\\/zoe-green-olives-stuffed-with-lemon-peel\\\/#primaryimage\"},\"thumbnailUrl\":\"https:\\\/\\\/www.zoeoliveoil.com\\\/wp-content\\\/uploads\\\/2024\\\/02\\\/sized-olive_stuffed_lemon.jpg\",\"datePublished\":\"2024-02-16T22:53:02+00:00\",\"dateModified\":\"2026-04-19T20:41:36+00:00\",\"breadcrumb\":{\"@id\":\"https:\\\/\\\/www.zoeoliveoil.com\\\/product\\\/zoe-green-olives-stuffed-with-lemon-peel\\\/#breadcrumb\"},\"inLanguage\":\"fr-CA\",\"potentialAction\":[{\"@type\":\"ReadAction\",\"target\":[\"https:\\\/\\\/www.zoeoliveoil.com\\\/product\\\/zoe-green-olives-stuffed-with-lemon-peel\\\/\"]}]},{\"@type\":\"ImageObject\",\"inLanguage\":\"fr-CA\",\"@id\":\"https:\\\/\\\/www.zoeoliveoil.com\\\/product\\\/zoe-green-olives-stuffed-with-lemon-peel\\\/#primaryimage\",\"url\":\"https:\\\/\\\/www.zoeoliveoil.com\\\/wp-content\\\/uploads\\\/2024\\\/02\\\/sized-olive_stuffed_lemon.jpg\",\"contentUrl\":\"https:\\\/\\\/www.zoeoliveoil.com\\\/wp-content\\\/uploads\\\/2024\\\/02\\\/sized-olive_stuffed_lemon.jpg\",\"width\":2048,\"height\":2048},{\"@type\":\"BreadcrumbList\",\"@id\":\"https:\\\/\\\/www.zoeoliveoil.com\\\/product\\\/zoe-green-olives-stuffed-with-lemon-peel\\\/#breadcrumb\",\"itemListElement\":[{\"@type\":\"ListItem\",\"position\":1,\"name\":\"Home\",\"item\":\"https:\\\/\\\/www.zoeoliveoil.com\\\/\"},{\"@type\":\"ListItem\",\"position\":2,\"name\":\"Shop\",\"item\":\"https:\\\/\\\/www.zoeoliveoil.com\\\/shop\\\/\"},{\"@type\":\"ListItem\",\"position\":3,\"name\":\"Zo\u00eb Green Olives Stuffed With Lemon Peel\"}]},{\"@type\":\"WebSite\",\"@id\":\"https:\\\/\\\/www.zoeoliveoil.com\\\/#website\",\"url\":\"https:\\\/\\\/www.zoeoliveoil.com\\\/\",\"name\":\"Zo\u00eb Olive Oil Montreal Quebec Canada\",\"description\":\"\",\"publisher\":{\"@id\":\"https:\\\/\\\/www.zoeoliveoil.com\\\/#organization\"},\"potentialAction\":[{\"@type\":\"SearchAction\",\"target\":{\"@type\":\"EntryPoint\",\"urlTemplate\":\"https:\\\/\\\/www.zoeoliveoil.com\\\/?s={search_term_string}\"},\"query-input\":{\"@type\":\"PropertyValueSpecification\",\"valueRequired\":true,\"valueName\":\"search_term_string\"}}],\"inLanguage\":\"fr-CA\"},{\"@type\":\"Organization\",\"@id\":\"https:\\\/\\\/www.zoeoliveoil.com\\\/#organization\",\"name\":\"Zo\u00eb Olive Oil Montreal Quebec Canada\",\"url\":\"https:\\\/\\\/www.zoeoliveoil.com\\\/\",\"logo\":{\"@type\":\"ImageObject\",\"inLanguage\":\"fr-CA\",\"@id\":\"https:\\\/\\\/www.zoeoliveoil.com\\\/#\\\/schema\\\/logo\\\/image\\\/\",\"url\":\"https:\\\/\\\/www.zoeoliveoil.com\\\/wp-content\\\/uploads\\\/2023\\\/04\\\/Zoe-Logo__Black_165x.png\",\"contentUrl\":\"https:\\\/\\\/www.zoeoliveoil.com\\\/wp-content\\\/uploads\\\/2023\\\/04\\\/Zoe-Logo__Black_165x.png\",\"width\":165,\"height\":78,\"caption\":\"Zo\u00eb Olive Oil Montreal Quebec Canada\"},\"image\":{\"@id\":\"https:\\\/\\\/www.zoeoliveoil.com\\\/#\\\/schema\\\/logo\\\/image\\\/\"},\"sameAs\":[\"https:\\\/\\\/www.facebook.com\\\/zoeoliveoil\\\/\",\"https:\\\/\\\/x.com\\\/zoeoliveoil\",\"https:\\\/\\\/www.instagram.com\\\/zoeoliveoil\\\/?hl=en\",\"https:\\\/\\\/www.tiktok.com\\\/@zoeoliveoil\",\"https:\\\/\\\/www.pinterest.ca\\\/zoeoliveoil\\\/\"]}]}<\/script>\n<!-- \/ Yoast SEO plugin. -->","yoast_head_json":{"title":"Zo\u00eb Green Olives Stuffed With Lemon Peel - Zo\u00eb Olive Oil Montreal Quebec Canada","robots":{"index":"index","follow":"follow","max-snippet":"max-snippet:-1","max-image-preview":"max-image-preview:large","max-video-preview":"max-video-preview:-1"},"canonical":"https:\/\/www.zoeoliveoil.com\/fr\/produit\/zoe-green-olives-stuffed-with-lemon-peel\/","og_locale":"fr_CA","og_type":"article","og_title":"Zo\u00eb Green Olives Stuffed With Lemon Peel - Zo\u00eb Olive Oil Montreal Quebec Canada","og_description":"Savor the unparalleled taste of Zo\u00eb Halkidiki Green Olives Stuffed with Lemon Peel, where every bite embodies the essence of freshness and quality. Meticulously hand-picked during harvest, only the finest and largest olives make the cut for our discerning customers. Each olive is carefully stuffed with fresh Greek lemon peel, creating a harmonious blend of flavors that is simply irresistible.  Experience the exquisite taste of these olives, prepared with dedication and passion, and you'll find it impossible to resist reaching for more. Zo\u00eb Halkidiki Green Olives offer a culinary delight that surpasses all expectations, delivering a premium olive experience that elevates your palate.  Elevate your culinary experience with Zo\u00eb Halkidiki Green Olives Stuffed with Lemon Peel \u2013 a testament to the commitment to freshness, quality, and the authentic flavors of Greece. Order yours today and indulge in the extraordinary taste that only Zo\u00eb can deliver.","og_url":"https:\/\/www.zoeoliveoil.com\/fr\/produit\/zoe-green-olives-stuffed-with-lemon-peel\/","og_site_name":"Zo\u00eb Olive Oil Montreal Quebec Canada","article_publisher":"https:\/\/www.facebook.com\/zoeoliveoil\/","article_modified_time":"2026-04-19T20:41:36+00:00","og_image":[{"width":2048,"height":2048,"url":"https:\/\/www.zoeoliveoil.com\/wp-content\/uploads\/2024\/02\/sized-olive_stuffed_lemon.jpg","type":"image\/jpeg"}],"twitter_card":"summary_large_image","twitter_site":"@zoeoliveoil","twitter_misc":{"Estimation du temps de lecture":"1 minute"},"schema":{"@context":"https:\/\/schema.org","@graph":[{"@type":"WebPage","@id":"https:\/\/www.zoeoliveoil.com\/product\/zoe-green-olives-stuffed-with-lemon-peel\/","url":"https:\/\/www.zoeoliveoil.com\/product\/zoe-green-olives-stuffed-with-lemon-peel\/","name":"Zo\u00eb Green Olives Stuffed With Lemon Peel - Zo\u00eb Olive Oil Montreal Quebec Canada","isPartOf":{"@id":"https:\/\/www.zoeoliveoil.com\/#website"},"primaryImageOfPage":{"@id":"https:\/\/www.zoeoliveoil.com\/product\/zoe-green-olives-stuffed-with-lemon-peel\/#primaryimage"},"image":{"@id":"https:\/\/www.zoeoliveoil.com\/product\/zoe-green-olives-stuffed-with-lemon-peel\/#primaryimage"},"thumbnailUrl":"https:\/\/www.zoeoliveoil.com\/wp-content\/uploads\/2024\/02\/sized-olive_stuffed_lemon.jpg","datePublished":"2024-02-16T22:53:02+00:00","dateModified":"2026-04-19T20:41:36+00:00","breadcrumb":{"@id":"https:\/\/www.zoeoliveoil.com\/product\/zoe-green-olives-stuffed-with-lemon-peel\/#breadcrumb"},"inLanguage":"fr-CA","potentialAction":[{"@type":"ReadAction","target":["https:\/\/www.zoeoliveoil.com\/product\/zoe-green-olives-stuffed-with-lemon-peel\/"]}]},{"@type":"ImageObject","inLanguage":"fr-CA","@id":"https:\/\/www.zoeoliveoil.com\/product\/zoe-green-olives-stuffed-with-lemon-peel\/#primaryimage","url":"https:\/\/www.zoeoliveoil.com\/wp-content\/uploads\/2024\/02\/sized-olive_stuffed_lemon.jpg","contentUrl":"https:\/\/www.zoeoliveoil.com\/wp-content\/uploads\/2024\/02\/sized-olive_stuffed_lemon.jpg","width":2048,"height":2048},{"@type":"BreadcrumbList","@id":"https:\/\/www.zoeoliveoil.com\/product\/zoe-green-olives-stuffed-with-lemon-peel\/#breadcrumb","itemListElement":[{"@type":"ListItem","position":1,"name":"Home","item":"https:\/\/www.zoeoliveoil.com\/"},{"@type":"ListItem","position":2,"name":"Shop","item":"https:\/\/www.zoeoliveoil.com\/shop\/"},{"@type":"ListItem","position":3,"name":"Zo\u00eb Green Olives Stuffed With Lemon Peel"}]},{"@type":"WebSite","@id":"https:\/\/www.zoeoliveoil.com\/#website","url":"https:\/\/www.zoeoliveoil.com\/","name":"Zo\u00eb Huile d&#039;Olive Montr\u00e9al Qu\u00e9bec Canada","description":"","publisher":{"@id":"https:\/\/www.zoeoliveoil.com\/#organization"},"potentialAction":[{"@type":"SearchAction","target":{"@type":"EntryPoint","urlTemplate":"https:\/\/www.zoeoliveoil.com\/?s={search_term_string}"},"query-input":{"@type":"PropertyValueSpecification","valueRequired":true,"valueName":"search_term_string"}}],"inLanguage":"fr-CA"},{"@type":"Organization","@id":"https:\/\/www.zoeoliveoil.com\/#organization","name":"Zo\u00eb Huile d&#039;Olive Montr\u00e9al Qu\u00e9bec Canada","url":"https:\/\/www.zoeoliveoil.com\/","logo":{"@type":"ImageObject","inLanguage":"fr-CA","@id":"https:\/\/www.zoeoliveoil.com\/#\/schema\/logo\/image\/","url":"https:\/\/www.zoeoliveoil.com\/wp-content\/uploads\/2023\/04\/Zoe-Logo__Black_165x.png","contentUrl":"https:\/\/www.zoeoliveoil.com\/wp-content\/uploads\/2023\/04\/Zoe-Logo__Black_165x.png","width":165,"height":78,"caption":"Zo\u00eb Olive Oil Montreal Quebec Canada"},"image":{"@id":"https:\/\/www.zoeoliveoil.com\/#\/schema\/logo\/image\/"},"sameAs":["https:\/\/www.facebook.com\/zoeoliveoil\/","https:\/\/x.com\/zoeoliveoil","https:\/\/www.instagram.com\/zoeoliveoil\/?hl=en","https:\/\/www.tiktok.com\/@zoeoliveoil","https:\/\/www.pinterest.ca\/zoeoliveoil\/"]}]}},"jetpack_sharing_enabled":true,"_links":{"self":[{"href":"https:\/\/www.zoeoliveoil.com\/fr\/wp-json\/wp\/v2\/product\/3362","targetHints":{"allow":["GET"]}}],"collection":[{"href":"https:\/\/www.zoeoliveoil.com\/fr\/wp-json\/wp\/v2\/product"}],"about":[{"href":"https:\/\/www.zoeoliveoil.com\/fr\/wp-json\/wp\/v2\/types\/product"}],"replies":[{"embeddable":true,"href":"https:\/\/www.zoeoliveoil.com\/fr\/wp-json\/wp\/v2\/comments?post=3362"}],"version-history":[{"count":3,"href":"https:\/\/www.zoeoliveoil.com\/fr\/wp-json\/wp\/v2\/product\/3362\/revisions"}],"predecessor-version":[{"id":3427,"href":"https:\/\/www.zoeoliveoil.com\/fr\/wp-json\/wp\/v2\/product\/3362\/revisions\/3427"}],"wp:featuredmedia":[{"embeddable":true,"href":"https:\/\/www.zoeoliveoil.com\/fr\/wp-json\/wp\/v2\/media\/3383"}],"wp:attachment":[{"href":"https:\/\/www.zoeoliveoil.com\/fr\/wp-json\/wp\/v2\/media?parent=3362"}],"wp:term":[{"taxonomy":"brand","embeddable":true,"href":"https:\/\/www.zoeoliveoil.com\/fr\/wp-json\/wp\/v2\/etheme_brands?post=3362"},{"taxonomy":"product_brand","embeddable":true,"href":"https:\/\/www.zoeoliveoil.com\/fr\/wp-json\/wp\/v2\/product_brand?post=3362"},{"taxonomy":"product_cat","embeddable":true,"href":"https:\/\/www.zoeoliveoil.com\/fr\/wp-json\/wp\/v2\/product_cat?post=3362"},{"taxonomy":"product_tag","embeddable":true,"href":"https:\/\/www.zoeoliveoil.com\/fr\/wp-json\/wp\/v2\/product_tag?post=3362"}],"curies":[{"name":"wp","href":"https:\/\/api.w.org\/{rel}","templated":true}]}}