{"id":3379,"date":"2024-02-21T18:38:45","date_gmt":"2024-02-21T18:38:45","guid":{"rendered":"https:\/\/www.zoeoliveoil.com\/?post_type=product&#038;p=3379"},"modified":"2025-06-27T13:37:51","modified_gmt":"2025-06-27T13:37:51","slug":"zoe-green-halkidiki-olives-with-pit","status":"publish","type":"product","link":"https:\/\/www.zoeoliveoil.com\/fr\/produit\/zoe-green-halkidiki-olives-with-pit\/","title":{"rendered":"Zo\u00eb Olives vertes Halkidiki avec noyau"},"content":{"rendered":"<p>Laissez-vous tenter par le go\u00fbt in\u00e9gal\u00e9 des olives vertes de Zo\u00eb Halkidiki, dont chaque bouch\u00e9e incarne l'essence de la fra\u00eecheur et de la qualit\u00e9. Cueillies \u00e0 la main avec un soin m\u00e9ticuleux pendant la r\u00e9colte, seules les olives les plus fines et les plus grosses sont propos\u00e9es \u00e0 nos clients les plus exigeants. Une fois que vous aurez go\u00fbt\u00e9 \u00e0 la saveur exquise de ces olives, pr\u00e9par\u00e9es avec d\u00e9vouement et passion, il vous sera impossible de r\u00e9sister \u00e0 l'envie d'en redemander. D\u00e9couvrez un d\u00e9lice culinaire qui d\u00e9passe toutes les attentes avec les olives vertes Zoe Halkidiki.<\/p>","protected":false},"excerpt":{"rendered":"<p>Indulge in the unparalleled taste of Zo\u00eb Halkidiki green olives, where every bite embodies the essence of&#8230;<\/p>","protected":false},"featured_media":3380,"comment_status":"open","ping_status":"closed","template":"","meta":[],"etheme_brands":[],"product_brand":[],"product_cat":[111,105,100],"product_tag":[],"class_list":{"0":"post-3379","1":"product","2":"type-product","3":"status-publish","4":"has-post-thumbnail","6":"product_cat-all-products","7":"product_cat-fig-chutneys-olives","8":"product_cat-olives-sundried-tomatoes-pasta-sauces","10":"first","11":"instock","12":"purchasable","13":"product-type-simple"},"yoast_head":"<!-- This site is optimized with the Yoast SEO plugin v27.4 - https:\/\/yoast.com\/product\/yoast-seo-wordpress\/ -->\n<title>Zo\u00eb Green Halkidiki Olives With Pit - Zo\u00eb Olive Oil Montreal Quebec Canada<\/title>\n<meta name=\"robots\" content=\"index, follow, max-snippet:-1, max-image-preview:large, max-video-preview:-1\" \/>\n<link rel=\"canonical\" href=\"https:\/\/www.zoeoliveoil.com\/fr\/produit\/zoe-green-halkidiki-olives-with-pit\/\" \/>\n<meta property=\"og:locale\" content=\"fr_CA\" \/>\n<meta property=\"og:type\" content=\"article\" \/>\n<meta property=\"og:title\" content=\"Zo\u00eb Green Halkidiki Olives With Pit - Zo\u00eb Olive Oil Montreal Quebec Canada\" \/>\n<meta property=\"og:description\" content=\"Indulge in the unparalleled taste of Zo\u00eb Halkidiki green olives, where every bite embodies the essence of...\" \/>\n<meta property=\"og:url\" content=\"https:\/\/www.zoeoliveoil.com\/fr\/produit\/zoe-green-halkidiki-olives-with-pit\/\" \/>\n<meta property=\"og:site_name\" content=\"Zo\u00eb Olive Oil Montreal Quebec Canada\" \/>\n<meta property=\"article:publisher\" content=\"https:\/\/www.facebook.com\/zoeoliveoil\/\" \/>\n<meta property=\"article:modified_time\" content=\"2025-06-27T13:37:51+00:00\" \/>\n<meta property=\"og:image\" content=\"https:\/\/www.zoeoliveoil.com\/wp-content\/uploads\/2024\/02\/Green-Halkidiki-olives-with-pit.jpg\" \/>\n\t<meta property=\"og:image:width\" content=\"2048\" \/>\n\t<meta property=\"og:image:height\" content=\"2048\" \/>\n\t<meta property=\"og:image:type\" content=\"image\/jpeg\" \/>\n<meta name=\"twitter:card\" content=\"summary_large_image\" \/>\n<meta name=\"twitter:site\" content=\"@zoeoliveoil\" \/>\n<meta name=\"twitter:label1\" content=\"Estimation du temps de lecture\" \/>\n\t<meta name=\"twitter:data1\" content=\"1 minute\" \/>\n<script type=\"application\/ld+json\" class=\"yoast-schema-graph\">{\"@context\":\"https:\\\/\\\/schema.org\",\"@graph\":[{\"@type\":\"WebPage\",\"@id\":\"https:\\\/\\\/www.zoeoliveoil.com\\\/product\\\/zoe-green-halkidiki-olives-with-pit\\\/\",\"url\":\"https:\\\/\\\/www.zoeoliveoil.com\\\/product\\\/zoe-green-halkidiki-olives-with-pit\\\/\",\"name\":\"Zo\u00eb Green Halkidiki Olives With Pit - Zo\u00eb Olive Oil Montreal Quebec Canada\",\"isPartOf\":{\"@id\":\"https:\\\/\\\/www.zoeoliveoil.com\\\/#website\"},\"primaryImageOfPage\":{\"@id\":\"https:\\\/\\\/www.zoeoliveoil.com\\\/product\\\/zoe-green-halkidiki-olives-with-pit\\\/#primaryimage\"},\"image\":{\"@id\":\"https:\\\/\\\/www.zoeoliveoil.com\\\/product\\\/zoe-green-halkidiki-olives-with-pit\\\/#primaryimage\"},\"thumbnailUrl\":\"https:\\\/\\\/www.zoeoliveoil.com\\\/wp-content\\\/uploads\\\/2024\\\/02\\\/Green-Halkidiki-olives-with-pit.jpg\",\"datePublished\":\"2024-02-21T18:38:45+00:00\",\"dateModified\":\"2025-06-27T13:37:51+00:00\",\"breadcrumb\":{\"@id\":\"https:\\\/\\\/www.zoeoliveoil.com\\\/product\\\/zoe-green-halkidiki-olives-with-pit\\\/#breadcrumb\"},\"inLanguage\":\"fr-CA\",\"potentialAction\":[{\"@type\":\"ReadAction\",\"target\":[\"https:\\\/\\\/www.zoeoliveoil.com\\\/product\\\/zoe-green-halkidiki-olives-with-pit\\\/\"]}]},{\"@type\":\"ImageObject\",\"inLanguage\":\"fr-CA\",\"@id\":\"https:\\\/\\\/www.zoeoliveoil.com\\\/product\\\/zoe-green-halkidiki-olives-with-pit\\\/#primaryimage\",\"url\":\"https:\\\/\\\/www.zoeoliveoil.com\\\/wp-content\\\/uploads\\\/2024\\\/02\\\/Green-Halkidiki-olives-with-pit.jpg\",\"contentUrl\":\"https:\\\/\\\/www.zoeoliveoil.com\\\/wp-content\\\/uploads\\\/2024\\\/02\\\/Green-Halkidiki-olives-with-pit.jpg\",\"width\":2048,\"height\":2048},{\"@type\":\"BreadcrumbList\",\"@id\":\"https:\\\/\\\/www.zoeoliveoil.com\\\/product\\\/zoe-green-halkidiki-olives-with-pit\\\/#breadcrumb\",\"itemListElement\":[{\"@type\":\"ListItem\",\"position\":1,\"name\":\"Home\",\"item\":\"https:\\\/\\\/www.zoeoliveoil.com\\\/\"},{\"@type\":\"ListItem\",\"position\":2,\"name\":\"Shop\",\"item\":\"https:\\\/\\\/www.zoeoliveoil.com\\\/shop\\\/\"},{\"@type\":\"ListItem\",\"position\":3,\"name\":\"Zo\u00eb Green Halkidiki Olives With Pit\"}]},{\"@type\":\"WebSite\",\"@id\":\"https:\\\/\\\/www.zoeoliveoil.com\\\/#website\",\"url\":\"https:\\\/\\\/www.zoeoliveoil.com\\\/\",\"name\":\"Zo\u00eb Olive Oil Montreal Quebec Canada\",\"description\":\"\",\"publisher\":{\"@id\":\"https:\\\/\\\/www.zoeoliveoil.com\\\/#organization\"},\"potentialAction\":[{\"@type\":\"SearchAction\",\"target\":{\"@type\":\"EntryPoint\",\"urlTemplate\":\"https:\\\/\\\/www.zoeoliveoil.com\\\/?s={search_term_string}\"},\"query-input\":{\"@type\":\"PropertyValueSpecification\",\"valueRequired\":true,\"valueName\":\"search_term_string\"}}],\"inLanguage\":\"fr-CA\"},{\"@type\":\"Organization\",\"@id\":\"https:\\\/\\\/www.zoeoliveoil.com\\\/#organization\",\"name\":\"Zo\u00eb Olive Oil Montreal Quebec Canada\",\"url\":\"https:\\\/\\\/www.zoeoliveoil.com\\\/\",\"logo\":{\"@type\":\"ImageObject\",\"inLanguage\":\"fr-CA\",\"@id\":\"https:\\\/\\\/www.zoeoliveoil.com\\\/#\\\/schema\\\/logo\\\/image\\\/\",\"url\":\"https:\\\/\\\/www.zoeoliveoil.com\\\/wp-content\\\/uploads\\\/2023\\\/04\\\/Zoe-Logo__Black_165x.png\",\"contentUrl\":\"https:\\\/\\\/www.zoeoliveoil.com\\\/wp-content\\\/uploads\\\/2023\\\/04\\\/Zoe-Logo__Black_165x.png\",\"width\":165,\"height\":78,\"caption\":\"Zo\u00eb Olive Oil Montreal Quebec Canada\"},\"image\":{\"@id\":\"https:\\\/\\\/www.zoeoliveoil.com\\\/#\\\/schema\\\/logo\\\/image\\\/\"},\"sameAs\":[\"https:\\\/\\\/www.facebook.com\\\/zoeoliveoil\\\/\",\"https:\\\/\\\/x.com\\\/zoeoliveoil\",\"https:\\\/\\\/www.instagram.com\\\/zoeoliveoil\\\/?hl=en\",\"https:\\\/\\\/www.tiktok.com\\\/@zoeoliveoil\",\"https:\\\/\\\/www.pinterest.ca\\\/zoeoliveoil\\\/\"]}]}<\/script>\n<!-- \/ Yoast SEO plugin. -->","yoast_head_json":{"title":"Zo\u00eb Green Halkidiki Olives With Pit - Zo\u00eb Olive Oil Montreal Quebec Canada","robots":{"index":"index","follow":"follow","max-snippet":"max-snippet:-1","max-image-preview":"max-image-preview:large","max-video-preview":"max-video-preview:-1"},"canonical":"https:\/\/www.zoeoliveoil.com\/fr\/produit\/zoe-green-halkidiki-olives-with-pit\/","og_locale":"fr_CA","og_type":"article","og_title":"Zo\u00eb Green Halkidiki Olives With Pit - Zo\u00eb Olive Oil Montreal Quebec Canada","og_description":"Indulge in the unparalleled taste of Zo\u00eb Halkidiki green olives, where every bite embodies the essence of...","og_url":"https:\/\/www.zoeoliveoil.com\/fr\/produit\/zoe-green-halkidiki-olives-with-pit\/","og_site_name":"Zo\u00eb Olive Oil Montreal Quebec Canada","article_publisher":"https:\/\/www.facebook.com\/zoeoliveoil\/","article_modified_time":"2025-06-27T13:37:51+00:00","og_image":[{"width":2048,"height":2048,"url":"https:\/\/www.zoeoliveoil.com\/wp-content\/uploads\/2024\/02\/Green-Halkidiki-olives-with-pit.jpg","type":"image\/jpeg"}],"twitter_card":"summary_large_image","twitter_site":"@zoeoliveoil","twitter_misc":{"Estimation du temps de lecture":"1 minute"},"schema":{"@context":"https:\/\/schema.org","@graph":[{"@type":"WebPage","@id":"https:\/\/www.zoeoliveoil.com\/product\/zoe-green-halkidiki-olives-with-pit\/","url":"https:\/\/www.zoeoliveoil.com\/product\/zoe-green-halkidiki-olives-with-pit\/","name":"Zo\u00eb Green Halkidiki Olives With Pit - Zo\u00eb Olive Oil Montreal Quebec Canada","isPartOf":{"@id":"https:\/\/www.zoeoliveoil.com\/#website"},"primaryImageOfPage":{"@id":"https:\/\/www.zoeoliveoil.com\/product\/zoe-green-halkidiki-olives-with-pit\/#primaryimage"},"image":{"@id":"https:\/\/www.zoeoliveoil.com\/product\/zoe-green-halkidiki-olives-with-pit\/#primaryimage"},"thumbnailUrl":"https:\/\/www.zoeoliveoil.com\/wp-content\/uploads\/2024\/02\/Green-Halkidiki-olives-with-pit.jpg","datePublished":"2024-02-21T18:38:45+00:00","dateModified":"2025-06-27T13:37:51+00:00","breadcrumb":{"@id":"https:\/\/www.zoeoliveoil.com\/product\/zoe-green-halkidiki-olives-with-pit\/#breadcrumb"},"inLanguage":"fr-CA","potentialAction":[{"@type":"ReadAction","target":["https:\/\/www.zoeoliveoil.com\/product\/zoe-green-halkidiki-olives-with-pit\/"]}]},{"@type":"ImageObject","inLanguage":"fr-CA","@id":"https:\/\/www.zoeoliveoil.com\/product\/zoe-green-halkidiki-olives-with-pit\/#primaryimage","url":"https:\/\/www.zoeoliveoil.com\/wp-content\/uploads\/2024\/02\/Green-Halkidiki-olives-with-pit.jpg","contentUrl":"https:\/\/www.zoeoliveoil.com\/wp-content\/uploads\/2024\/02\/Green-Halkidiki-olives-with-pit.jpg","width":2048,"height":2048},{"@type":"BreadcrumbList","@id":"https:\/\/www.zoeoliveoil.com\/product\/zoe-green-halkidiki-olives-with-pit\/#breadcrumb","itemListElement":[{"@type":"ListItem","position":1,"name":"Home","item":"https:\/\/www.zoeoliveoil.com\/"},{"@type":"ListItem","position":2,"name":"Shop","item":"https:\/\/www.zoeoliveoil.com\/shop\/"},{"@type":"ListItem","position":3,"name":"Zo\u00eb Green Halkidiki Olives With Pit"}]},{"@type":"WebSite","@id":"https:\/\/www.zoeoliveoil.com\/#website","url":"https:\/\/www.zoeoliveoil.com\/","name":"Zo\u00eb Huile d&#039;Olive Montr\u00e9al Qu\u00e9bec Canada","description":"","publisher":{"@id":"https:\/\/www.zoeoliveoil.com\/#organization"},"potentialAction":[{"@type":"SearchAction","target":{"@type":"EntryPoint","urlTemplate":"https:\/\/www.zoeoliveoil.com\/?s={search_term_string}"},"query-input":{"@type":"PropertyValueSpecification","valueRequired":true,"valueName":"search_term_string"}}],"inLanguage":"fr-CA"},{"@type":"Organization","@id":"https:\/\/www.zoeoliveoil.com\/#organization","name":"Zo\u00eb Huile d&#039;Olive Montr\u00e9al Qu\u00e9bec Canada","url":"https:\/\/www.zoeoliveoil.com\/","logo":{"@type":"ImageObject","inLanguage":"fr-CA","@id":"https:\/\/www.zoeoliveoil.com\/#\/schema\/logo\/image\/","url":"https:\/\/www.zoeoliveoil.com\/wp-content\/uploads\/2023\/04\/Zoe-Logo__Black_165x.png","contentUrl":"https:\/\/www.zoeoliveoil.com\/wp-content\/uploads\/2023\/04\/Zoe-Logo__Black_165x.png","width":165,"height":78,"caption":"Zo\u00eb Olive Oil Montreal Quebec Canada"},"image":{"@id":"https:\/\/www.zoeoliveoil.com\/#\/schema\/logo\/image\/"},"sameAs":["https:\/\/www.facebook.com\/zoeoliveoil\/","https:\/\/x.com\/zoeoliveoil","https:\/\/www.instagram.com\/zoeoliveoil\/?hl=en","https:\/\/www.tiktok.com\/@zoeoliveoil","https:\/\/www.pinterest.ca\/zoeoliveoil\/"]}]}},"jetpack_sharing_enabled":true,"_links":{"self":[{"href":"https:\/\/www.zoeoliveoil.com\/fr\/wp-json\/wp\/v2\/product\/3379","targetHints":{"allow":["GET"]}}],"collection":[{"href":"https:\/\/www.zoeoliveoil.com\/fr\/wp-json\/wp\/v2\/product"}],"about":[{"href":"https:\/\/www.zoeoliveoil.com\/fr\/wp-json\/wp\/v2\/types\/product"}],"replies":[{"embeddable":true,"href":"https:\/\/www.zoeoliveoil.com\/fr\/wp-json\/wp\/v2\/comments?post=3379"}],"version-history":[{"count":2,"href":"https:\/\/www.zoeoliveoil.com\/fr\/wp-json\/wp\/v2\/product\/3379\/revisions"}],"predecessor-version":[{"id":3384,"href":"https:\/\/www.zoeoliveoil.com\/fr\/wp-json\/wp\/v2\/product\/3379\/revisions\/3384"}],"wp:featuredmedia":[{"embeddable":true,"href":"https:\/\/www.zoeoliveoil.com\/fr\/wp-json\/wp\/v2\/media\/3380"}],"wp:attachment":[{"href":"https:\/\/www.zoeoliveoil.com\/fr\/wp-json\/wp\/v2\/media?parent=3379"}],"wp:term":[{"taxonomy":"brand","embeddable":true,"href":"https:\/\/www.zoeoliveoil.com\/fr\/wp-json\/wp\/v2\/etheme_brands?post=3379"},{"taxonomy":"product_brand","embeddable":true,"href":"https:\/\/www.zoeoliveoil.com\/fr\/wp-json\/wp\/v2\/product_brand?post=3379"},{"taxonomy":"product_cat","embeddable":true,"href":"https:\/\/www.zoeoliveoil.com\/fr\/wp-json\/wp\/v2\/product_cat?post=3379"},{"taxonomy":"product_tag","embeddable":true,"href":"https:\/\/www.zoeoliveoil.com\/fr\/wp-json\/wp\/v2\/product_tag?post=3379"}],"curies":[{"name":"wp","href":"https:\/\/api.w.org\/{rel}","templated":true}]}}