{"id":3387,"date":"2024-02-21T18:40:40","date_gmt":"2024-02-21T18:40:40","guid":{"rendered":"https:\/\/www.zoeoliveoil.com\/?post_type=product&#038;p=3387"},"modified":"2025-07-05T11:28:38","modified_gmt":"2025-07-05T11:28:38","slug":"dm-me-green-pitted-martini-olives","status":"publish","type":"product","link":"https:\/\/www.zoeoliveoil.com\/fr\/produit\/dm-me-green-pitted-martini-olives\/","title":{"rendered":"DM ME Olives vertes d\u00e9noyaut\u00e9es pour Martini"},"content":{"rendered":"<p>Introducing DM Me Pitted Martini Olives, the essential ingredient for crafting the perfect dirty martini every time. Elevate your cocktail game with our exquisite martini olives, hand-picked for their colossal size and juicy texture, ensuring a decadent drinking experience with every sip. Paired with our specially crafted DM Me Olive Brine, these olives infuse your martini with unparalleled flavor, creating a symphony of savory notes that tantalize the taste buds. Whether you&#8217;re a seasoned mixologist or a cocktail enthusiast, DM Me Pitted Martini Olives guarantee a cocktail masterpiece that will leave you craving more. Unlock the secret to cocktail perfection and DM us for a martini experience like no other.<\/p>\n<p>&nbsp;<\/p>\n<div class=\"flex-1 overflow-hidden\">\n<div class=\"react-scroll-to-bottom--css-awjwv-79elbk h-full\">\n<div class=\"react-scroll-to-bottom--css-awjwv-1n7m0yu\">\n<div class=\"flex flex-col pb-9 text-sm\">\n<div class=\"w-full text-token-text-primary\" data-testid=\"conversation-turn-17\">\n<div class=\"px-4 py-2 justify-center text-base md:gap-6 m-auto\">\n<div class=\"flex flex-1 text-base mx-auto gap-3 md:px-5 lg:px-1 xl:px-5 md:max-w-3xl lg:max-w-[40rem] xl:max-w-[48rem] group final-completion\">\n<div class=\"relative flex w-full flex-col lg:w-[calc(100%-115px)] agent-turn\">\n<div class=\"flex-col gap-1 md:gap-3\">\n<div class=\"flex flex-grow flex-col max-w-full\">\n<div class=\"min-h-[20px] text-message flex flex-col items-start gap-3 whitespace-pre-wrap break-words [.text-message+&amp;]:mt-5 overflow-x-auto\" data-message-author-role=\"assistant\" data-message-id=\"f352eaed-7fc6-4931-b682-541e7d7b2fda\">\n<div class=\"markdown prose w-full break-words dark:prose-invert light\">\n<p>Here&#8217;s a delicious Dirty Martini recipe featuring our DM Me Martini Olives and DM Me Olive Brine:<\/p>\n<p><strong>DM Me Dirty Martini:<\/strong><\/p>\n<p><strong>Ingredients:<\/strong><\/p>\n<ul>\n<li>2 1\/2 oz premium vodka or gin<\/li>\n<li>1\/2 oz dry vermouth<\/li>\n<li>1\/2 oz DM Me Olive Brine<\/li>\n<li>3 DM Me Martini Olives, for garnish<\/li>\n<li>Ice cubes<\/li>\n<\/ul>\n<p><strong>Instructions:<\/strong><\/p>\n<ol>\n<li>Fill a mixing glass or cocktail shaker with ice cubes.<\/li>\n<li>Pour in the premium vodka or gin, dry vermouth, and DM Me Olive Brine.<\/li>\n<li>Stir the ingredients gently but thoroughly for about 30 seconds to chill and properly mix the flavors.<\/li>\n<li>Strain the mixture into a chilled martini glass using a cocktail strainer to remove the ice.<\/li>\n<li>Garnish your DM Me Dirty Martini with three DM Me Martini Olives on a cocktail pick or skewer.<\/li>\n<li>Serve immediately and enjoy the bold and savory flavors of your DM Me Dirty Martini!<\/li>\n<\/ol>\n<p>This cocktail is perfect for those who enjoy a briny kick in their martini, and the addition of DM Me Martini Olives and DM Me Olive Brine ensures a rich and flavorful experience with every sip. Cheers!<\/p>\n<\/div>\n<\/div>\n<\/div>\n<div class=\"mt-1 flex justify-start gap-3 empty:hidden\">\n<div class=\"text-gray-400 flex self-end lg:self-center justify-center lg:justify-start mt-0 -ml-1 visible\">\n<p>&nbsp;<\/p>\n<div class=\"flex items-center gap-1.5 text-xs\"><\/div>\n<div class=\"flex\"><\/div>\n<\/div>\n<\/div>\n<\/div>\n<\/div>\n<\/div>\n<\/div>\n<\/div>\n<\/div>\n<\/div>\n<\/div>\n<\/div>\n<div class=\"w-full pt-2 md:pt-0 dark:border-white\/20 md:border-transparent md:dark:border-transparent md:w-[calc(100%-.5rem)]\">\n<div class=\"relative flex h-full flex-1 items-stretch md:flex-col\">\n<div class=\"flex w-full items-center\"><\/div>\n<\/div>\n<\/div>\n","protected":false},"excerpt":{"rendered":"<p>Introducing DM Me Pitted Martini Olives, the essential ingredient for crafting the perfect dirty martini every time&#8230;.<\/p>","protected":false},"featured_media":3388,"comment_status":"open","ping_status":"closed","template":"","meta":[],"etheme_brands":[],"product_brand":[],"product_cat":[111,106,105,100,15],"product_tag":[],"class_list":{"0":"post-3387","1":"product","2":"type-product","3":"status-publish","4":"has-post-thumbnail","6":"product_cat-all-products","7":"product_cat-dirty-martini-me-bar-products","8":"product_cat-fig-chutneys-olives","9":"product_cat-olives-sundried-tomatoes-pasta-sauces","10":"product_cat-uncategorized","12":"first","13":"instock","14":"shipping-taxable","15":"purchasable","16":"product-type-simple"},"yoast_head":"<!-- This site is optimized with the Yoast SEO plugin v27.4 - https:\/\/yoast.com\/product\/yoast-seo-wordpress\/ -->\n<title>DM ME Green Pitted Martini Olives - Zo\u00eb Olive Oil Montreal Quebec Canada<\/title>\n<meta name=\"robots\" content=\"index, follow, max-snippet:-1, max-image-preview:large, max-video-preview:-1\" \/>\n<link rel=\"canonical\" href=\"https:\/\/www.zoeoliveoil.com\/fr\/produit\/dm-me-green-pitted-martini-olives\/\" \/>\n<meta property=\"og:locale\" content=\"fr_CA\" \/>\n<meta property=\"og:type\" content=\"article\" \/>\n<meta property=\"og:title\" content=\"DM ME Green Pitted Martini Olives - Zo\u00eb Olive Oil Montreal Quebec Canada\" \/>\n<meta property=\"og:description\" content=\"Introducing DM Me Pitted Martini Olives, the essential ingredient for crafting the perfect dirty martini every time....\" \/>\n<meta property=\"og:url\" content=\"https:\/\/www.zoeoliveoil.com\/fr\/produit\/dm-me-green-pitted-martini-olives\/\" \/>\n<meta property=\"og:site_name\" content=\"Zo\u00eb Olive Oil Montreal Quebec Canada\" \/>\n<meta property=\"article:publisher\" content=\"https:\/\/www.facebook.com\/zoeoliveoil\/\" \/>\n<meta property=\"article:modified_time\" content=\"2025-07-05T11:28:38+00:00\" \/>\n<meta property=\"og:image\" content=\"https:\/\/www.zoeoliveoil.com\/wp-content\/uploads\/2024\/02\/DM-ME-GREEN-OLIVES-1024x1024.png\" \/>\n\t<meta property=\"og:image:width\" content=\"1024\" \/>\n\t<meta property=\"og:image:height\" content=\"1024\" \/>\n\t<meta property=\"og:image:type\" content=\"image\/png\" \/>\n<meta name=\"twitter:card\" content=\"summary_large_image\" \/>\n<meta name=\"twitter:site\" content=\"@zoeoliveoil\" \/>\n<meta name=\"twitter:label1\" content=\"Estimation du temps de lecture\" \/>\n\t<meta name=\"twitter:data1\" content=\"2 minutes\" \/>\n<script type=\"application\/ld+json\" class=\"yoast-schema-graph\">{\"@context\":\"https:\\\/\\\/schema.org\",\"@graph\":[{\"@type\":\"WebPage\",\"@id\":\"https:\\\/\\\/www.zoeoliveoil.com\\\/product\\\/dm-me-green-pitted-martini-olives\\\/\",\"url\":\"https:\\\/\\\/www.zoeoliveoil.com\\\/product\\\/dm-me-green-pitted-martini-olives\\\/\",\"name\":\"DM ME Green Pitted Martini Olives - Zo\u00eb Olive Oil Montreal Quebec Canada\",\"isPartOf\":{\"@id\":\"https:\\\/\\\/www.zoeoliveoil.com\\\/#website\"},\"primaryImageOfPage\":{\"@id\":\"https:\\\/\\\/www.zoeoliveoil.com\\\/product\\\/dm-me-green-pitted-martini-olives\\\/#primaryimage\"},\"image\":{\"@id\":\"https:\\\/\\\/www.zoeoliveoil.com\\\/product\\\/dm-me-green-pitted-martini-olives\\\/#primaryimage\"},\"thumbnailUrl\":\"https:\\\/\\\/www.zoeoliveoil.com\\\/wp-content\\\/uploads\\\/2024\\\/02\\\/DM-ME-GREEN-OLIVES.png\",\"datePublished\":\"2024-02-21T18:40:40+00:00\",\"dateModified\":\"2025-07-05T11:28:38+00:00\",\"breadcrumb\":{\"@id\":\"https:\\\/\\\/www.zoeoliveoil.com\\\/product\\\/dm-me-green-pitted-martini-olives\\\/#breadcrumb\"},\"inLanguage\":\"fr-CA\",\"potentialAction\":[{\"@type\":\"ReadAction\",\"target\":[\"https:\\\/\\\/www.zoeoliveoil.com\\\/product\\\/dm-me-green-pitted-martini-olives\\\/\"]}]},{\"@type\":\"ImageObject\",\"inLanguage\":\"fr-CA\",\"@id\":\"https:\\\/\\\/www.zoeoliveoil.com\\\/product\\\/dm-me-green-pitted-martini-olives\\\/#primaryimage\",\"url\":\"https:\\\/\\\/www.zoeoliveoil.com\\\/wp-content\\\/uploads\\\/2024\\\/02\\\/DM-ME-GREEN-OLIVES.png\",\"contentUrl\":\"https:\\\/\\\/www.zoeoliveoil.com\\\/wp-content\\\/uploads\\\/2024\\\/02\\\/DM-ME-GREEN-OLIVES.png\",\"width\":2048,\"height\":2048},{\"@type\":\"BreadcrumbList\",\"@id\":\"https:\\\/\\\/www.zoeoliveoil.com\\\/product\\\/dm-me-green-pitted-martini-olives\\\/#breadcrumb\",\"itemListElement\":[{\"@type\":\"ListItem\",\"position\":1,\"name\":\"Home\",\"item\":\"https:\\\/\\\/www.zoeoliveoil.com\\\/\"},{\"@type\":\"ListItem\",\"position\":2,\"name\":\"Shop\",\"item\":\"https:\\\/\\\/www.zoeoliveoil.com\\\/shop\\\/\"},{\"@type\":\"ListItem\",\"position\":3,\"name\":\"DM ME Green Pitted Martini Olives\"}]},{\"@type\":\"WebSite\",\"@id\":\"https:\\\/\\\/www.zoeoliveoil.com\\\/#website\",\"url\":\"https:\\\/\\\/www.zoeoliveoil.com\\\/\",\"name\":\"Zo\u00eb Olive Oil Montreal Quebec Canada\",\"description\":\"\",\"publisher\":{\"@id\":\"https:\\\/\\\/www.zoeoliveoil.com\\\/#organization\"},\"potentialAction\":[{\"@type\":\"SearchAction\",\"target\":{\"@type\":\"EntryPoint\",\"urlTemplate\":\"https:\\\/\\\/www.zoeoliveoil.com\\\/?s={search_term_string}\"},\"query-input\":{\"@type\":\"PropertyValueSpecification\",\"valueRequired\":true,\"valueName\":\"search_term_string\"}}],\"inLanguage\":\"fr-CA\"},{\"@type\":\"Organization\",\"@id\":\"https:\\\/\\\/www.zoeoliveoil.com\\\/#organization\",\"name\":\"Zo\u00eb Olive Oil Montreal Quebec Canada\",\"url\":\"https:\\\/\\\/www.zoeoliveoil.com\\\/\",\"logo\":{\"@type\":\"ImageObject\",\"inLanguage\":\"fr-CA\",\"@id\":\"https:\\\/\\\/www.zoeoliveoil.com\\\/#\\\/schema\\\/logo\\\/image\\\/\",\"url\":\"https:\\\/\\\/www.zoeoliveoil.com\\\/wp-content\\\/uploads\\\/2023\\\/04\\\/Zoe-Logo__Black_165x.png\",\"contentUrl\":\"https:\\\/\\\/www.zoeoliveoil.com\\\/wp-content\\\/uploads\\\/2023\\\/04\\\/Zoe-Logo__Black_165x.png\",\"width\":165,\"height\":78,\"caption\":\"Zo\u00eb Olive Oil Montreal Quebec Canada\"},\"image\":{\"@id\":\"https:\\\/\\\/www.zoeoliveoil.com\\\/#\\\/schema\\\/logo\\\/image\\\/\"},\"sameAs\":[\"https:\\\/\\\/www.facebook.com\\\/zoeoliveoil\\\/\",\"https:\\\/\\\/x.com\\\/zoeoliveoil\",\"https:\\\/\\\/www.instagram.com\\\/zoeoliveoil\\\/?hl=en\",\"https:\\\/\\\/www.tiktok.com\\\/@zoeoliveoil\",\"https:\\\/\\\/www.pinterest.ca\\\/zoeoliveoil\\\/\"]}]}<\/script>\n<!-- \/ Yoast SEO plugin. -->","yoast_head_json":{"title":"DM ME Green Pitted Martini Olives - Zo\u00eb Olive Oil Montreal Quebec Canada","robots":{"index":"index","follow":"follow","max-snippet":"max-snippet:-1","max-image-preview":"max-image-preview:large","max-video-preview":"max-video-preview:-1"},"canonical":"https:\/\/www.zoeoliveoil.com\/fr\/produit\/dm-me-green-pitted-martini-olives\/","og_locale":"fr_CA","og_type":"article","og_title":"DM ME Green Pitted Martini Olives - Zo\u00eb Olive Oil Montreal Quebec Canada","og_description":"Introducing DM Me Pitted Martini Olives, the essential ingredient for crafting the perfect dirty martini every time....","og_url":"https:\/\/www.zoeoliveoil.com\/fr\/produit\/dm-me-green-pitted-martini-olives\/","og_site_name":"Zo\u00eb Olive Oil Montreal Quebec Canada","article_publisher":"https:\/\/www.facebook.com\/zoeoliveoil\/","article_modified_time":"2025-07-05T11:28:38+00:00","og_image":[{"width":1024,"height":1024,"url":"https:\/\/www.zoeoliveoil.com\/wp-content\/uploads\/2024\/02\/DM-ME-GREEN-OLIVES-1024x1024.png","type":"image\/png"}],"twitter_card":"summary_large_image","twitter_site":"@zoeoliveoil","twitter_misc":{"Estimation du temps de lecture":"2 minutes"},"schema":{"@context":"https:\/\/schema.org","@graph":[{"@type":"WebPage","@id":"https:\/\/www.zoeoliveoil.com\/product\/dm-me-green-pitted-martini-olives\/","url":"https:\/\/www.zoeoliveoil.com\/product\/dm-me-green-pitted-martini-olives\/","name":"DM ME Green Pitted Martini Olives - Zo\u00eb Olive Oil Montreal Quebec Canada","isPartOf":{"@id":"https:\/\/www.zoeoliveoil.com\/#website"},"primaryImageOfPage":{"@id":"https:\/\/www.zoeoliveoil.com\/product\/dm-me-green-pitted-martini-olives\/#primaryimage"},"image":{"@id":"https:\/\/www.zoeoliveoil.com\/product\/dm-me-green-pitted-martini-olives\/#primaryimage"},"thumbnailUrl":"https:\/\/www.zoeoliveoil.com\/wp-content\/uploads\/2024\/02\/DM-ME-GREEN-OLIVES.png","datePublished":"2024-02-21T18:40:40+00:00","dateModified":"2025-07-05T11:28:38+00:00","breadcrumb":{"@id":"https:\/\/www.zoeoliveoil.com\/product\/dm-me-green-pitted-martini-olives\/#breadcrumb"},"inLanguage":"fr-CA","potentialAction":[{"@type":"ReadAction","target":["https:\/\/www.zoeoliveoil.com\/product\/dm-me-green-pitted-martini-olives\/"]}]},{"@type":"ImageObject","inLanguage":"fr-CA","@id":"https:\/\/www.zoeoliveoil.com\/product\/dm-me-green-pitted-martini-olives\/#primaryimage","url":"https:\/\/www.zoeoliveoil.com\/wp-content\/uploads\/2024\/02\/DM-ME-GREEN-OLIVES.png","contentUrl":"https:\/\/www.zoeoliveoil.com\/wp-content\/uploads\/2024\/02\/DM-ME-GREEN-OLIVES.png","width":2048,"height":2048},{"@type":"BreadcrumbList","@id":"https:\/\/www.zoeoliveoil.com\/product\/dm-me-green-pitted-martini-olives\/#breadcrumb","itemListElement":[{"@type":"ListItem","position":1,"name":"Home","item":"https:\/\/www.zoeoliveoil.com\/"},{"@type":"ListItem","position":2,"name":"Shop","item":"https:\/\/www.zoeoliveoil.com\/shop\/"},{"@type":"ListItem","position":3,"name":"DM ME Green Pitted Martini Olives"}]},{"@type":"WebSite","@id":"https:\/\/www.zoeoliveoil.com\/#website","url":"https:\/\/www.zoeoliveoil.com\/","name":"Zo\u00eb Huile d&#039;Olive Montr\u00e9al Qu\u00e9bec Canada","description":"","publisher":{"@id":"https:\/\/www.zoeoliveoil.com\/#organization"},"potentialAction":[{"@type":"SearchAction","target":{"@type":"EntryPoint","urlTemplate":"https:\/\/www.zoeoliveoil.com\/?s={search_term_string}"},"query-input":{"@type":"PropertyValueSpecification","valueRequired":true,"valueName":"search_term_string"}}],"inLanguage":"fr-CA"},{"@type":"Organization","@id":"https:\/\/www.zoeoliveoil.com\/#organization","name":"Zo\u00eb Huile d&#039;Olive Montr\u00e9al Qu\u00e9bec Canada","url":"https:\/\/www.zoeoliveoil.com\/","logo":{"@type":"ImageObject","inLanguage":"fr-CA","@id":"https:\/\/www.zoeoliveoil.com\/#\/schema\/logo\/image\/","url":"https:\/\/www.zoeoliveoil.com\/wp-content\/uploads\/2023\/04\/Zoe-Logo__Black_165x.png","contentUrl":"https:\/\/www.zoeoliveoil.com\/wp-content\/uploads\/2023\/04\/Zoe-Logo__Black_165x.png","width":165,"height":78,"caption":"Zo\u00eb Olive Oil Montreal Quebec Canada"},"image":{"@id":"https:\/\/www.zoeoliveoil.com\/#\/schema\/logo\/image\/"},"sameAs":["https:\/\/www.facebook.com\/zoeoliveoil\/","https:\/\/x.com\/zoeoliveoil","https:\/\/www.instagram.com\/zoeoliveoil\/?hl=en","https:\/\/www.tiktok.com\/@zoeoliveoil","https:\/\/www.pinterest.ca\/zoeoliveoil\/"]}]}},"jetpack_sharing_enabled":true,"_links":{"self":[{"href":"https:\/\/www.zoeoliveoil.com\/fr\/wp-json\/wp\/v2\/product\/3387","targetHints":{"allow":["GET"]}}],"collection":[{"href":"https:\/\/www.zoeoliveoil.com\/fr\/wp-json\/wp\/v2\/product"}],"about":[{"href":"https:\/\/www.zoeoliveoil.com\/fr\/wp-json\/wp\/v2\/types\/product"}],"replies":[{"embeddable":true,"href":"https:\/\/www.zoeoliveoil.com\/fr\/wp-json\/wp\/v2\/comments?post=3387"}],"version-history":[{"count":8,"href":"https:\/\/www.zoeoliveoil.com\/fr\/wp-json\/wp\/v2\/product\/3387\/revisions"}],"predecessor-version":[{"id":3946,"href":"https:\/\/www.zoeoliveoil.com\/fr\/wp-json\/wp\/v2\/product\/3387\/revisions\/3946"}],"wp:featuredmedia":[{"embeddable":true,"href":"https:\/\/www.zoeoliveoil.com\/fr\/wp-json\/wp\/v2\/media\/3388"}],"wp:attachment":[{"href":"https:\/\/www.zoeoliveoil.com\/fr\/wp-json\/wp\/v2\/media?parent=3387"}],"wp:term":[{"taxonomy":"brand","embeddable":true,"href":"https:\/\/www.zoeoliveoil.com\/fr\/wp-json\/wp\/v2\/etheme_brands?post=3387"},{"taxonomy":"product_brand","embeddable":true,"href":"https:\/\/www.zoeoliveoil.com\/fr\/wp-json\/wp\/v2\/product_brand?post=3387"},{"taxonomy":"product_cat","embeddable":true,"href":"https:\/\/www.zoeoliveoil.com\/fr\/wp-json\/wp\/v2\/product_cat?post=3387"},{"taxonomy":"product_tag","embeddable":true,"href":"https:\/\/www.zoeoliveoil.com\/fr\/wp-json\/wp\/v2\/product_tag?post=3387"}],"curies":[{"name":"wp","href":"https:\/\/api.w.org\/{rel}","templated":true}]}}