{"id":3475,"date":"2024-04-01T18:34:45","date_gmt":"2024-04-01T18:34:45","guid":{"rendered":"https:\/\/www.zoeoliveoil.com\/?post_type=product&#038;p=3475"},"modified":"2024-06-25T13:21:30","modified_gmt":"2024-06-25T13:21:30","slug":"zoe-panzenella-salad-combo-kit","status":"publish","type":"product","link":"https:\/\/www.zoeoliveoil.com\/fr\/produit\/zoe-panzenella-salad-combo-kit\/","title":{"rendered":"Zo\u00eb Kit combo pour Salade Panzenella"},"content":{"rendered":"<p><strong>Voici le combo de salades Panzanella de Zo\u00eb : \u00c9levez votre exp\u00e9rience de la salade avec des saveurs m\u00e9diterran\u00e9ennes authentiques !<\/strong><\/p>\n<p>Bienvenue dans le monde de Zo\u00eb Panzanella Salad Combo, une s\u00e9lection tri\u00e9e sur le volet d'ingr\u00e9dients de premi\u00e8re qualit\u00e9 con\u00e7us pour rehausser votre jeu de salades avec les saveurs riches et vibrantes de la M\u00e9diterran\u00e9e. Ce combo comprend tout ce dont vous avez besoin pour cr\u00e9er la salade Panzanella parfaite :<\/p>\n<p>Comprend :<\/p>\n<ul>\n<li>1 bouteille d'huile d'olive extra vierge Zo\u00eb (500 ml)<\/li>\n<li>1 bouteille de vinaigre balsamique fonc\u00e9 Zo\u00eb (250 ml)<\/li>\n<li>1 moulin de sel de mer Zo\u00eb (190g)<\/li>\n<li>1 pot d'origan sauvage moulu de Zo\u00eb (20g)<\/li>\n<li>1 pot d'olives Zo\u00eb Kalamon (190g)<\/li>\n<\/ul>\n<p><strong>Am\u00e9liorez votre jeu de salade :<\/strong> Avec le Zo\u00eb Panzanella Salad Combo, pr\u00e9parer une d\u00e9licieuse salade Panzanella est d\u00e9sormais simple et sans effort. Chaque ingr\u00e9dient est choisi avec soin pour capturer l'essence de la cuisine m\u00e9diterran\u00e9enne, garantissant une exp\u00e9rience authentique et savoureuse \u00e0 chaque fois.<\/p>\n<p><strong>Recette simple : Salade Panzanella classique de Zo\u00eb<\/strong> <strong>Ingr\u00e9dients:<\/strong><\/p>\n<ul>\n<li>Pain croustillant, coup\u00e9 en cubes<\/li>\n<li>Tomates m\u00fbres, coup\u00e9es en d\u00e9s<\/li>\n<li>Concombre, en tranches<\/li>\n<li>Oignon rouge, finement \u00e9minc\u00e9<\/li>\n<li>Poivron vert, coup\u00e9 en d\u00e9s<\/li>\n<li>Zo\u00eb Kalamon Olives<\/li>\n<li>Huile d&#039;olive extra vierge Zo\u00eb<\/li>\n<li>Vinaigre balsamique fonc\u00e9 Zo\u00eb<\/li>\n<li>Sel de mer Zo\u00eb<\/li>\n<li>Origan sauvage moulu Zo\u00eb<\/li>\n<\/ul>\n<p><strong>Instructions :<\/strong><\/p>\n<ol>\n<li>Pr\u00e9chauffer le four \u00e0 190 \u00b0C (375 \u00b0F). Placez les cubes de pain sur une plaque \u00e0 p\u00e2tisserie et arrosez-les d'huile d'olive extra vierge Zo\u00eb. Faites cuire au four pendant environ 10 \u00e0 15 minutes ou jusqu'\u00e0 ce que le pain soit dor\u00e9 et croustillant.<\/li>\n<li>Dans un grand saladier, m\u00e9langer les tomates en d\u00e9s, le concombre en tranches, l'oignon rouge en fines tranches, le poivron vert en d\u00e9s et les olives Zo\u00eb Kalamon.<\/li>\n<li>Ajouter les cubes de pain grill\u00e9s \u00e0 la salade.<\/li>\n<li>Arrosez la salade d'un filet de vinaigre balsamique fonc\u00e9 Zo\u00eb et d'huile d'olive extra vierge Zo\u00eb, selon votre go\u00fbt.<\/li>\n<li>Saupoudrez la salade de sel marin Zo\u00eb et d'origan sauvage moulu Zo\u00eb, selon votre go\u00fbt.<\/li>\n<li>M\u00e9langer d\u00e9licatement la salade pour enrober uniform\u00e9ment tous les ingr\u00e9dients.<\/li>\n<li>Laisser reposer la salade pendant environ 10 minutes pour que les saveurs se m\u00e9langent.<\/li>\n<li>Servez imm\u00e9diatement et savourez les saveurs fra\u00eeches et vibrantes de votre salade Panzanella classique Zo\u00eb !<\/li>\n<\/ol>","protected":false},"excerpt":{"rendered":"<p>Introducing Zo\u00eb Panzanella Salad Combo: Elevate Your Salad Experience with Authentic Mediterranean Flavors! Welcome to the world&#8230;<\/p>","protected":false},"featured_media":3540,"comment_status":"open","ping_status":"closed","template":"","meta":[],"etheme_brands":[],"product_brand":[],"product_cat":[111,117],"product_tag":[],"class_list":{"0":"post-3475","1":"product","2":"type-product","3":"status-publish","4":"has-post-thumbnail","6":"product_cat-all-products","7":"product_cat-zoe-combo-kits","9":"first","10":"instock","11":"shipping-taxable","12":"purchasable","13":"product-type-simple"},"yoast_head":"<!-- This site is optimized with the Yoast SEO plugin v27.4 - https:\/\/yoast.com\/product\/yoast-seo-wordpress\/ -->\n<title>Zo\u00eb Panzenella Salad Combo Kit - Zo\u00eb Olive Oil Montreal Quebec Canada<\/title>\n<meta name=\"robots\" content=\"index, follow, max-snippet:-1, max-image-preview:large, max-video-preview:-1\" \/>\n<link rel=\"canonical\" href=\"https:\/\/www.zoeoliveoil.com\/fr\/produit\/zoe-panzenella-salad-combo-kit\/\" \/>\n<meta property=\"og:locale\" content=\"fr_CA\" \/>\n<meta property=\"og:type\" content=\"article\" \/>\n<meta property=\"og:title\" content=\"Zo\u00eb Panzenella Salad Combo Kit - Zo\u00eb Olive Oil Montreal Quebec Canada\" \/>\n<meta property=\"og:description\" content=\"Introducing Zo\u00eb Panzanella Salad Combo: Elevate Your Salad Experience with Authentic Mediterranean Flavors! Welcome to the world...\" \/>\n<meta property=\"og:url\" content=\"https:\/\/www.zoeoliveoil.com\/fr\/produit\/zoe-panzenella-salad-combo-kit\/\" \/>\n<meta property=\"og:site_name\" content=\"Zo\u00eb Olive Oil Montreal Quebec Canada\" \/>\n<meta property=\"article:publisher\" content=\"https:\/\/www.facebook.com\/zoeoliveoil\/\" \/>\n<meta property=\"article:modified_time\" content=\"2024-06-25T13:21:30+00:00\" \/>\n<meta property=\"og:image\" content=\"https:\/\/www.zoeoliveoil.com\/wp-content\/uploads\/2024\/03\/pansenela-combo-pic.png\" \/>\n\t<meta property=\"og:image:width\" content=\"1080\" \/>\n\t<meta property=\"og:image:height\" content=\"1080\" \/>\n\t<meta property=\"og:image:type\" content=\"image\/png\" \/>\n<meta name=\"twitter:card\" content=\"summary_large_image\" \/>\n<meta name=\"twitter:site\" content=\"@zoeoliveoil\" \/>\n<meta name=\"twitter:label1\" content=\"Estimation du temps de lecture\" \/>\n\t<meta name=\"twitter:data1\" content=\"2 minutes\" \/>\n<script type=\"application\/ld+json\" class=\"yoast-schema-graph\">{\"@context\":\"https:\\\/\\\/schema.org\",\"@graph\":[{\"@type\":\"WebPage\",\"@id\":\"https:\\\/\\\/www.zoeoliveoil.com\\\/product\\\/zoe-panzenella-salad-combo-kit\\\/\",\"url\":\"https:\\\/\\\/www.zoeoliveoil.com\\\/product\\\/zoe-panzenella-salad-combo-kit\\\/\",\"name\":\"Zo\u00eb Panzenella Salad Combo Kit - Zo\u00eb Olive Oil Montreal Quebec Canada\",\"isPartOf\":{\"@id\":\"https:\\\/\\\/www.zoeoliveoil.com\\\/#website\"},\"primaryImageOfPage\":{\"@id\":\"https:\\\/\\\/www.zoeoliveoil.com\\\/product\\\/zoe-panzenella-salad-combo-kit\\\/#primaryimage\"},\"image\":{\"@id\":\"https:\\\/\\\/www.zoeoliveoil.com\\\/product\\\/zoe-panzenella-salad-combo-kit\\\/#primaryimage\"},\"thumbnailUrl\":\"https:\\\/\\\/www.zoeoliveoil.com\\\/wp-content\\\/uploads\\\/2024\\\/03\\\/pansenela-combo-pic.png\",\"datePublished\":\"2024-04-01T18:34:45+00:00\",\"dateModified\":\"2024-06-25T13:21:30+00:00\",\"breadcrumb\":{\"@id\":\"https:\\\/\\\/www.zoeoliveoil.com\\\/product\\\/zoe-panzenella-salad-combo-kit\\\/#breadcrumb\"},\"inLanguage\":\"fr-CA\",\"potentialAction\":[{\"@type\":\"ReadAction\",\"target\":[\"https:\\\/\\\/www.zoeoliveoil.com\\\/product\\\/zoe-panzenella-salad-combo-kit\\\/\"]}]},{\"@type\":\"ImageObject\",\"inLanguage\":\"fr-CA\",\"@id\":\"https:\\\/\\\/www.zoeoliveoil.com\\\/product\\\/zoe-panzenella-salad-combo-kit\\\/#primaryimage\",\"url\":\"https:\\\/\\\/www.zoeoliveoil.com\\\/wp-content\\\/uploads\\\/2024\\\/03\\\/pansenela-combo-pic.png\",\"contentUrl\":\"https:\\\/\\\/www.zoeoliveoil.com\\\/wp-content\\\/uploads\\\/2024\\\/03\\\/pansenela-combo-pic.png\",\"width\":1080,\"height\":1080},{\"@type\":\"BreadcrumbList\",\"@id\":\"https:\\\/\\\/www.zoeoliveoil.com\\\/product\\\/zoe-panzenella-salad-combo-kit\\\/#breadcrumb\",\"itemListElement\":[{\"@type\":\"ListItem\",\"position\":1,\"name\":\"Home\",\"item\":\"https:\\\/\\\/www.zoeoliveoil.com\\\/\"},{\"@type\":\"ListItem\",\"position\":2,\"name\":\"Shop\",\"item\":\"https:\\\/\\\/www.zoeoliveoil.com\\\/shop\\\/\"},{\"@type\":\"ListItem\",\"position\":3,\"name\":\"Zo\u00eb Panzenella Salad Combo Kit\"}]},{\"@type\":\"WebSite\",\"@id\":\"https:\\\/\\\/www.zoeoliveoil.com\\\/#website\",\"url\":\"https:\\\/\\\/www.zoeoliveoil.com\\\/\",\"name\":\"Zo\u00eb Olive Oil Montreal Quebec Canada\",\"description\":\"\",\"publisher\":{\"@id\":\"https:\\\/\\\/www.zoeoliveoil.com\\\/#organization\"},\"potentialAction\":[{\"@type\":\"SearchAction\",\"target\":{\"@type\":\"EntryPoint\",\"urlTemplate\":\"https:\\\/\\\/www.zoeoliveoil.com\\\/?s={search_term_string}\"},\"query-input\":{\"@type\":\"PropertyValueSpecification\",\"valueRequired\":true,\"valueName\":\"search_term_string\"}}],\"inLanguage\":\"fr-CA\"},{\"@type\":\"Organization\",\"@id\":\"https:\\\/\\\/www.zoeoliveoil.com\\\/#organization\",\"name\":\"Zo\u00eb Olive Oil Montreal Quebec Canada\",\"url\":\"https:\\\/\\\/www.zoeoliveoil.com\\\/\",\"logo\":{\"@type\":\"ImageObject\",\"inLanguage\":\"fr-CA\",\"@id\":\"https:\\\/\\\/www.zoeoliveoil.com\\\/#\\\/schema\\\/logo\\\/image\\\/\",\"url\":\"https:\\\/\\\/www.zoeoliveoil.com\\\/wp-content\\\/uploads\\\/2023\\\/04\\\/Zoe-Logo__Black_165x.png\",\"contentUrl\":\"https:\\\/\\\/www.zoeoliveoil.com\\\/wp-content\\\/uploads\\\/2023\\\/04\\\/Zoe-Logo__Black_165x.png\",\"width\":165,\"height\":78,\"caption\":\"Zo\u00eb Olive Oil Montreal Quebec Canada\"},\"image\":{\"@id\":\"https:\\\/\\\/www.zoeoliveoil.com\\\/#\\\/schema\\\/logo\\\/image\\\/\"},\"sameAs\":[\"https:\\\/\\\/www.facebook.com\\\/zoeoliveoil\\\/\",\"https:\\\/\\\/x.com\\\/zoeoliveoil\",\"https:\\\/\\\/www.instagram.com\\\/zoeoliveoil\\\/?hl=en\",\"https:\\\/\\\/www.tiktok.com\\\/@zoeoliveoil\",\"https:\\\/\\\/www.pinterest.ca\\\/zoeoliveoil\\\/\"]}]}<\/script>\n<!-- \/ Yoast SEO plugin. -->","yoast_head_json":{"title":"Zo\u00eb Panzenella Salad Combo Kit - Zo\u00eb Olive Oil Montreal Quebec Canada","robots":{"index":"index","follow":"follow","max-snippet":"max-snippet:-1","max-image-preview":"max-image-preview:large","max-video-preview":"max-video-preview:-1"},"canonical":"https:\/\/www.zoeoliveoil.com\/fr\/produit\/zoe-panzenella-salad-combo-kit\/","og_locale":"fr_CA","og_type":"article","og_title":"Zo\u00eb Panzenella Salad Combo Kit - Zo\u00eb Olive Oil Montreal Quebec Canada","og_description":"Introducing Zo\u00eb Panzanella Salad Combo: Elevate Your Salad Experience with Authentic Mediterranean Flavors! Welcome to the world...","og_url":"https:\/\/www.zoeoliveoil.com\/fr\/produit\/zoe-panzenella-salad-combo-kit\/","og_site_name":"Zo\u00eb Olive Oil Montreal Quebec Canada","article_publisher":"https:\/\/www.facebook.com\/zoeoliveoil\/","article_modified_time":"2024-06-25T13:21:30+00:00","og_image":[{"width":1080,"height":1080,"url":"https:\/\/www.zoeoliveoil.com\/wp-content\/uploads\/2024\/03\/pansenela-combo-pic.png","type":"image\/png"}],"twitter_card":"summary_large_image","twitter_site":"@zoeoliveoil","twitter_misc":{"Estimation du temps de lecture":"2 minutes"},"schema":{"@context":"https:\/\/schema.org","@graph":[{"@type":"WebPage","@id":"https:\/\/www.zoeoliveoil.com\/product\/zoe-panzenella-salad-combo-kit\/","url":"https:\/\/www.zoeoliveoil.com\/product\/zoe-panzenella-salad-combo-kit\/","name":"Zo\u00eb Panzenella Salad Combo Kit - Zo\u00eb Olive Oil Montreal Quebec Canada","isPartOf":{"@id":"https:\/\/www.zoeoliveoil.com\/#website"},"primaryImageOfPage":{"@id":"https:\/\/www.zoeoliveoil.com\/product\/zoe-panzenella-salad-combo-kit\/#primaryimage"},"image":{"@id":"https:\/\/www.zoeoliveoil.com\/product\/zoe-panzenella-salad-combo-kit\/#primaryimage"},"thumbnailUrl":"https:\/\/www.zoeoliveoil.com\/wp-content\/uploads\/2024\/03\/pansenela-combo-pic.png","datePublished":"2024-04-01T18:34:45+00:00","dateModified":"2024-06-25T13:21:30+00:00","breadcrumb":{"@id":"https:\/\/www.zoeoliveoil.com\/product\/zoe-panzenella-salad-combo-kit\/#breadcrumb"},"inLanguage":"fr-CA","potentialAction":[{"@type":"ReadAction","target":["https:\/\/www.zoeoliveoil.com\/product\/zoe-panzenella-salad-combo-kit\/"]}]},{"@type":"ImageObject","inLanguage":"fr-CA","@id":"https:\/\/www.zoeoliveoil.com\/product\/zoe-panzenella-salad-combo-kit\/#primaryimage","url":"https:\/\/www.zoeoliveoil.com\/wp-content\/uploads\/2024\/03\/pansenela-combo-pic.png","contentUrl":"https:\/\/www.zoeoliveoil.com\/wp-content\/uploads\/2024\/03\/pansenela-combo-pic.png","width":1080,"height":1080},{"@type":"BreadcrumbList","@id":"https:\/\/www.zoeoliveoil.com\/product\/zoe-panzenella-salad-combo-kit\/#breadcrumb","itemListElement":[{"@type":"ListItem","position":1,"name":"Home","item":"https:\/\/www.zoeoliveoil.com\/"},{"@type":"ListItem","position":2,"name":"Shop","item":"https:\/\/www.zoeoliveoil.com\/shop\/"},{"@type":"ListItem","position":3,"name":"Zo\u00eb Panzenella Salad Combo Kit"}]},{"@type":"WebSite","@id":"https:\/\/www.zoeoliveoil.com\/#website","url":"https:\/\/www.zoeoliveoil.com\/","name":"Zo\u00eb Huile d&#039;Olive Montr\u00e9al Qu\u00e9bec Canada","description":"","publisher":{"@id":"https:\/\/www.zoeoliveoil.com\/#organization"},"potentialAction":[{"@type":"SearchAction","target":{"@type":"EntryPoint","urlTemplate":"https:\/\/www.zoeoliveoil.com\/?s={search_term_string}"},"query-input":{"@type":"PropertyValueSpecification","valueRequired":true,"valueName":"search_term_string"}}],"inLanguage":"fr-CA"},{"@type":"Organization","@id":"https:\/\/www.zoeoliveoil.com\/#organization","name":"Zo\u00eb Huile d&#039;Olive Montr\u00e9al Qu\u00e9bec Canada","url":"https:\/\/www.zoeoliveoil.com\/","logo":{"@type":"ImageObject","inLanguage":"fr-CA","@id":"https:\/\/www.zoeoliveoil.com\/#\/schema\/logo\/image\/","url":"https:\/\/www.zoeoliveoil.com\/wp-content\/uploads\/2023\/04\/Zoe-Logo__Black_165x.png","contentUrl":"https:\/\/www.zoeoliveoil.com\/wp-content\/uploads\/2023\/04\/Zoe-Logo__Black_165x.png","width":165,"height":78,"caption":"Zo\u00eb Olive Oil Montreal Quebec Canada"},"image":{"@id":"https:\/\/www.zoeoliveoil.com\/#\/schema\/logo\/image\/"},"sameAs":["https:\/\/www.facebook.com\/zoeoliveoil\/","https:\/\/x.com\/zoeoliveoil","https:\/\/www.instagram.com\/zoeoliveoil\/?hl=en","https:\/\/www.tiktok.com\/@zoeoliveoil","https:\/\/www.pinterest.ca\/zoeoliveoil\/"]}]}},"jetpack_sharing_enabled":true,"_links":{"self":[{"href":"https:\/\/www.zoeoliveoil.com\/fr\/wp-json\/wp\/v2\/product\/3475","targetHints":{"allow":["GET"]}}],"collection":[{"href":"https:\/\/www.zoeoliveoil.com\/fr\/wp-json\/wp\/v2\/product"}],"about":[{"href":"https:\/\/www.zoeoliveoil.com\/fr\/wp-json\/wp\/v2\/types\/product"}],"replies":[{"embeddable":true,"href":"https:\/\/www.zoeoliveoil.com\/fr\/wp-json\/wp\/v2\/comments?post=3475"}],"version-history":[{"count":8,"href":"https:\/\/www.zoeoliveoil.com\/fr\/wp-json\/wp\/v2\/product\/3475\/revisions"}],"predecessor-version":[{"id":3687,"href":"https:\/\/www.zoeoliveoil.com\/fr\/wp-json\/wp\/v2\/product\/3475\/revisions\/3687"}],"wp:featuredmedia":[{"embeddable":true,"href":"https:\/\/www.zoeoliveoil.com\/fr\/wp-json\/wp\/v2\/media\/3540"}],"wp:attachment":[{"href":"https:\/\/www.zoeoliveoil.com\/fr\/wp-json\/wp\/v2\/media?parent=3475"}],"wp:term":[{"taxonomy":"brand","embeddable":true,"href":"https:\/\/www.zoeoliveoil.com\/fr\/wp-json\/wp\/v2\/etheme_brands?post=3475"},{"taxonomy":"product_brand","embeddable":true,"href":"https:\/\/www.zoeoliveoil.com\/fr\/wp-json\/wp\/v2\/product_brand?post=3475"},{"taxonomy":"product_cat","embeddable":true,"href":"https:\/\/www.zoeoliveoil.com\/fr\/wp-json\/wp\/v2\/product_cat?post=3475"},{"taxonomy":"product_tag","embeddable":true,"href":"https:\/\/www.zoeoliveoil.com\/fr\/wp-json\/wp\/v2\/product_tag?post=3475"}],"curies":[{"name":"wp","href":"https:\/\/api.w.org\/{rel}","templated":true}]}}