{"id":3522,"date":"2024-04-01T12:58:51","date_gmt":"2024-04-01T12:58:51","guid":{"rendered":"https:\/\/www.zoeoliveoil.com\/?post_type=product&#038;p=3522"},"modified":"2026-02-09T12:55:15","modified_gmt":"2026-02-09T12:55:15","slug":"fig-chutney-confit-with-ginger","status":"publish","type":"product","link":"https:\/\/www.zoeoliveoil.com\/fr\/produit\/fig-chutney-confit-with-ginger\/","title":{"rendered":"Confit de figues confites au gingembre"},"content":{"rendered":"<p><strong>Le chutney aux figues et au gingembre de Zo\u00eb : un d\u00e9lice m\u00e9diterran\u00e9en<\/strong><\/p>\n<p>Laissez-vous tenter par les riches saveurs de la M\u00e9diterran\u00e9e avec notre exquis chutney aux figues et au gingembre de Zo\u00eb. \u00c9labor\u00e9 avec soin \u00e0 partir de succulentes figues provenant des vergers ensoleill\u00e9s de Gr\u00e8ce et d'un m\u00e9lange d'ingr\u00e9dients enti\u00e8rement naturels, notre chutney offre une exp\u00e9rience gustative all\u00e9chante qui ne ressemble \u00e0 aucune autre. Qu'est-ce qui nous distingue ? Nous sommes fiers de notre engagement en faveur de la puret\u00e9 - aucun conservateur n'est ajout\u00e9, ce qui garantit que chaque pot ne contient rien d'autre qu'un produit sain.<\/p>\n<p><strong>Pourquoi le chutney de figues et de gingembre de Zoe ?<\/strong><\/p>\n<ol>\n<li><strong>Ingr\u00e9dients de premi\u00e8re qualit\u00e9<\/strong>: Nous sommes convaincus qu'il faut utiliser les meilleurs ingr\u00e9dients que la nature puisse offrir. Nos figues sont cueillies \u00e0 la main \u00e0 l'apog\u00e9e de leur maturit\u00e9, ce qui garantit une fra\u00eecheur et une saveur in\u00e9gal\u00e9es.<\/li>\n<li><strong>Saveur authentique<\/strong>: Chaque cuiller\u00e9e transporte vos papilles sur les rives de la M\u00e9diterran\u00e9e. Le m\u00e9lange harmonieux de figues sucr\u00e9es et de gingembre piquant cr\u00e9e une symphonie de saveurs qui rehaussera n'importe quel plat.<\/li>\n<li><strong>Sans conservateurs<\/strong>: Notre chutney est exempt d'additifs artificiels et de conservateurs, ce qui en fait un choix sain pour vous et vos proches.<\/li>\n<\/ol>\n<p><strong>Fa\u00e7ons d'appr\u00e9cier le chutney de figues et de gingembre de Zoe<\/strong><\/p>\n<ol>\n<li><strong>Planche de charcuterie<\/strong>: Rehaussez votre plateau de charcuterie en associant le chutney aux figues et au gingembre de Zo\u00eb \u00e0 un assortiment de fromages et de charcuteries. Les notes sucr\u00e9es et \u00e9pic\u00e9es compl\u00e8tent parfaitement les saveurs sal\u00e9es.<\/li>\n<li><strong>Gla\u00e7age des viandes<\/strong>: Utilisez notre chutney comme gla\u00e7age pour les viandes r\u00f4ties telles que le filet de porc ou le poulet. Les figues caram\u00e9lis\u00e9es apportent une d\u00e9licieuse douceur, tandis que le gingembre donne un coup de fouet subtil.<\/li>\n<li><strong>Accompagnement du fromage<\/strong>: \u00c9talez le chutney aux figues et au gingembre de Zo\u00eb sur des craquelins ou du pain cro\u00fbt\u00e9 et accompagnez-le de votre fromage pr\u00e9f\u00e9r\u00e9 pour un hors-d'\u0153uvre simple mais sophistiqu\u00e9.<\/li>\n<li><strong>P\u00e2te \u00e0 tartiner pour sandwich<\/strong>: Am\u00e9liorez vos sandwichs et wraps en y ajoutant une cuiller\u00e9e de chutney aux figues et au gingembre de Zo\u00eb. Il ajoute une explosion de saveur qui fera passer votre d\u00e9jeuner \u00e0 la vitesse sup\u00e9rieure.<\/li>\n<li><strong>Condiment pour la cuisine indienne<\/strong>: Incorporez notre chutney \u00e0 vos plats indiens pr\u00e9f\u00e9r\u00e9s pour leur donner une touche unique. Il se marie \u00e0 merveille avec les samosas, les pakoras et les currys.<\/li>\n<\/ol>\n<p><strong>D\u00e9couvrez les saveurs de la Gr\u00e8ce<\/strong><\/p>\n<p>Avec le chutney aux figues et au gingembre de Zo\u00eb, vous n'obtenez pas seulement un condiment, mais un go\u00fbt de Gr\u00e8ce dans chaque pot. Que vous receviez des invit\u00e9s ou que vous cherchiez simplement \u00e0 ajouter une touche gastronomique \u00e0 vos repas, notre chutney ne manquera pas de vous ravir. Commandez le v\u00f4tre d\u00e8s aujourd'hui et embarquez pour un voyage culinaire sans pr\u00e9c\u00e9dent.<\/p>","protected":false},"excerpt":{"rendered":"<p>Introducing Zo\u00eb Fig and Ginger Chutney: A Taste of Mediterranean Delight Indulge in the rich flavors of&#8230;<\/p>","protected":false},"featured_media":3525,"comment_status":"open","ping_status":"closed","template":"","meta":[],"etheme_brands":[],"product_brand":[],"product_cat":[111,99,105],"product_tag":[],"class_list":{"0":"post-3522","1":"product","2":"type-product","3":"status-publish","4":"has-post-thumbnail","6":"product_cat-all-products","7":"product_cat-chutneys-natural-syrups","8":"product_cat-fig-chutneys-olives","10":"first","11":"instock","12":"shipping-taxable","13":"purchasable","14":"product-type-simple"},"yoast_head":"<!-- This site is optimized with the Yoast SEO plugin v27.4 - https:\/\/yoast.com\/product\/yoast-seo-wordpress\/ -->\n<title>Fig Chutney Confit with Ginger - Zo\u00eb Olive Oil Montreal Quebec Canada<\/title>\n<meta name=\"robots\" content=\"index, follow, max-snippet:-1, max-image-preview:large, max-video-preview:-1\" \/>\n<link rel=\"canonical\" href=\"https:\/\/www.zoeoliveoil.com\/fr\/produit\/fig-chutney-confit-with-ginger\/\" \/>\n<meta property=\"og:locale\" content=\"fr_CA\" \/>\n<meta property=\"og:type\" content=\"article\" \/>\n<meta property=\"og:title\" content=\"Fig Chutney Confit with Ginger - Zo\u00eb Olive Oil Montreal Quebec Canada\" \/>\n<meta property=\"og:description\" content=\"Introducing Zo\u00eb Fig and Ginger Chutney: A Taste of Mediterranean Delight Indulge in the rich flavors of...\" \/>\n<meta property=\"og:url\" content=\"https:\/\/www.zoeoliveoil.com\/fr\/produit\/fig-chutney-confit-with-ginger\/\" \/>\n<meta property=\"og:site_name\" content=\"Zo\u00eb Olive Oil Montreal Quebec Canada\" \/>\n<meta property=\"article:publisher\" content=\"https:\/\/www.facebook.com\/zoeoliveoil\/\" \/>\n<meta property=\"article:modified_time\" content=\"2026-02-09T12:55:15+00:00\" \/>\n<meta property=\"og:image\" content=\"https:\/\/www.zoeoliveoil.com\/wp-content\/uploads\/2024\/04\/ginger-chutney-scaled.jpg\" \/>\n\t<meta property=\"og:image:width\" content=\"2048\" \/>\n\t<meta property=\"og:image:height\" content=\"1365\" \/>\n\t<meta property=\"og:image:type\" content=\"image\/jpeg\" \/>\n<meta name=\"twitter:card\" content=\"summary_large_image\" \/>\n<meta name=\"twitter:site\" content=\"@zoeoliveoil\" \/>\n<meta name=\"twitter:label1\" content=\"Estimation du temps de lecture\" \/>\n\t<meta name=\"twitter:data1\" content=\"2 minutes\" \/>\n<script type=\"application\/ld+json\" class=\"yoast-schema-graph\">{\"@context\":\"https:\\\/\\\/schema.org\",\"@graph\":[{\"@type\":\"WebPage\",\"@id\":\"https:\\\/\\\/www.zoeoliveoil.com\\\/product\\\/fig-chutney-confit-with-ginger\\\/\",\"url\":\"https:\\\/\\\/www.zoeoliveoil.com\\\/product\\\/fig-chutney-confit-with-ginger\\\/\",\"name\":\"Fig Chutney Confit with Ginger - Zo\u00eb Olive Oil Montreal Quebec Canada\",\"isPartOf\":{\"@id\":\"https:\\\/\\\/www.zoeoliveoil.com\\\/#website\"},\"primaryImageOfPage\":{\"@id\":\"https:\\\/\\\/www.zoeoliveoil.com\\\/product\\\/fig-chutney-confit-with-ginger\\\/#primaryimage\"},\"image\":{\"@id\":\"https:\\\/\\\/www.zoeoliveoil.com\\\/product\\\/fig-chutney-confit-with-ginger\\\/#primaryimage\"},\"thumbnailUrl\":\"https:\\\/\\\/www.zoeoliveoil.com\\\/wp-content\\\/uploads\\\/2024\\\/04\\\/ginger-chutney-scaled.jpg\",\"datePublished\":\"2024-04-01T12:58:51+00:00\",\"dateModified\":\"2026-02-09T12:55:15+00:00\",\"breadcrumb\":{\"@id\":\"https:\\\/\\\/www.zoeoliveoil.com\\\/product\\\/fig-chutney-confit-with-ginger\\\/#breadcrumb\"},\"inLanguage\":\"fr-CA\",\"potentialAction\":[{\"@type\":\"ReadAction\",\"target\":[\"https:\\\/\\\/www.zoeoliveoil.com\\\/product\\\/fig-chutney-confit-with-ginger\\\/\"]}]},{\"@type\":\"ImageObject\",\"inLanguage\":\"fr-CA\",\"@id\":\"https:\\\/\\\/www.zoeoliveoil.com\\\/product\\\/fig-chutney-confit-with-ginger\\\/#primaryimage\",\"url\":\"https:\\\/\\\/www.zoeoliveoil.com\\\/wp-content\\\/uploads\\\/2024\\\/04\\\/ginger-chutney-scaled.jpg\",\"contentUrl\":\"https:\\\/\\\/www.zoeoliveoil.com\\\/wp-content\\\/uploads\\\/2024\\\/04\\\/ginger-chutney-scaled.jpg\",\"width\":2048,\"height\":1365},{\"@type\":\"BreadcrumbList\",\"@id\":\"https:\\\/\\\/www.zoeoliveoil.com\\\/product\\\/fig-chutney-confit-with-ginger\\\/#breadcrumb\",\"itemListElement\":[{\"@type\":\"ListItem\",\"position\":1,\"name\":\"Home\",\"item\":\"https:\\\/\\\/www.zoeoliveoil.com\\\/\"},{\"@type\":\"ListItem\",\"position\":2,\"name\":\"Shop\",\"item\":\"https:\\\/\\\/www.zoeoliveoil.com\\\/shop\\\/\"},{\"@type\":\"ListItem\",\"position\":3,\"name\":\"Fig Chutney Confit with Ginger\"}]},{\"@type\":\"WebSite\",\"@id\":\"https:\\\/\\\/www.zoeoliveoil.com\\\/#website\",\"url\":\"https:\\\/\\\/www.zoeoliveoil.com\\\/\",\"name\":\"Zo\u00eb Olive Oil Montreal Quebec Canada\",\"description\":\"\",\"publisher\":{\"@id\":\"https:\\\/\\\/www.zoeoliveoil.com\\\/#organization\"},\"potentialAction\":[{\"@type\":\"SearchAction\",\"target\":{\"@type\":\"EntryPoint\",\"urlTemplate\":\"https:\\\/\\\/www.zoeoliveoil.com\\\/?s={search_term_string}\"},\"query-input\":{\"@type\":\"PropertyValueSpecification\",\"valueRequired\":true,\"valueName\":\"search_term_string\"}}],\"inLanguage\":\"fr-CA\"},{\"@type\":\"Organization\",\"@id\":\"https:\\\/\\\/www.zoeoliveoil.com\\\/#organization\",\"name\":\"Zo\u00eb Olive Oil Montreal Quebec Canada\",\"url\":\"https:\\\/\\\/www.zoeoliveoil.com\\\/\",\"logo\":{\"@type\":\"ImageObject\",\"inLanguage\":\"fr-CA\",\"@id\":\"https:\\\/\\\/www.zoeoliveoil.com\\\/#\\\/schema\\\/logo\\\/image\\\/\",\"url\":\"https:\\\/\\\/www.zoeoliveoil.com\\\/wp-content\\\/uploads\\\/2023\\\/04\\\/Zoe-Logo__Black_165x.png\",\"contentUrl\":\"https:\\\/\\\/www.zoeoliveoil.com\\\/wp-content\\\/uploads\\\/2023\\\/04\\\/Zoe-Logo__Black_165x.png\",\"width\":165,\"height\":78,\"caption\":\"Zo\u00eb Olive Oil Montreal Quebec Canada\"},\"image\":{\"@id\":\"https:\\\/\\\/www.zoeoliveoil.com\\\/#\\\/schema\\\/logo\\\/image\\\/\"},\"sameAs\":[\"https:\\\/\\\/www.facebook.com\\\/zoeoliveoil\\\/\",\"https:\\\/\\\/x.com\\\/zoeoliveoil\",\"https:\\\/\\\/www.instagram.com\\\/zoeoliveoil\\\/?hl=en\",\"https:\\\/\\\/www.tiktok.com\\\/@zoeoliveoil\",\"https:\\\/\\\/www.pinterest.ca\\\/zoeoliveoil\\\/\"]}]}<\/script>\n<!-- \/ Yoast SEO plugin. -->","yoast_head_json":{"title":"Fig Chutney Confit with Ginger - Zo\u00eb Olive Oil Montreal Quebec Canada","robots":{"index":"index","follow":"follow","max-snippet":"max-snippet:-1","max-image-preview":"max-image-preview:large","max-video-preview":"max-video-preview:-1"},"canonical":"https:\/\/www.zoeoliveoil.com\/fr\/produit\/fig-chutney-confit-with-ginger\/","og_locale":"fr_CA","og_type":"article","og_title":"Fig Chutney Confit with Ginger - Zo\u00eb Olive Oil Montreal Quebec Canada","og_description":"Introducing Zo\u00eb Fig and Ginger Chutney: A Taste of Mediterranean Delight Indulge in the rich flavors of...","og_url":"https:\/\/www.zoeoliveoil.com\/fr\/produit\/fig-chutney-confit-with-ginger\/","og_site_name":"Zo\u00eb Olive Oil Montreal Quebec Canada","article_publisher":"https:\/\/www.facebook.com\/zoeoliveoil\/","article_modified_time":"2026-02-09T12:55:15+00:00","og_image":[{"width":2048,"height":1365,"url":"https:\/\/www.zoeoliveoil.com\/wp-content\/uploads\/2024\/04\/ginger-chutney-scaled.jpg","type":"image\/jpeg"}],"twitter_card":"summary_large_image","twitter_site":"@zoeoliveoil","twitter_misc":{"Estimation du temps de lecture":"2 minutes"},"schema":{"@context":"https:\/\/schema.org","@graph":[{"@type":"WebPage","@id":"https:\/\/www.zoeoliveoil.com\/product\/fig-chutney-confit-with-ginger\/","url":"https:\/\/www.zoeoliveoil.com\/product\/fig-chutney-confit-with-ginger\/","name":"Fig Chutney Confit with Ginger - Zo\u00eb Olive Oil Montreal Quebec Canada","isPartOf":{"@id":"https:\/\/www.zoeoliveoil.com\/#website"},"primaryImageOfPage":{"@id":"https:\/\/www.zoeoliveoil.com\/product\/fig-chutney-confit-with-ginger\/#primaryimage"},"image":{"@id":"https:\/\/www.zoeoliveoil.com\/product\/fig-chutney-confit-with-ginger\/#primaryimage"},"thumbnailUrl":"https:\/\/www.zoeoliveoil.com\/wp-content\/uploads\/2024\/04\/ginger-chutney-scaled.jpg","datePublished":"2024-04-01T12:58:51+00:00","dateModified":"2026-02-09T12:55:15+00:00","breadcrumb":{"@id":"https:\/\/www.zoeoliveoil.com\/product\/fig-chutney-confit-with-ginger\/#breadcrumb"},"inLanguage":"fr-CA","potentialAction":[{"@type":"ReadAction","target":["https:\/\/www.zoeoliveoil.com\/product\/fig-chutney-confit-with-ginger\/"]}]},{"@type":"ImageObject","inLanguage":"fr-CA","@id":"https:\/\/www.zoeoliveoil.com\/product\/fig-chutney-confit-with-ginger\/#primaryimage","url":"https:\/\/www.zoeoliveoil.com\/wp-content\/uploads\/2024\/04\/ginger-chutney-scaled.jpg","contentUrl":"https:\/\/www.zoeoliveoil.com\/wp-content\/uploads\/2024\/04\/ginger-chutney-scaled.jpg","width":2048,"height":1365},{"@type":"BreadcrumbList","@id":"https:\/\/www.zoeoliveoil.com\/product\/fig-chutney-confit-with-ginger\/#breadcrumb","itemListElement":[{"@type":"ListItem","position":1,"name":"Home","item":"https:\/\/www.zoeoliveoil.com\/"},{"@type":"ListItem","position":2,"name":"Shop","item":"https:\/\/www.zoeoliveoil.com\/shop\/"},{"@type":"ListItem","position":3,"name":"Fig Chutney Confit with Ginger"}]},{"@type":"WebSite","@id":"https:\/\/www.zoeoliveoil.com\/#website","url":"https:\/\/www.zoeoliveoil.com\/","name":"Zo\u00eb Huile d&#039;Olive Montr\u00e9al Qu\u00e9bec Canada","description":"","publisher":{"@id":"https:\/\/www.zoeoliveoil.com\/#organization"},"potentialAction":[{"@type":"SearchAction","target":{"@type":"EntryPoint","urlTemplate":"https:\/\/www.zoeoliveoil.com\/?s={search_term_string}"},"query-input":{"@type":"PropertyValueSpecification","valueRequired":true,"valueName":"search_term_string"}}],"inLanguage":"fr-CA"},{"@type":"Organization","@id":"https:\/\/www.zoeoliveoil.com\/#organization","name":"Zo\u00eb Huile d&#039;Olive Montr\u00e9al Qu\u00e9bec Canada","url":"https:\/\/www.zoeoliveoil.com\/","logo":{"@type":"ImageObject","inLanguage":"fr-CA","@id":"https:\/\/www.zoeoliveoil.com\/#\/schema\/logo\/image\/","url":"https:\/\/www.zoeoliveoil.com\/wp-content\/uploads\/2023\/04\/Zoe-Logo__Black_165x.png","contentUrl":"https:\/\/www.zoeoliveoil.com\/wp-content\/uploads\/2023\/04\/Zoe-Logo__Black_165x.png","width":165,"height":78,"caption":"Zo\u00eb Olive Oil Montreal Quebec Canada"},"image":{"@id":"https:\/\/www.zoeoliveoil.com\/#\/schema\/logo\/image\/"},"sameAs":["https:\/\/www.facebook.com\/zoeoliveoil\/","https:\/\/x.com\/zoeoliveoil","https:\/\/www.instagram.com\/zoeoliveoil\/?hl=en","https:\/\/www.tiktok.com\/@zoeoliveoil","https:\/\/www.pinterest.ca\/zoeoliveoil\/"]}]}},"jetpack_sharing_enabled":true,"_links":{"self":[{"href":"https:\/\/www.zoeoliveoil.com\/fr\/wp-json\/wp\/v2\/product\/3522","targetHints":{"allow":["GET"]}}],"collection":[{"href":"https:\/\/www.zoeoliveoil.com\/fr\/wp-json\/wp\/v2\/product"}],"about":[{"href":"https:\/\/www.zoeoliveoil.com\/fr\/wp-json\/wp\/v2\/types\/product"}],"replies":[{"embeddable":true,"href":"https:\/\/www.zoeoliveoil.com\/fr\/wp-json\/wp\/v2\/comments?post=3522"}],"version-history":[{"count":3,"href":"https:\/\/www.zoeoliveoil.com\/fr\/wp-json\/wp\/v2\/product\/3522\/revisions"}],"predecessor-version":[{"id":5434,"href":"https:\/\/www.zoeoliveoil.com\/fr\/wp-json\/wp\/v2\/product\/3522\/revisions\/5434"}],"wp:featuredmedia":[{"embeddable":true,"href":"https:\/\/www.zoeoliveoil.com\/fr\/wp-json\/wp\/v2\/media\/3525"}],"wp:attachment":[{"href":"https:\/\/www.zoeoliveoil.com\/fr\/wp-json\/wp\/v2\/media?parent=3522"}],"wp:term":[{"taxonomy":"brand","embeddable":true,"href":"https:\/\/www.zoeoliveoil.com\/fr\/wp-json\/wp\/v2\/etheme_brands?post=3522"},{"taxonomy":"product_brand","embeddable":true,"href":"https:\/\/www.zoeoliveoil.com\/fr\/wp-json\/wp\/v2\/product_brand?post=3522"},{"taxonomy":"product_cat","embeddable":true,"href":"https:\/\/www.zoeoliveoil.com\/fr\/wp-json\/wp\/v2\/product_cat?post=3522"},{"taxonomy":"product_tag","embeddable":true,"href":"https:\/\/www.zoeoliveoil.com\/fr\/wp-json\/wp\/v2\/product_tag?post=3522"}],"curies":[{"name":"wp","href":"https:\/\/api.w.org\/{rel}","templated":true}]}}