{"id":3609,"date":"2024-04-18T13:12:40","date_gmt":"2024-04-18T13:12:40","guid":{"rendered":"https:\/\/www.zoeoliveoil.com\/?post_type=product&#038;p=3609"},"modified":"2026-01-19T12:44:17","modified_gmt":"2026-01-19T12:44:17","slug":"3609","status":"publish","type":"product","link":"https:\/\/www.zoeoliveoil.com\/fr\/produit\/3609\/","title":{"rendered":"Saumure d'olives rouges pour Mirtini's 500ml"},"content":{"rendered":"<p><strong>Rehaussez vos cocktails avec la saumure d'olives rouges DM ME de premi\u00e8re qualit\u00e9<\/strong><\/p>\n<p>Bienvenue dans notre monde de cocktails exquis ! Am\u00e9liorez votre jeu de mixologie avec notre saumure d'olives rouges de premi\u00e8re qualit\u00e9, l'ingr\u00e9dient secret pour cr\u00e9er des cocktails parfaits \u00e0 chaque fois. Notre saumure est m\u00e9ticuleusement \u00e9labor\u00e9e pour apporter une saveur et une sophistication in\u00e9gal\u00e9es \u00e0 vos cocktails.<\/p>\n<p><strong>Pourquoi choisir notre saumure d'olives rouges DM ME ?<\/strong><\/p>\n<p>Fabriqu\u00e9e \u00e0 partir des meilleures olives rouges, notre saumure subit un processus m\u00e9ticuleux pour capturer l'essence des saveurs m\u00e9diterran\u00e9ennes. Notre saumure est :<\/p>\n<ul>\n<li><strong>Authentique :<\/strong> Notre saumure conserve le go\u00fbt et l'ar\u00f4me authentiques des olives m\u00e9diterran\u00e9ennes traditionnelles.<\/li>\n<li><strong>Qualit\u00e9 sup\u00e9rieure :<\/strong> Nous sommes fiers de nous approvisionner en olives rouges de la plus haute qualit\u00e9 afin de garantir que chaque bouteille de notre saumure r\u00e9ponde \u00e0 nos normes rigoureuses d'excellence.<\/li>\n<li><strong>Un \u00e9quilibre parfait :<\/strong> Notre saumure atteint l'\u00e9quilibre parfait entre les notes sal\u00e9es et piquantes, rehaussant le profil de saveur de vos cocktails sans les dominer.<\/li>\n<\/ul>\n<p><strong>Caract\u00e9ristiques principales de notre saumure d'olives rouges :<\/strong><\/p>\n<ul>\n<li><strong>Polyvalence :<\/strong> Notre saumure ne se limite pas aux Dirty Martinis ! Utilisez-la pour ajouter une touche de saveur \u00e0 d'autres cocktails comme les Bloody Marys, les Red Snappers, ou m\u00eame comme marinade pour vos plats pr\u00e9f\u00e9r\u00e9s.<\/li>\n<li><strong>Commodit\u00e9 :<\/strong> Dites adieu \u00e0 la corv\u00e9e de d\u00e9noyautage et de saumurage des olives. Notre saumure pr\u00eate \u00e0 l'emploi vous permet d'\u00e9conomiser du temps et des efforts en cuisine, pour que vous puissiez vous concentrer sur la d\u00e9gustation de vos cocktails.<\/li>\n<li><strong>Bec verseur int\u00e9gr\u00e9 :<\/strong> Nos bouteilles sont \u00e9quip\u00e9es d'un bec verseur int\u00e9gr\u00e9 pratique, permettant un versement pr\u00e9cis et sans d\u00e9g\u00e2ts \u00e0 chaque fois.<\/li>\n<li><strong>Emballage de qualit\u00e9 sup\u00e9rieure :<\/strong> Conditionn\u00e9e dans des bouteilles \u00e9l\u00e9gantes et pratiques, notre saumure est con\u00e7ue pour pr\u00e9server sa fra\u00eecheur et sa saveur plus longtemps, ce qui garantit que chaque verre est aussi d\u00e9licieux que le premier.<\/li>\n<\/ul>\n<p><strong>Recette du Martini de Mykonos :<\/strong><\/p>\n<p><strong>Ingr\u00e9dients:<\/strong><\/p>\n<ul>\n<li>2 1\/2 oz de vodka de qualit\u00e9 sup\u00e9rieure<\/li>\n<li>1\/2 oz de vermouth sec<\/li>\n<li>1\/2 oz de saumure d'olive rouge Dirty Martini Me<\/li>\n<li>Gla\u00e7ons<\/li>\n<li>Dirty Martini Me Olives Kalamon pour la garniture<\/li>\n<\/ul>\n<p><strong>Instructions :<\/strong><\/p>\n<ol>\n<li><strong>Refroidir le verre \u00e0 martini :<\/strong> Placer un verre \u00e0 martini au cong\u00e9lateur pendant quelques minutes pour le refroidir.<\/li>\n<li><strong>Pr\u00e9parer le shaker :<\/strong> Remplir un shaker de gla\u00e7ons.<\/li>\n<li><strong>Ajouter des ingr\u00e9dients :<\/strong> Verser la vodka de qualit\u00e9 sup\u00e9rieure, le vermouth sec et la saumure d'olive rouge dans le shaker.<\/li>\n<li><strong>Secouer :<\/strong> Fermez le couvercle du shaker et secouez vigoureusement pendant 15 \u00e0 20 secondes pour refroidir les ingr\u00e9dients et les m\u00e9langer correctement.<\/li>\n<li><strong>Souche :<\/strong> Sortez le verre \u00e0 martini r\u00e9frig\u00e9r\u00e9 du cong\u00e9lateur et filtrez le contenu du shaker dans le verre, \u00e0 l'aide d'une passoire \u00e0 mailles fines pour r\u00e9cup\u00e9rer les morceaux de glace.<\/li>\n<li><strong>Garniture :<\/strong> Garnissez votre Mykonos Martini avec notre olive rouge Dirty Martini Me pour compl\u00e9ter les saveurs de la saumure d'olive rouge.<\/li>\n<li><strong>Servir :<\/strong> Servez imm\u00e9diatement et savourez votre Martini Mykonos rafra\u00eechissant et savoureux !<\/li>\n<\/ol>\n<p>D\u00e9couvrez la diff\u00e9rence que notre saumure d'olives rouges de premi\u00e8re qualit\u00e9 peut faire dans vos cr\u00e9ations mixologiques. Avec notre saumure d'olives rouges, vos cocktails atteindront de nouveaux sommets de saveur et de sophistication !<\/p>","protected":false},"excerpt":{"rendered":"<p>Elevate Your Cocktails with Premium DM ME Red Olive Brine Welcome to our world of exquisite cocktail&#8230;<\/p>","protected":false},"featured_media":3612,"comment_status":"open","ping_status":"closed","template":"","meta":[],"etheme_brands":[],"product_brand":[],"product_cat":[111,106],"product_tag":[],"class_list":{"0":"post-3609","1":"product","2":"type-product","3":"status-publish","4":"has-post-thumbnail","6":"product_cat-all-products","7":"product_cat-dirty-martini-me-bar-products","9":"first","10":"outofstock","11":"shipping-taxable","12":"purchasable","13":"product-type-simple"},"yoast_head":"<!-- This site is optimized with the Yoast SEO plugin v27.4 - https:\/\/yoast.com\/product\/yoast-seo-wordpress\/ -->\n<title>Dirty Martini Red Olive Brine 500ml - Zo\u00eb Olive Oil Montreal Quebec Canada<\/title>\n<meta name=\"robots\" content=\"index, follow, max-snippet:-1, max-image-preview:large, max-video-preview:-1\" \/>\n<link rel=\"canonical\" href=\"https:\/\/www.zoeoliveoil.com\/fr\/produit\/3609\/\" \/>\n<meta property=\"og:locale\" content=\"fr_CA\" \/>\n<meta property=\"og:type\" content=\"article\" \/>\n<meta property=\"og:title\" content=\"Dirty Martini Red Olive Brine 500ml - Zo\u00eb Olive Oil Montreal Quebec Canada\" \/>\n<meta property=\"og:description\" content=\"Elevate Your Cocktails with Premium DM ME Red Olive Brine Welcome to our world of exquisite cocktail...\" \/>\n<meta property=\"og:url\" content=\"https:\/\/www.zoeoliveoil.com\/fr\/produit\/3609\/\" \/>\n<meta property=\"og:site_name\" content=\"Zo\u00eb Olive Oil Montreal Quebec Canada\" \/>\n<meta property=\"article:publisher\" content=\"https:\/\/www.facebook.com\/zoeoliveoil\/\" \/>\n<meta property=\"article:modified_time\" content=\"2026-01-19T12:44:17+00:00\" \/>\n<meta property=\"og:image\" content=\"https:\/\/www.zoeoliveoil.com\/wp-content\/uploads\/2024\/04\/red-brine-500ml.png\" \/>\n\t<meta property=\"og:image:width\" content=\"2048\" \/>\n\t<meta property=\"og:image:height\" content=\"2048\" \/>\n\t<meta property=\"og:image:type\" content=\"image\/png\" \/>\n<meta name=\"twitter:card\" content=\"summary_large_image\" \/>\n<meta name=\"twitter:site\" content=\"@zoeoliveoil\" \/>\n<meta name=\"twitter:label1\" content=\"Estimation du temps de lecture\" \/>\n\t<meta name=\"twitter:data1\" content=\"3 minutes\" \/>\n<script type=\"application\/ld+json\" class=\"yoast-schema-graph\">{\"@context\":\"https:\\\/\\\/schema.org\",\"@graph\":[{\"@type\":\"WebPage\",\"@id\":\"https:\\\/\\\/www.zoeoliveoil.com\\\/product\\\/3609\\\/\",\"url\":\"https:\\\/\\\/www.zoeoliveoil.com\\\/product\\\/3609\\\/\",\"name\":\"Dirty Martini Red Olive Brine 500ml - Zo\u00eb Olive Oil Montreal Quebec Canada\",\"isPartOf\":{\"@id\":\"https:\\\/\\\/www.zoeoliveoil.com\\\/#website\"},\"primaryImageOfPage\":{\"@id\":\"https:\\\/\\\/www.zoeoliveoil.com\\\/product\\\/3609\\\/#primaryimage\"},\"image\":{\"@id\":\"https:\\\/\\\/www.zoeoliveoil.com\\\/product\\\/3609\\\/#primaryimage\"},\"thumbnailUrl\":\"https:\\\/\\\/www.zoeoliveoil.com\\\/wp-content\\\/uploads\\\/2024\\\/04\\\/red-brine-500ml.png\",\"datePublished\":\"2024-04-18T13:12:40+00:00\",\"dateModified\":\"2026-01-19T12:44:17+00:00\",\"breadcrumb\":{\"@id\":\"https:\\\/\\\/www.zoeoliveoil.com\\\/product\\\/3609\\\/#breadcrumb\"},\"inLanguage\":\"fr-CA\",\"potentialAction\":[{\"@type\":\"ReadAction\",\"target\":[\"https:\\\/\\\/www.zoeoliveoil.com\\\/product\\\/3609\\\/\"]}]},{\"@type\":\"ImageObject\",\"inLanguage\":\"fr-CA\",\"@id\":\"https:\\\/\\\/www.zoeoliveoil.com\\\/product\\\/3609\\\/#primaryimage\",\"url\":\"https:\\\/\\\/www.zoeoliveoil.com\\\/wp-content\\\/uploads\\\/2024\\\/04\\\/red-brine-500ml.png\",\"contentUrl\":\"https:\\\/\\\/www.zoeoliveoil.com\\\/wp-content\\\/uploads\\\/2024\\\/04\\\/red-brine-500ml.png\",\"width\":2048,\"height\":2048},{\"@type\":\"BreadcrumbList\",\"@id\":\"https:\\\/\\\/www.zoeoliveoil.com\\\/product\\\/3609\\\/#breadcrumb\",\"itemListElement\":[{\"@type\":\"ListItem\",\"position\":1,\"name\":\"Home\",\"item\":\"https:\\\/\\\/www.zoeoliveoil.com\\\/\"},{\"@type\":\"ListItem\",\"position\":2,\"name\":\"Shop\",\"item\":\"https:\\\/\\\/www.zoeoliveoil.com\\\/shop\\\/\"},{\"@type\":\"ListItem\",\"position\":3,\"name\":\"Dirty Martini Red Olive Brine 500ml\"}]},{\"@type\":\"WebSite\",\"@id\":\"https:\\\/\\\/www.zoeoliveoil.com\\\/#website\",\"url\":\"https:\\\/\\\/www.zoeoliveoil.com\\\/\",\"name\":\"Zo\u00eb Olive Oil Montreal Quebec Canada\",\"description\":\"\",\"publisher\":{\"@id\":\"https:\\\/\\\/www.zoeoliveoil.com\\\/#organization\"},\"potentialAction\":[{\"@type\":\"SearchAction\",\"target\":{\"@type\":\"EntryPoint\",\"urlTemplate\":\"https:\\\/\\\/www.zoeoliveoil.com\\\/?s={search_term_string}\"},\"query-input\":{\"@type\":\"PropertyValueSpecification\",\"valueRequired\":true,\"valueName\":\"search_term_string\"}}],\"inLanguage\":\"fr-CA\"},{\"@type\":\"Organization\",\"@id\":\"https:\\\/\\\/www.zoeoliveoil.com\\\/#organization\",\"name\":\"Zo\u00eb Olive Oil Montreal Quebec Canada\",\"url\":\"https:\\\/\\\/www.zoeoliveoil.com\\\/\",\"logo\":{\"@type\":\"ImageObject\",\"inLanguage\":\"fr-CA\",\"@id\":\"https:\\\/\\\/www.zoeoliveoil.com\\\/#\\\/schema\\\/logo\\\/image\\\/\",\"url\":\"https:\\\/\\\/www.zoeoliveoil.com\\\/wp-content\\\/uploads\\\/2023\\\/04\\\/Zoe-Logo__Black_165x.png\",\"contentUrl\":\"https:\\\/\\\/www.zoeoliveoil.com\\\/wp-content\\\/uploads\\\/2023\\\/04\\\/Zoe-Logo__Black_165x.png\",\"width\":165,\"height\":78,\"caption\":\"Zo\u00eb Olive Oil Montreal Quebec Canada\"},\"image\":{\"@id\":\"https:\\\/\\\/www.zoeoliveoil.com\\\/#\\\/schema\\\/logo\\\/image\\\/\"},\"sameAs\":[\"https:\\\/\\\/www.facebook.com\\\/zoeoliveoil\\\/\",\"https:\\\/\\\/x.com\\\/zoeoliveoil\",\"https:\\\/\\\/www.instagram.com\\\/zoeoliveoil\\\/?hl=en\",\"https:\\\/\\\/www.tiktok.com\\\/@zoeoliveoil\",\"https:\\\/\\\/www.pinterest.ca\\\/zoeoliveoil\\\/\"]}]}<\/script>\n<!-- \/ Yoast SEO plugin. -->","yoast_head_json":{"title":"Dirty Martini Red Olive Brine 500ml - Zo\u00eb Olive Oil Montreal Quebec Canada","robots":{"index":"index","follow":"follow","max-snippet":"max-snippet:-1","max-image-preview":"max-image-preview:large","max-video-preview":"max-video-preview:-1"},"canonical":"https:\/\/www.zoeoliveoil.com\/fr\/produit\/3609\/","og_locale":"fr_CA","og_type":"article","og_title":"Dirty Martini Red Olive Brine 500ml - Zo\u00eb Olive Oil Montreal Quebec Canada","og_description":"Elevate Your Cocktails with Premium DM ME Red Olive Brine Welcome to our world of exquisite cocktail...","og_url":"https:\/\/www.zoeoliveoil.com\/fr\/produit\/3609\/","og_site_name":"Zo\u00eb Olive Oil Montreal Quebec Canada","article_publisher":"https:\/\/www.facebook.com\/zoeoliveoil\/","article_modified_time":"2026-01-19T12:44:17+00:00","og_image":[{"width":2048,"height":2048,"url":"https:\/\/www.zoeoliveoil.com\/wp-content\/uploads\/2024\/04\/red-brine-500ml.png","type":"image\/png"}],"twitter_card":"summary_large_image","twitter_site":"@zoeoliveoil","twitter_misc":{"Estimation du temps de lecture":"3 minutes"},"schema":{"@context":"https:\/\/schema.org","@graph":[{"@type":"WebPage","@id":"https:\/\/www.zoeoliveoil.com\/product\/3609\/","url":"https:\/\/www.zoeoliveoil.com\/product\/3609\/","name":"Dirty Martini Red Olive Brine 500ml - Zo\u00eb Olive Oil Montreal Quebec Canada","isPartOf":{"@id":"https:\/\/www.zoeoliveoil.com\/#website"},"primaryImageOfPage":{"@id":"https:\/\/www.zoeoliveoil.com\/product\/3609\/#primaryimage"},"image":{"@id":"https:\/\/www.zoeoliveoil.com\/product\/3609\/#primaryimage"},"thumbnailUrl":"https:\/\/www.zoeoliveoil.com\/wp-content\/uploads\/2024\/04\/red-brine-500ml.png","datePublished":"2024-04-18T13:12:40+00:00","dateModified":"2026-01-19T12:44:17+00:00","breadcrumb":{"@id":"https:\/\/www.zoeoliveoil.com\/product\/3609\/#breadcrumb"},"inLanguage":"fr-CA","potentialAction":[{"@type":"ReadAction","target":["https:\/\/www.zoeoliveoil.com\/product\/3609\/"]}]},{"@type":"ImageObject","inLanguage":"fr-CA","@id":"https:\/\/www.zoeoliveoil.com\/product\/3609\/#primaryimage","url":"https:\/\/www.zoeoliveoil.com\/wp-content\/uploads\/2024\/04\/red-brine-500ml.png","contentUrl":"https:\/\/www.zoeoliveoil.com\/wp-content\/uploads\/2024\/04\/red-brine-500ml.png","width":2048,"height":2048},{"@type":"BreadcrumbList","@id":"https:\/\/www.zoeoliveoil.com\/product\/3609\/#breadcrumb","itemListElement":[{"@type":"ListItem","position":1,"name":"Home","item":"https:\/\/www.zoeoliveoil.com\/"},{"@type":"ListItem","position":2,"name":"Shop","item":"https:\/\/www.zoeoliveoil.com\/shop\/"},{"@type":"ListItem","position":3,"name":"Dirty Martini Red Olive Brine 500ml"}]},{"@type":"WebSite","@id":"https:\/\/www.zoeoliveoil.com\/#website","url":"https:\/\/www.zoeoliveoil.com\/","name":"Zo\u00eb Huile d&#039;Olive Montr\u00e9al Qu\u00e9bec Canada","description":"","publisher":{"@id":"https:\/\/www.zoeoliveoil.com\/#organization"},"potentialAction":[{"@type":"SearchAction","target":{"@type":"EntryPoint","urlTemplate":"https:\/\/www.zoeoliveoil.com\/?s={search_term_string}"},"query-input":{"@type":"PropertyValueSpecification","valueRequired":true,"valueName":"search_term_string"}}],"inLanguage":"fr-CA"},{"@type":"Organization","@id":"https:\/\/www.zoeoliveoil.com\/#organization","name":"Zo\u00eb Huile d&#039;Olive Montr\u00e9al Qu\u00e9bec Canada","url":"https:\/\/www.zoeoliveoil.com\/","logo":{"@type":"ImageObject","inLanguage":"fr-CA","@id":"https:\/\/www.zoeoliveoil.com\/#\/schema\/logo\/image\/","url":"https:\/\/www.zoeoliveoil.com\/wp-content\/uploads\/2023\/04\/Zoe-Logo__Black_165x.png","contentUrl":"https:\/\/www.zoeoliveoil.com\/wp-content\/uploads\/2023\/04\/Zoe-Logo__Black_165x.png","width":165,"height":78,"caption":"Zo\u00eb Olive Oil Montreal Quebec Canada"},"image":{"@id":"https:\/\/www.zoeoliveoil.com\/#\/schema\/logo\/image\/"},"sameAs":["https:\/\/www.facebook.com\/zoeoliveoil\/","https:\/\/x.com\/zoeoliveoil","https:\/\/www.instagram.com\/zoeoliveoil\/?hl=en","https:\/\/www.tiktok.com\/@zoeoliveoil","https:\/\/www.pinterest.ca\/zoeoliveoil\/"]}]}},"jetpack_sharing_enabled":true,"_links":{"self":[{"href":"https:\/\/www.zoeoliveoil.com\/fr\/wp-json\/wp\/v2\/product\/3609","targetHints":{"allow":["GET"]}}],"collection":[{"href":"https:\/\/www.zoeoliveoil.com\/fr\/wp-json\/wp\/v2\/product"}],"about":[{"href":"https:\/\/www.zoeoliveoil.com\/fr\/wp-json\/wp\/v2\/types\/product"}],"replies":[{"embeddable":true,"href":"https:\/\/www.zoeoliveoil.com\/fr\/wp-json\/wp\/v2\/comments?post=3609"}],"version-history":[{"count":2,"href":"https:\/\/www.zoeoliveoil.com\/fr\/wp-json\/wp\/v2\/product\/3609\/revisions"}],"predecessor-version":[{"id":3908,"href":"https:\/\/www.zoeoliveoil.com\/fr\/wp-json\/wp\/v2\/product\/3609\/revisions\/3908"}],"wp:featuredmedia":[{"embeddable":true,"href":"https:\/\/www.zoeoliveoil.com\/fr\/wp-json\/wp\/v2\/media\/3612"}],"wp:attachment":[{"href":"https:\/\/www.zoeoliveoil.com\/fr\/wp-json\/wp\/v2\/media?parent=3609"}],"wp:term":[{"taxonomy":"brand","embeddable":true,"href":"https:\/\/www.zoeoliveoil.com\/fr\/wp-json\/wp\/v2\/etheme_brands?post=3609"},{"taxonomy":"product_brand","embeddable":true,"href":"https:\/\/www.zoeoliveoil.com\/fr\/wp-json\/wp\/v2\/product_brand?post=3609"},{"taxonomy":"product_cat","embeddable":true,"href":"https:\/\/www.zoeoliveoil.com\/fr\/wp-json\/wp\/v2\/product_cat?post=3609"},{"taxonomy":"product_tag","embeddable":true,"href":"https:\/\/www.zoeoliveoil.com\/fr\/wp-json\/wp\/v2\/product_tag?post=3609"}],"curies":[{"name":"wp","href":"https:\/\/api.w.org\/{rel}","templated":true}]}}